{"id":6052,"date":"2022-02-17T05:48:29","date_gmt":"2022-02-17T11:48:29","guid":{"rendered":"https:\/\/www.zionsgospel.com\/grm-bibelskola\/"},"modified":"2025-09-24T14:38:57","modified_gmt":"2025-09-24T20:38:57","slug":"grm-bibelskola","status":"publish","type":"page","link":"https:\/\/www.zionsgospel.com\/sv\/grm-bibelskola\/","title":{"rendered":"GRM Bibelskola"},"content":{"rendered":"<style>.kb-row-layout-id1049_67216d-b2 > .kt-row-column-wrap{align-content:start;}:where(.kb-row-layout-id1049_67216d-b2 > .kt-row-column-wrap) > .wp-block-kadence-column{justify-content:start;}.kb-row-layout-id1049_67216d-b2 > .kt-row-column-wrap{column-gap:var(--global-kb-gap-md, 2rem);row-gap:var(--global-kb-gap-md, 2rem);max-width:900px;margin-left:auto;margin-right:auto;padding-top:80px;padding-bottom:120px;grid-template-columns:minmax(0, 1fr);}.kb-row-layout-id1049_67216d-b2{background-image:url('https:\/\/www.zionsgospel.com\/wp-content\/uploads\/2025\/09\/grm-jerusalem.jpg');background-size:cover;background-position:50% 50%;background-attachment:scroll;background-repeat:no-repeat;}.kb-row-layout-id1049_67216d-b2 > .kt-row-layout-overlay{opacity:0.55;background-color:var(--global-palette5, #4A5568);mix-blend-mode:normal;}.kb-row-layout-id1049_67216d-b2 .kt-row-layout-bottom-sep{height:100px;}.kb-row-layout-id1049_67216d-b2 .kt-row-layout-bottom-sep svg{width:100%;}.kb-row-layout-id1049_67216d-b2 .kt-row-layout-bottom-sep svg{fill:#ffffff!important;}@media all and (max-width: 1024px){.kb-row-layout-id1049_67216d-b2 > .kt-row-column-wrap{grid-template-columns:minmax(0, 1fr);}}@media all and (max-width: 1024px){.kb-row-layout-id1049_67216d-b2 .kt-row-layout-bottom-sep{height:px;}}@media all and (max-width: 1024px){.kb-row-layout-id1049_67216d-b2 .kt-row-layout-bottom-sep svg{width:%;}}@media all and (max-width: 767px){.kb-row-layout-id1049_67216d-b2 > .kt-row-column-wrap{grid-template-columns:minmax(0, 1fr);}.kb-row-layout-id1049_67216d-b2 .kt-row-layout-bottom-sep{height:px;}.kb-row-layout-id1049_67216d-b2 .kt-row-layout-bottom-sep svg{width:%;}}<\/style><div class=\"kb-row-layout-wrap kb-row-layout-id1049_67216d-b2 alignfull kt-row-has-bg wp-block-kadence-rowlayout\"><div class=\"kt-row-layout-overlay kt-row-overlay-normal\"><\/div><div class=\"kt-row-layout-bottom-sep kt-row-sep-type-threelevels\"><svg viewBox=\"0 0 1000 100\" preserveAspectRatio=\"none\"><path style=\"opacity: 0.33\" d=\"M0 95L1000 0v100H0v-5z\"><\/path><path style=\"opacity: 0.66\" d=\"M0 95l1000-67.944V100H0v-5z\"><\/path><path d=\"M0 95l1000-40.887V100H0v-5z\"><\/path><\/svg><\/div><div class=\"kt-row-column-wrap kt-has-1-columns kt-row-layout-equal kt-tab-layout-inherit kt-mobile-layout-row kt-row-valign-top\">\n<style>.kadence-column1049_2f8bad-e0 > .kt-inside-inner-col,.kadence-column1049_2f8bad-e0 > .kt-inside-inner-col:before{border-top-left-radius:0px;border-top-right-radius:0px;border-bottom-right-radius:0px;border-bottom-left-radius:0px;}.kadence-column1049_2f8bad-e0 > .kt-inside-inner-col{column-gap:var(--global-kb-gap-sm, 1rem);}.kadence-column1049_2f8bad-e0 > .kt-inside-inner-col{flex-direction:column;}.kadence-column1049_2f8bad-e0 > .kt-inside-inner-col > .aligncenter{width:100%;}.kadence-column1049_2f8bad-e0 > .kt-inside-inner-col:before{opacity:0.3;}.kadence-column1049_2f8bad-e0{position:relative;}@media all and (max-width: 1024px){.kadence-column1049_2f8bad-e0 > .kt-inside-inner-col{flex-direction:column;justify-content:center;}}@media all and (max-width: 767px){.kadence-column1049_2f8bad-e0 > .kt-inside-inner-col{flex-direction:column;justify-content:center;}}<\/style>\n<div class=\"wp-block-kadence-column kadence-column1049_2f8bad-e0 inner-column-1\"><div class=\"kt-inside-inner-col\"><div class=\"wp-block-image\">\n<figure class=\"aligncenter size-large is-resized\"><img loading=\"lazy\" decoding=\"async\" width=\"481\" height=\"492\" src=\"https:\/\/www.zionsgospel.com\/wp-content\/uploads\/2021\/05\/grm-logo.png\" alt=\"GRM Bible School logo\" class=\"wp-image-1013\" style=\"width:241px;height:246px\" srcset=\"https:\/\/www.zionsgospel.com\/wp-content\/uploads\/2021\/05\/grm-logo.png 481w, https:\/\/www.zionsgospel.com\/wp-content\/uploads\/2021\/05\/grm-logo-300x307.png 300w\" sizes=\"auto, (max-width: 481px) 100vw, 481px\" \/><\/figure>\n<\/div>\n\n\n<p><\/p>\n<\/div><\/div>\n\n<\/div><\/div><style>.wp-block-kadence-spacer.kt-block-spacer-1049_aebd01-52 .kt-block-spacer{height:30px;}.wp-block-kadence-spacer.kt-block-spacer-1049_aebd01-52 .kt-divider{border-top-width:1px;height:1px;border-top-color:#eee;width:80%;border-top-style:solid;}<\/style>\n<div class=\"wp-block-kadence-spacer aligncenter kt-block-spacer-1049_aebd01-52\"><div class=\"kt-block-spacer kt-block-spacer-halign-center\"><\/div><\/div>\n<style>.wp-block-kadence-advancedheading.kt-adv-heading1049_51964d-67, .wp-block-kadence-advancedheading.kt-adv-heading1049_51964d-67[data-kb-block=\"kb-adv-heading1049_51964d-67\"]{font-style:normal;}.wp-block-kadence-advancedheading.kt-adv-heading1049_51964d-67 mark.kt-highlight, .wp-block-kadence-advancedheading.kt-adv-heading1049_51964d-67[data-kb-block=\"kb-adv-heading1049_51964d-67\"] mark.kt-highlight{font-style:normal;color:#f76a0c;-webkit-box-decoration-break:clone;box-decoration-break:clone;padding-top:0px;padding-right:0px;padding-bottom:0px;padding-left:0px;}.wp-block-kadence-advancedheading.kt-adv-heading1049_51964d-67 img.kb-inline-image, .wp-block-kadence-advancedheading.kt-adv-heading1049_51964d-67[data-kb-block=\"kb-adv-heading1049_51964d-67\"] img.kb-inline-image{width:150px;vertical-align:baseline;}<\/style>\n<h3 class=\"kt-adv-heading1049_51964d-67 wp-block-kadence-advancedheading\" data-kb-block=\"kb-adv-heading1049_51964d-67\"><strong>Det \u00e4r Dags att Utrusta en Ny Typ av Ledarskap &amp; Troende i Messias Kropp<\/strong><\/h3>\n\n<p><em>Om n\u00e5gon bygger p\u00e5 den grunden med guld, silver, \u00e4delstenar eller med tr\u00e4, h\u00f6 och halm, s\u00e5 ska det visa sig hur var och en har byggt. Den dagen ska visa det, f\u00f6r den uppenbaras i eld och elden ska pr\u00f6va hur vars och ens verk \u00e4r. Om det verk som n\u00e5gon byggt best\u00e5r, ska han f\u00e5 l\u00f6n.<\/em>\u00a0<strong>1 Korintierbrevet 3:12-14.<\/strong><\/p>\n<style>.wp-block-kadence-advancedheading.kt-adv-heading1049_014d28-39, .wp-block-kadence-advancedheading.kt-adv-heading1049_014d28-39[data-kb-block=\"kb-adv-heading1049_014d28-39\"]{font-style:normal;}.wp-block-kadence-advancedheading.kt-adv-heading1049_014d28-39 mark.kt-highlight, .wp-block-kadence-advancedheading.kt-adv-heading1049_014d28-39[data-kb-block=\"kb-adv-heading1049_014d28-39\"] mark.kt-highlight{font-style:normal;color:#f76a0c;-webkit-box-decoration-break:clone;box-decoration-break:clone;padding-top:0px;padding-right:0px;padding-bottom:0px;padding-left:0px;}.wp-block-kadence-advancedheading.kt-adv-heading1049_014d28-39 img.kb-inline-image, .wp-block-kadence-advancedheading.kt-adv-heading1049_014d28-39[data-kb-block=\"kb-adv-heading1049_014d28-39\"] img.kb-inline-image{width:150px;vertical-align:baseline;}<\/style>\n<h3 class=\"kt-adv-heading1049_014d28-39 wp-block-kadence-advancedheading\" data-kb-block=\"kb-adv-heading1049_014d28-39\"><strong>Vad \u00e4r GRM?<\/strong><\/h3>\n\n<p><a href=\"https:\/\/www.grmbibleinstitute.com\/\" target=\"_blank\" rel=\"noopener\">Global Revival MAP (GRM) Bibelskola<\/a> f\u00f6ddes i Israel och \u00e4r fr\u00e4mst baserad p\u00e5 den Judisk-Israeliska Archbishop Dr. Dominiquaes livsf\u00f6r\u00e4ndrande TV-program \u201cRevival Cry.\u201d Archbishop producerade varje program under den Helige Andes kraftfulla sm\u00f6rjelse!\u00a0<\/p>\n\n<p>Denna effektfulla l\u00e4roplan inneh\u00e5ller m\u00e5nga av hennes b\u00f6cker, vars inneh\u00e5ll har planterats i hj\u00e4rtan \u00f6ver hela v\u00e4rlden och har anv\u00e4nts av den Helige Ande f\u00f6r att f\u00f6r\u00e4ndra de troendes liv sedan 1995.\u00a0<a rel=\"noreferrer noopener\" href=\"https:\/\/www.grmbibleschool.com\/testimonies\/\" target=\"_blank\">Vittnesb\u00f6rden<\/a>\u00a0finns i \u00f6verfl\u00f6d d\u00e5 m\u00e4nniskor och f\u00f6rsamlingar har p\u00e5verkats av hennes material.<\/p>\n<style>.wp-block-kadence-advancedheading.kt-adv-heading1049_b3d950-f7, .wp-block-kadence-advancedheading.kt-adv-heading1049_b3d950-f7[data-kb-block=\"kb-adv-heading1049_b3d950-f7\"]{font-style:normal;}.wp-block-kadence-advancedheading.kt-adv-heading1049_b3d950-f7 mark.kt-highlight, .wp-block-kadence-advancedheading.kt-adv-heading1049_b3d950-f7[data-kb-block=\"kb-adv-heading1049_b3d950-f7\"] mark.kt-highlight{font-style:normal;color:#f76a0c;-webkit-box-decoration-break:clone;box-decoration-break:clone;padding-top:0px;padding-right:0px;padding-bottom:0px;padding-left:0px;}.wp-block-kadence-advancedheading.kt-adv-heading1049_b3d950-f7 img.kb-inline-image, .wp-block-kadence-advancedheading.kt-adv-heading1049_b3d950-f7[data-kb-block=\"kb-adv-heading1049_b3d950-f7\"] img.kb-inline-image{width:150px;vertical-align:baseline;}<\/style>\n<h3 class=\"kt-adv-heading1049_b3d950-f7 wp-block-kadence-advancedheading\" data-kb-block=\"kb-adv-heading1049_b3d950-f7\"><strong>Avsikt<\/strong><\/h3>\n\n<p><a href=\"https:\/\/www.grmbibleinstitute.com\/\" target=\"_blank\" rel=\"noopener\">GRM Bibel Skola<\/a> har skapats f\u00f6r att utbilda l\u00e4raktiga ledare &#8211; de som \u00e4r fria och smorda! Den \u00e4r l\u00e4ttillg\u00e4ngligt genom att du helt enkelt ansluter sig online var du \u00e4n befinner dig.<\/p>\n\n<p>Vi litar p\u00e5 att det material som presenteras f\u00f6r dig genom GRM Bibel Skola kommer att f\u00f6r\u00e4ndra ditt liv och livet f\u00f6r m\u00e5nga genom dig. Denna Bibelskola \u00e5terst\u00e4ller det som har g\u00e5tt f\u00f6rlorat f\u00f6r Kyrkan sedan 300-talet!<\/p>\n<style>.wp-block-kadence-advancedheading.kt-adv-heading1049_3f3963-b6, .wp-block-kadence-advancedheading.kt-adv-heading1049_3f3963-b6[data-kb-block=\"kb-adv-heading1049_3f3963-b6\"]{font-style:normal;}.wp-block-kadence-advancedheading.kt-adv-heading1049_3f3963-b6 mark.kt-highlight, .wp-block-kadence-advancedheading.kt-adv-heading1049_3f3963-b6[data-kb-block=\"kb-adv-heading1049_3f3963-b6\"] mark.kt-highlight{font-style:normal;color:#f76a0c;-webkit-box-decoration-break:clone;box-decoration-break:clone;padding-top:0px;padding-right:0px;padding-bottom:0px;padding-left:0px;}.wp-block-kadence-advancedheading.kt-adv-heading1049_3f3963-b6 img.kb-inline-image, .wp-block-kadence-advancedheading.kt-adv-heading1049_3f3963-b6[data-kb-block=\"kb-adv-heading1049_3f3963-b6\"] img.kb-inline-image{width:150px;vertical-align:baseline;}<\/style>\n<h3 class=\"kt-adv-heading1049_3f3963-b6 wp-block-kadence-advancedheading\" data-kb-block=\"kb-adv-heading1049_3f3963-b6\"><strong>GRM kontra Traditionellt Seminarium<\/strong><\/h3>\n\n<p>Traditionella Bibelskolor har inte svaret eftersom de verkligen saknar Kyrkans Historia \u2013 trons och Israels Judiska r\u00f6tter. I st\u00e4llet undervisar de flesta Bibelskolor en blandning av ers\u00e4ttningsteologi med Ordet. \u00c4nde tidens MAP (Messianska, Apostoliska, Profetiska) ledare kommer inte att ha n\u00e5gon fixering vid ers\u00e4ttningsteologin och vet att de \u00e4r inympade i Olivtr\u00e4det med Israel. I st\u00e4llet kommer de att vara ledare som kommer att vara k\u00e4nd med Evangeliet som predikats av den Judiske Messias sj\u00e4lv och Hans f\u00f6rsta Judiska apostlar med tecken, under och mirakel som f\u00f6ljd.<\/p>\n<style>.wp-block-kadence-advancedheading.kt-adv-heading1049_acea3d-38, .wp-block-kadence-advancedheading.kt-adv-heading1049_acea3d-38[data-kb-block=\"kb-adv-heading1049_acea3d-38\"]{font-style:normal;}.wp-block-kadence-advancedheading.kt-adv-heading1049_acea3d-38 mark.kt-highlight, .wp-block-kadence-advancedheading.kt-adv-heading1049_acea3d-38[data-kb-block=\"kb-adv-heading1049_acea3d-38\"] mark.kt-highlight{font-style:normal;color:#f76a0c;-webkit-box-decoration-break:clone;box-decoration-break:clone;padding-top:0px;padding-right:0px;padding-bottom:0px;padding-left:0px;}.wp-block-kadence-advancedheading.kt-adv-heading1049_acea3d-38 img.kb-inline-image, .wp-block-kadence-advancedheading.kt-adv-heading1049_acea3d-38[data-kb-block=\"kb-adv-heading1049_acea3d-38\"] img.kb-inline-image{width:150px;vertical-align:baseline;}<\/style>\n<h3 class=\"kt-adv-heading1049_acea3d-38 wp-block-kadence-advancedheading\" data-kb-block=\"kb-adv-heading1049_acea3d-38\"><strong>Det Viktiga<\/strong><\/h3>\n\n<p>Under dessa pr\u00f6vande tider av stormar och skakningar har det &#8221;billiga n\u00e5devangeliet&#8221; inga solida svar! Vi m\u00e5ste omv\u00e4nda oss och \u00e5terst\u00e4llas till att frukta YAH (Gud) p\u00e5 samma s\u00e4tt som den Tidiga Kyrkan gjorde och upplevde n\u00e4r de vandrade i stor H\u00e4rlighet och auktoritet. Det \u00e4r dags f\u00f6r en Kyrka, som Ester, Rut och Kornelius, att resa sig och vara en v\u00e4lsignelse f\u00f6r Israel med hj\u00e4lp av Abrahams Nyckel i 12:3 f\u00f6r att \u00f6ppna hela nationer f\u00f6r v\u00e4ckelse!<\/p>\n\n<p>Om du \u00e4r redo att fl\u00f6da in i MAP Revolutionen, d\u00e4r 2000-talet kommer att vara som 1:a \u00e5rhundradet, kom och utrusta dig: Global Revival MAP Bibelskola kommer att f\u00f6r\u00e4ndra ditt liv och genom dig, andras liv.<\/p>\n<style>.wp-block-kadence-advancedheading.kt-adv-heading1049_43d525-6e, .wp-block-kadence-advancedheading.kt-adv-heading1049_43d525-6e[data-kb-block=\"kb-adv-heading1049_43d525-6e\"]{font-style:normal;}.wp-block-kadence-advancedheading.kt-adv-heading1049_43d525-6e mark.kt-highlight, .wp-block-kadence-advancedheading.kt-adv-heading1049_43d525-6e[data-kb-block=\"kb-adv-heading1049_43d525-6e\"] mark.kt-highlight{font-style:normal;color:#f76a0c;-webkit-box-decoration-break:clone;box-decoration-break:clone;padding-top:0px;padding-right:0px;padding-bottom:0px;padding-left:0px;}.wp-block-kadence-advancedheading.kt-adv-heading1049_43d525-6e img.kb-inline-image, .wp-block-kadence-advancedheading.kt-adv-heading1049_43d525-6e[data-kb-block=\"kb-adv-heading1049_43d525-6e\"] img.kb-inline-image{width:150px;vertical-align:baseline;}<\/style>\n<h3 class=\"kt-adv-heading1049_43d525-6e wp-block-kadence-advancedheading\" data-kb-block=\"kb-adv-heading1049_43d525-6e\"><strong>\u00c4r du beredd? B\u00f6rja studera online idag!<\/strong><\/h3>\n\n<p>En knivskarp, k\u00e4rleksfull, helig, m\u00e4ktig, sanningsenlig, Messiansk, Apostolisk, Profetisk Arm\u00e9 reser sig, och du \u00e4r kallad att inta din position som Messias soldat.<\/p>\n<style>.wp-block-kadence-advancedbtn.kb-btns1049_94228d-e6{gap:var(--global-kb-gap-xs, 0.5rem );justify-content:flex-start;align-items:center;}.kt-btns1049_94228d-e6 .kt-button{font-weight:normal;font-style:normal;}<\/style>\n<div class=\"wp-block-kadence-advancedbtn kb-buttons-wrap kb-btns1049_94228d-e6\"><style>ul.menu .wp-block-kadence-advancedbtn .kb-btn1049_80db81-3d.kb-button{width:initial;}<\/style><a class=\"kb-button kt-button button kb-btn1049_80db81-3d kt-btn-size-large kt-btn-width-type-auto kb-btn-global-inherit  kt-btn-has-text-true kt-btn-has-svg-false  wp-block-button__link wp-block-kadence-singlebtn\" href=\"https:\/\/www.grmbibleinstitute.com\/\" target=\"_blank\" rel=\"noopener\"><span class=\"kt-btn-inner-text\">STARTA DINA STUDIER<\/span><\/a>\n\n<style>ul.menu .wp-block-kadence-advancedbtn .kb-btn1049_ab9f1c-37.kb-button{width:initial;}.wp-block-kadence-advancedbtn .kb-btn1049_ab9f1c-37.kb-button{background:var(--global-palette2, #2B6CB0);}.wp-block-kadence-advancedbtn .kb-btn1049_ab9f1c-37.kb-button:hover, .wp-block-kadence-advancedbtn .kb-btn1049_ab9f1c-37.kb-button:focus{background:#b02626;}<\/style><a class=\"kb-button kt-button button kb-btn1049_ab9f1c-37 kt-btn-size-large kt-btn-width-type-auto kb-btn-global-inherit  kt-btn-has-text-true kt-btn-has-svg-true  wp-block-button__link wp-block-kadence-singlebtn\" href=\"https:\/\/www.zionsgospel.com\/sv\/donera\/\"><span class=\"kb-svg-icon-wrap kb-svg-icon-ic_heart kt-btn-icon-side-left\"><svg viewBox=\"0 0 8 8\"  fill=\"currentColor\" xmlns=\"http:\/\/www.w3.org\/2000\/svg\"  aria-hidden=\"true\"><path d=\"M2 0c-.55 0-1.04.23-1.41.59-.36.36-.59.85-.59 1.41 0 .55.23 1.04.59 1.41l3.41 3.41 3.41-3.41c.36-.36.59-.85.59-1.41 0-.55-.23-1.04-.59-1.41-.36-.36-.85-.59-1.41-.59-.55 0-1.04.23-1.41.59-.36.36-.59.85-.59 1.41 0-.55-.23-1.04-.59-1.41-.36-.36-.85-.59-1.41-.59z\" transform=\"translate(0 1)\"\/><\/svg><\/span><span class=\"kt-btn-inner-text\">DONERA<\/span><\/a><\/div>\n","protected":false},"excerpt":{"rendered":"<p>Det \u00e4r Dags att Utrusta en Ny Typ av Ledarskap &amp; Troende i Messias Kropp Om n\u00e5gon bygger p\u00e5 den grunden med guld, silver, \u00e4delstenar eller med tr\u00e4, h\u00f6 och halm, s\u00e5 ska det visa sig hur var och en har byggt. Den dagen ska visa det, f\u00f6r den uppenbaras i eld och elden ska&#8230;<\/p>\n","protected":false},"author":1,"featured_media":0,"parent":0,"menu_order":0,"comment_status":"closed","ping_status":"closed","template":"","meta":{"give_campaign_id":0,"_kad_blocks_custom_css":"","_kad_blocks_head_custom_js":"","_kad_blocks_body_custom_js":"","_kad_blocks_footer_custom_js":"","_kad_post_transparent":"","_kad_post_title":"hide","_kad_post_layout":"","_kad_post_sidebar_id":"","_kad_post_content_style":"","_kad_post_vertical_padding":"bottom","_kad_post_feature":"","_kad_post_feature_position":"","_kad_post_header":false,"_kad_post_footer":false,"_kad_post_classname":"","footnotes":""},"class_list":["post-6052","page","type-page","status-publish","hentry"],"campaignId":"","taxonomy_info":[],"featured_image_src_large":false,"author_info":{"display_name":"W B","author_link":"https:\/\/www.zionsgospel.com\/sv\/author\/victor\/"},"comment_info":0,"_links":{"self":[{"href":"https:\/\/www.zionsgospel.com\/sv\/wp-json\/wp\/v2\/pages\/6052","targetHints":{"allow":["GET"]}}],"collection":[{"href":"https:\/\/www.zionsgospel.com\/sv\/wp-json\/wp\/v2\/pages"}],"about":[{"href":"https:\/\/www.zionsgospel.com\/sv\/wp-json\/wp\/v2\/types\/page"}],"author":[{"embeddable":true,"href":"https:\/\/www.zionsgospel.com\/sv\/wp-json\/wp\/v2\/users\/1"}],"replies":[{"embeddable":true,"href":"https:\/\/www.zionsgospel.com\/sv\/wp-json\/wp\/v2\/comments?post=6052"}],"version-history":[{"count":4,"href":"https:\/\/www.zionsgospel.com\/sv\/wp-json\/wp\/v2\/pages\/6052\/revisions"}],"predecessor-version":[{"id":15683,"href":"https:\/\/www.zionsgospel.com\/sv\/wp-json\/wp\/v2\/pages\/6052\/revisions\/15683"}],"wp:attachment":[{"href":"https:\/\/www.zionsgospel.com\/sv\/wp-json\/wp\/v2\/media?parent=6052"}],"curies":[{"name":"wp","href":"https:\/\/api.w.org\/{rel}","templated":true}]}}