{"id":5739,"date":"2022-02-01T15:30:54","date_gmt":"2022-02-01T21:30:54","guid":{"rendered":"https:\/\/www.zionsgospel.com\/forenade-nationerna-for-israel\/"},"modified":"2022-02-01T15:36:35","modified_gmt":"2022-02-01T21:36:35","slug":"forenade-nationerna-for-israel","status":"publish","type":"page","link":"https:\/\/www.zionsgospel.com\/sv\/forenade-nationerna-for-israel\/","title":{"rendered":"F\u00f6renade Nationerna f\u00f6r Israel"},"content":{"rendered":"<style>#kt-layout-id_584f03-46 > .kt-row-column-wrap{z-index:10;position:relative;align-content:start;}:where(#kt-layout-id_584f03-46 > .kt-row-column-wrap) > .wp-block-kadence-column{justify-content:start;}#kt-layout-id_584f03-46 > .kt-row-column-wrap{column-gap:var(--global-kb-gap-md, 2rem);row-gap:var(--global-kb-gap-md, 2rem);max-width:900px;margin-left:auto;margin-right:auto;padding-top:var( --global-kb-row-default-top, 25px );padding-bottom:var( --global-kb-row-default-bottom, 25px );padding-top:110px;padding-bottom:130px;grid-template-columns:minmax(0, 1fr);}#kt-layout-id_584f03-46{background-image:url('https:\/\/www.zionsgospel.com\/wp-content\/uploads\/2021\/05\/unitednationsforisrael-bg.jpg');background-size:cover;background-position:50% 42%;background-attachment:scroll;background-repeat:no-repeat;}#kt-layout-id_584f03-46 > .kt-row-layout-overlay{opacity:0.00;background-color:#0035b9;mix-blend-mode:normal;}#kt-layout-id_584f03-46 .kt-row-layout-bottom-sep{height:100px;}#kt-layout-id_584f03-46 .kt-row-layout-bottom-sep svg{width:100%;}#kt-layout-id_584f03-46 .kt-row-layout-bottom-sep svg{fill:#ffffff!important;}@media all and (max-width: 1024px){#kt-layout-id_584f03-46 > .kt-row-column-wrap{grid-template-columns:minmax(0, 1fr);}}@media all and (max-width: 1024px){#kt-layout-id_584f03-46 .kt-row-layout-bottom-sep{height:px;}}@media all and (max-width: 1024px){#kt-layout-id_584f03-46 .kt-row-layout-bottom-sep svg{width:%;}}@media all and (max-width: 767px){#kt-layout-id_584f03-46 > .kt-row-column-wrap{grid-template-columns:minmax(0, 1fr);}#kt-layout-id_584f03-46 .kt-row-layout-bottom-sep{height:px;}#kt-layout-id_584f03-46 .kt-row-layout-bottom-sep svg{width:%;}}<\/style>\n<div class=\"wp-block-kadence-rowlayout alignfull\"><div id=\"kt-layout-id_584f03-46\" class=\"kt-row-layout-inner kt-row-has-bg kt-layout-id_584f03-46\"><div class=\"kt-row-layout-overlay kt-row-overlay-normal\"><\/div><div class=\"kt-row-column-wrap kt-has-1-columns kt-gutter-default kt-v-gutter-default kt-row-valign-top kt-row-layout-equal kt-tab-layout-inherit kt-m-colapse-left-to-right kt-mobile-layout-row\"><style>.kadence-column_3df01d-25 > .kt-inside-inner-col{border-top-width:0px;border-right-width:0px;border-bottom-width:0px;border-left-width:0px;}.kadence-column_3df01d-25 > .kt-inside-inner-col,.kadence-column_3df01d-25 > .kt-inside-inner-col:before{border-top-left-radius:0px;border-top-right-radius:0px;border-bottom-right-radius:0px;border-bottom-left-radius:0px;}.kadence-column_3df01d-25 > .kt-inside-inner-col{column-gap:var(--global-kb-gap-sm, 1rem);}.kadence-column_3df01d-25 > .kt-inside-inner-col{flex-direction:column;}.kadence-column_3df01d-25 > .kt-inside-inner-col > .aligncenter{width:100%;}.kadence-column_3df01d-25 > .kt-inside-inner-col:before{opacity:0.3;}.kadence-column_3df01d-25{position:relative;}@media all and (max-width: 1024px){.kadence-column_3df01d-25 > .kt-inside-inner-col{flex-direction:column;justify-content:center;}}@media all and (max-width: 767px){.kadence-column_3df01d-25 > .kt-inside-inner-col{flex-direction:column;justify-content:center;}}<\/style>\n<div class=\"wp-block-kadence-column inner-column-1 kadence-column_3df01d-25\"><div class=\"kt-inside-inner-col\">\n<div class=\"wp-block-image\"><figure class=\"aligncenter size-full is-resized\"><img loading=\"lazy\" decoding=\"async\" src=\"https:\/\/www.zionsgospel.com\/wp-content\/uploads\/2021\/05\/unify-logo-white-1.png\" alt=\"F\u00f6renade Nationerna f\u00f6r Israel\" class=\"wp-image-2317\" width=\"450\" height=\"162\" srcset=\"https:\/\/www.zionsgospel.com\/wp-content\/uploads\/2021\/05\/unify-logo-white-1.png 600w, https:\/\/www.zionsgospel.com\/wp-content\/uploads\/2021\/05\/unify-logo-white-1-300x108.png 300w\" sizes=\"auto, (max-width: 450px) 100vw, 450px\" \/><\/figure><\/div>\n\n\n\n<p><\/p>\n<\/div><\/div>\n<\/div><div class=\"kt-row-layout-bottom-sep kt-row-sep-type-threelevels\"><svg style=\"fill:#ffffff\" viewbox=\"0 0 1000 100\" preserveaspectratio=\"none\"><path style=\"opacity:0.33\" d=\"M0 95L1000 0v100H0v-5z\"><\/path><path style=\"opacity:0.66\" d=\"M0 95l1000-67.944V100H0v-5z\"><\/path><path d=\"M0 95l1000-40.887V100H0v-5z\"><\/path><\/svg><\/div><\/div><\/div>\n\n\n<style>.wp-block-kadence-spacer.kt-block-spacer-_8676d3-47 .kt-block-spacer{height:30px;}.wp-block-kadence-spacer.kt-block-spacer-_8676d3-47 .kt-divider{border-top-width:1px;height:1px;border-top-color:#eee;width:80%;border-top-style:solid;}<\/style>\n<div class=\"wp-block-kadence-spacer aligncenter kt-block-spacer-_8676d3-47\"><div class=\"kt-block-spacer kt-block-spacer-halign-center\" style=\"height:30px\"><\/div><\/div>\n\n\n\n<p style=\"font-size:22px\"><strong><a href=\"https:\/\/unitednationsforisrael.org\/\" target=\"_blank\" rel=\"noopener\"><em>F\u00f6renade Nationerna f\u00f6r Israel<\/em>&nbsp;(UNIFY)<\/a> s\u00f6ker omskola nationerna att l\u00e4ra sig om Evangeliet skapat i Zion och vikten av att st\u00e5 med Israel mot alla odds.<\/strong><\/p>\n\n\n\n<p>I Matteus 25:32 sade Yeshua (Jesus) Messias att han skulle d\u00f6ma mellan nationerna och skilja dem som f\u00e5r fr\u00e5n getterna. Detta \u00e4r det Tredje \u00c5rtusendet sedan Han vandrade p\u00e5 jorden, och <em>separationen har b\u00f6rjat<\/em>!<\/p>\n\n\n\n<p>Messias bes\u00f6kte Archbishop Dominiquae Bierman \u2013&nbsp;<em><a href=\"https:\/\/unitednationsforisrael.org\/\" target=\"_blank\" rel=\"noopener\">F\u00f6renade Nationerna f\u00f6r Israels<\/a><\/em>&nbsp;\u2013 grundare i Santiago Chile Julen 2001, d\u00e4r Han visade henne att ers\u00e4ttnings teologin i Kyrkan hade hindrat nationer fr\u00e5n att bli F\u00e5rnationer.<\/p>\n\n\n\n<p>Han kommer att d\u00f6ma nationerna efter tv\u00e5 parametrar.<\/p>\n\n\n\n<ul class=\"wp-block-list\"><li>Hans Budord som de \u00e4r skrivna i Toran (Johannes uppenbarelse 20:12, 13)<\/li><li>Hur nationerna har behandlat Israel (1 Moseboken 12:3, Matteusevangeliet 25:37-40)<\/li><\/ul>\n\n\n\n<p>Genom Kristendomens ers\u00e4ttnings teologi har Kyrkan l\u00e4rt nationerna att avvisa allt som \u00e4r Judiskt, inklusive Guds Torah eller Budord, Sabbaten och de bibliska h\u00f6gtiderna. Den har ocks\u00e5 l\u00e4rt nationerna att hata det Judiska folket. Historien \u00e4r full av Kristna anti-Judiska h\u00e4ndelser som Korst\u00e5gen, den Spanska Inkvisitionen, Pogromer i Ryssland och Ukraina, Nazistiska Shoa (F\u00f6rintelsen), BDS och m\u00e5nga fler. \u00c4ven om Islam \u00e4r mer framtr\u00e4dande emot Israel i dag, \u00e4r Kyrkornas V\u00e4rldsr\u00e5d och m\u00e5nga samfund och Kristna icke-statliga organisationer ocks\u00e5 anti-Israeliska. De Heliga Skrifterna \u00e4r tydliga om detta:<\/p>\n\n\n\n<p><em>&#8221;Jag skall v\u00e4lsigna dem som v\u00e4lsignar dig och f\u00f6rbanna den som f\u00f6rbannar dig.&#8221;<\/em> <strong>1 Moseboken 12:3<\/strong><\/p>\n\n\n\n<p>&#8221;<em>Nationer d\u00f6ms nu efter hur de har behandlat det Judiska folket tidigare och hur de behandlar den moderna Staten Israel i nuet. Bibeln s\u00e4ger att Yah (Gud) kommer att d\u00f6ma alla nationer p\u00e5 grund av Zions sak (Jesaja 34:1\u20138), och alla nationer \u00e4r i Domens dal f\u00f6r de har f\u00f6rs\u00f6kt dela Jerusalem och Israels Land.<\/em>&#8221; <strong>(Joel 3:1-4)<\/strong><\/p>\n\n\n\n<p>Vi tror att varje troende i Messias i varje nation \u00e4r en potentiell person som kan F\u00f6r\u00e4ndra V\u00e4rlden och som kan vara en katalysator f\u00f6r att f\u00f6rvandla sin nation till en F\u00e5rnation och r\u00e4dda otaliga m\u00e4nniskor fr\u00e5n evig dom.<\/p>\n\n\n\n<p>Precis som Israel f\u00f6ddes p\u00e5 en dag i sitt f\u00f6rlovade land efter n\u00e4stan 2 000 \u00e5r i exil, s\u00e5 kan F\u00e5rnationer f\u00f6das p\u00e5 en dag!<\/p>\n\n\n\n<p>&#8221;<em>Vem har h\u00f6rt n\u00e5got s\u00e5dant? Vem har sett s\u00e5dana saker?<br>Kan ett land f\u00f6das p\u00e5 en dag? Kan en nation f\u00f6ras fram p\u00e5 en g\u00e5ng?<br>F\u00f6r s\u00e5 fort Zion hade f\u00f6dslov\u00e4rkar f\u00f6dde hon sina barn.<\/em>&#8221;<br><strong>Jesaja 66:8<\/strong><\/p>\n\n\n\n<p>Bli en medlem i Knesset (s\u00e4llskapet) fr\u00e5n nationerna och b\u00f6rja att f\u00f6rvandla din nation till en F\u00e5rnation en person i taget.<\/p>\n\n\n<style>.wp-block-kadence-advancedbtn.kb-btns_b9d5a3-e3{gap:var(--global-kb-gap-xs, 0.5rem );justify-content:flex-start;align-items:center;}.kt-btns_b9d5a3-e3 .kt-button{font-weight:normal;font-style:normal;}.kt-btns_b9d5a3-e3 .kt-btn-wrap-0{margin-right:5px;}.wp-block-kadence-advancedbtn.kt-btns_b9d5a3-e3 .kt-btn-wrap-0 .kt-button::before{display:none;}.kt-btns_b9d5a3-e3 .kt-btn-wrap-1{margin-right:5px;}.wp-block-kadence-advancedbtn.kt-btns_b9d5a3-e3 .kt-btn-wrap-1 .kt-button{background:var(--global-palette2, #2B6CB0);}.wp-block-kadence-advancedbtn.kt-btns_b9d5a3-e3 .kt-btn-wrap-1 .kt-button::before{display:none;}.wp-block-kadence-advancedbtn.kt-btns_b9d5a3-e3 .kt-btn-wrap-1 .kt-button:hover, .wp-block-kadence-advancedbtn.kt-btns_b9d5a3-e3 .kt-btn-wrap-1 .kt-button:focus{background:#b02626;}<\/style>\n<div class=\"wp-block-kadence-advancedbtn kt-btn-align-left kt-btn-tablet-align-inherit kt-btn-mobile-align-inherit kt-btns-wrap kt-btns_b9d5a3-e3\"><div class=\"kt-btn-wrap kt-btn-wrap-0\"><a class=\"kt-button button kt-btn-0-action kt-btn-size-large kt-btn-style-basic kt-btn-svg-show-always kt-btn-has-text-true kt-btn-has-svg-false kb-btn-global-inherit wp-block-button__link\" href=\"https:\/\/unitednationsforisrael.org\/membership-options\/\" target=\"_blank\" rel=\"noopener\"><span class=\"kt-btn-inner-text\">G\u00e5 med &amp; St\u00f6d Uppdraget<\/span><\/a><\/div><div class=\"kt-btn-wrap kt-btn-wrap-1\"><a class=\"kt-button button kt-btn-1-action kt-btn-size-large kt-btn-style-basic kt-btn-svg-show-always kt-btn-has-text-true kt-btn-has-svg-true kb-btn-global-inherit wp-block-button__link\" href=\"https:\/\/www.zionsgospel.com\/sv\/donera\/\"><div style=\"display:inline-flex;justify-content:center;align-items:center\" class=\"kt-btn-svg-icon kt-btn-svg-icon-ic_heart kt-btn-side-left\"><svg style=\"display:inline-block;vertical-align:middle\" viewbox=\"0 0 8 8\" height=\"1em\" width=\"1em\" fill=\"currentColor\" xmlns=\"http:\/\/www.w3.org\/2000\/svg\"><path d=\"M2 0c-.55 0-1.04.23-1.41.59-.36.36-.59.85-.59 1.41 0 .55.23 1.04.59 1.41l3.41 3.41 3.41-3.41c.36-.36.59-.85.59-1.41 0-.55-.23-1.04-.59-1.41-.36-.36-.85-.59-1.41-.59-.55 0-1.04.23-1.41.59-.36.36-.59.85-.59 1.41 0-.55-.23-1.04-.59-1.41-.36-.36-.85-.59-1.41-.59z\" transform=\"translate(0 1)\"><\/path><\/svg><\/div><span class=\"kt-btn-inner-text\">Donera<\/span><\/a><\/div><\/div>\n\n\n\n<p><\/p>\n","protected":false},"excerpt":{"rendered":"<p>F\u00f6renade Nationerna f\u00f6r Israel&nbsp;(UNIFY) s\u00f6ker omskola nationerna att l\u00e4ra sig om Evangeliet skapat i Zion och vikten av att st\u00e5 med Israel mot alla odds. I Matteus 25:32 sade Yeshua (Jesus) Messias att han skulle d\u00f6ma mellan nationerna och skilja dem som f\u00e5r fr\u00e5n getterna. Detta \u00e4r det Tredje \u00c5rtusendet sedan Han vandrade p\u00e5 jorden,&#8230;<\/p>\n","protected":false},"author":1,"featured_media":0,"parent":0,"menu_order":0,"comment_status":"closed","ping_status":"closed","template":"","meta":{"give_campaign_id":0,"_kad_blocks_custom_css":"","_kad_blocks_head_custom_js":"","_kad_blocks_body_custom_js":"","_kad_blocks_footer_custom_js":"","_kad_post_transparent":"","_kad_post_title":"hide","_kad_post_layout":"","_kad_post_sidebar_id":"","_kad_post_content_style":"","_kad_post_vertical_padding":"bottom","_kad_post_feature":"","_kad_post_feature_position":"","_kad_post_header":false,"_kad_post_footer":false,"_kad_post_classname":"","footnotes":""},"class_list":["post-5739","page","type-page","status-publish","hentry"],"campaignId":"","taxonomy_info":[],"featured_image_src_large":false,"author_info":{"display_name":"W B","author_link":"https:\/\/www.zionsgospel.com\/sv\/author\/victor\/"},"comment_info":0,"_links":{"self":[{"href":"https:\/\/www.zionsgospel.com\/sv\/wp-json\/wp\/v2\/pages\/5739","targetHints":{"allow":["GET"]}}],"collection":[{"href":"https:\/\/www.zionsgospel.com\/sv\/wp-json\/wp\/v2\/pages"}],"about":[{"href":"https:\/\/www.zionsgospel.com\/sv\/wp-json\/wp\/v2\/types\/page"}],"author":[{"embeddable":true,"href":"https:\/\/www.zionsgospel.com\/sv\/wp-json\/wp\/v2\/users\/1"}],"replies":[{"embeddable":true,"href":"https:\/\/www.zionsgospel.com\/sv\/wp-json\/wp\/v2\/comments?post=5739"}],"version-history":[{"count":2,"href":"https:\/\/www.zionsgospel.com\/sv\/wp-json\/wp\/v2\/pages\/5739\/revisions"}],"predecessor-version":[{"id":5742,"href":"https:\/\/www.zionsgospel.com\/sv\/wp-json\/wp\/v2\/pages\/5739\/revisions\/5742"}],"wp:attachment":[{"href":"https:\/\/www.zionsgospel.com\/sv\/wp-json\/wp\/v2\/media?parent=5739"}],"curies":[{"name":"wp","href":"https:\/\/api.w.org\/{rel}","templated":true}]}}