{"id":5722,"date":"2022-02-01T14:58:05","date_gmt":"2022-02-01T20:58:05","guid":{"rendered":"https:\/\/www.zionsgospel.com\/vad-ar-det-vi-gor\/"},"modified":"2025-09-24T14:12:40","modified_gmt":"2025-09-24T20:12:40","slug":"vad-ar-det-vi-gor","status":"publish","type":"page","link":"https:\/\/www.zionsgospel.com\/sv\/vad-ar-det-vi-gor\/","title":{"rendered":"Vad \u00e4r det vi g\u00f6r"},"content":{"rendered":"<style>.kb-row-layout-wrap.wp-block-kadence-rowlayout.kb-row-layout-id977_00ecbf-ab{margin-bottom:3em;}.kb-row-layout-id977_00ecbf-ab > .kt-row-column-wrap{align-content:start;}:where(.kb-row-layout-id977_00ecbf-ab > .kt-row-column-wrap) > .wp-block-kadence-column{justify-content:start;}.kb-row-layout-id977_00ecbf-ab > .kt-row-column-wrap{column-gap:var(--global-kb-gap-md, 2rem);row-gap:var(--global-kb-gap-md, 2rem);max-width:900px;margin-left:auto;margin-right:auto;padding-top:100px;padding-bottom:140px;grid-template-columns:minmax(0, 1fr);}.kb-row-layout-id977_00ecbf-ab{background-image:url('https:\/\/www.zionsgospel.com\/wp-content\/uploads\/2021\/05\/kt_01_background_image.jpg');background-size:cover;background-position:50% 25%;background-attachment:scroll;background-repeat:no-repeat;}.kb-row-layout-id977_00ecbf-ab > .kt-row-layout-overlay{opacity:1;background:linear-gradient(180deg, var(--global-palette3) 0%, rgba(74, 85, 104, 0) 50%);mix-blend-mode:normal;}.kb-row-layout-id977_00ecbf-ab .kt-row-layout-bottom-sep{height:100px;}.kb-row-layout-id977_00ecbf-ab .kt-row-layout-bottom-sep svg{width:100%;}.kb-row-layout-id977_00ecbf-ab .kt-row-layout-bottom-sep svg{fill:#ffffff!important;}@media all and (max-width: 1024px){.kb-row-layout-id977_00ecbf-ab > .kt-row-column-wrap{grid-template-columns:minmax(0, 1fr);}}@media all and (max-width: 1024px){.kb-row-layout-id977_00ecbf-ab .kt-row-layout-bottom-sep{height:px;}}@media all and (max-width: 1024px){.kb-row-layout-id977_00ecbf-ab .kt-row-layout-bottom-sep svg{width:%;}}@media all and (max-width: 767px){.kb-row-layout-id977_00ecbf-ab > .kt-row-column-wrap{grid-template-columns:minmax(0, 1fr);}.kb-row-layout-id977_00ecbf-ab .kt-row-layout-bottom-sep{height:px;}.kb-row-layout-id977_00ecbf-ab .kt-row-layout-bottom-sep svg{width:%;}}<\/style><div class=\"kb-row-layout-wrap kb-row-layout-id977_00ecbf-ab alignfull kt-row-has-bg wp-block-kadence-rowlayout\"><div class=\"kt-row-layout-overlay kt-row-overlay-gradient\"><\/div><div class=\"kt-row-layout-bottom-sep kt-row-sep-type-ctd\"><svg viewBox=\"0 0 1000 100\" preserveAspectRatio=\"none\"><path d=\"M1000,0l-500,98l-500,-98l0,100l1000,0l0,-100Z\" style=\"opacity: 0.4\" \/><path d=\"M1000,20l-500,78l-500,-78l0,80l1000,0l0,-80Z\" \/><\/svg><\/div><div class=\"kt-row-column-wrap kt-has-1-columns kt-row-layout-equal kt-tab-layout-inherit kt-mobile-layout-row kt-row-valign-top\">\n<style>.kadence-column977_2a77c1-bc > .kt-inside-inner-col,.kadence-column977_2a77c1-bc > .kt-inside-inner-col:before{border-top-left-radius:0px;border-top-right-radius:0px;border-bottom-right-radius:0px;border-bottom-left-radius:0px;}.kadence-column977_2a77c1-bc > .kt-inside-inner-col{column-gap:var(--global-kb-gap-sm, 1rem);}.kadence-column977_2a77c1-bc > .kt-inside-inner-col{flex-direction:column;}.kadence-column977_2a77c1-bc > .kt-inside-inner-col > .aligncenter{width:100%;}.kadence-column977_2a77c1-bc > .kt-inside-inner-col:before{opacity:0.3;}.kadence-column977_2a77c1-bc{position:relative;}@media all and (max-width: 1024px){.kadence-column977_2a77c1-bc > .kt-inside-inner-col{flex-direction:column;justify-content:center;}}@media all and (max-width: 767px){.kadence-column977_2a77c1-bc > .kt-inside-inner-col{flex-direction:column;justify-content:center;}}<\/style>\n<div class=\"wp-block-kadence-column kadence-column977_2a77c1-bc inner-column-1\"><div class=\"kt-inside-inner-col\"><style>.wp-block-kadence-advancedheading.kt-adv-heading977_d0510a-33, .wp-block-kadence-advancedheading.kt-adv-heading977_d0510a-33[data-kb-block=\"kb-adv-heading977_d0510a-33\"]{text-align:center;font-size:4em;line-height:1.3em;font-style:normal;text-transform:uppercase;color:#ffffff;text-shadow:1px 1px 5px rgba(0,0,0,0.5);}.wp-block-kadence-advancedheading.kt-adv-heading977_d0510a-33 mark.kt-highlight, .wp-block-kadence-advancedheading.kt-adv-heading977_d0510a-33[data-kb-block=\"kb-adv-heading977_d0510a-33\"] mark.kt-highlight{font-style:normal;color:#f76a0c;-webkit-box-decoration-break:clone;box-decoration-break:clone;padding-top:0px;padding-right:0px;padding-bottom:0px;padding-left:0px;}.wp-block-kadence-advancedheading.kt-adv-heading977_d0510a-33 img.kb-inline-image, .wp-block-kadence-advancedheading.kt-adv-heading977_d0510a-33[data-kb-block=\"kb-adv-heading977_d0510a-33\"] img.kb-inline-image{width:150px;vertical-align:baseline;}@media all and (max-width: 1024px){.wp-block-kadence-advancedheading.kt-adv-heading977_d0510a-33, .wp-block-kadence-advancedheading.kt-adv-heading977_d0510a-33[data-kb-block=\"kb-adv-heading977_d0510a-33\"]{text-shadow:1px 1px 5px rgba(0,0,0,0.5);}}@media all and (max-width: 767px){.wp-block-kadence-advancedheading.kt-adv-heading977_d0510a-33, .wp-block-kadence-advancedheading.kt-adv-heading977_d0510a-33[data-kb-block=\"kb-adv-heading977_d0510a-33\"]{text-shadow:1px 1px 5px rgba(0,0,0,0.5);}}<\/style>\n<h2 class=\"kt-adv-heading977_d0510a-33 wp-block-kadence-advancedheading\" data-kb-block=\"kb-adv-heading977_d0510a-33\">Vad \u00e4r det vi g\u00f6r?<\/h2>\n<\/div><\/div>\n\n<\/div><\/div>\n<p>Som medlemmar \u00f6ver hela v\u00e4rlden prisar vi, som <em><a href=\"https:\/\/unitednationsforisrael.org\/\" target=\"_blank\" rel=\"noopener\">F\u00f6renade Nationerna f\u00f6r Israel<\/a><\/em> och partner till <em><a href=\"https:\/\/kad-esh.org\/\" target=\"_blank\" rel=\"noopener\">Kad-Esh MAP Ministries<\/a><\/em>, Yah (Gud) f\u00f6r Hans barmh\u00e4rtighet genom Archbishop Dominiquaes och Rabbin Baruch Biermans kontaktpunkt. Dessa tv\u00e5 Judiska apostlar st\u00e5r i gapet inf\u00f6r Israels Gud f\u00f6r att f\u00f6rl\u00f6sa n\u00e5d i v\u00e5ra nationer av tv\u00e5 huvudsk\u00e4l.<\/p>\n\n<ul class=\"wp-block-list\">\n<li>Antibiblisk Politik: Hat mot det Judiska folket och Israel<\/li>\n\n\n\n<li>Antibiblisk Doktrin: efterf\u00f6ljd av hedniska h\u00f6gtider och ers\u00e4ttnings teologi<\/li>\n<\/ul>\n\n<p>Som Israeler och Judar har de skickats till Amerika, d\u00e4r de nu st\u00e5r i gapet f\u00f6r USA med omv\u00e4ndelsehandlingar vid viktiga \u00f6stra portar, inklusive St. Augustine Florida, Williamsburg, Virginia, New York City, New York; och Orlando, Florida. Yah (Gud) har h\u00f6rt och gensvarat positivt! Till Honom tillh\u00f6r all \u00e4ra!<\/p>\n\n<p>Medlemmar i \u00f6ver 30 l\u00e4nder leder f\u00f6rsamlingar, betj\u00e4nar med trons Judiska r\u00f6tter och utf\u00f6r handlingar av uppr\u00e4ttelse gentemot det Judiska folket. En uppsj\u00f6 av tecken, under och mirakler \u00e4ger rum! L\u00e4s n\u00e5gra av v\u00e5ra <a href=\"https:\/\/kad-esh.org\/testimonies\/\" target=\"_blank\" rel=\"noopener\">vittnesb\u00f6rd<\/a>.<\/p>\n\n<p>En andlig p\u00e5nyttf\u00f6delse \u00e4ger rum n\u00e4r vi forts\u00e4tter att be, prisa, omv\u00e4nda oss och st\u00e5 i gapet riktade mot Israels Gud. Sannerligen har omv\u00e4ndelsearbetet f\u00f6r det stora utlovade uppvaknandet bara b\u00f6rjat! S\u00e5 samarbeta med oss f\u00f6r att vara en katalysator f\u00f6r v\u00e4ckelse i din nation!<\/p>\n<style>.wp-block-kadence-advancedbtn.kb-btns977_256202-93{gap:var(--global-kb-gap-xs, 0.5rem );justify-content:center;align-items:center;}.kt-btns977_256202-93 .kt-button{font-weight:normal;font-style:normal;}<\/style>\n<div class=\"wp-block-kadence-advancedbtn kb-buttons-wrap kb-btns977_256202-93\"><style>ul.menu .wp-block-kadence-advancedbtn .kb-btn977_245110-85.kb-button{width:initial;}<\/style><a class=\"kb-button kt-button button kb-btn977_245110-85 kt-btn-size-large kt-btn-width-type-auto kb-btn-global-inherit  kt-btn-has-text-true kt-btn-has-svg-false  wp-block-button__link wp-block-kadence-singlebtn\" href=\"https:\/\/unitednationsforisrael.org\/sv\/medlemskap\/\" target=\"_blank\" rel=\"noopener\"><span class=\"kt-btn-inner-text\">Bli medlem i F\u00f6renade Nationerna f\u00f6r Israel<\/span><\/a>\n\n<style>ul.menu .wp-block-kadence-advancedbtn .kb-btn977_9a116b-af.kb-button{width:initial;}.wp-block-kadence-advancedbtn .kb-btn977_9a116b-af.kb-button{background:var(--global-palette2, #2B6CB0);}.wp-block-kadence-advancedbtn .kb-btn977_9a116b-af.kb-button:hover, .wp-block-kadence-advancedbtn .kb-btn977_9a116b-af.kb-button:focus{background:#b02626;}<\/style><a class=\"kb-button kt-button button kb-btn977_9a116b-af kt-btn-size-large kt-btn-width-type-auto kb-btn-global-inherit  kt-btn-has-text-true kt-btn-has-svg-true  wp-block-button__link wp-block-kadence-singlebtn\" href=\"https:\/\/unitednationsforisrael.org\/sv\/donera\/\" target=\"_blank\" rel=\"noopener\"><span class=\"kb-svg-icon-wrap kb-svg-icon-ic_heart kt-btn-icon-side-left\"><svg viewBox=\"0 0 8 8\"  fill=\"currentColor\" xmlns=\"http:\/\/www.w3.org\/2000\/svg\"  aria-hidden=\"true\"><path d=\"M2 0c-.55 0-1.04.23-1.41.59-.36.36-.59.85-.59 1.41 0 .55.23 1.04.59 1.41l3.41 3.41 3.41-3.41c.36-.36.59-.85.59-1.41 0-.55-.23-1.04-.59-1.41-.36-.36-.85-.59-1.41-.59-.55 0-1.04.23-1.41.59-.36.36-.59.85-.59 1.41 0-.55-.23-1.04-.59-1.41-.36-.36-.85-.59-1.41-.59z\" transform=\"translate(0 1)\"\/><\/svg><\/span><span class=\"kt-btn-inner-text\">Donera<\/span><\/a><\/div>\n","protected":false},"excerpt":{"rendered":"<p>Vad \u00e4r det vi g\u00f6r? Som medlemmar \u00f6ver hela v\u00e4rlden prisar vi, som F\u00f6renade Nationerna f\u00f6r Israel och partner till Kad-Esh MAP Ministries, Yah (Gud) f\u00f6r Hans barmh\u00e4rtighet genom Archbishop Dominiquaes och Rabbin Baruch Biermans kontaktpunkt. Dessa tv\u00e5 Judiska apostlar st\u00e5r i gapet inf\u00f6r Israels Gud f\u00f6r att f\u00f6rl\u00f6sa n\u00e5d i v\u00e5ra nationer av tv\u00e5&#8230;<\/p>\n","protected":false},"author":1,"featured_media":0,"parent":0,"menu_order":0,"comment_status":"closed","ping_status":"closed","template":"","meta":{"give_campaign_id":0,"_kad_blocks_custom_css":"","_kad_blocks_head_custom_js":"","_kad_blocks_body_custom_js":"","_kad_blocks_footer_custom_js":"","_kad_post_transparent":"","_kad_post_title":"hide","_kad_post_layout":"","_kad_post_sidebar_id":"","_kad_post_content_style":"","_kad_post_vertical_padding":"bottom","_kad_post_feature":"","_kad_post_feature_position":"","_kad_post_header":false,"_kad_post_footer":false,"_kad_post_classname":"","footnotes":""},"class_list":["post-5722","page","type-page","status-publish","hentry"],"campaignId":"","taxonomy_info":[],"featured_image_src_large":false,"author_info":{"display_name":"W B","author_link":"https:\/\/www.zionsgospel.com\/sv\/author\/victor\/"},"comment_info":0,"_links":{"self":[{"href":"https:\/\/www.zionsgospel.com\/sv\/wp-json\/wp\/v2\/pages\/5722","targetHints":{"allow":["GET"]}}],"collection":[{"href":"https:\/\/www.zionsgospel.com\/sv\/wp-json\/wp\/v2\/pages"}],"about":[{"href":"https:\/\/www.zionsgospel.com\/sv\/wp-json\/wp\/v2\/types\/page"}],"author":[{"embeddable":true,"href":"https:\/\/www.zionsgospel.com\/sv\/wp-json\/wp\/v2\/users\/1"}],"replies":[{"embeddable":true,"href":"https:\/\/www.zionsgospel.com\/sv\/wp-json\/wp\/v2\/comments?post=5722"}],"version-history":[{"count":3,"href":"https:\/\/www.zionsgospel.com\/sv\/wp-json\/wp\/v2\/pages\/5722\/revisions"}],"predecessor-version":[{"id":15662,"href":"https:\/\/www.zionsgospel.com\/sv\/wp-json\/wp\/v2\/pages\/5722\/revisions\/15662"}],"wp:attachment":[{"href":"https:\/\/www.zionsgospel.com\/sv\/wp-json\/wp\/v2\/media?parent=5722"}],"curies":[{"name":"wp","href":"https:\/\/api.w.org\/{rel}","templated":true}]}}