{"id":7735,"date":"2022-07-07T15:29:55","date_gmt":"2022-07-07T21:29:55","guid":{"rendered":"https:\/\/www.zionsgospel.com\/shop\/edderkoppen-som-overlevde-orkanen-irma\/"},"modified":"2022-07-07T15:29:55","modified_gmt":"2022-07-07T21:29:55","slug":"edderkoppen-som-overlevde-orkanen-irma","status":"publish","type":"product","link":"https:\/\/www.zionsgospel.com\/no\/shop\/edderkoppen-som-overlevde-orkanen-irma\/","title":{"rendered":"Edderkoppen som overlevde orkanen Irma"},"content":{"rendered":"<p>Erkebiskop Dr. Dominiquae Bierman, en Israelsk og Amerikansk statsborger, st\u00e5r i gapet for Amerika med sitt budskap om omvendelse og gjenopprettelse til troens j\u00f8diske r\u00f8tter slik det ble forkynt av Yeshuas (Jesu) disipler for 2000 \u00e5r siden. Israels Gud lar en advarsel lyde n\u00e5r Han bruker naturkreftene for \u00e5 f\u00e5 Sitt folks oppmerksomhet.                                                                                     Denne boken inneholder et PRESSERENDE ROP til Presidenten, nasjonale ledere og det Amerikanske folket om OMVENDELSE for det &laquo;brutte l\u00f8ftet om \u00e5 flytte USA`s Ambassade fra Tel Aviv til Jerusalem&raquo; og fordi de har &laquo;legalisert homosexuelle ekteskap og sanksjonert drap p\u00e5 millioner av uskuldige babyer, der deres blod roper fra marken.&raquo;                                                                                                        Disse ting har n\u00e5dd neseborene til en sint Gud. La deg ikke lure! Det er ikke Moder Natur som angrep Florida gjennom orkanen Irma og Texas gjennom Harvey. Det er Fader Gud som skapte og BRUKER naturkreftene for \u00e5 implementere Sin vilje!<\/p>\n","protected":false},"excerpt":{"rendered":"<p>EDDERKOPPEN SOM OVERLEVDE ORKANEN IRMA  Denne Orkan advarselen er ingen sp\u00f8k      Av Erkebiskop Dominiquae Bierman<\/p>\n<p><strong>Downloads are available after checkout.<\/strong><\/p>\n","protected":false},"featured_media":7712,"comment_status":"closed","ping_status":"closed","template":"","meta":{"give_campaign_id":0,"_kad_blocks_custom_css":"","_kad_blocks_head_custom_js":"","_kad_blocks_body_custom_js":"","_kad_blocks_footer_custom_js":"","_kad_post_transparent":"","_kad_post_title":"","_kad_post_layout":"","_kad_post_sidebar_id":"","_kad_post_content_style":"","_kad_post_vertical_padding":"","_kad_post_feature":"","_kad_post_feature_position":"","_kad_post_header":false,"_kad_post_footer":false,"_kad_post_classname":""},"product_brand":[],"product_cat":[348],"product_tag":[],"class_list":{"0":"post-7735","1":"product","2":"type-product","3":"status-publish","4":"has-post-thumbnail","6":"product_cat-gratis-nedlastinger","8":"first","9":"instock","10":"shipping-taxable","11":"purchasable","12":"product-type-variable","13":"entry","14":"content-bg","15":"loop-entry"},"taxonomy_info":{"product_cat":[{"value":348,"label":"Gratis nedlastinger"}]},"featured_image_src_large":["https:\/\/www.zionsgospel.com\/wp-content\/uploads\/2022\/07\/The-Spider-That-Survived-Hurricane-Irma-722x1024.jpg",722,1024,true],"author_info":[],"comment_info":0,"_links":{"self":[{"href":"https:\/\/www.zionsgospel.com\/no\/wp-json\/wp\/v2\/product\/7735","targetHints":{"allow":["GET"]}}],"collection":[{"href":"https:\/\/www.zionsgospel.com\/no\/wp-json\/wp\/v2\/product"}],"about":[{"href":"https:\/\/www.zionsgospel.com\/no\/wp-json\/wp\/v2\/types\/product"}],"replies":[{"embeddable":true,"href":"https:\/\/www.zionsgospel.com\/no\/wp-json\/wp\/v2\/comments?post=7735"}],"wp:featuredmedia":[{"embeddable":true,"href":"https:\/\/www.zionsgospel.com\/no\/wp-json\/wp\/v2\/media\/7712"}],"wp:attachment":[{"href":"https:\/\/www.zionsgospel.com\/no\/wp-json\/wp\/v2\/media?parent=7735"}],"wp:term":[{"taxonomy":"product_brand","embeddable":true,"href":"https:\/\/www.zionsgospel.com\/no\/wp-json\/wp\/v2\/product_brand?post=7735"},{"taxonomy":"product_cat","embeddable":true,"href":"https:\/\/www.zionsgospel.com\/no\/wp-json\/wp\/v2\/product_cat?post=7735"},{"taxonomy":"product_tag","embeddable":true,"href":"https:\/\/www.zionsgospel.com\/no\/wp-json\/wp\/v2\/product_tag?post=7735"}],"curies":[{"name":"wp","href":"https:\/\/api.w.org\/{rel}","templated":true}]}}