{"id":7490,"date":"2022-07-07T14:52:02","date_gmt":"2022-07-07T20:52:08","guid":{"rendered":"https:\/\/www.zionsgospel.com\/?post_type=product&#038;p=7490"},"modified":"2023-03-15T09:19:42","modified_gmt":"2023-03-15T15:19:42","slug":"map-revolusjonen-gratis","status":"publish","type":"product","link":"https:\/\/www.zionsgospel.com\/no\/shop\/map-revolusjonen-gratis\/","title":{"rendered":"MAP Revolusjonen"},"content":{"rendered":"","protected":false},"excerpt":{"rendered":"<p>Det er en ustoppelig \u00e5ndelig revolusjon som p\u00e5g\u00e5r. Den himmelske shofar har lydt for \u00e5 kommandere Messias` Kropp til \u00e5 komme ut av 1900 \u00e5r av bedragerisk erstatnings teologi og komme inn til troens opprinnelige hebraiske r\u00f8tter. Yeshua (Jesus) er klar til \u00e5 komme tilbake. ER DU REDE? Denne boken kan lett bli kalt ANTIKRIST AVSL\u00d8RT!<\/p>\n","protected":false},"featured_media":5315,"comment_status":"closed","ping_status":"closed","template":"","meta":{"give_campaign_id":0,"_kad_blocks_custom_css":"","_kad_blocks_head_custom_js":"","_kad_blocks_body_custom_js":"","_kad_blocks_footer_custom_js":"","_kad_post_transparent":"","_kad_post_title":"","_kad_post_layout":"","_kad_post_sidebar_id":"","_kad_post_content_style":"","_kad_post_vertical_padding":"","_kad_post_feature":"","_kad_post_feature_position":"","_kad_post_header":false,"_kad_post_footer":false,"_kad_post_classname":""},"product_brand":[],"product_cat":[348],"product_tag":[],"class_list":{"0":"post-7490","1":"product","2":"type-product","3":"status-publish","4":"has-post-thumbnail","6":"product_cat-gratis-nedlastinger","7":"product_shipping_class-all-products-no","9":"first","10":"instock","11":"shipping-taxable","12":"purchasable","13":"product-type-variable","14":"entry","15":"content-bg","16":"loop-entry"},"taxonomy_info":{"product_cat":[{"value":348,"label":"Gratis nedlastinger"}]},"featured_image_src_large":["https:\/\/www.zionsgospel.com\/wp-content\/uploads\/2021\/07\/The-MAP-Revolution-E-Book-Cover-664x1024.jpg",664,1024,true],"author_info":[],"comment_info":0,"_links":{"self":[{"href":"https:\/\/www.zionsgospel.com\/no\/wp-json\/wp\/v2\/product\/7490","targetHints":{"allow":["GET"]}}],"collection":[{"href":"https:\/\/www.zionsgospel.com\/no\/wp-json\/wp\/v2\/product"}],"about":[{"href":"https:\/\/www.zionsgospel.com\/no\/wp-json\/wp\/v2\/types\/product"}],"replies":[{"embeddable":true,"href":"https:\/\/www.zionsgospel.com\/no\/wp-json\/wp\/v2\/comments?post=7490"}],"wp:featuredmedia":[{"embeddable":true,"href":"https:\/\/www.zionsgospel.com\/no\/wp-json\/wp\/v2\/media\/5315"}],"wp:attachment":[{"href":"https:\/\/www.zionsgospel.com\/no\/wp-json\/wp\/v2\/media?parent=7490"}],"wp:term":[{"taxonomy":"product_brand","embeddable":true,"href":"https:\/\/www.zionsgospel.com\/no\/wp-json\/wp\/v2\/product_brand?post=7490"},{"taxonomy":"product_cat","embeddable":true,"href":"https:\/\/www.zionsgospel.com\/no\/wp-json\/wp\/v2\/product_cat?post=7490"},{"taxonomy":"product_tag","embeddable":true,"href":"https:\/\/www.zionsgospel.com\/no\/wp-json\/wp\/v2\/product_tag?post=7490"}],"curies":[{"name":"wp","href":"https:\/\/api.w.org\/{rel}","templated":true}]}}