{"id":7340,"date":"2022-07-07T11:36:31","date_gmt":"2022-07-07T17:36:36","guid":{"rendered":"https:\/\/www.zionsgospel.com\/?post_type=product&#038;p=7340"},"modified":"2022-07-07T11:43:42","modified_gmt":"2022-07-07T17:43:42","slug":"den-tredje-dags-vekkelse-gratis","status":"publish","type":"product","link":"https:\/\/www.zionsgospel.com\/no\/shop\/den-tredje-dags-vekkelse-gratis\/","title":{"rendered":"Den tredje dags vekkelse"},"content":{"rendered":"","protected":false},"excerpt":{"rendered":"<p>Den tredje dags vekkelse kaller oss til \u00e5 vende tilbake til HAM, til Yeshua den j\u00f8diske Messias og til kj\u00e6rligheten og \u00c6REN for det j\u00f8diske folket, DAGENS Israel, som er Nasjonenes Mor! Yeshua kaller oss til \u00e5 legge ned v\u00e5re v\u00e5pen, v\u00e5re l\u00f8gner og arroganse, \u00e5 legge ned all strid og s\u00f8ke HAM. Bare HAN kan gjenopprette oss n\u00e5r vi OMVENDER oss fra all personlig synd og l\u00e6remessige l\u00f8gner. VI M\u00c5 S\u00d8KE HAM.<\/p>\n","protected":false},"featured_media":5366,"comment_status":"closed","ping_status":"closed","template":"","meta":{"give_campaign_id":0,"_kad_blocks_custom_css":"","_kad_blocks_head_custom_js":"","_kad_blocks_body_custom_js":"","_kad_blocks_footer_custom_js":"","_kad_post_transparent":"","_kad_post_title":"","_kad_post_layout":"","_kad_post_sidebar_id":"","_kad_post_content_style":"","_kad_post_vertical_padding":"","_kad_post_feature":"","_kad_post_feature_position":"","_kad_post_header":false,"_kad_post_footer":false,"_kad_post_classname":""},"product_brand":[],"product_cat":[348],"product_tag":[],"class_list":{"0":"post-7340","1":"product","2":"type-product","3":"status-publish","4":"has-post-thumbnail","6":"product_cat-gratis-nedlastinger","8":"first","9":"instock","10":"shipping-taxable","11":"purchasable","12":"product-type-variable","13":"entry","14":"content-bg","15":"loop-entry"},"taxonomy_info":{"product_cat":[{"value":348,"label":"Gratis nedlastinger"}]},"featured_image_src_large":["https:\/\/www.zionsgospel.com\/wp-content\/uploads\/2021\/07\/The-Revival-of-the-Third-Day-E-Book-Cover-663x1024.jpg",663,1024,true],"author_info":[],"comment_info":0,"_links":{"self":[{"href":"https:\/\/www.zionsgospel.com\/no\/wp-json\/wp\/v2\/product\/7340","targetHints":{"allow":["GET"]}}],"collection":[{"href":"https:\/\/www.zionsgospel.com\/no\/wp-json\/wp\/v2\/product"}],"about":[{"href":"https:\/\/www.zionsgospel.com\/no\/wp-json\/wp\/v2\/types\/product"}],"replies":[{"embeddable":true,"href":"https:\/\/www.zionsgospel.com\/no\/wp-json\/wp\/v2\/comments?post=7340"}],"wp:featuredmedia":[{"embeddable":true,"href":"https:\/\/www.zionsgospel.com\/no\/wp-json\/wp\/v2\/media\/5366"}],"wp:attachment":[{"href":"https:\/\/www.zionsgospel.com\/no\/wp-json\/wp\/v2\/media?parent=7340"}],"wp:term":[{"taxonomy":"product_brand","embeddable":true,"href":"https:\/\/www.zionsgospel.com\/no\/wp-json\/wp\/v2\/product_brand?post=7340"},{"taxonomy":"product_cat","embeddable":true,"href":"https:\/\/www.zionsgospel.com\/no\/wp-json\/wp\/v2\/product_cat?post=7340"},{"taxonomy":"product_tag","embeddable":true,"href":"https:\/\/www.zionsgospel.com\/no\/wp-json\/wp\/v2\/product_tag?post=7340"}],"curies":[{"name":"wp","href":"https:\/\/api.w.org\/{rel}","templated":true}]}}