{"id":5505,"date":"2021-08-19T06:23:00","date_gmt":"2021-08-19T12:23:00","guid":{"rendered":"https:\/\/www.zionsgospel.com\/shop\/uru-vakne-cd\/"},"modified":"2021-08-19T06:23:00","modified_gmt":"2021-08-19T12:23:00","slug":"uru-vakne-cd","status":"publish","type":"product","link":"https:\/\/www.zionsgospel.com\/no\/shop\/uru-vakne-cd\/","title":{"rendered":"URU V\u00e5kne CD"},"content":{"rendered":"","protected":false},"excerpt":{"rendered":"<p>Dette debut albiumet inneholder sanger som Gud gav henne under &laquo;Profetiske Lovprisningsvakter&raquo; i Jerusalem\u2026 fulle av Guds salvelse! Sunget p\u00e5 Hebraisk med enkle syng-med Engelske oversettelser, slik at du ikke beh\u00f8ver \u00e5 snakke Hebraisk for \u00e5 synge med!<\/p>\n<p><strong>10 Songs<\/strong><\/p>\n<h4>Listen to song samples:<\/h4>\n<table class=\"samples\">\n<tbody>\n<tr>\n<td><strong>01 Rak Ata Adonai<\/strong><\/td>\n<td>[audio mp3=\"https:\/\/assets.zionsgospel.com\/audio\/samples\/uru\/01-Rak-Ata-Adonai_sample.mp3\"][\/audio]<\/td>\n<\/tr>\n<tr>\n<td><strong>02 Lichvodcha<\/strong><\/td>\n<td>[audio mp3=\"https:\/\/assets.zionsgospel.com\/audio\/samples\/uru\/02-Lichvodcha_sample.mp3\"][\/audio]<\/td>\n<\/tr>\n<tr>\n<td><strong>03 Halelu Oto<\/strong><\/td>\n<td>[audio mp3=\"https:\/\/assets.zionsgospel.com\/audio\/samples\/uru\/03-Halelu-Oto_sample.mp3\"][\/audio]<\/td>\n<\/tr>\n<tr>\n<td><strong>04 Melech Hakavod<\/strong><\/td>\n<td>[audio mp3=\"https:\/\/assets.zionsgospel.com\/audio\/samples\/uru\/04-Melech-Hakavod_sample.mp3\"][\/audio]<\/td>\n<\/tr>\n<tr>\n<td><strong>05 Ma Navu<\/strong><\/td>\n<td>[audio mp3=\"https:\/\/assets.zionsgospel.com\/audio\/samples\/uru\/05-Ma-Navu_sample.mp3\"][\/audio]<\/td>\n<\/tr>\n<tr>\n<td><strong>06 Ruach<\/strong><\/td>\n<td>[audio mp3=\"https:\/\/assets.zionsgospel.com\/audio\/samples\/uru\/06-Ruach_sample.mp3\"][\/audio]<\/td>\n<\/tr>\n<tr>\n<td><strong>07 Halelu et Adonai<\/strong><\/td>\n<td>[audio mp3=\"https:\/\/assets.zionsgospel.com\/audio\/samples\/uru\/07-Halelu-et-Adonai_sample.mp3\"][\/audio]<\/td>\n<\/tr>\n<tr>\n<td><strong>08 Ashir Lecha<\/strong><\/td>\n<td>[audio mp3=\"https:\/\/assets.zionsgospel.com\/audio\/samples\/uru\/08-Ashir-Lecha_sample.mp3\"][\/audio]<\/td>\n<\/tr>\n<tr>\n<td><strong>09 Uru<\/strong><\/td>\n<td>[audio mp3=\"https:\/\/assets.zionsgospel.com\/audio\/samples\/uru\/09-Uru_sample.mp3\"][\/audio]<\/td>\n<\/tr>\n<tr>\n<td><strong>10 Emet Teshachrereni<\/strong><\/td>\n<td>[audio mp3=\"https:\/\/assets.zionsgospel.com\/audio\/samples\/uru\/10-Emet-Teshachrereni_sample.mp3\"][\/audio]<\/td>\n<\/tr>\n<\/tbody>\n<\/table>\n","protected":false},"featured_media":2925,"comment_status":"closed","ping_status":"closed","template":"","meta":{"give_campaign_id":0,"_kad_blocks_custom_css":"","_kad_blocks_head_custom_js":"","_kad_blocks_body_custom_js":"","_kad_blocks_footer_custom_js":"","_kad_post_transparent":"","_kad_post_title":"","_kad_post_layout":"","_kad_post_sidebar_id":"","_kad_post_content_style":"","_kad_post_vertical_padding":"","_kad_post_feature":"","_kad_post_feature_position":"","_kad_post_header":false,"_kad_post_footer":false,"_kad_post_classname":""},"product_brand":[],"product_cat":[298],"product_tag":[],"class_list":{"0":"post-5505","1":"product","2":"type-product","3":"status-publish","4":"has-post-thumbnail","6":"product_cat-musikk","7":"product_shipping_class-all-products-no","9":"first","10":"instock","11":"shipping-taxable","12":"purchasable","13":"product-type-simple","14":"entry","15":"content-bg","16":"loop-entry"},"taxonomy_info":{"product_cat":[{"value":298,"label":"Musikk"}]},"featured_image_src_large":["https:\/\/www.zionsgospel.com\/wp-content\/uploads\/2021\/08\/uru-cover.jpg",900,900,false],"author_info":[],"comment_info":0,"_links":{"self":[{"href":"https:\/\/www.zionsgospel.com\/no\/wp-json\/wp\/v2\/product\/5505","targetHints":{"allow":["GET"]}}],"collection":[{"href":"https:\/\/www.zionsgospel.com\/no\/wp-json\/wp\/v2\/product"}],"about":[{"href":"https:\/\/www.zionsgospel.com\/no\/wp-json\/wp\/v2\/types\/product"}],"replies":[{"embeddable":true,"href":"https:\/\/www.zionsgospel.com\/no\/wp-json\/wp\/v2\/comments?post=5505"}],"wp:featuredmedia":[{"embeddable":true,"href":"https:\/\/www.zionsgospel.com\/no\/wp-json\/wp\/v2\/media\/2925"}],"wp:attachment":[{"href":"https:\/\/www.zionsgospel.com\/no\/wp-json\/wp\/v2\/media?parent=5505"}],"wp:term":[{"taxonomy":"product_brand","embeddable":true,"href":"https:\/\/www.zionsgospel.com\/no\/wp-json\/wp\/v2\/product_brand?post=5505"},{"taxonomy":"product_cat","embeddable":true,"href":"https:\/\/www.zionsgospel.com\/no\/wp-json\/wp\/v2\/product_cat?post=5505"},{"taxonomy":"product_tag","embeddable":true,"href":"https:\/\/www.zionsgospel.com\/no\/wp-json\/wp\/v2\/product_tag?post=5505"}],"curies":[{"name":"wp","href":"https:\/\/api.w.org\/{rel}","templated":true}]}}