{"id":5438,"date":"2023-03-15T03:57:32","date_gmt":"2023-03-15T09:57:32","guid":{"rendered":"https:\/\/www.zionsgospel.com\/?post_type=product&#038;p=5438"},"modified":"2023-03-15T03:57:32","modified_gmt":"2023-03-15T09:57:32","slug":"atg-avhengige-vender-seg-til-gud","status":"publish","type":"product","link":"https:\/\/www.zionsgospel.com\/no\/shop\/atg-avhengige-vender-seg-til-gud\/","title":{"rendered":"ATG &#8211; Avhengige vender seg til Gud"},"content":{"rendered":"","protected":false},"excerpt":{"rendered":"<p>Jeg var utslitt. Jeg hadde v\u00e6rt til stede for og hjulpet C. hver natt de siste ni m\u00e5nedene, helt siden jeg tok henne inn i hjemmet mitt.<\/p>\n<p>Hun var elskerinnen til den mest fremtredende Kolombianske narkotika-herren i Tel Aviv. Hun brukte \u00e5 v\u00e6re en Kristen, men n\u00e5 var hun avhengig av narkotika og var full av demoner.                     Da talte Gud til meg, &laquo;Du flyr ut av Israel for \u00e5 ha en &laquo;retreat&raquo; med meg i 10 dager&raquo;. Jeg adl\u00f8d, og resultatet av den reisen er denne boken. I 10 dager satt Yeshua ved siden av meg p\u00e5 dette hotellrommet og dikterte det meste av innholdet!                      Det Han \u00e5penbarte for meg har gjort meg mer effektiv med vanskelige mennesker og har bevart meg ved mine fulle fem.<\/p>\n<p>Hvis du har omsorg for en misbruker av et hvilket som helst slag, inkludert de mentalt syke, i enhver kapasitet, s\u00e5 beh\u00f8ver du denne manualen!<\/p>\n","protected":false},"featured_media":5443,"comment_status":"closed","ping_status":"closed","template":"","meta":{"give_campaign_id":0,"_kad_blocks_custom_css":"","_kad_blocks_head_custom_js":"","_kad_blocks_body_custom_js":"","_kad_blocks_footer_custom_js":"","_kad_post_transparent":"","_kad_post_title":"","_kad_post_layout":"","_kad_post_sidebar_id":"","_kad_post_content_style":"","_kad_post_vertical_padding":"","_kad_post_feature":"","_kad_post_feature_position":"","_kad_post_header":false,"_kad_post_footer":false,"_kad_post_classname":""},"product_brand":[],"product_cat":[166],"product_tag":[],"class_list":{"0":"post-5438","1":"product","2":"type-product","3":"status-publish","4":"has-post-thumbnail","6":"product_cat-boker","7":"product_shipping_class-all-products-no","9":"first","10":"instock","11":"shipping-taxable","12":"purchasable","13":"product-type-variable","14":"entry","15":"content-bg","16":"loop-entry"},"taxonomy_info":{"product_cat":[{"value":166,"label":"B\u00f8ker"}]},"featured_image_src_large":["https:\/\/www.zionsgospel.com\/wp-content\/uploads\/2021\/07\/ATG-E-Book-Cover-663x1024.jpg",663,1024,true],"author_info":[],"comment_info":0,"_links":{"self":[{"href":"https:\/\/www.zionsgospel.com\/no\/wp-json\/wp\/v2\/product\/5438","targetHints":{"allow":["GET"]}}],"collection":[{"href":"https:\/\/www.zionsgospel.com\/no\/wp-json\/wp\/v2\/product"}],"about":[{"href":"https:\/\/www.zionsgospel.com\/no\/wp-json\/wp\/v2\/types\/product"}],"replies":[{"embeddable":true,"href":"https:\/\/www.zionsgospel.com\/no\/wp-json\/wp\/v2\/comments?post=5438"}],"wp:featuredmedia":[{"embeddable":true,"href":"https:\/\/www.zionsgospel.com\/no\/wp-json\/wp\/v2\/media\/5443"}],"wp:attachment":[{"href":"https:\/\/www.zionsgospel.com\/no\/wp-json\/wp\/v2\/media?parent=5438"}],"wp:term":[{"taxonomy":"product_brand","embeddable":true,"href":"https:\/\/www.zionsgospel.com\/no\/wp-json\/wp\/v2\/product_brand?post=5438"},{"taxonomy":"product_cat","embeddable":true,"href":"https:\/\/www.zionsgospel.com\/no\/wp-json\/wp\/v2\/product_cat?post=5438"},{"taxonomy":"product_tag","embeddable":true,"href":"https:\/\/www.zionsgospel.com\/no\/wp-json\/wp\/v2\/product_tag?post=5438"}],"curies":[{"name":"wp","href":"https:\/\/api.w.org\/{rel}","templated":true}]}}