{"id":5401,"date":"2021-02-07T20:34:20","date_gmt":"2021-02-08T02:34:20","guid":{"rendered":"https:\/\/www.zionsgospel.com\/shop\/fra-sykologi-til-en-sunn-logikk\/"},"modified":"2023-03-14T15:46:48","modified_gmt":"2023-03-14T21:46:48","slug":"fra-sykologi-til-en-sunn-logikk","status":"publish","type":"product","link":"https:\/\/www.zionsgospel.com\/no\/shop\/fra-sykologi-til-en-sunn-logikk\/","title":{"rendered":"Fra sykologi til en sunn logikk"},"content":{"rendered":"","protected":false},"excerpt":{"rendered":"<p>Denne boken er produktet av 18 \u00e5rs vandring gjennom psykiatriske sykehus der jeg tar meg av mine kj\u00e6re. Jeg har sett, bedt for og bes\u00f8kt utallige mentalt syke pasienter. Jeg har snakket med mange psykiatrikere og psykologer. Jeg har m\u00e5ttet kjempe for det mentale velv\u00e6re for mine egne elskede, inkludert min mor, min bror, mine barn og noen av mine \u00e5ndelige barn og disipler.<\/p>\n<p>Men, mine personlige erfaringer ville ikke ha v\u00e6rt nok for \u00e5 skrive denne boken. Guds Ord er den H\u00f8yeste Autoritet som l\u00e6rebok ang\u00e5ende det menneskelige sinn. Etter alt, det var Elohim, Skaperen av himmel og jord, som skapte v\u00e5re sinn! Selvf\u00f8lgelig forlot Han oss ikke uten en bruksanvisning!<\/p>\n<p>Derfor, over all psykologi, eller enhver annen &laquo;ologi&raquo;, st\u00e5r Guds Ord. I det vil du finne alle svarene p\u00e5 menneskehetens smerter og sykdommer. De gode nyhetene er at denne Evige Boken inneholder KUREN, og derfor er min hensikt er at du skal finne den ufeilbarlige og evige kuren for alle plagede sinn.<\/p>\n","protected":false},"featured_media":5405,"comment_status":"closed","ping_status":"closed","template":"","meta":{"give_campaign_id":0,"_kad_blocks_custom_css":"","_kad_blocks_head_custom_js":"","_kad_blocks_body_custom_js":"","_kad_blocks_footer_custom_js":"","_kad_post_transparent":"","_kad_post_title":"","_kad_post_layout":"","_kad_post_sidebar_id":"","_kad_post_content_style":"","_kad_post_vertical_padding":"","_kad_post_feature":"","_kad_post_feature_position":"","_kad_post_header":false,"_kad_post_footer":false,"_kad_post_classname":""},"product_brand":[],"product_cat":[166],"product_tag":[],"class_list":{"0":"post-5401","1":"product","2":"type-product","3":"status-publish","4":"has-post-thumbnail","6":"product_cat-boker","7":"product_shipping_class-all-products-no","9":"first","10":"instock","11":"shipping-taxable","12":"purchasable","13":"product-type-variable","14":"entry","15":"content-bg","16":"loop-entry"},"taxonomy_info":{"product_cat":[{"value":166,"label":"B\u00f8ker"}]},"featured_image_src_large":["https:\/\/www.zionsgospel.com\/wp-content\/uploads\/2021\/07\/From-Sickology-to-a-Healthy-Logic-E-Book-Cover-663x1024.jpg",663,1024,true],"author_info":[],"comment_info":0,"_links":{"self":[{"href":"https:\/\/www.zionsgospel.com\/no\/wp-json\/wp\/v2\/product\/5401","targetHints":{"allow":["GET"]}}],"collection":[{"href":"https:\/\/www.zionsgospel.com\/no\/wp-json\/wp\/v2\/product"}],"about":[{"href":"https:\/\/www.zionsgospel.com\/no\/wp-json\/wp\/v2\/types\/product"}],"replies":[{"embeddable":true,"href":"https:\/\/www.zionsgospel.com\/no\/wp-json\/wp\/v2\/comments?post=5401"}],"wp:featuredmedia":[{"embeddable":true,"href":"https:\/\/www.zionsgospel.com\/no\/wp-json\/wp\/v2\/media\/5405"}],"wp:attachment":[{"href":"https:\/\/www.zionsgospel.com\/no\/wp-json\/wp\/v2\/media?parent=5401"}],"wp:term":[{"taxonomy":"product_brand","embeddable":true,"href":"https:\/\/www.zionsgospel.com\/no\/wp-json\/wp\/v2\/product_brand?post=5401"},{"taxonomy":"product_cat","embeddable":true,"href":"https:\/\/www.zionsgospel.com\/no\/wp-json\/wp\/v2\/product_cat?post=5401"},{"taxonomy":"product_tag","embeddable":true,"href":"https:\/\/www.zionsgospel.com\/no\/wp-json\/wp\/v2\/product_tag?post=5401"}],"curies":[{"name":"wp","href":"https:\/\/api.w.org\/{rel}","templated":true}]}}