{"id":5229,"date":"2021-02-07T20:34:20","date_gmt":"2021-02-08T02:34:20","guid":{"rendered":"https:\/\/www.zionsgospel.com\/shop\/yeshua-er-navnet\/"},"modified":"2023-01-02T06:45:06","modified_gmt":"2023-01-02T12:45:06","slug":"yeshua-er-navnet","status":"publish","type":"product","link":"https:\/\/www.zionsgospel.com\/no\/shop\/yeshua-er-navnet\/","title":{"rendered":"Yeshua er Navnet"},"content":{"rendered":"","protected":false},"excerpt":{"rendered":"<p>Yeshua (Jesus) kommer ikke til \u00e5 vende tilbake f\u00f8r alle ting er gjenopprettet. Blant &laquo;alle ting&raquo;, er en av de viktigste, om ikke den VIKTIGSTE, gjenopprettelsen av Hans Hellige Navn. Hans sanne navn gikk tapt p\u00e5 grunn av erstatningsteologien som ble etablert som kirkedoktrine p\u00e5 tiden for kirker\u00e5det i Nikea. Denne kirker\u00e5det skilte kirken fra alt j\u00f8disk og ogs\u00e5 fra det sanne j\u00f8diske navnet til Messias.<\/p>\n<p>F\u00f8r Yeshua kommer tilbake kommer alle ting til \u00e5 bli gjenopprettet, noe som inkluderer troens j\u00f8diske r\u00f8tter og Messias` navn. Siden Han ikke ble f\u00f8dt gresk men j\u00f8disk, er Hans identitet som en j\u00f8de sammen med Hans opprinnelige og evige navn en ekstremt viktig del av denne PRESSERENDE endetids-gjenopprettelsen av alle ting.<\/p>\n","protected":false},"featured_media":5240,"comment_status":"closed","ping_status":"closed","template":"","meta":{"give_campaign_id":0,"_kad_blocks_custom_css":"","_kad_blocks_head_custom_js":"","_kad_blocks_body_custom_js":"","_kad_blocks_footer_custom_js":"","_kad_post_transparent":"","_kad_post_title":"","_kad_post_layout":"","_kad_post_sidebar_id":"","_kad_post_content_style":"","_kad_post_vertical_padding":"","_kad_post_feature":"","_kad_post_feature_position":"","_kad_post_header":false,"_kad_post_footer":false,"_kad_post_classname":""},"product_brand":[],"product_cat":[166],"product_tag":[],"class_list":{"0":"post-5229","1":"product","2":"type-product","3":"status-publish","4":"has-post-thumbnail","6":"product_cat-boker","7":"product_shipping_class-all-products-no","9":"first","10":"instock","11":"shipping-taxable","12":"purchasable","13":"product-type-variable","14":"entry","15":"content-bg","16":"loop-entry"},"taxonomy_info":{"product_cat":[{"value":166,"label":"B\u00f8ker"}]},"featured_image_src_large":["https:\/\/www.zionsgospel.com\/wp-content\/uploads\/2021\/07\/Yeshua-Is-The-Name-E-Book-Cover-663x1024.jpg",663,1024,true],"author_info":[],"comment_info":0,"_links":{"self":[{"href":"https:\/\/www.zionsgospel.com\/no\/wp-json\/wp\/v2\/product\/5229","targetHints":{"allow":["GET"]}}],"collection":[{"href":"https:\/\/www.zionsgospel.com\/no\/wp-json\/wp\/v2\/product"}],"about":[{"href":"https:\/\/www.zionsgospel.com\/no\/wp-json\/wp\/v2\/types\/product"}],"replies":[{"embeddable":true,"href":"https:\/\/www.zionsgospel.com\/no\/wp-json\/wp\/v2\/comments?post=5229"}],"wp:featuredmedia":[{"embeddable":true,"href":"https:\/\/www.zionsgospel.com\/no\/wp-json\/wp\/v2\/media\/5240"}],"wp:attachment":[{"href":"https:\/\/www.zionsgospel.com\/no\/wp-json\/wp\/v2\/media?parent=5229"}],"wp:term":[{"taxonomy":"product_brand","embeddable":true,"href":"https:\/\/www.zionsgospel.com\/no\/wp-json\/wp\/v2\/product_brand?post=5229"},{"taxonomy":"product_cat","embeddable":true,"href":"https:\/\/www.zionsgospel.com\/no\/wp-json\/wp\/v2\/product_cat?post=5229"},{"taxonomy":"product_tag","embeddable":true,"href":"https:\/\/www.zionsgospel.com\/no\/wp-json\/wp\/v2\/product_tag?post=5229"}],"curies":[{"name":"wp","href":"https:\/\/api.w.org\/{rel}","templated":true}]}}