{"id":5104,"date":"2021-02-07T20:34:20","date_gmt":"2021-02-08T02:34:20","guid":{"rendered":"https:\/\/www.zionsgospel.com\/shop\/ja\/"},"modified":"2023-03-14T15:33:42","modified_gmt":"2023-03-14T21:33:42","slug":"ja","status":"publish","type":"product","link":"https:\/\/www.zionsgospel.com\/no\/shop\/ja\/","title":{"rendered":"Ja!"},"content":{"rendered":"","protected":false},"excerpt":{"rendered":"<p>Den Israelske Dominiquae Biermans gripende og fengslende frelses-vitnesbyrd. Etter \u00e5 ha tjenestegjort som en trener i den Israelske h\u00e6ren, fikk hun ekteskaps-problemer og lette etter svar i det okkulte. Selv om ingen vitnet for henne, h\u00f8rte hun Yeshuas stemme som fortalte henne: &laquo;Dominiquae, l\u00f8p for ditt liv, bli d\u00f8pt og bli frelst.&raquo;                           Med en sterk profetisk salvelse over livet sitt, l\u00f8per hun fortsatt og forkynner evangeliet internasjonalt i dag. Denne boken er ideell som gave til denne j\u00f8diske vennen du har vitnet for, og ogs\u00e5 en inspirerende bok som du vil \u00f8nske \u00e5 dele med andre troende  ettersom den velsigner og utfordrer deg til \u00e5 si, &laquo;Ja&raquo; til Yeshua! Mange lesere forteller at de kunne ikke legge den fra seg!<\/p>\n","protected":false},"featured_media":11662,"comment_status":"closed","ping_status":"closed","template":"","meta":{"give_campaign_id":0,"_kad_blocks_custom_css":"","_kad_blocks_head_custom_js":"","_kad_blocks_body_custom_js":"","_kad_blocks_footer_custom_js":"","_kad_post_transparent":"","_kad_post_title":"","_kad_post_layout":"","_kad_post_sidebar_id":"","_kad_post_content_style":"","_kad_post_vertical_padding":"","_kad_post_feature":"","_kad_post_feature_position":"","_kad_post_header":false,"_kad_post_footer":false,"_kad_post_classname":""},"product_brand":[],"product_cat":[166],"product_tag":[],"class_list":{"0":"post-5104","1":"product","2":"type-product","3":"status-publish","4":"has-post-thumbnail","6":"product_cat-boker","7":"product_shipping_class-all-products-no","9":"first","10":"instock","11":"shipping-taxable","12":"purchasable","13":"product-type-variable","14":"entry","15":"content-bg","16":"loop-entry"},"taxonomy_info":{"product_cat":[{"value":166,"label":"B\u00f8ker"}]},"featured_image_src_large":["https:\/\/www.zionsgospel.com\/wp-content\/uploads\/2021\/02\/yes-book-cover-663x1024.jpg",663,1024,true],"author_info":[],"comment_info":0,"_links":{"self":[{"href":"https:\/\/www.zionsgospel.com\/no\/wp-json\/wp\/v2\/product\/5104","targetHints":{"allow":["GET"]}}],"collection":[{"href":"https:\/\/www.zionsgospel.com\/no\/wp-json\/wp\/v2\/product"}],"about":[{"href":"https:\/\/www.zionsgospel.com\/no\/wp-json\/wp\/v2\/types\/product"}],"replies":[{"embeddable":true,"href":"https:\/\/www.zionsgospel.com\/no\/wp-json\/wp\/v2\/comments?post=5104"}],"wp:featuredmedia":[{"embeddable":true,"href":"https:\/\/www.zionsgospel.com\/no\/wp-json\/wp\/v2\/media\/11662"}],"wp:attachment":[{"href":"https:\/\/www.zionsgospel.com\/no\/wp-json\/wp\/v2\/media?parent=5104"}],"wp:term":[{"taxonomy":"product_brand","embeddable":true,"href":"https:\/\/www.zionsgospel.com\/no\/wp-json\/wp\/v2\/product_brand?post=5104"},{"taxonomy":"product_cat","embeddable":true,"href":"https:\/\/www.zionsgospel.com\/no\/wp-json\/wp\/v2\/product_cat?post=5104"},{"taxonomy":"product_tag","embeddable":true,"href":"https:\/\/www.zionsgospel.com\/no\/wp-json\/wp\/v2\/product_tag?post=5104"}],"curies":[{"name":"wp","href":"https:\/\/api.w.org\/{rel}","templated":true}]}}