{"id":5020,"date":"2021-02-07T20:34:20","date_gmt":"2021-02-08T02:34:20","guid":{"rendered":"https:\/\/www.zionsgospel.com\/shop\/visjon-negev\/"},"modified":"2024-08-12T14:26:40","modified_gmt":"2024-08-12T20:26:40","slug":"visjon-negev","status":"publish","type":"product","link":"https:\/\/www.zionsgospel.com\/no\/shop\/visjon-negev\/","title":{"rendered":"Visjon Negev"},"content":{"rendered":"","protected":false},"excerpt":{"rendered":"<p>En utrolig og mirakul\u00f8s Bevegelse av Gud er p\u00e5 veg til Negev!                                                         Eilat b\u00f8nnet\u00e5rn har blitt etablert for \u00e5 hjelpe til med \u00e5 gjenopprette Negev i lysets hastighet. F\u00f8lg Biskop Dominiquae Bierman n\u00e5r hun \u00e5penbarer Yah`s planer og l\u00f8fter for de Sefardiske j\u00f8dene i Israels land.<\/p>\n<p>Negev, Arava og hele vegen fra Askelon til Eilat er et sted  forutbestemt for Frelse (Yeshua!), tegn, under og mirakler. L\u00f8ftet i Jesaja 35 er veldig klart, og det inkluderer: Frelse, blinde \u00f8yne \u00e5pnet, d\u00f8ve \u00f8rer \u00e5pnet, den lamme helbredet og springende som en hjort, stumme mennesker roper av glede, et utbrudd av mirakler vanner den t\u00f8rre \u00f8rkenen, mennesker vandrer i hellighet og gjenopprettelsen av de sefardiske j\u00f8dene!<\/p>\n","protected":false},"featured_media":5027,"comment_status":"closed","ping_status":"closed","template":"","meta":{"give_campaign_id":0,"_kad_blocks_custom_css":"","_kad_blocks_head_custom_js":"","_kad_blocks_body_custom_js":"","_kad_blocks_footer_custom_js":"","_kad_post_transparent":"","_kad_post_title":"","_kad_post_layout":"","_kad_post_sidebar_id":"","_kad_post_content_style":"","_kad_post_vertical_padding":"","_kad_post_feature":"","_kad_post_feature_position":"","_kad_post_header":false,"_kad_post_footer":false,"_kad_post_classname":""},"product_brand":[],"product_cat":[166],"product_tag":[],"class_list":{"0":"post-5020","1":"product","2":"type-product","3":"status-publish","4":"has-post-thumbnail","6":"product_cat-boker","7":"product_shipping_class-all-products-no","9":"first","10":"instock","11":"shipping-taxable","12":"purchasable","13":"product-type-variable","14":"entry","15":"content-bg","16":"loop-entry"},"taxonomy_info":{"product_cat":[{"value":166,"label":"B\u00f8ker"}]},"featured_image_src_large":["https:\/\/www.zionsgospel.com\/wp-content\/uploads\/2021\/07\/Vision-Negev-E-Book-Cover-663x1024.jpg",663,1024,true],"author_info":[],"comment_info":0,"_links":{"self":[{"href":"https:\/\/www.zionsgospel.com\/no\/wp-json\/wp\/v2\/product\/5020","targetHints":{"allow":["GET"]}}],"collection":[{"href":"https:\/\/www.zionsgospel.com\/no\/wp-json\/wp\/v2\/product"}],"about":[{"href":"https:\/\/www.zionsgospel.com\/no\/wp-json\/wp\/v2\/types\/product"}],"replies":[{"embeddable":true,"href":"https:\/\/www.zionsgospel.com\/no\/wp-json\/wp\/v2\/comments?post=5020"}],"wp:featuredmedia":[{"embeddable":true,"href":"https:\/\/www.zionsgospel.com\/no\/wp-json\/wp\/v2\/media\/5027"}],"wp:attachment":[{"href":"https:\/\/www.zionsgospel.com\/no\/wp-json\/wp\/v2\/media?parent=5020"}],"wp:term":[{"taxonomy":"product_brand","embeddable":true,"href":"https:\/\/www.zionsgospel.com\/no\/wp-json\/wp\/v2\/product_brand?post=5020"},{"taxonomy":"product_cat","embeddable":true,"href":"https:\/\/www.zionsgospel.com\/no\/wp-json\/wp\/v2\/product_cat?post=5020"},{"taxonomy":"product_tag","embeddable":true,"href":"https:\/\/www.zionsgospel.com\/no\/wp-json\/wp\/v2\/product_tag?post=5020"}],"curies":[{"name":"wp","href":"https:\/\/api.w.org\/{rel}","templated":true}]}}