{"id":4962,"date":"2021-02-07T20:34:20","date_gmt":"2021-02-08T02:34:20","guid":{"rendered":"https:\/\/www.zionsgospel.com\/shop\/kvinne-factoren\/"},"modified":"2023-03-14T10:05:34","modified_gmt":"2023-03-14T16:05:34","slug":"kvinne-factoren","status":"publish","type":"product","link":"https:\/\/www.zionsgospel.com\/no\/shop\/kvinne-factoren\/","title":{"rendered":"Kvinne Factoren"},"content":{"rendered":"","protected":false},"excerpt":{"rendered":"<p>Rabbi Baruch brukte \u00e5 v\u00e6re en forf\u00f8lger av kvinner i tjeneste. Les hans spennende historie om hvordan Guds \u00c5nd og Ord overbeviste ham om at han hadde tatt feil. Han forklarer de Skriftstedene som feilaktig brukes for \u00e5 g\u00e5 imot kvinner i tjeneste for Gud, ogs\u00e5 i Norge, og han gj\u00f8r det ut ifra grunnteksten og den kulturelle bakgrunnen de var skrevet i.<\/p>\n<p>Boka koster 250 kr + frakt (er p\u00e5 lager i Norge). Bestilles ved \u00e5 sende en e-post til <a href=\"mailto:norge@dominiquaebierman.com\">norge@dominiquaebierman.com<\/a>.<\/p>\n","protected":false},"featured_media":7927,"comment_status":"closed","ping_status":"closed","template":"","meta":{"give_campaign_id":0,"_kad_blocks_custom_css":"","_kad_blocks_head_custom_js":"","_kad_blocks_body_custom_js":"","_kad_blocks_footer_custom_js":"","_kad_post_transparent":"","_kad_post_title":"","_kad_post_layout":"","_kad_post_sidebar_id":"","_kad_post_content_style":"","_kad_post_vertical_padding":"","_kad_post_feature":"","_kad_post_feature_position":"","_kad_post_header":false,"_kad_post_footer":false,"_kad_post_classname":""},"product_brand":[],"product_cat":[166],"product_tag":[],"class_list":{"0":"post-4962","1":"product","2":"type-product","3":"status-publish","4":"has-post-thumbnail","6":"product_cat-boker","7":"product_shipping_class-all-products-no","9":"first","10":"instock","11":"shipping-taxable","12":"purchasable","13":"product-type-variable","14":"entry","15":"content-bg","16":"loop-entry"},"taxonomy_info":{"product_cat":[{"value":166,"label":"B\u00f8ker"}]},"featured_image_src_large":["https:\/\/www.zionsgospel.com\/wp-content\/uploads\/2022\/08\/the-woman-factor-cover-659x1024.jpg",659,1024,true],"author_info":[],"comment_info":0,"_links":{"self":[{"href":"https:\/\/www.zionsgospel.com\/no\/wp-json\/wp\/v2\/product\/4962","targetHints":{"allow":["GET"]}}],"collection":[{"href":"https:\/\/www.zionsgospel.com\/no\/wp-json\/wp\/v2\/product"}],"about":[{"href":"https:\/\/www.zionsgospel.com\/no\/wp-json\/wp\/v2\/types\/product"}],"replies":[{"embeddable":true,"href":"https:\/\/www.zionsgospel.com\/no\/wp-json\/wp\/v2\/comments?post=4962"}],"wp:featuredmedia":[{"embeddable":true,"href":"https:\/\/www.zionsgospel.com\/no\/wp-json\/wp\/v2\/media\/7927"}],"wp:attachment":[{"href":"https:\/\/www.zionsgospel.com\/no\/wp-json\/wp\/v2\/media?parent=4962"}],"wp:term":[{"taxonomy":"product_brand","embeddable":true,"href":"https:\/\/www.zionsgospel.com\/no\/wp-json\/wp\/v2\/product_brand?post=4962"},{"taxonomy":"product_cat","embeddable":true,"href":"https:\/\/www.zionsgospel.com\/no\/wp-json\/wp\/v2\/product_cat?post=4962"},{"taxonomy":"product_tag","embeddable":true,"href":"https:\/\/www.zionsgospel.com\/no\/wp-json\/wp\/v2\/product_tag?post=4962"}],"curies":[{"name":"wp","href":"https:\/\/api.w.org\/{rel}","templated":true}]}}