{"id":4808,"date":"2021-02-07T20:34:21","date_gmt":"2021-02-08T02:34:21","guid":{"rendered":"https:\/\/www.zionsgospel.com\/shop\/rottenes-helbredende-kraft\/"},"modified":"2023-01-10T13:37:11","modified_gmt":"2023-01-10T19:37:11","slug":"rottenes-helbredende-kraft","status":"publish","type":"product","link":"https:\/\/www.zionsgospel.com\/no\/shop\/rottenes-helbredende-kraft\/","title":{"rendered":"R\u00f8ttenes helbredende kraft"},"content":{"rendered":"","protected":false},"excerpt":{"rendered":"<p>&laquo;S\u00e5 hvorfor er det s\u00e5 viktig \u00e5 forkynne de j\u00f8diske r\u00f8ttene for Kirken?&raquo; spurte jeg Herren. &laquo;Det er et sp\u00f8rsm\u00e5l om liv og d\u00f8d&raquo;, svarte Han. &laquo;Kirken er som en vakker rose som er kuttet av fra hagen sin. Hun har v\u00e6rt satt i en vase med vann i to dager men p\u00e5 den tredje dag, hvis hun ikke blir plantet tilbake, s\u00e5 kommer hun til \u00e5 d\u00f8&raquo;.<\/p>\n<p>Vi er p\u00e5 terskelen til den tredje dag, det tredje \u00e5rtusen, og \u00e5 g\u00e5 tilbake til den opprinnelige Apostoliske, Bibelske, Hebraiske grunnvollen for troen er et sp\u00f8rsm\u00e5l om LIV og D\u00d8D og endetidens N\u00d8KKEL for verdensvid VEKKELSE!<\/p>\n<p>F\u00f8lg Biskop Dr.Dominiquae Bierman, som er den f\u00f8rste j\u00f8diske og Israelske kvinnelige Biskop i verden i dag, i denne boken og be b\u00f8nnene som er skrevet her. Du kommer til \u00e5 bli SATT FRI til \u00e5 g\u00e5 inn i den tredje dags vekkelse og MAP (Messiansk Apostolisk Profetisk) Bevegelsen helt fra Jerusalem.<\/p>\n","protected":false},"featured_media":7135,"comment_status":"closed","ping_status":"closed","template":"","meta":{"give_campaign_id":0,"_kad_blocks_custom_css":"","_kad_blocks_head_custom_js":"","_kad_blocks_body_custom_js":"","_kad_blocks_footer_custom_js":"","_kad_post_transparent":"","_kad_post_title":"","_kad_post_layout":"","_kad_post_sidebar_id":"","_kad_post_content_style":"","_kad_post_vertical_padding":"","_kad_post_feature":"","_kad_post_feature_position":"","_kad_post_header":false,"_kad_post_footer":false,"_kad_post_classname":""},"product_brand":[],"product_cat":[166],"product_tag":[],"class_list":{"0":"post-4808","1":"product","2":"type-product","3":"status-publish","4":"has-post-thumbnail","6":"product_cat-boker","7":"product_shipping_class-all-products-no","9":"first","10":"instock","11":"shipping-taxable","12":"purchasable","13":"product-type-variable","14":"entry","15":"content-bg","16":"loop-entry"},"taxonomy_info":{"product_cat":[{"value":166,"label":"B\u00f8ker"}]},"featured_image_src_large":["https:\/\/www.zionsgospel.com\/wp-content\/uploads\/2022\/04\/the-healing-power-of-the-roots-cover-1-658x1024.jpg",658,1024,true],"author_info":[],"comment_info":0,"_links":{"self":[{"href":"https:\/\/www.zionsgospel.com\/no\/wp-json\/wp\/v2\/product\/4808","targetHints":{"allow":["GET"]}}],"collection":[{"href":"https:\/\/www.zionsgospel.com\/no\/wp-json\/wp\/v2\/product"}],"about":[{"href":"https:\/\/www.zionsgospel.com\/no\/wp-json\/wp\/v2\/types\/product"}],"replies":[{"embeddable":true,"href":"https:\/\/www.zionsgospel.com\/no\/wp-json\/wp\/v2\/comments?post=4808"}],"wp:featuredmedia":[{"embeddable":true,"href":"https:\/\/www.zionsgospel.com\/no\/wp-json\/wp\/v2\/media\/7135"}],"wp:attachment":[{"href":"https:\/\/www.zionsgospel.com\/no\/wp-json\/wp\/v2\/media?parent=4808"}],"wp:term":[{"taxonomy":"product_brand","embeddable":true,"href":"https:\/\/www.zionsgospel.com\/no\/wp-json\/wp\/v2\/product_brand?post=4808"},{"taxonomy":"product_cat","embeddable":true,"href":"https:\/\/www.zionsgospel.com\/no\/wp-json\/wp\/v2\/product_cat?post=4808"},{"taxonomy":"product_tag","embeddable":true,"href":"https:\/\/www.zionsgospel.com\/no\/wp-json\/wp\/v2\/product_tag?post=4808"}],"curies":[{"name":"wp","href":"https:\/\/api.w.org\/{rel}","templated":true}]}}