{"id":4691,"date":"2021-02-07T20:34:21","date_gmt":"2021-02-08T02:34:21","guid":{"rendered":"https:\/\/www.zionsgospel.com\/shop\/bibel-kuren-for-afrika-of-nasjonene\/"},"modified":"2024-08-12T14:15:56","modified_gmt":"2024-08-12T20:15:56","slug":"bibel-kuren-for-afrika-of-nasjonene","status":"publish","type":"product","link":"https:\/\/www.zionsgospel.com\/no\/shop\/bibel-kuren-for-afrika-of-nasjonene\/","title":{"rendered":"Bibel kuren for Afrika of Nasjonene"},"content":{"rendered":"","protected":false},"excerpt":{"rendered":"<p>At Afrika trenger en kur, og til og med en omg\u00e5ende kur, er ikke noe nytt. Men det som er nytt, er at den kuren som jeg tilbyr i denne boken fungerer; og den vil alltid fungere fordi den ble gitt av den Allmektige Selv.<\/p>\n<p>Jeg vil bevise for deg at det er bare en ting som m\u00e5  gj\u00f8res for \u00e5 vende hele det Afrikanske Kontinentet fra forbannelses posisjonen til velsignelses posisjonen. Det er bare en n\u00f8kkel  som vil aktivere alle velsignelsene inn til Afrika. Det er den eldgamle n\u00f8kkelen, og den mislykkes aldri. Det er veldig lett  \u00e5 bruke og \u00e5 implementere den, men det kreves \u00e6rlighet og ydmykhet.<\/p>\n","protected":false},"featured_media":4697,"comment_status":"closed","ping_status":"closed","template":"","meta":{"give_campaign_id":0,"_kad_blocks_custom_css":"","_kad_blocks_head_custom_js":"","_kad_blocks_body_custom_js":"","_kad_blocks_footer_custom_js":"","_kad_post_transparent":"","_kad_post_title":"","_kad_post_layout":"","_kad_post_sidebar_id":"","_kad_post_content_style":"","_kad_post_vertical_padding":"","_kad_post_feature":"","_kad_post_feature_position":"","_kad_post_header":false,"_kad_post_footer":false,"_kad_post_classname":""},"product_brand":[],"product_cat":[166],"product_tag":[],"class_list":{"0":"post-4691","1":"product","2":"type-product","3":"status-publish","4":"has-post-thumbnail","6":"product_cat-boker","7":"product_shipping_class-all-products-no","9":"first","10":"instock","11":"shipping-taxable","12":"purchasable","13":"product-type-variable","14":"entry","15":"content-bg","16":"loop-entry"},"taxonomy_info":{"product_cat":[{"value":166,"label":"B\u00f8ker"}]},"featured_image_src_large":["https:\/\/www.zionsgospel.com\/wp-content\/uploads\/2021\/07\/The-Bible-Cure-for-Africa-and-the-Nations-E-Book-Cover-663x1024.jpg",663,1024,true],"author_info":[],"comment_info":0,"_links":{"self":[{"href":"https:\/\/www.zionsgospel.com\/no\/wp-json\/wp\/v2\/product\/4691","targetHints":{"allow":["GET"]}}],"collection":[{"href":"https:\/\/www.zionsgospel.com\/no\/wp-json\/wp\/v2\/product"}],"about":[{"href":"https:\/\/www.zionsgospel.com\/no\/wp-json\/wp\/v2\/types\/product"}],"replies":[{"embeddable":true,"href":"https:\/\/www.zionsgospel.com\/no\/wp-json\/wp\/v2\/comments?post=4691"}],"wp:featuredmedia":[{"embeddable":true,"href":"https:\/\/www.zionsgospel.com\/no\/wp-json\/wp\/v2\/media\/4697"}],"wp:attachment":[{"href":"https:\/\/www.zionsgospel.com\/no\/wp-json\/wp\/v2\/media?parent=4691"}],"wp:term":[{"taxonomy":"product_brand","embeddable":true,"href":"https:\/\/www.zionsgospel.com\/no\/wp-json\/wp\/v2\/product_brand?post=4691"},{"taxonomy":"product_cat","embeddable":true,"href":"https:\/\/www.zionsgospel.com\/no\/wp-json\/wp\/v2\/product_cat?post=4691"},{"taxonomy":"product_tag","embeddable":true,"href":"https:\/\/www.zionsgospel.com\/no\/wp-json\/wp\/v2\/product_tag?post=4691"}],"curies":[{"name":"wp","href":"https:\/\/api.w.org\/{rel}","templated":true}]}}