{"id":4483,"date":"2021-02-07T20:34:21","date_gmt":"2021-02-08T02:34:21","guid":{"rendered":"https:\/\/www.zionsgospel.com\/shop\/gjenopprettelse-av-hellig-givertjeneste\/"},"modified":"2024-08-12T14:21:57","modified_gmt":"2024-08-12T20:21:57","slug":"gjenopprettelse-av-hellig-givertjeneste","status":"publish","type":"product","link":"https:\/\/www.zionsgospel.com\/no\/shop\/gjenopprettelse-av-hellig-givertjeneste\/","title":{"rendered":"Gjenopprettelse av hellig givertjeneste"},"content":{"rendered":"","protected":false},"excerpt":{"rendered":"<p>Matt6,21 For der skatten deres er, der vil ogs\u00e5 hjertet deres v\u00e6re.                                                                                                                       N\u00e5r vi vender tilbake til troens j\u00f8diske r\u00f8tter og de Apostoliske Hebraiske grunnvollene, m\u00e5 vi ogs\u00e5 gjenopprette hellig givertjeneste. Erstatnings teologi har p\u00e5virket Yeshua`s kropp p\u00e5 mange omr\u00e5der, og spesielt i omr\u00e5det som har med givertjenesten \u00e5 gj\u00f8re. De fleste vet ikke hvordan de skal gi, hvem de skal gi til og n\u00e5r de skal  gi. Derfor kommer de aldri ut av \u00e5ndelig og\/eller \u00f8konomisk t\u00f8rke. Denne boken vil hjelpe deg til \u00e5 komme ut av \u00e5ndelig og \u00f8konomisk t\u00f8rke med lysets hastighet!<\/p>\n<p>Biskop  Dominiquae Bierman og hennes ektemann Rabbi Baruch Bierman er  direkt\u00f8r for Kad-Esh MAP Ministries og bevegelse. Deres budskap av GJENOPPRETTELSE blir etterfulgt av tegn, under og mirakler over alt hvor de g\u00e5r. De er sanne Israelske apostler av v\u00e5r tid. De bor i Israel og reiser verden rundt og sprer Evangeliet om Riket og vekkelses ild der de g\u00e5r.<\/p>\n","protected":false},"featured_media":4490,"comment_status":"closed","ping_status":"closed","template":"","meta":{"give_campaign_id":0,"_kad_blocks_custom_css":"","_kad_blocks_head_custom_js":"","_kad_blocks_body_custom_js":"","_kad_blocks_footer_custom_js":"","_kad_post_transparent":"","_kad_post_title":"","_kad_post_layout":"","_kad_post_sidebar_id":"","_kad_post_content_style":"","_kad_post_vertical_padding":"","_kad_post_feature":"","_kad_post_feature_position":"","_kad_post_header":false,"_kad_post_footer":false,"_kad_post_classname":""},"product_brand":[],"product_cat":[166],"product_tag":[],"class_list":{"0":"post-4483","1":"product","2":"type-product","3":"status-publish","4":"has-post-thumbnail","6":"product_cat-boker","7":"product_shipping_class-all-products-no","9":"first","10":"instock","11":"shipping-taxable","12":"purchasable","13":"product-type-variable","14":"entry","15":"content-bg","16":"loop-entry"},"taxonomy_info":{"product_cat":[{"value":166,"label":"B\u00f8ker"}]},"featured_image_src_large":["https:\/\/www.zionsgospel.com\/wp-content\/uploads\/2021\/07\/Restoration-of-Holy-Giving-E-Book-Cover-663x1024.jpg",663,1024,true],"author_info":[],"comment_info":0,"_links":{"self":[{"href":"https:\/\/www.zionsgospel.com\/no\/wp-json\/wp\/v2\/product\/4483","targetHints":{"allow":["GET"]}}],"collection":[{"href":"https:\/\/www.zionsgospel.com\/no\/wp-json\/wp\/v2\/product"}],"about":[{"href":"https:\/\/www.zionsgospel.com\/no\/wp-json\/wp\/v2\/types\/product"}],"replies":[{"embeddable":true,"href":"https:\/\/www.zionsgospel.com\/no\/wp-json\/wp\/v2\/comments?post=4483"}],"wp:featuredmedia":[{"embeddable":true,"href":"https:\/\/www.zionsgospel.com\/no\/wp-json\/wp\/v2\/media\/4490"}],"wp:attachment":[{"href":"https:\/\/www.zionsgospel.com\/no\/wp-json\/wp\/v2\/media?parent=4483"}],"wp:term":[{"taxonomy":"product_brand","embeddable":true,"href":"https:\/\/www.zionsgospel.com\/no\/wp-json\/wp\/v2\/product_brand?post=4483"},{"taxonomy":"product_cat","embeddable":true,"href":"https:\/\/www.zionsgospel.com\/no\/wp-json\/wp\/v2\/product_cat?post=4483"},{"taxonomy":"product_tag","embeddable":true,"href":"https:\/\/www.zionsgospel.com\/no\/wp-json\/wp\/v2\/product_tag?post=4483"}],"curies":[{"name":"wp","href":"https:\/\/api.w.org\/{rel}","templated":true}]}}