{"id":15938,"date":"2023-08-28T15:32:21","date_gmt":"2023-08-28T21:32:21","guid":{"rendered":"https:\/\/www.zionsgospel.com\/shop\/ropet-fra-denne-asken-restitusjon-eller-dom\/"},"modified":"2023-08-28T15:32:21","modified_gmt":"2023-08-28T21:32:21","slug":"ropet-fra-denne-asken-restitusjon-eller-dom","status":"publish","type":"product","link":"https:\/\/www.zionsgospel.com\/no\/shop\/ropet-fra-denne-asken-restitusjon-eller-dom\/","title":{"rendered":"Ropet fra denne asken &#8211; Restitusjon eller dom"},"content":{"rendered":"","protected":false},"excerpt":{"rendered":"<h3>Hva roper asken om?<\/h3>\n<p>I Auschwitz, Treblinka, Sobibor, Majdanek, Babi Yar, Ukraina og mange flere steder ble det j\u00f8diske folkets blod enten utgytt eller ble til aske. Dette blodet og denne asken gikk ned i jorda hvor enn de falt. Men jorda blir aldri liggende p\u00e5 ett sted; den migrerer med vinden, regnet, geologisk aktivitet og \u00e5renes gang. Denne asken, som n\u00e5 er blandet med jorda, har blitt spredt over hele verden og bringer essensen av deres hjerteskj\u00e6rende rop inn i din verden, menighet, samfunn, by og nasjon.<\/p>\n<p>Hva ropte Abels blod til Skaperen om? Og om hva roper blodet og asken av j\u00f8dene som ble utryddet under Shoah (nazistenes Holocaust), russiske pogromer, den spanske inkvisisjonen, kristne korstog, islamsk terror og mye mer til Universets Gud? Og hvorfor skulle det ha noe \u00e5 si for deg, leseren? Dette er hva du vil finne ut p\u00e5 sidene i denne boken.<\/p>\n<p>Apostel Dr. Dominiquae Bierman, en j\u00f8de av sefardisk opprinnelse og grunnlegger og president for de Forente Nasjoner for Israel, har sammen med sin mann, Rabbi Baruch, reist til mer enn 50 nasjoner og kalt mennesker til omvendelse fra all antisemittisme og til \u00e5 gi restitusjon (godtgj\u00f8ring) til Israel og det j\u00f8diske folket. Forbl\u00f8ffende mirakler har fulgt deres tjeneste, og mange har mottatt frelse, helbredelse og utfrielse gjennom Yeshua, den j\u00f8diske Messias.<\/p>\n","protected":false},"featured_media":11945,"comment_status":"closed","ping_status":"closed","template":"","meta":{"give_campaign_id":0,"_kad_blocks_custom_css":"","_kad_blocks_head_custom_js":"","_kad_blocks_body_custom_js":"","_kad_blocks_footer_custom_js":"","_kad_post_transparent":"","_kad_post_title":"","_kad_post_layout":"","_kad_post_sidebar_id":"","_kad_post_content_style":"","_kad_post_vertical_padding":"","_kad_post_feature":"","_kad_post_feature_position":"","_kad_post_header":false,"_kad_post_footer":false,"_kad_post_classname":""},"product_brand":[],"product_cat":[166],"product_tag":[],"class_list":{"0":"post-15938","1":"product","2":"type-product","3":"status-publish","4":"has-post-thumbnail","6":"product_cat-boker","8":"first","9":"instock","10":"featured","11":"shipping-taxable","12":"purchasable","13":"product-type-variable","14":"entry","15":"content-bg","16":"loop-entry"},"taxonomy_info":{"product_cat":[{"value":166,"label":"B\u00f8ker"}]},"featured_image_src_large":["https:\/\/www.zionsgospel.com\/wp-content\/uploads\/2023\/08\/the-voice-of-these-ashes-cover-664x1024.jpg",664,1024,true],"author_info":[],"comment_info":0,"_links":{"self":[{"href":"https:\/\/www.zionsgospel.com\/no\/wp-json\/wp\/v2\/product\/15938","targetHints":{"allow":["GET"]}}],"collection":[{"href":"https:\/\/www.zionsgospel.com\/no\/wp-json\/wp\/v2\/product"}],"about":[{"href":"https:\/\/www.zionsgospel.com\/no\/wp-json\/wp\/v2\/types\/product"}],"replies":[{"embeddable":true,"href":"https:\/\/www.zionsgospel.com\/no\/wp-json\/wp\/v2\/comments?post=15938"}],"wp:featuredmedia":[{"embeddable":true,"href":"https:\/\/www.zionsgospel.com\/no\/wp-json\/wp\/v2\/media\/11945"}],"wp:attachment":[{"href":"https:\/\/www.zionsgospel.com\/no\/wp-json\/wp\/v2\/media?parent=15938"}],"wp:term":[{"taxonomy":"product_brand","embeddable":true,"href":"https:\/\/www.zionsgospel.com\/no\/wp-json\/wp\/v2\/product_brand?post=15938"},{"taxonomy":"product_cat","embeddable":true,"href":"https:\/\/www.zionsgospel.com\/no\/wp-json\/wp\/v2\/product_cat?post=15938"},{"taxonomy":"product_tag","embeddable":true,"href":"https:\/\/www.zionsgospel.com\/no\/wp-json\/wp\/v2\/product_tag?post=15938"}],"curies":[{"name":"wp","href":"https:\/\/api.w.org\/{rel}","templated":true}]}}