{"id":14204,"date":"2024-09-26T14:29:03","date_gmt":"2024-09-26T20:29:03","guid":{"rendered":"https:\/\/www.zionsgospel.com\/shop\/avsloringen-av-haman-amalek-og-hamas\/"},"modified":"2025-04-01T09:14:32","modified_gmt":"2025-04-01T15:14:32","slug":"avsloringen-av-haman-amalek-og-hamas","status":"publish","type":"product","link":"https:\/\/www.zionsgospel.com\/no\/shop\/avsloringen-av-haman-amalek-og-hamas\/","title":{"rendered":"Avsl\u00f8ringen av Haman, Amalek og Hamas"},"content":{"rendered":"","protected":false},"excerpt":{"rendered":"<p><strong>Hvem er Haman, Amalek og Hamas, og hvorfor er det viktig \u00e5 vite?<\/strong><\/p>\n<p>Den siste kampen for opprettelsen av Guds rike har allerede begynt. Det er viktig \u00e5 skjelne hvem fiendene er.<\/p>\n<p><strong>For \u00e5 skille lys fra m\u00f8rke m\u00e5 vi:<\/strong><\/p>\n<ul>\n<li>Forst\u00e5 og avsl\u00f8re Haman og Amalek, Israels gamle fiender<br \/>\nthe ancient enemies of Israel<\/li>\n<li>Finne ut hvem Hamas er<\/li>\n<li>Avsl\u00f8re l\u00f8gnene om den palestinske saken<\/li>\n<li>Gjennomskue politiske l\u00f8gner og bedrag<\/li>\n<li>Oppdage de gamle folkeslagene, stedene og \u00e5ndelige portalene<\/li>\n<li>Motta en dypere forst\u00e5else av Guds plan for Israel og nasjonene<\/li>\n<li>L\u00e6re hvordan vi l\u00e5ser opp velsignelsen i 1 Mosebok 12:3<\/li>\n<\/ul>\n","protected":false},"featured_media":13840,"comment_status":"closed","ping_status":"closed","template":"","meta":{"give_campaign_id":0,"_kad_blocks_custom_css":"","_kad_blocks_head_custom_js":"","_kad_blocks_body_custom_js":"","_kad_blocks_footer_custom_js":"","_kad_post_transparent":"","_kad_post_title":"","_kad_post_layout":"","_kad_post_sidebar_id":"","_kad_post_content_style":"","_kad_post_vertical_padding":"","_kad_post_feature":"","_kad_post_feature_position":"","_kad_post_header":false,"_kad_post_footer":false,"_kad_post_classname":""},"product_brand":[],"product_cat":[166],"product_tag":[],"class_list":{"0":"post-14204","1":"product","2":"type-product","3":"status-publish","4":"has-post-thumbnail","6":"product_cat-boker","8":"first","9":"instock","10":"shipping-taxable","11":"purchasable","12":"product-type-variable","13":"entry","14":"content-bg","15":"loop-entry"},"taxonomy_info":{"product_cat":[{"value":166,"label":"B\u00f8ker"}]},"featured_image_src_large":["https:\/\/www.zionsgospel.com\/wp-content\/uploads\/2025\/03\/NOR-exposing-haman-amalek-and-hamas-658x1024.jpg",658,1024,true],"author_info":[],"comment_info":0,"_links":{"self":[{"href":"https:\/\/www.zionsgospel.com\/no\/wp-json\/wp\/v2\/product\/14204","targetHints":{"allow":["GET"]}}],"collection":[{"href":"https:\/\/www.zionsgospel.com\/no\/wp-json\/wp\/v2\/product"}],"about":[{"href":"https:\/\/www.zionsgospel.com\/no\/wp-json\/wp\/v2\/types\/product"}],"replies":[{"embeddable":true,"href":"https:\/\/www.zionsgospel.com\/no\/wp-json\/wp\/v2\/comments?post=14204"}],"wp:featuredmedia":[{"embeddable":true,"href":"https:\/\/www.zionsgospel.com\/no\/wp-json\/wp\/v2\/media\/13840"}],"wp:attachment":[{"href":"https:\/\/www.zionsgospel.com\/no\/wp-json\/wp\/v2\/media?parent=14204"}],"wp:term":[{"taxonomy":"product_brand","embeddable":true,"href":"https:\/\/www.zionsgospel.com\/no\/wp-json\/wp\/v2\/product_brand?post=14204"},{"taxonomy":"product_cat","embeddable":true,"href":"https:\/\/www.zionsgospel.com\/no\/wp-json\/wp\/v2\/product_cat?post=14204"},{"taxonomy":"product_tag","embeddable":true,"href":"https:\/\/www.zionsgospel.com\/no\/wp-json\/wp\/v2\/product_tag?post=14204"}],"curies":[{"name":"wp","href":"https:\/\/api.w.org\/{rel}","templated":true}]}}