{"id":6831,"date":"2022-04-04T04:20:34","date_gmt":"2022-04-04T10:20:34","guid":{"rendered":"https:\/\/www.zionsgospel.com\/forente-nasjoner-for-israel\/"},"modified":"2022-04-04T04:23:25","modified_gmt":"2022-04-04T10:23:25","slug":"forente-nasjoner-for-israel","status":"publish","type":"page","link":"https:\/\/www.zionsgospel.com\/no\/forente-nasjoner-for-israel\/","title":{"rendered":"Forente Nasjoner for Israel"},"content":{"rendered":"<style>#kt-layout-id_584f03-46 > .kt-row-column-wrap{z-index:10;position:relative;align-content:start;}:where(#kt-layout-id_584f03-46 > .kt-row-column-wrap) > .wp-block-kadence-column{justify-content:start;}#kt-layout-id_584f03-46 > .kt-row-column-wrap{column-gap:var(--global-kb-gap-md, 2rem);row-gap:var(--global-kb-gap-md, 2rem);max-width:900px;margin-left:auto;margin-right:auto;padding-top:var( --global-kb-row-default-top, 25px );padding-bottom:var( --global-kb-row-default-bottom, 25px );padding-top:110px;padding-bottom:130px;grid-template-columns:minmax(0, 1fr);}#kt-layout-id_584f03-46{background-image:url('https:\/\/www.zionsgospel.com\/wp-content\/uploads\/2021\/05\/unitednationsforisrael-bg.jpg');background-size:cover;background-position:50% 42%;background-attachment:scroll;background-repeat:no-repeat;}#kt-layout-id_584f03-46 > .kt-row-layout-overlay{opacity:0.00;background-color:#0035b9;mix-blend-mode:normal;}#kt-layout-id_584f03-46 .kt-row-layout-bottom-sep{height:100px;}#kt-layout-id_584f03-46 .kt-row-layout-bottom-sep svg{width:100%;}#kt-layout-id_584f03-46 .kt-row-layout-bottom-sep svg{fill:#ffffff!important;}@media all and (max-width: 1024px){#kt-layout-id_584f03-46 > .kt-row-column-wrap{grid-template-columns:minmax(0, 1fr);}}@media all and (max-width: 1024px){#kt-layout-id_584f03-46 .kt-row-layout-bottom-sep{height:px;}}@media all and (max-width: 1024px){#kt-layout-id_584f03-46 .kt-row-layout-bottom-sep svg{width:%;}}@media all and (max-width: 767px){#kt-layout-id_584f03-46 > .kt-row-column-wrap{grid-template-columns:minmax(0, 1fr);}#kt-layout-id_584f03-46 .kt-row-layout-bottom-sep{height:px;}#kt-layout-id_584f03-46 .kt-row-layout-bottom-sep svg{width:%;}}<\/style>\n<div class=\"wp-block-kadence-rowlayout alignfull\"><div id=\"kt-layout-id_584f03-46\" class=\"kt-row-layout-inner kt-row-has-bg kt-layout-id_584f03-46\"><div class=\"kt-row-layout-overlay kt-row-overlay-normal\"><\/div><div class=\"kt-row-column-wrap kt-has-1-columns kt-gutter-default kt-v-gutter-default kt-row-valign-top kt-row-layout-equal kt-tab-layout-inherit kt-m-colapse-left-to-right kt-mobile-layout-row\"><style>.kadence-column_3df01d-25 > .kt-inside-inner-col{border-top-width:0px;border-right-width:0px;border-bottom-width:0px;border-left-width:0px;}.kadence-column_3df01d-25 > .kt-inside-inner-col,.kadence-column_3df01d-25 > .kt-inside-inner-col:before{border-top-left-radius:0px;border-top-right-radius:0px;border-bottom-right-radius:0px;border-bottom-left-radius:0px;}.kadence-column_3df01d-25 > .kt-inside-inner-col{column-gap:var(--global-kb-gap-sm, 1rem);}.kadence-column_3df01d-25 > .kt-inside-inner-col{flex-direction:column;}.kadence-column_3df01d-25 > .kt-inside-inner-col > .aligncenter{width:100%;}.kadence-column_3df01d-25 > .kt-inside-inner-col:before{opacity:0.3;}.kadence-column_3df01d-25{position:relative;}@media all and (max-width: 1024px){.kadence-column_3df01d-25 > .kt-inside-inner-col{flex-direction:column;justify-content:center;}}@media all and (max-width: 767px){.kadence-column_3df01d-25 > .kt-inside-inner-col{flex-direction:column;justify-content:center;}}<\/style>\n<div class=\"wp-block-kadence-column inner-column-1 kadence-column_3df01d-25\"><div class=\"kt-inside-inner-col\">\n<div class=\"wp-block-image\"><figure class=\"aligncenter size-full is-resized\"><img loading=\"lazy\" decoding=\"async\" src=\"https:\/\/www.zionsgospel.com\/wp-content\/uploads\/2021\/05\/unify-logo-white-1.png\" alt=\"United Nations for Israel\" class=\"wp-image-2316\" width=\"450\" height=\"162\" srcset=\"https:\/\/www.zionsgospel.com\/wp-content\/uploads\/2021\/05\/unify-logo-white-1.png 600w, https:\/\/www.zionsgospel.com\/wp-content\/uploads\/2021\/05\/unify-logo-white-1-300x108.png 300w\" sizes=\"auto, (max-width: 450px) 100vw, 450px\" \/><\/figure><\/div>\n\n\n\n<p><\/p>\n<\/div><\/div>\n<\/div><div class=\"kt-row-layout-bottom-sep kt-row-sep-type-threelevels\"><svg style=\"fill:#ffffff\" viewbox=\"0 0 1000 100\" preserveaspectratio=\"none\"><path style=\"opacity:0.33\" d=\"M0 95L1000 0v100H0v-5z\"><\/path><path style=\"opacity:0.66\" d=\"M0 95l1000-67.944V100H0v-5z\"><\/path><path d=\"M0 95l1000-40.887V100H0v-5z\"><\/path><\/svg><\/div><\/div><\/div>\n<style>.wp-block-kadence-spacer.kt-block-spacer-_8676d3-47 .kt-block-spacer{height:30px;}.wp-block-kadence-spacer.kt-block-spacer-_8676d3-47 .kt-divider{border-top-width:1px;height:1px;border-top-color:#eee;width:80%;border-top-style:solid;}<\/style>\n<div class=\"wp-block-kadence-spacer aligncenter kt-block-spacer-_8676d3-47\"><div class=\"kt-block-spacer kt-block-spacer-halign-center\" style=\"height:30px\"><\/div><\/div>\n\n<p style=\"font-size:22px\"><strong>De <a href=\"https:\/\/unitednationsforisrael.org\/\" target=\"_blank\" rel=\"noopener\"><em>Forente Nasjoner for Israel<\/em>\u00a0(UNIFY)<\/a> s\u00f8ker \u00e5 omskolere nasjonene ang\u00e5ende evangeliet fra Sion og viktigheten av \u00e5 st\u00e5 sammen med Israel mot alle odds.<\/strong><\/p>\n\n<p>I Matteus 25:32 sa Yeshua (Jesus) Messias at Han ville d\u00f8mme mellom nasjonene og skille dem som sauene fra geitene. Dette er det tredje \u00e5rtusen siden Han vandret p\u00e5 jorden, og\u00a0<em>adskillelsen har begynt!<\/em><\/p>\n\n<p>Messias bes\u00f8kte Apostel Dominiquae Bierman \u2013 grunnlegger av de\u00a0<em><a href=\"https:\/\/unitednationsforisrael.org\/\" target=\"_blank\" rel=\"noopener\">Forente Nasjoner for Israel<\/a><\/em>\u00a0&#8211; i Santiago Chile julen 2001, der Han viste henne at erstatningsteologi i Menigheten hadde hindret nasjoner i \u00e5 bli sauenasjoner.<\/p>\n\n<p>Han vil d\u00f8mme nasjonene etter to parametere.<\/p>\n\n<ul class=\"wp-block-list\"><li>Hans bud slik de er skrevet i Toraen (\u00c5penbaringen 20:12, 13)<\/li><li>Hvordan nasjonene har behandlet Israel (1. Mosebok 12: 3, Matteus 25: 37-40)<\/li><\/ul>\n\n<p>Gjennom erstatningsteologi -kristendommen har Kirken l\u00e6rt nasjonene \u00e5 forkaste alt som er j\u00f8disk, inkludert Guds Torah eller bud, sabbaten og de bibelske h\u00f8ytidene. Den har ogs\u00e5 l\u00e6rt nasjonene \u00e5 hate det j\u00f8diske folket. Historien er full av anti-j\u00f8diske kristne hendelser som korstogene, den spanske inkvisisjonen, pogromer i Russland og Ukraina, Nazi Shoa (Holocaust), BDS og mange flere. Selv om islam er mer fremtredende mot Israel i dag, er Kirkenes Verdensr\u00e5d og mange kirkesamfunn og kristne frivillige organisasjoner ogs\u00e5 anti-Israelske. Den hellige skrift er klar ang\u00e5ende dette:<\/p>\n\n<p><em>&laquo;Jeg vil velsigne dem som velsigner deg (Israel), og jeg vil forbanne dem som forbanner deg.<\/em>&raquo; <strong>Mosebok 12: 3<\/strong><\/p>\n\n<p>&laquo;<em>Nasjoner blir n\u00e5 d\u00f8mt etter hvordan de har behandlet det j\u00f8diske folket tidligere og hvordan de behandler den moderne staten Israel i n\u00e5tiden. Bibelen sier at Yah (Gud) vil d\u00f8mme alle nasjoner p\u00e5 grunn av Sions sak (Jesaja 34: 1-8), og alle nasjoner er i dommens dal for \u00e5 ha pr\u00f8vd \u00e5 dele Jerusalem og Israel.<\/em>&raquo; <strong>(Joel 3:1-4)<\/strong><\/p>\n\n<p>Vi tror at enhver som tror p\u00e5 Messias i hver nasjon er en potensiell verdens-endrer som kan v\u00e6re en katalysator for \u00e5 gj\u00f8re hans\/hennes nasjon til en sauenasjon og redde utallige mennesker fra evig dom.<\/p>\n\n<p>Slik som Israel ble f\u00f8dt p\u00e5 en dag i det lovede landet etter nesten 2000 \u00e5r av eksil, kan sauenasjoner bli f\u00f8dt p\u00e5 en dag!<\/p>\n\n<p>&laquo;<em>Hvem har h\u00f8rt slikt? Hvem har sett slike ting?<br\/>Kan et land bli f\u00f8dt p\u00e5 en dag?<br\/>Kan en nasjon frembringes med en gang?<br\/>For s\u00e5 snart Sion var i f\u00f8dsel, f\u00f8dte hun barna sine.<\/em>&laquo;<br\/><strong>Jesaja 66:8<\/strong><\/p>\n\n<p>Bli medlem av nasjonenes Knesset (forsamling) og begynn \u00e5 forvandle nasjonen din til en sauenasjon \u00e9n person om gangen.<\/p>\n<style>.wp-block-kadence-advancedbtn.kb-btns_b9d5a3-e3{gap:var(--global-kb-gap-xs, 0.5rem );justify-content:flex-start;align-items:center;}.kt-btns_b9d5a3-e3 .kt-button{font-weight:normal;font-style:normal;}.kt-btns_b9d5a3-e3 .kt-btn-wrap-0{margin-right:5px;}.wp-block-kadence-advancedbtn.kt-btns_b9d5a3-e3 .kt-btn-wrap-0 .kt-button::before{display:none;}.kt-btns_b9d5a3-e3 .kt-btn-wrap-1{margin-right:5px;}.wp-block-kadence-advancedbtn.kt-btns_b9d5a3-e3 .kt-btn-wrap-1 .kt-button{background:var(--global-palette2, #2B6CB0);}.wp-block-kadence-advancedbtn.kt-btns_b9d5a3-e3 .kt-btn-wrap-1 .kt-button::before{display:none;}.wp-block-kadence-advancedbtn.kt-btns_b9d5a3-e3 .kt-btn-wrap-1 .kt-button:hover, .wp-block-kadence-advancedbtn.kt-btns_b9d5a3-e3 .kt-btn-wrap-1 .kt-button:focus{background:#b02626;}<\/style>\n<div class=\"wp-block-kadence-advancedbtn kt-btn-align-left kt-btn-tablet-align-inherit kt-btn-mobile-align-inherit kt-btns-wrap kt-btns_b9d5a3-e3\"><div class=\"kt-btn-wrap kt-btn-wrap-0\"><a class=\"kt-button button kt-btn-0-action kt-btn-size-large kt-btn-style-basic kt-btn-svg-show-always kt-btn-has-text-true kt-btn-has-svg-false kb-btn-global-inherit wp-block-button__link\" href=\"https:\/\/unitednationsforisrael.org\/no\/medlemskap\/\" target=\"_blank\" rel=\"noopener\"><span class=\"kt-btn-inner-text\">Bli med og st\u00f8tt oppdraget<\/span><\/a><\/div><div class=\"kt-btn-wrap kt-btn-wrap-1\"><a class=\"kt-button button kt-btn-1-action kt-btn-size-large kt-btn-style-basic kt-btn-svg-show-always kt-btn-has-text-true kt-btn-has-svg-true kb-btn-global-inherit wp-block-button__link\" href=\"https:\/\/www.zionsgospel.com\/no\/gi\/\"><div style=\"display:inline-flex;justify-content:center;align-items:center\" class=\"kt-btn-svg-icon kt-btn-svg-icon-ic_heart kt-btn-side-left\"><svg style=\"display:inline-block;vertical-align:middle\" viewbox=\"0 0 8 8\" height=\"1em\" width=\"1em\" fill=\"currentColor\" xmlns=\"http:\/\/www.w3.org\/2000\/svg\"><path d=\"M2 0c-.55 0-1.04.23-1.41.59-.36.36-.59.85-.59 1.41 0 .55.23 1.04.59 1.41l3.41 3.41 3.41-3.41c.36-.36.59-.85.59-1.41 0-.55-.23-1.04-.59-1.41-.36-.36-.85-.59-1.41-.59-.55 0-1.04.23-1.41.59-.36.36-.59.85-.59 1.41 0-.55-.23-1.04-.59-1.41-.36-.36-.85-.59-1.41-.59z\" transform=\"translate(0 1)\"><\/path><\/svg><\/div><span class=\"kt-btn-inner-text\">Gi<\/span><\/a><\/div><\/div>\n\n<p><\/p>\n","protected":false},"excerpt":{"rendered":"<p>De Forente Nasjoner for Israel\u00a0(UNIFY) s\u00f8ker \u00e5 omskolere nasjonene ang\u00e5ende evangeliet fra Sion og viktigheten av \u00e5 st\u00e5 sammen med Israel mot alle odds. I Matteus 25:32 sa Yeshua (Jesus) Messias at Han ville d\u00f8mme mellom nasjonene og skille dem som sauene fra geitene. Dette er det tredje \u00e5rtusen siden Han vandret p\u00e5 jorden, og\u00a0adskillelsen&#8230;<\/p>\n","protected":false},"author":1,"featured_media":0,"parent":0,"menu_order":0,"comment_status":"closed","ping_status":"closed","template":"","meta":{"give_campaign_id":0,"_kad_blocks_custom_css":"","_kad_blocks_head_custom_js":"","_kad_blocks_body_custom_js":"","_kad_blocks_footer_custom_js":"","_kad_post_transparent":"","_kad_post_title":"hide","_kad_post_layout":"","_kad_post_sidebar_id":"","_kad_post_content_style":"","_kad_post_vertical_padding":"bottom","_kad_post_feature":"","_kad_post_feature_position":"","_kad_post_header":false,"_kad_post_footer":false,"_kad_post_classname":"","footnotes":""},"class_list":["post-6831","page","type-page","status-publish","hentry"],"campaignId":"","taxonomy_info":[],"featured_image_src_large":false,"author_info":{"display_name":"W B","author_link":"https:\/\/www.zionsgospel.com\/no\/author\/victor\/"},"comment_info":0,"_links":{"self":[{"href":"https:\/\/www.zionsgospel.com\/no\/wp-json\/wp\/v2\/pages\/6831","targetHints":{"allow":["GET"]}}],"collection":[{"href":"https:\/\/www.zionsgospel.com\/no\/wp-json\/wp\/v2\/pages"}],"about":[{"href":"https:\/\/www.zionsgospel.com\/no\/wp-json\/wp\/v2\/types\/page"}],"author":[{"embeddable":true,"href":"https:\/\/www.zionsgospel.com\/no\/wp-json\/wp\/v2\/users\/1"}],"replies":[{"embeddable":true,"href":"https:\/\/www.zionsgospel.com\/no\/wp-json\/wp\/v2\/comments?post=6831"}],"version-history":[{"count":3,"href":"https:\/\/www.zionsgospel.com\/no\/wp-json\/wp\/v2\/pages\/6831\/revisions"}],"predecessor-version":[{"id":6834,"href":"https:\/\/www.zionsgospel.com\/no\/wp-json\/wp\/v2\/pages\/6831\/revisions\/6834"}],"wp:attachment":[{"href":"https:\/\/www.zionsgospel.com\/no\/wp-json\/wp\/v2\/media?parent=6831"}],"curies":[{"name":"wp","href":"https:\/\/api.w.org\/{rel}","templated":true}]}}