{"id":5631,"date":"2022-01-30T13:43:25","date_gmt":"2022-01-30T19:43:25","guid":{"rendered":"https:\/\/www.zionsgospel.com\/grm-bibelskole\/"},"modified":"2025-09-24T14:37:42","modified_gmt":"2025-09-24T20:37:42","slug":"grm-bibelskole","status":"publish","type":"page","link":"https:\/\/www.zionsgospel.com\/no\/grm-bibelskole\/","title":{"rendered":"GRM bibelskole"},"content":{"rendered":"<style>.kb-row-layout-id1049_67216d-b2 > .kt-row-column-wrap{align-content:start;}:where(.kb-row-layout-id1049_67216d-b2 > .kt-row-column-wrap) > .wp-block-kadence-column{justify-content:start;}.kb-row-layout-id1049_67216d-b2 > .kt-row-column-wrap{column-gap:var(--global-kb-gap-md, 2rem);row-gap:var(--global-kb-gap-md, 2rem);max-width:900px;margin-left:auto;margin-right:auto;padding-top:80px;padding-bottom:120px;grid-template-columns:minmax(0, 1fr);}.kb-row-layout-id1049_67216d-b2{background-image:url('https:\/\/www.zionsgospel.com\/wp-content\/uploads\/2025\/09\/grm-jerusalem.jpg');background-size:cover;background-position:50% 50%;background-attachment:scroll;background-repeat:no-repeat;}.kb-row-layout-id1049_67216d-b2 > .kt-row-layout-overlay{opacity:0.55;background-color:var(--global-palette5, #4A5568);mix-blend-mode:normal;}.kb-row-layout-id1049_67216d-b2 .kt-row-layout-bottom-sep{height:100px;}.kb-row-layout-id1049_67216d-b2 .kt-row-layout-bottom-sep svg{width:100%;}.kb-row-layout-id1049_67216d-b2 .kt-row-layout-bottom-sep svg{fill:#ffffff!important;}@media all and (max-width: 1024px){.kb-row-layout-id1049_67216d-b2 > .kt-row-column-wrap{grid-template-columns:minmax(0, 1fr);}}@media all and (max-width: 1024px){.kb-row-layout-id1049_67216d-b2 .kt-row-layout-bottom-sep{height:px;}}@media all and (max-width: 1024px){.kb-row-layout-id1049_67216d-b2 .kt-row-layout-bottom-sep svg{width:%;}}@media all and (max-width: 767px){.kb-row-layout-id1049_67216d-b2 > .kt-row-column-wrap{grid-template-columns:minmax(0, 1fr);}.kb-row-layout-id1049_67216d-b2 .kt-row-layout-bottom-sep{height:px;}.kb-row-layout-id1049_67216d-b2 .kt-row-layout-bottom-sep svg{width:%;}}<\/style><div class=\"kb-row-layout-wrap kb-row-layout-id1049_67216d-b2 alignfull kt-row-has-bg wp-block-kadence-rowlayout\"><div class=\"kt-row-layout-overlay kt-row-overlay-normal\"><\/div><div class=\"kt-row-layout-bottom-sep kt-row-sep-type-threelevels\"><svg viewBox=\"0 0 1000 100\" preserveAspectRatio=\"none\"><path style=\"opacity: 0.33\" d=\"M0 95L1000 0v100H0v-5z\"><\/path><path style=\"opacity: 0.66\" d=\"M0 95l1000-67.944V100H0v-5z\"><\/path><path d=\"M0 95l1000-40.887V100H0v-5z\"><\/path><\/svg><\/div><div class=\"kt-row-column-wrap kt-has-1-columns kt-row-layout-equal kt-tab-layout-inherit kt-mobile-layout-row kt-row-valign-top\">\n<style>.kadence-column1049_2f8bad-e0 > .kt-inside-inner-col,.kadence-column1049_2f8bad-e0 > .kt-inside-inner-col:before{border-top-left-radius:0px;border-top-right-radius:0px;border-bottom-right-radius:0px;border-bottom-left-radius:0px;}.kadence-column1049_2f8bad-e0 > .kt-inside-inner-col{column-gap:var(--global-kb-gap-sm, 1rem);}.kadence-column1049_2f8bad-e0 > .kt-inside-inner-col{flex-direction:column;}.kadence-column1049_2f8bad-e0 > .kt-inside-inner-col > .aligncenter{width:100%;}.kadence-column1049_2f8bad-e0 > .kt-inside-inner-col:before{opacity:0.3;}.kadence-column1049_2f8bad-e0{position:relative;}@media all and (max-width: 1024px){.kadence-column1049_2f8bad-e0 > .kt-inside-inner-col{flex-direction:column;justify-content:center;}}@media all and (max-width: 767px){.kadence-column1049_2f8bad-e0 > .kt-inside-inner-col{flex-direction:column;justify-content:center;}}<\/style>\n<div class=\"wp-block-kadence-column kadence-column1049_2f8bad-e0 inner-column-1\"><div class=\"kt-inside-inner-col\"><div class=\"wp-block-image\">\n<figure class=\"aligncenter size-large is-resized\"><img loading=\"lazy\" decoding=\"async\" width=\"481\" height=\"492\" src=\"https:\/\/www.zionsgospel.com\/wp-content\/uploads\/2021\/05\/grm-logo.png\" alt=\"GRM Bible School logo\" class=\"wp-image-1013\" style=\"width:241px;height:246px\" srcset=\"https:\/\/www.zionsgospel.com\/wp-content\/uploads\/2021\/05\/grm-logo.png 481w, https:\/\/www.zionsgospel.com\/wp-content\/uploads\/2021\/05\/grm-logo-300x307.png 300w\" sizes=\"auto, (max-width: 481px) 100vw, 481px\" \/><\/figure>\n<\/div>\n\n\n<p><\/p>\n<\/div><\/div>\n\n<\/div><\/div><style>.wp-block-kadence-spacer.kt-block-spacer-1049_aebd01-52 .kt-block-spacer{height:30px;}.wp-block-kadence-spacer.kt-block-spacer-1049_aebd01-52 .kt-divider{border-top-width:1px;height:1px;border-top-color:#eee;width:80%;border-top-style:solid;}<\/style>\n<div class=\"wp-block-kadence-spacer aligncenter kt-block-spacer-1049_aebd01-52\"><div class=\"kt-block-spacer kt-block-spacer-halign-center\"><\/div><\/div>\n<style>.wp-block-kadence-advancedheading.kt-adv-heading1049_51964d-67, .wp-block-kadence-advancedheading.kt-adv-heading1049_51964d-67[data-kb-block=\"kb-adv-heading1049_51964d-67\"]{font-style:normal;}.wp-block-kadence-advancedheading.kt-adv-heading1049_51964d-67 mark.kt-highlight, .wp-block-kadence-advancedheading.kt-adv-heading1049_51964d-67[data-kb-block=\"kb-adv-heading1049_51964d-67\"] mark.kt-highlight{font-style:normal;color:#f76a0c;-webkit-box-decoration-break:clone;box-decoration-break:clone;padding-top:0px;padding-right:0px;padding-bottom:0px;padding-left:0px;}.wp-block-kadence-advancedheading.kt-adv-heading1049_51964d-67 img.kb-inline-image, .wp-block-kadence-advancedheading.kt-adv-heading1049_51964d-67[data-kb-block=\"kb-adv-heading1049_51964d-67\"] img.kb-inline-image{width:150px;vertical-align:baseline;}<\/style>\n<h3 class=\"kt-adv-heading1049_51964d-67 wp-block-kadence-advancedheading\" data-kb-block=\"kb-adv-heading1049_51964d-67\"><strong>Det er p\u00e5 tide \u00e5 utruste en ny generasjon av ledere og troende i Messias legeme<\/strong><\/h3>\n\n<p><em>Men om noen bygger p\u00e5 grunnvollen med gull, s\u00f8lv eller edelstener, med tre, h\u00f8y eller halm, skal det en gang vise seg hva slags arbeid den enkelte har gjort. Herrens dag skal gj\u00f8re det klart, for den \u00e5penbarer seg med ild, og ilden skal pr\u00f8ve hvordan den enkeltes verk er. Om det byggverket noen har reist, blir st\u00e5ende, skal han f\u00e5 sin l\u00f8nn.<\/em>\u00a0<strong>1 Korinterbrev 3:12-14.<\/strong><\/p>\n<style>.wp-block-kadence-advancedheading.kt-adv-heading1049_014d28-39, .wp-block-kadence-advancedheading.kt-adv-heading1049_014d28-39[data-kb-block=\"kb-adv-heading1049_014d28-39\"]{font-style:normal;}.wp-block-kadence-advancedheading.kt-adv-heading1049_014d28-39 mark.kt-highlight, .wp-block-kadence-advancedheading.kt-adv-heading1049_014d28-39[data-kb-block=\"kb-adv-heading1049_014d28-39\"] mark.kt-highlight{font-style:normal;color:#f76a0c;-webkit-box-decoration-break:clone;box-decoration-break:clone;padding-top:0px;padding-right:0px;padding-bottom:0px;padding-left:0px;}.wp-block-kadence-advancedheading.kt-adv-heading1049_014d28-39 img.kb-inline-image, .wp-block-kadence-advancedheading.kt-adv-heading1049_014d28-39[data-kb-block=\"kb-adv-heading1049_014d28-39\"] img.kb-inline-image{width:150px;vertical-align:baseline;}<\/style>\n<h3 class=\"kt-adv-heading1049_014d28-39 wp-block-kadence-advancedheading\" data-kb-block=\"kb-adv-heading1049_014d28-39\"><strong>Hva er GRM?<\/strong><\/h3>\n\n<p><a href=\"https:\/\/www.grmbibleinstitute.com\/\" target=\"_blank\" rel=\"noopener\">Global Revival MAP (GRM) Bible School<\/a> (Global Vekkelse MAP (GRM) bibelskole) ble f\u00f8dt i Israel og er prim\u00e6rt basert p\u00e5 den j\u00f8disk-israelske apostelen Dr. Dominiquaes livsforvandlende TV-program \u00abRevival Cry (Vekkelses-rop)\u00bb. Apostel produserte hvert program under Den Hellige \u00c5nds mektige salvelse!<\/p>\n\n<p>Denne virkningsfulle l\u00e6replanen inkluderer mange av b\u00f8kene hennes, hvis innhold har blitt plantet i hjerter over hele kloden og har blitt brukt av Den Hellige \u00c5nd til \u00e5 forvandle livene til troende siden 1995. Det florerer av vitnesbyrd\u00a0(<a rel=\"noreferrer noopener\" href=\"https:\/\/www.grmbibleschool.com\/testimonies\/\" target=\"_blank\">Testimonies<\/a>)\u00a0ettersom mennesker og menigheter har blitt p\u00e5virket av hennes materiale.<\/p>\n<style>.wp-block-kadence-advancedheading.kt-adv-heading1049_b3d950-f7, .wp-block-kadence-advancedheading.kt-adv-heading1049_b3d950-f7[data-kb-block=\"kb-adv-heading1049_b3d950-f7\"]{font-style:normal;}.wp-block-kadence-advancedheading.kt-adv-heading1049_b3d950-f7 mark.kt-highlight, .wp-block-kadence-advancedheading.kt-adv-heading1049_b3d950-f7[data-kb-block=\"kb-adv-heading1049_b3d950-f7\"] mark.kt-highlight{font-style:normal;color:#f76a0c;-webkit-box-decoration-break:clone;box-decoration-break:clone;padding-top:0px;padding-right:0px;padding-bottom:0px;padding-left:0px;}.wp-block-kadence-advancedheading.kt-adv-heading1049_b3d950-f7 img.kb-inline-image, .wp-block-kadence-advancedheading.kt-adv-heading1049_b3d950-f7[data-kb-block=\"kb-adv-heading1049_b3d950-f7\"] img.kb-inline-image{width:150px;vertical-align:baseline;}<\/style>\n<h3 class=\"kt-adv-heading1049_b3d950-f7 wp-block-kadence-advancedheading\" data-kb-block=\"kb-adv-heading1049_b3d950-f7\"><strong>Hensikt<\/strong><\/h3>\n\n<p><a href=\"https:\/\/www.grmbibleinstitute.com\/\" target=\"_blank\" rel=\"noopener\">GRM Bibelskole (GRM Bible School)<\/a> er opprettet for \u00e5 trene kunnskapsrike ledere \u2013 slike som er frie og salvede! Den er lett tilgjengelig ved helt enkelt \u00e5 koble deg p\u00e5 online fra uansett hvor du er.<\/p>\n\n<p>Vi stoler p\u00e5 at materialet som presenteres for deg gjennom GRM Bibelskole vil forandre livet ditt og livet til mange gjennom deg. Denne bibelskolen gjenoppretter det som har g\u00e5tt tapt i menigheten siden det 4. \u00e5rhundre!<\/p>\n<style>.wp-block-kadence-advancedheading.kt-adv-heading1049_3f3963-b6, .wp-block-kadence-advancedheading.kt-adv-heading1049_3f3963-b6[data-kb-block=\"kb-adv-heading1049_3f3963-b6\"]{font-style:normal;}.wp-block-kadence-advancedheading.kt-adv-heading1049_3f3963-b6 mark.kt-highlight, .wp-block-kadence-advancedheading.kt-adv-heading1049_3f3963-b6[data-kb-block=\"kb-adv-heading1049_3f3963-b6\"] mark.kt-highlight{font-style:normal;color:#f76a0c;-webkit-box-decoration-break:clone;box-decoration-break:clone;padding-top:0px;padding-right:0px;padding-bottom:0px;padding-left:0px;}.wp-block-kadence-advancedheading.kt-adv-heading1049_3f3963-b6 img.kb-inline-image, .wp-block-kadence-advancedheading.kt-adv-heading1049_3f3963-b6[data-kb-block=\"kb-adv-heading1049_3f3963-b6\"] img.kb-inline-image{width:150px;vertical-align:baseline;}<\/style>\n<h3 class=\"kt-adv-heading1049_3f3963-b6 wp-block-kadence-advancedheading\" data-kb-block=\"kb-adv-heading1049_3f3963-b6\"><strong>GRM vs. Tradisjonelt seminar<\/strong><\/h3>\n\n<p>Tradisjonelle bibelskoler har ikke svaret fordi de mangler i kirkehistorien \u2013 de j\u00f8diske r\u00f8ttene til troen og Israel. I stedet underviser de fleste bibelskoler en blanding av erstatningsteologi og Ordet. Endetidens MAP-ledere (messianske, apostoliske, profetiske) vil ikke ha noen av problemene fra erstatnings-teologien, og de vet at de er podet inn i oliventreet sammen med Israel. I stedet vil de v\u00e6re ledere som vil kjenne evangeliet slik det ble forkynt av den j\u00f8diske Messias Selv og Hans f\u00f8rste j\u00f8diske apostler, med tegn, under og mirakler som f\u00f8lger med.<\/p>\n<style>.wp-block-kadence-advancedheading.kt-adv-heading1049_acea3d-38, .wp-block-kadence-advancedheading.kt-adv-heading1049_acea3d-38[data-kb-block=\"kb-adv-heading1049_acea3d-38\"]{font-style:normal;}.wp-block-kadence-advancedheading.kt-adv-heading1049_acea3d-38 mark.kt-highlight, .wp-block-kadence-advancedheading.kt-adv-heading1049_acea3d-38[data-kb-block=\"kb-adv-heading1049_acea3d-38\"] mark.kt-highlight{font-style:normal;color:#f76a0c;-webkit-box-decoration-break:clone;box-decoration-break:clone;padding-top:0px;padding-right:0px;padding-bottom:0px;padding-left:0px;}.wp-block-kadence-advancedheading.kt-adv-heading1049_acea3d-38 img.kb-inline-image, .wp-block-kadence-advancedheading.kt-adv-heading1049_acea3d-38[data-kb-block=\"kb-adv-heading1049_acea3d-38\"] img.kb-inline-image{width:150px;vertical-align:baseline;}<\/style>\n<h3 class=\"kt-adv-heading1049_acea3d-38 wp-block-kadence-advancedheading\" data-kb-block=\"kb-adv-heading1049_acea3d-38\"><strong>Viktigheten<\/strong><\/h3>\n\n<p>I disse utfordrende tider med stormer og rystelser har det &laquo;billige n\u00e5de-evangeliet&raquo; ingen solide svar! Vi m\u00e5 omvende oss og bli gjenopprettet til frykten for YAH (Gud) p\u00e5 samme m\u00e5te som den tidlige menigheten opplevde da de vandret i mye herlighet og autoritet. Det er p\u00e5 tide at enhver menighet, som Ester, Rut og Kornelius, reiser seg og er en velsignelse for Israel ved \u00e5 bruke Abrahams n\u00f8kkel i 1. Mosebok 12:3 for \u00e5 \u00e5pne hele nasjoner for vekkelse!<\/p>\n\n<p>Hvis du er klar til \u00e5 str\u00f8mme inn i MAP-revolusjonen, hvor det 21. \u00e5rhundre vil v\u00e6re som det 1. \u00e5rhundre, kom og bli utrustet: Global Revival (Vekkelse) MAP Bibelskole vil forandre livet ditt og, gjennom deg, livet til andre.<\/p>\n<style>.wp-block-kadence-advancedheading.kt-adv-heading1049_43d525-6e, .wp-block-kadence-advancedheading.kt-adv-heading1049_43d525-6e[data-kb-block=\"kb-adv-heading1049_43d525-6e\"]{font-style:normal;}.wp-block-kadence-advancedheading.kt-adv-heading1049_43d525-6e mark.kt-highlight, .wp-block-kadence-advancedheading.kt-adv-heading1049_43d525-6e[data-kb-block=\"kb-adv-heading1049_43d525-6e\"] mark.kt-highlight{font-style:normal;color:#f76a0c;-webkit-box-decoration-break:clone;box-decoration-break:clone;padding-top:0px;padding-right:0px;padding-bottom:0px;padding-left:0px;}.wp-block-kadence-advancedheading.kt-adv-heading1049_43d525-6e img.kb-inline-image, .wp-block-kadence-advancedheading.kt-adv-heading1049_43d525-6e[data-kb-block=\"kb-adv-heading1049_43d525-6e\"] img.kb-inline-image{width:150px;vertical-align:baseline;}<\/style>\n<h3 class=\"kt-adv-heading1049_43d525-6e wp-block-kadence-advancedheading\" data-kb-block=\"kb-adv-heading1049_43d525-6e\"><strong>Er du klar? Begynn \u00e5 studere online i dag!<\/strong><\/h3>\n\n<p>En heftig, kj\u00e6rlig, hellig, mektig, sannferdig, messiansk, apostolisk, profetisk h\u00e6r oppst\u00e5r, og du er kalt til \u00e5 finne din plass som en Messias` soldat.<\/p>\n<style>.wp-block-kadence-advancedbtn.kb-btns1049_94228d-e6{gap:var(--global-kb-gap-xs, 0.5rem );justify-content:flex-start;align-items:center;}.kt-btns1049_94228d-e6 .kt-button{font-weight:normal;font-style:normal;}<\/style>\n<div class=\"wp-block-kadence-advancedbtn kb-buttons-wrap kb-btns1049_94228d-e6\"><style>ul.menu .wp-block-kadence-advancedbtn .kb-btn1049_80db81-3d.kb-button{width:initial;}<\/style><a class=\"kb-button kt-button button kb-btn1049_80db81-3d kt-btn-size-large kt-btn-width-type-auto kb-btn-global-inherit  kt-btn-has-text-true kt-btn-has-svg-false  wp-block-button__link wp-block-kadence-singlebtn\" href=\"https:\/\/www.grmbibleinstitute.com\/\" target=\"_blank\" rel=\"noopener\"><span class=\"kt-btn-inner-text\">START STUDIENE<\/span><\/a>\n\n<style>ul.menu .wp-block-kadence-advancedbtn .kb-btn1049_ab9f1c-37.kb-button{width:initial;}.wp-block-kadence-advancedbtn .kb-btn1049_ab9f1c-37.kb-button{background:var(--global-palette2, #2B6CB0);}.wp-block-kadence-advancedbtn .kb-btn1049_ab9f1c-37.kb-button:hover, .wp-block-kadence-advancedbtn .kb-btn1049_ab9f1c-37.kb-button:focus{background:#b02626;}<\/style><a class=\"kb-button kt-button button kb-btn1049_ab9f1c-37 kt-btn-size-large kt-btn-width-type-auto kb-btn-global-inherit  kt-btn-has-text-true kt-btn-has-svg-true  wp-block-button__link wp-block-kadence-singlebtn\" href=\"https:\/\/www.zionsgospel.com\/no\/gi\/\"><span class=\"kb-svg-icon-wrap kb-svg-icon-ic_heart kt-btn-icon-side-left\"><svg viewBox=\"0 0 8 8\"  fill=\"currentColor\" xmlns=\"http:\/\/www.w3.org\/2000\/svg\"  aria-hidden=\"true\"><path d=\"M2 0c-.55 0-1.04.23-1.41.59-.36.36-.59.85-.59 1.41 0 .55.23 1.04.59 1.41l3.41 3.41 3.41-3.41c.36-.36.59-.85.59-1.41 0-.55-.23-1.04-.59-1.41-.36-.36-.85-.59-1.41-.59-.55 0-1.04.23-1.41.59-.36.36-.59.85-.59 1.41 0-.55-.23-1.04-.59-1.41-.36-.36-.85-.59-1.41-.59z\" transform=\"translate(0 1)\"\/><\/svg><\/span><span class=\"kt-btn-inner-text\">DONER<\/span><\/a><\/div>\n","protected":false},"excerpt":{"rendered":"<p>Det er p\u00e5 tide \u00e5 utruste en ny generasjon av ledere og troende i Messias legeme Men om noen bygger p\u00e5 grunnvollen med gull, s\u00f8lv eller edelstener, med tre, h\u00f8y eller halm, skal det en gang vise seg hva slags arbeid den enkelte har gjort. Herrens dag skal gj\u00f8re det klart, for den \u00e5penbarer seg&#8230;<\/p>\n","protected":false},"author":1,"featured_media":0,"parent":0,"menu_order":0,"comment_status":"closed","ping_status":"closed","template":"","meta":{"give_campaign_id":0,"_kad_blocks_custom_css":"","_kad_blocks_head_custom_js":"","_kad_blocks_body_custom_js":"","_kad_blocks_footer_custom_js":"","_kad_post_transparent":"","_kad_post_title":"hide","_kad_post_layout":"","_kad_post_sidebar_id":"","_kad_post_content_style":"","_kad_post_vertical_padding":"bottom","_kad_post_feature":"","_kad_post_feature_position":"","_kad_post_header":false,"_kad_post_footer":false,"_kad_post_classname":"","footnotes":""},"class_list":["post-5631","page","type-page","status-publish","hentry"],"campaignId":"","taxonomy_info":[],"featured_image_src_large":false,"author_info":{"display_name":"W B","author_link":"https:\/\/www.zionsgospel.com\/no\/author\/victor\/"},"comment_info":0,"_links":{"self":[{"href":"https:\/\/www.zionsgospel.com\/no\/wp-json\/wp\/v2\/pages\/5631","targetHints":{"allow":["GET"]}}],"collection":[{"href":"https:\/\/www.zionsgospel.com\/no\/wp-json\/wp\/v2\/pages"}],"about":[{"href":"https:\/\/www.zionsgospel.com\/no\/wp-json\/wp\/v2\/types\/page"}],"author":[{"embeddable":true,"href":"https:\/\/www.zionsgospel.com\/no\/wp-json\/wp\/v2\/users\/1"}],"replies":[{"embeddable":true,"href":"https:\/\/www.zionsgospel.com\/no\/wp-json\/wp\/v2\/comments?post=5631"}],"version-history":[{"count":6,"href":"https:\/\/www.zionsgospel.com\/no\/wp-json\/wp\/v2\/pages\/5631\/revisions"}],"predecessor-version":[{"id":15681,"href":"https:\/\/www.zionsgospel.com\/no\/wp-json\/wp\/v2\/pages\/5631\/revisions\/15681"}],"wp:attachment":[{"href":"https:\/\/www.zionsgospel.com\/no\/wp-json\/wp\/v2\/media?parent=5631"}],"curies":[{"name":"wp","href":"https:\/\/api.w.org\/{rel}","templated":true}]}}