{"id":7140,"date":"2022-04-22T04:06:38","date_gmt":"2022-04-22T10:06:38","guid":{"rendered":"https:\/\/www.zionsgospel.com\/ecole-biblique-grm\/"},"modified":"2025-09-24T14:36:11","modified_gmt":"2025-09-24T20:36:11","slug":"ecole-biblique-grm","status":"publish","type":"page","link":"https:\/\/www.zionsgospel.com\/fr\/ecole-biblique-grm\/","title":{"rendered":"Ecole Biblique GRM"},"content":{"rendered":"<style>.kb-row-layout-id1049_67216d-b2 > .kt-row-column-wrap{align-content:start;}:where(.kb-row-layout-id1049_67216d-b2 > .kt-row-column-wrap) > .wp-block-kadence-column{justify-content:start;}.kb-row-layout-id1049_67216d-b2 > .kt-row-column-wrap{column-gap:var(--global-kb-gap-md, 2rem);row-gap:var(--global-kb-gap-md, 2rem);max-width:900px;margin-left:auto;margin-right:auto;padding-top:80px;padding-bottom:120px;grid-template-columns:minmax(0, 1fr);}.kb-row-layout-id1049_67216d-b2{background-image:url('https:\/\/www.zionsgospel.com\/wp-content\/uploads\/2025\/09\/grm-jerusalem.jpg');background-size:cover;background-position:50% 50%;background-attachment:scroll;background-repeat:no-repeat;}.kb-row-layout-id1049_67216d-b2 > .kt-row-layout-overlay{opacity:0.55;background-color:var(--global-palette5, #4A5568);mix-blend-mode:normal;}.kb-row-layout-id1049_67216d-b2 .kt-row-layout-bottom-sep{height:100px;}.kb-row-layout-id1049_67216d-b2 .kt-row-layout-bottom-sep svg{width:100%;}.kb-row-layout-id1049_67216d-b2 .kt-row-layout-bottom-sep svg{fill:#ffffff!important;}@media all and (max-width: 1024px){.kb-row-layout-id1049_67216d-b2 > .kt-row-column-wrap{grid-template-columns:minmax(0, 1fr);}}@media all and (max-width: 1024px){.kb-row-layout-id1049_67216d-b2 .kt-row-layout-bottom-sep{height:px;}}@media all and (max-width: 1024px){.kb-row-layout-id1049_67216d-b2 .kt-row-layout-bottom-sep svg{width:%;}}@media all and (max-width: 767px){.kb-row-layout-id1049_67216d-b2 > .kt-row-column-wrap{grid-template-columns:minmax(0, 1fr);}.kb-row-layout-id1049_67216d-b2 .kt-row-layout-bottom-sep{height:px;}.kb-row-layout-id1049_67216d-b2 .kt-row-layout-bottom-sep svg{width:%;}}<\/style><div class=\"kb-row-layout-wrap kb-row-layout-id1049_67216d-b2 alignfull kt-row-has-bg wp-block-kadence-rowlayout\"><div class=\"kt-row-layout-overlay kt-row-overlay-normal\"><\/div><div class=\"kt-row-layout-bottom-sep kt-row-sep-type-threelevels\"><svg viewBox=\"0 0 1000 100\" preserveAspectRatio=\"none\"><path style=\"opacity: 0.33\" d=\"M0 95L1000 0v100H0v-5z\"><\/path><path style=\"opacity: 0.66\" d=\"M0 95l1000-67.944V100H0v-5z\"><\/path><path d=\"M0 95l1000-40.887V100H0v-5z\"><\/path><\/svg><\/div><div class=\"kt-row-column-wrap kt-has-1-columns kt-row-layout-equal kt-tab-layout-inherit kt-mobile-layout-row kt-row-valign-top\">\n<style>.kadence-column1049_2f8bad-e0 > .kt-inside-inner-col,.kadence-column1049_2f8bad-e0 > .kt-inside-inner-col:before{border-top-left-radius:0px;border-top-right-radius:0px;border-bottom-right-radius:0px;border-bottom-left-radius:0px;}.kadence-column1049_2f8bad-e0 > .kt-inside-inner-col{column-gap:var(--global-kb-gap-sm, 1rem);}.kadence-column1049_2f8bad-e0 > .kt-inside-inner-col{flex-direction:column;}.kadence-column1049_2f8bad-e0 > .kt-inside-inner-col > .aligncenter{width:100%;}.kadence-column1049_2f8bad-e0 > .kt-inside-inner-col:before{opacity:0.3;}.kadence-column1049_2f8bad-e0{position:relative;}@media all and (max-width: 1024px){.kadence-column1049_2f8bad-e0 > .kt-inside-inner-col{flex-direction:column;justify-content:center;}}@media all and (max-width: 767px){.kadence-column1049_2f8bad-e0 > .kt-inside-inner-col{flex-direction:column;justify-content:center;}}<\/style>\n<div class=\"wp-block-kadence-column kadence-column1049_2f8bad-e0 inner-column-1\"><div class=\"kt-inside-inner-col\"><div class=\"wp-block-image\">\n<figure class=\"aligncenter size-large is-resized\"><img loading=\"lazy\" decoding=\"async\" width=\"481\" height=\"492\" src=\"https:\/\/www.zionsgospel.com\/wp-content\/uploads\/2021\/05\/grm-logo.png\" alt=\"GRM Bible School logo\" class=\"wp-image-1013\" style=\"width:241px;height:246px\" srcset=\"https:\/\/www.zionsgospel.com\/wp-content\/uploads\/2021\/05\/grm-logo.png 481w, https:\/\/www.zionsgospel.com\/wp-content\/uploads\/2021\/05\/grm-logo-300x307.png 300w\" sizes=\"auto, (max-width: 481px) 100vw, 481px\" \/><\/figure>\n<\/div>\n\n\n<p><\/p>\n<\/div><\/div>\n\n<\/div><\/div><style>.wp-block-kadence-spacer.kt-block-spacer-1049_aebd01-52 .kt-block-spacer{height:30px;}.wp-block-kadence-spacer.kt-block-spacer-1049_aebd01-52 .kt-divider{border-top-width:1px;height:1px;border-top-color:#eee;width:80%;border-top-style:solid;}<\/style>\n<div class=\"wp-block-kadence-spacer aligncenter kt-block-spacer-1049_aebd01-52\"><div class=\"kt-block-spacer kt-block-spacer-halign-center\"><\/div><\/div>\n<style>.wp-block-kadence-advancedheading.kt-adv-heading1049_51964d-67, .wp-block-kadence-advancedheading.kt-adv-heading1049_51964d-67[data-kb-block=\"kb-adv-heading1049_51964d-67\"]{font-style:normal;}.wp-block-kadence-advancedheading.kt-adv-heading1049_51964d-67 mark.kt-highlight, .wp-block-kadence-advancedheading.kt-adv-heading1049_51964d-67[data-kb-block=\"kb-adv-heading1049_51964d-67\"] mark.kt-highlight{font-style:normal;color:#f76a0c;-webkit-box-decoration-break:clone;box-decoration-break:clone;padding-top:0px;padding-right:0px;padding-bottom:0px;padding-left:0px;}.wp-block-kadence-advancedheading.kt-adv-heading1049_51964d-67 img.kb-inline-image, .wp-block-kadence-advancedheading.kt-adv-heading1049_51964d-67[data-kb-block=\"kb-adv-heading1049_51964d-67\"] img.kb-inline-image{width:150px;vertical-align:baseline;}<\/style>\n<h3 class=\"kt-adv-heading1049_51964d-67 wp-block-kadence-advancedheading\" data-kb-block=\"kb-adv-heading1049_51964d-67\"><strong>Il est temps d&rsquo;\u00e9quiper une nouvelle marque de leaders et de croyants dans le corps du Messie.<\/strong><\/h3>\n\n<p><em>Or, si quelqu&rsquo;un b\u00e2tit sur le fondement avec de l&rsquo;or, de l&rsquo;argent, des pierres pr\u00e9cieuses, du bois, du foin, de la paille, l&rsquo;\u0153uvre de chacun sera manifeste ; car le jour le montrera, parce qu&rsquo;il doit \u00eatre r\u00e9v\u00e9l\u00e9 par le feu, et le feu lui-m\u00eame \u00e9prouvera la qualit\u00e9 de l&rsquo;\u0153uvre de chacun. Si l&rsquo;\u0153uvre que quelqu&rsquo;un a b\u00e2tie sur elle subsiste, il recevra une r\u00e9compense.<\/em>\u00a0<strong>1 Corinthiens 3:12-14.<\/strong><\/p>\n<style>.wp-block-kadence-advancedheading.kt-adv-heading1049_014d28-39, .wp-block-kadence-advancedheading.kt-adv-heading1049_014d28-39[data-kb-block=\"kb-adv-heading1049_014d28-39\"]{font-style:normal;}.wp-block-kadence-advancedheading.kt-adv-heading1049_014d28-39 mark.kt-highlight, .wp-block-kadence-advancedheading.kt-adv-heading1049_014d28-39[data-kb-block=\"kb-adv-heading1049_014d28-39\"] mark.kt-highlight{font-style:normal;color:#f76a0c;-webkit-box-decoration-break:clone;box-decoration-break:clone;padding-top:0px;padding-right:0px;padding-bottom:0px;padding-left:0px;}.wp-block-kadence-advancedheading.kt-adv-heading1049_014d28-39 img.kb-inline-image, .wp-block-kadence-advancedheading.kt-adv-heading1049_014d28-39[data-kb-block=\"kb-adv-heading1049_014d28-39\"] img.kb-inline-image{width:150px;vertical-align:baseline;}<\/style>\n<h3 class=\"kt-adv-heading1049_014d28-39 wp-block-kadence-advancedheading\" data-kb-block=\"kb-adv-heading1049_014d28-39\"><strong>Qu&rsquo;est-ce que GRM ?<\/strong><\/h3>\n\n<p>L&rsquo;\u00e9cole biblique <a href=\"https:\/\/www.grmbibleinstitute.com\/\" target=\"_blank\" rel=\"noopener\">Global Revival MAP (GRM)<\/a> a vu le jour en Isra\u00ebl et est principalement bas\u00e9e sur le programme t\u00e9l\u00e9vis\u00e9 \u00ab\u00a0Revival Cry\u00a0\u00bb de l&rsquo;archev\u00eaque juif-isra\u00e9lien Dr Dominiquae, qui change la vie. L&rsquo;archev\u00eaque a produit chaque \u00e9mission sous l&rsquo;onction puissante du Saint-Esprit !<\/p>\n\n<p>Ce programme percutant comprend plusieurs de ses livres, dont le contenu a \u00e9t\u00e9 implant\u00e9 dans les c\u0153urs \u00e0 travers le monde et a \u00e9t\u00e9 utilis\u00e9 par le Saint-Esprit pour transformer la vie des croyants depuis 1995. Les <a rel=\"noreferrer noopener\" href=\"https:\/\/www.grmbibleschool.com\/testimonies\/\" target=\"_blank\">t\u00e9moignages<\/a>\u00a0abondent sur les personnes et les congr\u00e9gations qui ont \u00e9t\u00e9 touch\u00e9es par son mat\u00e9riel.<\/p>\n<style>.wp-block-kadence-advancedheading.kt-adv-heading1049_b3d950-f7, .wp-block-kadence-advancedheading.kt-adv-heading1049_b3d950-f7[data-kb-block=\"kb-adv-heading1049_b3d950-f7\"]{font-style:normal;}.wp-block-kadence-advancedheading.kt-adv-heading1049_b3d950-f7 mark.kt-highlight, .wp-block-kadence-advancedheading.kt-adv-heading1049_b3d950-f7[data-kb-block=\"kb-adv-heading1049_b3d950-f7\"] mark.kt-highlight{font-style:normal;color:#f76a0c;-webkit-box-decoration-break:clone;box-decoration-break:clone;padding-top:0px;padding-right:0px;padding-bottom:0px;padding-left:0px;}.wp-block-kadence-advancedheading.kt-adv-heading1049_b3d950-f7 img.kb-inline-image, .wp-block-kadence-advancedheading.kt-adv-heading1049_b3d950-f7[data-kb-block=\"kb-adv-heading1049_b3d950-f7\"] img.kb-inline-image{width:150px;vertical-align:baseline;}<\/style>\n<h3 class=\"kt-adv-heading1049_b3d950-f7 wp-block-kadence-advancedheading\" data-kb-block=\"kb-adv-heading1049_b3d950-f7\"><strong>Purpose<\/strong><\/h3>\n\n<p><a href=\"https:\/\/www.grmbibleinstitute.com\/\" target=\"_blank\" rel=\"noopener\">L&rsquo;\u00e9cole biblique GRM<\/a> a \u00e9t\u00e9 cr\u00e9\u00e9e pour former des leaders comp\u00e9tents, libres et oints ! Elle est facilement accessible en se connectant simplement en ligne, o\u00f9 que vous soyez.<\/p>\n\n<p>Nous sommes convaincus que le mat\u00e9riel qui vous est pr\u00e9sent\u00e9 \u00e0 travers l&rsquo;\u00e9cole biblique GRM changera votre vie et celle de beaucoup d&rsquo;autres \u00e0 travers vous. Cette \u00e9cole biblique restaure ce qui a \u00e9t\u00e9 perdu pour l&rsquo;\u00c9glise depuis le 4e si\u00e8cle !<\/p>\n<style>.wp-block-kadence-advancedheading.kt-adv-heading1049_3f3963-b6, .wp-block-kadence-advancedheading.kt-adv-heading1049_3f3963-b6[data-kb-block=\"kb-adv-heading1049_3f3963-b6\"]{font-style:normal;}.wp-block-kadence-advancedheading.kt-adv-heading1049_3f3963-b6 mark.kt-highlight, .wp-block-kadence-advancedheading.kt-adv-heading1049_3f3963-b6[data-kb-block=\"kb-adv-heading1049_3f3963-b6\"] mark.kt-highlight{font-style:normal;color:#f76a0c;-webkit-box-decoration-break:clone;box-decoration-break:clone;padding-top:0px;padding-right:0px;padding-bottom:0px;padding-left:0px;}.wp-block-kadence-advancedheading.kt-adv-heading1049_3f3963-b6 img.kb-inline-image, .wp-block-kadence-advancedheading.kt-adv-heading1049_3f3963-b6[data-kb-block=\"kb-adv-heading1049_3f3963-b6\"] img.kb-inline-image{width:150px;vertical-align:baseline;}<\/style>\n<h3 class=\"kt-adv-heading1049_3f3963-b6 wp-block-kadence-advancedheading\" data-kb-block=\"kb-adv-heading1049_3f3963-b6\"><strong>GRM vs. S\u00e9minaire traditionnel<\/strong><\/h3>\n\n<p>Les \u00e9coles bibliques traditionnelles n&rsquo;ont pas la r\u00e9ponse car elles manquent cruellement d&rsquo;histoire de l&rsquo;\u00c9glise &#8211; les racines juives de la foi et d&rsquo;Isra\u00ebl. Au lieu de cela, la plupart des \u00e9coles bibliques enseignent un m\u00e9lange de th\u00e9ologie de remplacement et de la Parole. Les leaders MAP (messianique, apostolique, proph\u00e9tique) de la fin des temps n&rsquo;auront aucun des blocages de la th\u00e9ologie de remplacement et sauront qu&rsquo;ils sont greff\u00e9s sur l&rsquo;olivier avec Isra\u00ebl. Au contraire, ils seront des leaders qui conna\u00eetront l&rsquo;\u00c9vangile tel qu&rsquo;il a \u00e9t\u00e9 pr\u00each\u00e9 par le Messie juif lui-m\u00eame et ses premiers ap\u00f4tres juifs, avec les signes, les prodiges et les miracles qui ont suivi.<\/p>\n<style>.wp-block-kadence-advancedheading.kt-adv-heading1049_acea3d-38, .wp-block-kadence-advancedheading.kt-adv-heading1049_acea3d-38[data-kb-block=\"kb-adv-heading1049_acea3d-38\"]{font-style:normal;}.wp-block-kadence-advancedheading.kt-adv-heading1049_acea3d-38 mark.kt-highlight, .wp-block-kadence-advancedheading.kt-adv-heading1049_acea3d-38[data-kb-block=\"kb-adv-heading1049_acea3d-38\"] mark.kt-highlight{font-style:normal;color:#f76a0c;-webkit-box-decoration-break:clone;box-decoration-break:clone;padding-top:0px;padding-right:0px;padding-bottom:0px;padding-left:0px;}.wp-block-kadence-advancedheading.kt-adv-heading1049_acea3d-38 img.kb-inline-image, .wp-block-kadence-advancedheading.kt-adv-heading1049_acea3d-38[data-kb-block=\"kb-adv-heading1049_acea3d-38\"] img.kb-inline-image{width:150px;vertical-align:baseline;}<\/style>\n<h3 class=\"kt-adv-heading1049_acea3d-38 wp-block-kadence-advancedheading\" data-kb-block=\"kb-adv-heading1049_acea3d-38\"><strong>L\u2019Importance<\/strong><\/h3>\n\n<p>En ces temps \u00e9prouvants de temp\u00eates et de secousses, \u00a0\u00bb l&rsquo;\u00e9vangile de la gr\u00e2ce bon march\u00e9 \u00a0\u00bb n&rsquo;a pas de r\u00e9ponses solides ! Nous devons nous repentir et \u00eatre restaur\u00e9s dans la crainte de YAH (Dieu) de la m\u00eame mani\u00e8re que l&rsquo;\u00c9glise primitive l&rsquo;a exp\u00e9riment\u00e9 lorsqu&rsquo;elle marchait dans la gloire et l&rsquo;autorit\u00e9. Il est temps qu&rsquo;une \u00c9glise, comme Esther, Ruth et Cornelius, se l\u00e8ve et soit une b\u00e9n\u00e9diction pour Isra\u00ebl en utilisant la cl\u00e9 d&rsquo;Abraham de Gen\u00e8se 12:3 pour ouvrir des nations enti\u00e8res au r\u00e9veil !<\/p>\n\n<p>Si vous \u00eates pr\u00eat \u00e0 vous lancer dans la r\u00e9volution MAP, o\u00f9 le 21e si\u00e8cle sera comme le 1er si\u00e8cle, venez vous \u00e9quiper : l&rsquo;\u00e9cole biblique MAP du R\u00e9veil mondial changera votre vie et, \u00e0 travers vous, la vie des autres.<\/p>\n<style>.wp-block-kadence-advancedheading.kt-adv-heading1049_43d525-6e, .wp-block-kadence-advancedheading.kt-adv-heading1049_43d525-6e[data-kb-block=\"kb-adv-heading1049_43d525-6e\"]{font-style:normal;}.wp-block-kadence-advancedheading.kt-adv-heading1049_43d525-6e mark.kt-highlight, .wp-block-kadence-advancedheading.kt-adv-heading1049_43d525-6e[data-kb-block=\"kb-adv-heading1049_43d525-6e\"] mark.kt-highlight{font-style:normal;color:#f76a0c;-webkit-box-decoration-break:clone;box-decoration-break:clone;padding-top:0px;padding-right:0px;padding-bottom:0px;padding-left:0px;}.wp-block-kadence-advancedheading.kt-adv-heading1049_43d525-6e img.kb-inline-image, .wp-block-kadence-advancedheading.kt-adv-heading1049_43d525-6e[data-kb-block=\"kb-adv-heading1049_43d525-6e\"] img.kb-inline-image{width:150px;vertical-align:baseline;}<\/style>\n<h3 class=\"kt-adv-heading1049_43d525-6e wp-block-kadence-advancedheading\" data-kb-block=\"kb-adv-heading1049_43d525-6e\"><strong>Es-tu pr\u00eat ? Commencez \u00e0 \u00e9tudier en ligne d\u00e8s aujourd&rsquo;hui !<\/strong><\/h3>\n\n<p>Une arm\u00e9e f\u00e9roce, aimante, sainte, puissante, v\u00e9ridique, messianique, apostolique et proph\u00e9tique se l\u00e8ve, et vous \u00eates appel\u00e9s \u00e0 prendre votre position en tant que soldat du Messie.<\/p>\n<style>.wp-block-kadence-advancedbtn.kb-btns1049_94228d-e6{gap:var(--global-kb-gap-xs, 0.5rem );justify-content:flex-start;align-items:center;}.kt-btns1049_94228d-e6 .kt-button{font-weight:normal;font-style:normal;}<\/style>\n<div class=\"wp-block-kadence-advancedbtn kb-buttons-wrap kb-btns1049_94228d-e6\"><style>ul.menu .wp-block-kadence-advancedbtn .kb-btn1049_80db81-3d.kb-button{width:initial;}<\/style><a class=\"kb-button kt-button button kb-btn1049_80db81-3d kt-btn-size-large kt-btn-width-type-auto kb-btn-global-inherit  kt-btn-has-text-true kt-btn-has-svg-false  wp-block-button__link wp-block-kadence-singlebtn\" href=\"https:\/\/www.grmbibleinstitute.com\/\" target=\"_blank\" rel=\"noopener\"><span class=\"kt-btn-inner-text\">COMMENCEZ VOS \u00c9TUDES<\/span><\/a>\n\n<style>ul.menu .wp-block-kadence-advancedbtn .kb-btn1049_ab9f1c-37.kb-button{width:initial;}.wp-block-kadence-advancedbtn .kb-btn1049_ab9f1c-37.kb-button{background:var(--global-palette2, #2B6CB0);}.wp-block-kadence-advancedbtn .kb-btn1049_ab9f1c-37.kb-button:hover, .wp-block-kadence-advancedbtn .kb-btn1049_ab9f1c-37.kb-button:focus{background:#b02626;}<\/style><a class=\"kb-button kt-button button kb-btn1049_ab9f1c-37 kt-btn-size-large kt-btn-width-type-auto kb-btn-global-inherit  kt-btn-has-text-true kt-btn-has-svg-true  wp-block-button__link wp-block-kadence-singlebtn\" href=\"https:\/\/www.zionsgospel.com\/fr\/faire-un-don\/\"><span class=\"kb-svg-icon-wrap kb-svg-icon-ic_heart kt-btn-icon-side-left\"><svg viewBox=\"0 0 8 8\"  fill=\"currentColor\" xmlns=\"http:\/\/www.w3.org\/2000\/svg\"  aria-hidden=\"true\"><path d=\"M2 0c-.55 0-1.04.23-1.41.59-.36.36-.59.85-.59 1.41 0 .55.23 1.04.59 1.41l3.41 3.41 3.41-3.41c.36-.36.59-.85.59-1.41 0-.55-.23-1.04-.59-1.41-.36-.36-.85-.59-1.41-.59-.55 0-1.04.23-1.41.59-.36.36-.59.85-.59 1.41 0-.55-.23-1.04-.59-1.41-.36-.36-.85-.59-1.41-.59z\" transform=\"translate(0 1)\"\/><\/svg><\/span><span class=\"kt-btn-inner-text\">FAITES UN DON \u00c0<\/span><\/a><\/div>\n","protected":false},"excerpt":{"rendered":"<p>Il est temps d&rsquo;\u00e9quiper une nouvelle marque de leaders et de croyants dans le corps du Messie. Or, si quelqu&rsquo;un b\u00e2tit sur le fondement avec de l&rsquo;or, de l&rsquo;argent, des pierres pr\u00e9cieuses, du bois, du foin, de la paille, l&rsquo;\u0153uvre de chacun sera manifeste ; car le jour le montrera, parce qu&rsquo;il doit \u00eatre r\u00e9v\u00e9l\u00e9&#8230;<\/p>\n","protected":false},"author":1,"featured_media":0,"parent":0,"menu_order":0,"comment_status":"closed","ping_status":"closed","template":"","meta":{"give_campaign_id":0,"_kad_blocks_custom_css":"","_kad_blocks_head_custom_js":"","_kad_blocks_body_custom_js":"","_kad_blocks_footer_custom_js":"","_kad_post_transparent":"","_kad_post_title":"hide","_kad_post_layout":"","_kad_post_sidebar_id":"","_kad_post_content_style":"","_kad_post_vertical_padding":"bottom","_kad_post_feature":"","_kad_post_feature_position":"","_kad_post_header":false,"_kad_post_footer":false,"_kad_post_classname":"","footnotes":""},"class_list":["post-7140","page","type-page","status-publish","hentry"],"campaignId":"","taxonomy_info":[],"featured_image_src_large":false,"author_info":{"display_name":"W B","author_link":"https:\/\/www.zionsgospel.com\/fr\/author\/victor\/"},"comment_info":0,"_links":{"self":[{"href":"https:\/\/www.zionsgospel.com\/fr\/wp-json\/wp\/v2\/pages\/7140","targetHints":{"allow":["GET"]}}],"collection":[{"href":"https:\/\/www.zionsgospel.com\/fr\/wp-json\/wp\/v2\/pages"}],"about":[{"href":"https:\/\/www.zionsgospel.com\/fr\/wp-json\/wp\/v2\/types\/page"}],"author":[{"embeddable":true,"href":"https:\/\/www.zionsgospel.com\/fr\/wp-json\/wp\/v2\/users\/1"}],"replies":[{"embeddable":true,"href":"https:\/\/www.zionsgospel.com\/fr\/wp-json\/wp\/v2\/comments?post=7140"}],"version-history":[{"count":4,"href":"https:\/\/www.zionsgospel.com\/fr\/wp-json\/wp\/v2\/pages\/7140\/revisions"}],"predecessor-version":[{"id":15679,"href":"https:\/\/www.zionsgospel.com\/fr\/wp-json\/wp\/v2\/pages\/7140\/revisions\/15679"}],"wp:attachment":[{"href":"https:\/\/www.zionsgospel.com\/fr\/wp-json\/wp\/v2\/media?parent=7140"}],"curies":[{"name":"wp","href":"https:\/\/api.w.org\/{rel}","templated":true}]}}