{"id":5652,"date":"2022-01-30T16:08:41","date_gmt":"2022-01-30T22:08:41","guid":{"rendered":"https:\/\/www.zionsgospel.com\/que-faisons-nous\/"},"modified":"2025-09-24T14:06:29","modified_gmt":"2025-09-24T20:06:29","slug":"que-faisons-nous","status":"publish","type":"page","link":"https:\/\/www.zionsgospel.com\/fr\/que-faisons-nous\/","title":{"rendered":"Que faisons-nous"},"content":{"rendered":"<style>.kb-row-layout-wrap.wp-block-kadence-rowlayout.kb-row-layout-id977_00ecbf-ab{margin-bottom:3em;}.kb-row-layout-id977_00ecbf-ab > .kt-row-column-wrap{align-content:start;}:where(.kb-row-layout-id977_00ecbf-ab > .kt-row-column-wrap) > .wp-block-kadence-column{justify-content:start;}.kb-row-layout-id977_00ecbf-ab > .kt-row-column-wrap{column-gap:var(--global-kb-gap-md, 2rem);row-gap:var(--global-kb-gap-md, 2rem);max-width:900px;margin-left:auto;margin-right:auto;padding-top:100px;padding-bottom:140px;grid-template-columns:minmax(0, 1fr);}.kb-row-layout-id977_00ecbf-ab{background-image:url('https:\/\/www.zionsgospel.com\/wp-content\/uploads\/2021\/05\/kt_01_background_image.jpg');background-size:cover;background-position:50% 25%;background-attachment:scroll;background-repeat:no-repeat;}.kb-row-layout-id977_00ecbf-ab > .kt-row-layout-overlay{opacity:1;background:linear-gradient(180deg, var(--global-palette3) 0%, rgba(74, 85, 104, 0) 50%);mix-blend-mode:normal;}.kb-row-layout-id977_00ecbf-ab .kt-row-layout-bottom-sep{height:100px;}.kb-row-layout-id977_00ecbf-ab .kt-row-layout-bottom-sep svg{width:100%;}.kb-row-layout-id977_00ecbf-ab .kt-row-layout-bottom-sep svg{fill:#ffffff!important;}@media all and (max-width: 1024px){.kb-row-layout-id977_00ecbf-ab > .kt-row-column-wrap{grid-template-columns:minmax(0, 1fr);}}@media all and (max-width: 1024px){.kb-row-layout-id977_00ecbf-ab .kt-row-layout-bottom-sep{height:px;}}@media all and (max-width: 1024px){.kb-row-layout-id977_00ecbf-ab .kt-row-layout-bottom-sep svg{width:%;}}@media all and (max-width: 767px){.kb-row-layout-id977_00ecbf-ab > .kt-row-column-wrap{grid-template-columns:minmax(0, 1fr);}.kb-row-layout-id977_00ecbf-ab .kt-row-layout-bottom-sep{height:px;}.kb-row-layout-id977_00ecbf-ab .kt-row-layout-bottom-sep svg{width:%;}}<\/style><div class=\"kb-row-layout-wrap kb-row-layout-id977_00ecbf-ab alignfull kt-row-has-bg wp-block-kadence-rowlayout\"><div class=\"kt-row-layout-overlay kt-row-overlay-gradient\"><\/div><div class=\"kt-row-layout-bottom-sep kt-row-sep-type-ctd\"><svg viewBox=\"0 0 1000 100\" preserveAspectRatio=\"none\"><path d=\"M1000,0l-500,98l-500,-98l0,100l1000,0l0,-100Z\" style=\"opacity: 0.4\" \/><path d=\"M1000,20l-500,78l-500,-78l0,80l1000,0l0,-80Z\" \/><\/svg><\/div><div class=\"kt-row-column-wrap kt-has-1-columns kt-row-layout-equal kt-tab-layout-inherit kt-mobile-layout-row kt-row-valign-top\">\n<style>.kadence-column977_2a77c1-bc > .kt-inside-inner-col,.kadence-column977_2a77c1-bc > .kt-inside-inner-col:before{border-top-left-radius:0px;border-top-right-radius:0px;border-bottom-right-radius:0px;border-bottom-left-radius:0px;}.kadence-column977_2a77c1-bc > .kt-inside-inner-col{column-gap:var(--global-kb-gap-sm, 1rem);}.kadence-column977_2a77c1-bc > .kt-inside-inner-col{flex-direction:column;}.kadence-column977_2a77c1-bc > .kt-inside-inner-col > .aligncenter{width:100%;}.kadence-column977_2a77c1-bc > .kt-inside-inner-col:before{opacity:0.3;}.kadence-column977_2a77c1-bc{position:relative;}@media all and (max-width: 1024px){.kadence-column977_2a77c1-bc > .kt-inside-inner-col{flex-direction:column;justify-content:center;}}@media all and (max-width: 767px){.kadence-column977_2a77c1-bc > .kt-inside-inner-col{flex-direction:column;justify-content:center;}}<\/style>\n<div class=\"wp-block-kadence-column kadence-column977_2a77c1-bc inner-column-1\"><div class=\"kt-inside-inner-col\"><style>.wp-block-kadence-advancedheading.kt-adv-heading977_d0510a-33, .wp-block-kadence-advancedheading.kt-adv-heading977_d0510a-33[data-kb-block=\"kb-adv-heading977_d0510a-33\"]{text-align:center;font-size:4em;line-height:1.3em;font-style:normal;text-transform:uppercase;color:#ffffff;text-shadow:1px 1px 5px rgba(0,0,0,0.5);}.wp-block-kadence-advancedheading.kt-adv-heading977_d0510a-33 mark.kt-highlight, .wp-block-kadence-advancedheading.kt-adv-heading977_d0510a-33[data-kb-block=\"kb-adv-heading977_d0510a-33\"] mark.kt-highlight{font-style:normal;color:#f76a0c;-webkit-box-decoration-break:clone;box-decoration-break:clone;padding-top:0px;padding-right:0px;padding-bottom:0px;padding-left:0px;}.wp-block-kadence-advancedheading.kt-adv-heading977_d0510a-33 img.kb-inline-image, .wp-block-kadence-advancedheading.kt-adv-heading977_d0510a-33[data-kb-block=\"kb-adv-heading977_d0510a-33\"] img.kb-inline-image{width:150px;vertical-align:baseline;}@media all and (max-width: 1024px){.wp-block-kadence-advancedheading.kt-adv-heading977_d0510a-33, .wp-block-kadence-advancedheading.kt-adv-heading977_d0510a-33[data-kb-block=\"kb-adv-heading977_d0510a-33\"]{text-shadow:1px 1px 5px rgba(0,0,0,0.5);}}@media all and (max-width: 767px){.wp-block-kadence-advancedheading.kt-adv-heading977_d0510a-33, .wp-block-kadence-advancedheading.kt-adv-heading977_d0510a-33[data-kb-block=\"kb-adv-heading977_d0510a-33\"]{text-shadow:1px 1px 5px rgba(0,0,0,0.5);}}<\/style>\n<h2 class=\"kt-adv-heading977_d0510a-33 wp-block-kadence-advancedheading\" data-kb-block=\"kb-adv-heading977_d0510a-33\">Que faisons-nous?<\/h2>\n<\/div><\/div>\n\n<\/div><\/div>\n<p>En tant que membres du monde entier, nous, les <em><a href=\"https:\/\/unitednationsforisrael.org\/\" target=\"_blank\" rel=\"noopener\">Nations Unies pour Isra\u00ebl<\/a><\/em> et partenaires de <em><a href=\"https:\/\/kad-esh.org\/\" target=\"_blank\" rel=\"noopener\">Kad-Esh MAP Ministries<\/a><\/em>, louons Yah (Dieu) pour sa mis\u00e9ricorde \u00e0 travers le point de contact de l&rsquo;archev\u00eaque Dominiquae et du rabbin Baruch Bierman. Ces deux ap\u00f4tres juifs se tiennent dans l&rsquo;intervalle devant le Dieu d&rsquo;Isra\u00ebl pour demander la mis\u00e9ricorde sur nos nations pour deux raisons principales.<\/p>\n\n<ul class=\"wp-block-list\">\n<li>Politique anti-biblique : Haine envers le peuple juif et Isra\u00ebl<\/li>\n\n\n\n<li>Doctrine anti-biblique : Observation des f\u00eates pa\u00efennes et th\u00e9ologie du remplacement.<\/li>\n<\/ul>\n\n<p>En tant qu&rsquo;Isra\u00e9liens et Juifs, ils ont \u00e9t\u00e9 envoy\u00e9s en Am\u00e9rique, o\u00f9 ils se tiennent maintenant dans la br\u00e8che pour les \u00c9tats-Unis avec des actes de repentance aux portes cl\u00e9s de l&rsquo;Est, y compris St. Augustine en Floride, Williamsburg en Virginie, New York City, New York ; et Orlando en Floride. Yah (Dieu) a entendu et a r\u00e9pondu favorablement ! A Lui soit toute la gloire !<\/p>\n\n<p>Dans plus de 30 pays, des membres dirigent des congr\u00e9gations, transmettent les racines juives de la foi et accomplissent des actes de restitution au peuple juif. Une pl\u00e9thore de signes, de prodiges et de miracles ont lieu ! Lisez quelques-uns de nos <a href=\"https:\/\/kad-esh.org\/testimonies\/\" target=\"_blank\" rel=\"noopener\">t\u00e9moignages<\/a>.<\/p>\n\n<p>Une renaissance spirituelle a lieu alors que nous continuons \u00e0 prier, \u00e0 louer, \u00e0 nous repentir et \u00e0 nous tenir dans la br\u00e8che devant le Dieu d&rsquo;Isra\u00ebl. En effet, l&rsquo;\u0153uvre de repentance pour le grand r\u00e9veil promis ne fait que commencer ! Alors faites \u00e9quipe avec nous pour \u00eatre un catalyseur du r\u00e9veil dans votre nation !<\/p>\n<style>.wp-block-kadence-advancedbtn.kb-btns977_256202-93{gap:var(--global-kb-gap-xs, 0.5rem );justify-content:center;align-items:center;}.kt-btns977_256202-93 .kt-button{font-weight:normal;font-style:normal;}<\/style>\n<div class=\"wp-block-kadence-advancedbtn kb-buttons-wrap kb-btns977_256202-93\"><style>ul.menu .wp-block-kadence-advancedbtn .kb-btn977_245110-85.kb-button{width:initial;}<\/style><a class=\"kb-button kt-button button kb-btn977_245110-85 kt-btn-size-large kt-btn-width-type-auto kb-btn-global-inherit  kt-btn-has-text-true kt-btn-has-svg-false  wp-block-button__link wp-block-kadence-singlebtn\" href=\"https:\/\/unitednationsforisrael.org\/membership-options\/\" target=\"_blank\" rel=\"noopener\"><span class=\"kt-btn-inner-text\">Devenez membre des Nations Unies pour Isra\u00ebl<\/span><\/a>\n\n<style>ul.menu .wp-block-kadence-advancedbtn .kb-btn977_9a116b-af.kb-button{width:initial;}.wp-block-kadence-advancedbtn .kb-btn977_9a116b-af.kb-button{background:var(--global-palette2, #2B6CB0);}.wp-block-kadence-advancedbtn .kb-btn977_9a116b-af.kb-button:hover, .wp-block-kadence-advancedbtn .kb-btn977_9a116b-af.kb-button:focus{background:#b02626;}<\/style><a class=\"kb-button kt-button button kb-btn977_9a116b-af kt-btn-size-large kt-btn-width-type-auto kb-btn-global-inherit  kt-btn-has-text-true kt-btn-has-svg-true  wp-block-button__link wp-block-kadence-singlebtn\" href=\"https:\/\/unitednationsforisrael.org\/unify-donations\/\" target=\"_blank\" rel=\"noopener\"><span class=\"kb-svg-icon-wrap kb-svg-icon-ic_heart kt-btn-icon-side-left\"><svg viewBox=\"0 0 8 8\"  fill=\"currentColor\" xmlns=\"http:\/\/www.w3.org\/2000\/svg\"  aria-hidden=\"true\"><path d=\"M2 0c-.55 0-1.04.23-1.41.59-.36.36-.59.85-.59 1.41 0 .55.23 1.04.59 1.41l3.41 3.41 3.41-3.41c.36-.36.59-.85.59-1.41 0-.55-.23-1.04-.59-1.41-.36-.36-.85-.59-1.41-.59-.55 0-1.04.23-1.41.59-.36.36-.59.85-.59 1.41 0-.55-.23-1.04-.59-1.41-.36-.36-.85-.59-1.41-.59z\" transform=\"translate(0 1)\"\/><\/svg><\/span><span class=\"kt-btn-inner-text\">Faites un don<\/span><\/a><\/div>\n","protected":false},"excerpt":{"rendered":"<p>Que faisons-nous? En tant que membres du monde entier, nous, les Nations Unies pour Isra\u00ebl et partenaires de Kad-Esh MAP Ministries, louons Yah (Dieu) pour sa mis\u00e9ricorde \u00e0 travers le point de contact de l&rsquo;archev\u00eaque Dominiquae et du rabbin Baruch Bierman. Ces deux ap\u00f4tres juifs se tiennent dans l&rsquo;intervalle devant le Dieu d&rsquo;Isra\u00ebl pour demander&#8230;<\/p>\n","protected":false},"author":1,"featured_media":0,"parent":0,"menu_order":0,"comment_status":"closed","ping_status":"closed","template":"","meta":{"give_campaign_id":0,"_kad_blocks_custom_css":"","_kad_blocks_head_custom_js":"","_kad_blocks_body_custom_js":"","_kad_blocks_footer_custom_js":"","_kad_post_transparent":"default","_kad_post_title":"hide","_kad_post_layout":"","_kad_post_sidebar_id":"","_kad_post_content_style":"","_kad_post_vertical_padding":"bottom","_kad_post_feature":"","_kad_post_feature_position":"","_kad_post_header":false,"_kad_post_footer":false,"_kad_post_classname":"","footnotes":""},"class_list":["post-5652","page","type-page","status-publish","hentry"],"campaignId":"","taxonomy_info":[],"featured_image_src_large":false,"author_info":{"display_name":"W B","author_link":"https:\/\/www.zionsgospel.com\/fr\/author\/victor\/"},"comment_info":0,"_links":{"self":[{"href":"https:\/\/www.zionsgospel.com\/fr\/wp-json\/wp\/v2\/pages\/5652","targetHints":{"allow":["GET"]}}],"collection":[{"href":"https:\/\/www.zionsgospel.com\/fr\/wp-json\/wp\/v2\/pages"}],"about":[{"href":"https:\/\/www.zionsgospel.com\/fr\/wp-json\/wp\/v2\/types\/page"}],"author":[{"embeddable":true,"href":"https:\/\/www.zionsgospel.com\/fr\/wp-json\/wp\/v2\/users\/1"}],"replies":[{"embeddable":true,"href":"https:\/\/www.zionsgospel.com\/fr\/wp-json\/wp\/v2\/comments?post=5652"}],"version-history":[{"count":3,"href":"https:\/\/www.zionsgospel.com\/fr\/wp-json\/wp\/v2\/pages\/5652\/revisions"}],"predecessor-version":[{"id":15658,"href":"https:\/\/www.zionsgospel.com\/fr\/wp-json\/wp\/v2\/pages\/5652\/revisions\/15658"}],"wp:attachment":[{"href":"https:\/\/www.zionsgospel.com\/fr\/wp-json\/wp\/v2\/media?parent=5652"}],"curies":[{"name":"wp","href":"https:\/\/api.w.org\/{rel}","templated":true}]}}