{"id":7719,"date":"2022-07-07T15:29:55","date_gmt":"2022-07-07T21:29:55","guid":{"rendered":"https:\/\/www.zionsgospel.com\/shop\/hamahakki-joka-selviytyi-hurrikaani-irmasta\/"},"modified":"2022-07-07T15:29:55","modified_gmt":"2022-07-07T21:29:55","slug":"hamahakki-joka-selviytyi-hurrikaani-irmasta","status":"publish","type":"product","link":"https:\/\/www.zionsgospel.com\/fi\/shop\/hamahakki-joka-selviytyi-hurrikaani-irmasta\/","title":{"rendered":"H\u00e4m\u00e4h\u00e4kki Joka Selviytyi Hurrikaani Irmasta"},"content":{"rendered":"","protected":false},"excerpt":{"rendered":"<p>H\u00c4M\u00c4H\u00c4KKI JOKA SELVISI HURRIKAANI IRMASTA<br \/>\nT\u00e4m\u00e4 hurrikaanivaroitus ei ole vitsi<br \/>\nArkkipiispa Dominiquae Biermanilta<\/p>\n<p><strong>Downloads are available after checkout.<\/strong><\/p>\n","protected":false},"featured_media":7709,"comment_status":"closed","ping_status":"closed","template":"","meta":{"give_campaign_id":0,"_kad_blocks_custom_css":"","_kad_blocks_head_custom_js":"","_kad_blocks_body_custom_js":"","_kad_blocks_footer_custom_js":"","_kad_post_transparent":"","_kad_post_title":"","_kad_post_layout":"","_kad_post_sidebar_id":"","_kad_post_content_style":"","_kad_post_vertical_padding":"","_kad_post_feature":"","_kad_post_feature_position":"","_kad_post_header":false,"_kad_post_footer":false,"_kad_post_classname":""},"product_brand":[],"product_cat":[346],"product_tag":[],"class_list":{"0":"post-7719","1":"product","2":"type-product","3":"status-publish","4":"has-post-thumbnail","6":"product_cat-ilmaiset-e-kirjat","8":"first","9":"instock","10":"shipping-taxable","11":"purchasable","12":"product-type-variable","13":"entry","14":"content-bg","15":"loop-entry"},"taxonomy_info":{"product_cat":[{"value":346,"label":"Ilmaiset E-kirjat"}]},"featured_image_src_large":["https:\/\/www.zionsgospel.com\/wp-content\/uploads\/2022\/07\/The-Spider-That-Survived-Hurricane-Irma-722x1024.jpg",722,1024,true],"author_info":[],"comment_info":0,"_links":{"self":[{"href":"https:\/\/www.zionsgospel.com\/fi\/wp-json\/wp\/v2\/product\/7719","targetHints":{"allow":["GET"]}}],"collection":[{"href":"https:\/\/www.zionsgospel.com\/fi\/wp-json\/wp\/v2\/product"}],"about":[{"href":"https:\/\/www.zionsgospel.com\/fi\/wp-json\/wp\/v2\/types\/product"}],"replies":[{"embeddable":true,"href":"https:\/\/www.zionsgospel.com\/fi\/wp-json\/wp\/v2\/comments?post=7719"}],"wp:featuredmedia":[{"embeddable":true,"href":"https:\/\/www.zionsgospel.com\/fi\/wp-json\/wp\/v2\/media\/7709"}],"wp:attachment":[{"href":"https:\/\/www.zionsgospel.com\/fi\/wp-json\/wp\/v2\/media?parent=7719"}],"wp:term":[{"taxonomy":"product_brand","embeddable":true,"href":"https:\/\/www.zionsgospel.com\/fi\/wp-json\/wp\/v2\/product_brand?post=7719"},{"taxonomy":"product_cat","embeddable":true,"href":"https:\/\/www.zionsgospel.com\/fi\/wp-json\/wp\/v2\/product_cat?post=7719"},{"taxonomy":"product_tag","embeddable":true,"href":"https:\/\/www.zionsgospel.com\/fi\/wp-json\/wp\/v2\/product_tag?post=7719"}],"curies":[{"name":"wp","href":"https:\/\/api.w.org\/{rel}","templated":true}]}}