{"id":7480,"date":"2022-07-07T14:52:02","date_gmt":"2022-07-07T20:52:07","guid":{"rendered":"https:\/\/www.zionsgospel.com\/?post_type=product&#038;p=7480"},"modified":"2023-03-15T09:18:52","modified_gmt":"2023-03-15T15:18:52","slug":"map-vallankumous-ilmaiset-e-kirja","status":"publish","type":"product","link":"https:\/\/www.zionsgospel.com\/fi\/shop\/map-vallankumous-ilmaiset-e-kirja\/","title":{"rendered":"MAP Vallankumous"},"content":{"rendered":"","protected":false},"excerpt":{"rendered":"<p>Nyt on meneill\u00e4\u00e4n Hengellinen Vallankumous, jota ei voida pys\u00e4ytt\u00e4\u00e4! Taivaallisen Sofarin \u00e4\u00e4ni kutsuu Messiaan Morsianta tulemaan ulos 1900 vuotta vallinneesta pett\u00e4v\u00e4st\u00e4 korvausteologiasta takaisin uskon alkuper\u00e4isille, heprealaisille perustuksille \u2013 Jeshua on valmiina palaamaan. OLETKO SIN\u00c4 VALMIS? T\u00e4m\u00e4n kirjan nimi voisi olla my\u00f6s ANTIKRISTUS PALJASTETTUNA!<\/p>\n","protected":false},"featured_media":5281,"comment_status":"closed","ping_status":"closed","template":"","meta":{"give_campaign_id":0,"_kad_blocks_custom_css":"","_kad_blocks_head_custom_js":"","_kad_blocks_body_custom_js":"","_kad_blocks_footer_custom_js":"","_kad_post_transparent":"","_kad_post_title":"","_kad_post_layout":"","_kad_post_sidebar_id":"","_kad_post_content_style":"","_kad_post_vertical_padding":"","_kad_post_feature":"","_kad_post_feature_position":"","_kad_post_header":false,"_kad_post_footer":false,"_kad_post_classname":""},"product_brand":[],"product_cat":[346],"product_tag":[],"class_list":{"0":"post-7480","1":"product","2":"type-product","3":"status-publish","4":"has-post-thumbnail","6":"product_cat-ilmaiset-e-kirjat","7":"product_shipping_class-all-products-fi","9":"first","10":"instock","11":"shipping-taxable","12":"purchasable","13":"product-type-variable","14":"entry","15":"content-bg","16":"loop-entry"},"taxonomy_info":{"product_cat":[{"value":346,"label":"Ilmaiset E-kirjat"}]},"featured_image_src_large":["https:\/\/www.zionsgospel.com\/wp-content\/uploads\/2021\/07\/The-MAP-Revolution-E-Book-Cover-664x1024.jpg",664,1024,true],"author_info":[],"comment_info":0,"_links":{"self":[{"href":"https:\/\/www.zionsgospel.com\/fi\/wp-json\/wp\/v2\/product\/7480","targetHints":{"allow":["GET"]}}],"collection":[{"href":"https:\/\/www.zionsgospel.com\/fi\/wp-json\/wp\/v2\/product"}],"about":[{"href":"https:\/\/www.zionsgospel.com\/fi\/wp-json\/wp\/v2\/types\/product"}],"replies":[{"embeddable":true,"href":"https:\/\/www.zionsgospel.com\/fi\/wp-json\/wp\/v2\/comments?post=7480"}],"wp:featuredmedia":[{"embeddable":true,"href":"https:\/\/www.zionsgospel.com\/fi\/wp-json\/wp\/v2\/media\/5281"}],"wp:attachment":[{"href":"https:\/\/www.zionsgospel.com\/fi\/wp-json\/wp\/v2\/media?parent=7480"}],"wp:term":[{"taxonomy":"product_brand","embeddable":true,"href":"https:\/\/www.zionsgospel.com\/fi\/wp-json\/wp\/v2\/product_brand?post=7480"},{"taxonomy":"product_cat","embeddable":true,"href":"https:\/\/www.zionsgospel.com\/fi\/wp-json\/wp\/v2\/product_cat?post=7480"},{"taxonomy":"product_tag","embeddable":true,"href":"https:\/\/www.zionsgospel.com\/fi\/wp-json\/wp\/v2\/product_tag?post=7480"}],"curies":[{"name":"wp","href":"https:\/\/api.w.org\/{rel}","templated":true}]}}