{"id":7333,"date":"2022-07-07T11:36:31","date_gmt":"2022-07-07T17:36:35","guid":{"rendered":"https:\/\/www.zionsgospel.com\/?post_type=product&#038;p=7333"},"modified":"2022-07-07T11:45:32","modified_gmt":"2022-07-07T17:45:32","slug":"kolmannen-paivan-heratys-ilmaiset-e-kirja","status":"publish","type":"product","link":"https:\/\/www.zionsgospel.com\/fi\/shop\/kolmannen-paivan-heratys-ilmaiset-e-kirja\/","title":{"rendered":"Kolmannen P\u00e4iv\u00e4n Her\u00e4tys"},"content":{"rendered":"","protected":false},"excerpt":{"rendered":"<p>Kolmannen P\u00e4iv\u00e4n Her\u00e4tys kutsuu meit\u00e4 palaamaan H\u00c4NEN, Jeshuan, juutalaisen Messiaan luokse ja rakastamaan sek\u00e4 KUNNIOITTAMAAN juutalaista kansaa, T\u00c4M\u00c4NP\u00c4IV\u00c4N Isrelia, joka on Kansakuntien \u00c4iti!<br \/>\nJeshua kutsuu meit\u00e4 laskemaan aseemme, luopumaan valheistamme, ylpeydest\u00e4mme ja erimielisyyksist\u00e4mme ja etsim\u00e4\u00e4n H\u00c4NT\u00c4.<\/p>\n<p>Vain H\u00c4N voi ennalleenasettaa meid\u00e4t, kun me TEEMME PARANNUKSEN kaikista henkil\u00f6kohtaisista synneist\u00e4mme ja opillisista valheistamme. Meid\u00e4n T\u00c4YTYY ETSI\u00c4 H\u00c4NT\u00c4.<\/p>\n","protected":false},"featured_media":5350,"comment_status":"closed","ping_status":"closed","template":"","meta":{"give_campaign_id":0,"_kad_blocks_custom_css":"","_kad_blocks_head_custom_js":"","_kad_blocks_body_custom_js":"","_kad_blocks_footer_custom_js":"","_kad_post_transparent":"","_kad_post_title":"","_kad_post_layout":"","_kad_post_sidebar_id":"","_kad_post_content_style":"","_kad_post_vertical_padding":"","_kad_post_feature":"","_kad_post_feature_position":"","_kad_post_header":false,"_kad_post_footer":false,"_kad_post_classname":""},"product_brand":[],"product_cat":[346],"product_tag":[],"class_list":{"0":"post-7333","1":"product","2":"type-product","3":"status-publish","4":"has-post-thumbnail","6":"product_cat-ilmaiset-e-kirjat","8":"first","9":"instock","10":"shipping-taxable","11":"purchasable","12":"product-type-variable","13":"entry","14":"content-bg","15":"loop-entry"},"taxonomy_info":{"product_cat":[{"value":346,"label":"Ilmaiset E-kirjat"}]},"featured_image_src_large":["https:\/\/www.zionsgospel.com\/wp-content\/uploads\/2021\/07\/The-Revival-of-the-Third-Day-E-Book-Cover-663x1024.jpg",663,1024,true],"author_info":[],"comment_info":0,"_links":{"self":[{"href":"https:\/\/www.zionsgospel.com\/fi\/wp-json\/wp\/v2\/product\/7333","targetHints":{"allow":["GET"]}}],"collection":[{"href":"https:\/\/www.zionsgospel.com\/fi\/wp-json\/wp\/v2\/product"}],"about":[{"href":"https:\/\/www.zionsgospel.com\/fi\/wp-json\/wp\/v2\/types\/product"}],"replies":[{"embeddable":true,"href":"https:\/\/www.zionsgospel.com\/fi\/wp-json\/wp\/v2\/comments?post=7333"}],"wp:featuredmedia":[{"embeddable":true,"href":"https:\/\/www.zionsgospel.com\/fi\/wp-json\/wp\/v2\/media\/5350"}],"wp:attachment":[{"href":"https:\/\/www.zionsgospel.com\/fi\/wp-json\/wp\/v2\/media?parent=7333"}],"wp:term":[{"taxonomy":"product_brand","embeddable":true,"href":"https:\/\/www.zionsgospel.com\/fi\/wp-json\/wp\/v2\/product_brand?post=7333"},{"taxonomy":"product_cat","embeddable":true,"href":"https:\/\/www.zionsgospel.com\/fi\/wp-json\/wp\/v2\/product_cat?post=7333"},{"taxonomy":"product_tag","embeddable":true,"href":"https:\/\/www.zionsgospel.com\/fi\/wp-json\/wp\/v2\/product_tag?post=7333"}],"curies":[{"name":"wp","href":"https:\/\/api.w.org\/{rel}","templated":true}]}}