{"id":7155,"date":"2021-08-04T08:12:30","date_gmt":"2021-08-04T14:12:30","guid":{"rendered":"https:\/\/www.zionsgospel.com\/shop\/identiteettivarkaus\/"},"modified":"2021-08-04T08:12:30","modified_gmt":"2021-08-04T14:12:30","slug":"identiteettivarkaus","status":"publish","type":"product","link":"https:\/\/www.zionsgospel.com\/fi\/shop\/identiteettivarkaus\/","title":{"rendered":"Identiteettivarkaus"},"content":{"rendered":"","protected":false},"excerpt":{"rendered":"<h4><strong>Tilaa kirja<\/strong> lahjoittamalla <strong><span style=\"color: #ee4646;\">27$<\/span><\/strong> tai enemm\u00e4n. Kirjan mukana saat <strong>ILMAISEN<\/strong> p\u00e4\u00e4syn kirjaan perustuvalle verkkokurssille.<\/h4>\n<ul>\n<li>Kohtaa Juutalainen Messias koko kirkkaudessaan.<\/li>\n<li>Tee loppu korvausteologian hirvi\u00f6st\u00e4.<\/li>\n<li>Palaa ensimm\u00e4isen vuosisadan voiteluun.<\/li>\n<li>Opi kristillisen antisemitismin historiasta.<\/li>\n<li><strong><span style=\"color: #ee4646;\">Saat p\u00e4\u00e4syn kirjaan perustuvalle verkkokurssille.<\/span><\/strong><\/li>\n<\/ul>\n<p>Asuinpaikastasi riippuen, voit odottaa kirjan saapuvan perille 2-4 viikon sis\u00e4ll\u00e4 tilauksesta.<\/p>\n<p>Jos haluat tilata suuremman m\u00e4\u00e4r\u00e4n kirjoja, l\u00e4het\u00e4 s\u00e4hk\u00f6postia osoitteeseen <a href=\"mailto:info@against-antisemitism.com\">info@against-antisemitism.com<\/a> (postituskulut riippuvat postitustavasta)<\/p>\n<p>Jos tilaat enemm\u00e4n kuin yhden kirjan, kurssille p\u00e4\u00e4sy on vain tilaajalle (yhdelle).<\/p>\n","protected":false},"featured_media":2934,"comment_status":"closed","ping_status":"closed","template":"","meta":{"give_campaign_id":0,"_kad_blocks_custom_css":"","_kad_blocks_head_custom_js":"","_kad_blocks_body_custom_js":"","_kad_blocks_footer_custom_js":"","_kad_post_transparent":"","_kad_post_title":"","_kad_post_layout":"","_kad_post_sidebar_id":"","_kad_post_content_style":"","_kad_post_vertical_padding":"","_kad_post_feature":"","_kad_post_feature_position":"","_kad_post_header":false,"_kad_post_footer":false,"_kad_post_classname":""},"product_brand":[],"product_cat":[154],"product_tag":[],"class_list":{"0":"post-7155","1":"product","2":"type-product","3":"status-publish","4":"has-post-thumbnail","6":"product_cat-kirjat","8":"first","9":"instock","10":"shipping-taxable","11":"product-type-external","12":"entry","13":"content-bg","14":"loop-entry"},"taxonomy_info":{"product_cat":[{"value":154,"label":"Kirjat"}]},"featured_image_src_large":["https:\/\/www.zionsgospel.com\/wp-content\/uploads\/2022\/04\/identiteettivarkaus-cover-1-698x1024.png",698,1024,true],"author_info":[],"comment_info":0,"_links":{"self":[{"href":"https:\/\/www.zionsgospel.com\/fi\/wp-json\/wp\/v2\/product\/7155","targetHints":{"allow":["GET"]}}],"collection":[{"href":"https:\/\/www.zionsgospel.com\/fi\/wp-json\/wp\/v2\/product"}],"about":[{"href":"https:\/\/www.zionsgospel.com\/fi\/wp-json\/wp\/v2\/types\/product"}],"replies":[{"embeddable":true,"href":"https:\/\/www.zionsgospel.com\/fi\/wp-json\/wp\/v2\/comments?post=7155"}],"wp:featuredmedia":[{"embeddable":true,"href":"https:\/\/www.zionsgospel.com\/fi\/wp-json\/wp\/v2\/media\/2934"}],"wp:attachment":[{"href":"https:\/\/www.zionsgospel.com\/fi\/wp-json\/wp\/v2\/media?parent=7155"}],"wp:term":[{"taxonomy":"product_brand","embeddable":true,"href":"https:\/\/www.zionsgospel.com\/fi\/wp-json\/wp\/v2\/product_brand?post=7155"},{"taxonomy":"product_cat","embeddable":true,"href":"https:\/\/www.zionsgospel.com\/fi\/wp-json\/wp\/v2\/product_cat?post=7155"},{"taxonomy":"product_tag","embeddable":true,"href":"https:\/\/www.zionsgospel.com\/fi\/wp-json\/wp\/v2\/product_tag?post=7155"}],"curies":[{"name":"wp","href":"https:\/\/api.w.org\/{rel}","templated":true}]}}