{"id":5465,"date":"2021-08-19T06:23:01","date_gmt":"2021-08-19T12:23:01","guid":{"rendered":"https:\/\/www.zionsgospel.com\/shop\/uru-heraa\/"},"modified":"2024-07-12T03:39:28","modified_gmt":"2024-07-12T09:39:28","slug":"uru-heraa","status":"publish","type":"product","link":"https:\/\/www.zionsgospel.com\/fi\/shop\/uru-heraa\/","title":{"rendered":"URU Her\u00e4\u00e4"},"content":{"rendered":"","protected":false},"excerpt":{"rendered":"<p>T\u00e4m\u00e4 Arkkipiispa Dominiquae Biermanin devbyyttialbumi sis\u00e4lt\u00e4\u00e4 lauluja, jokta Jumala Jumala anoti h\u00e4nelle Profetaalisten Rukousvartioiden aikana Jerusalemissa. Ne ovat t\u00e4ynn\u00e4 Jumalan voitelua! Laulut ovat heprean kielisi\u00e4.<\/p>\n<p><strong>10 Songs<\/strong><\/p>\n<h4>Listen to song samples:<\/h4>\n<table class=\"samples\">\n<tbody>\n<tr>\n<td><strong>01 Rak Ata Adonai<\/strong><\/td>\n<td>[audio mp3=\"https:\/\/assets.zionsgospel.com\/audio\/samples\/uru\/01-Rak-Ata-Adonai_sample.mp3\"][\/audio]<\/td>\n<\/tr>\n<tr>\n<td><strong>02 Lichvodcha<\/strong><\/td>\n<td>[audio mp3=\"https:\/\/assets.zionsgospel.com\/audio\/samples\/uru\/02-Lichvodcha_sample.mp3\"][\/audio]<\/td>\n<\/tr>\n<tr>\n<td><strong>03 Halelu Oto<\/strong><\/td>\n<td>[audio mp3=\"https:\/\/assets.zionsgospel.com\/audio\/samples\/uru\/03-Halelu-Oto_sample.mp3\"][\/audio]<\/td>\n<\/tr>\n<tr>\n<td><strong>04 Melech Hakavod<\/strong><\/td>\n<td>[audio mp3=\"https:\/\/assets.zionsgospel.com\/audio\/samples\/uru\/04-Melech-Hakavod_sample.mp3\"][\/audio]<\/td>\n<\/tr>\n<tr>\n<td><strong>05 Ma Navu<\/strong><\/td>\n<td>[audio mp3=\"https:\/\/assets.zionsgospel.com\/audio\/samples\/uru\/05-Ma-Navu_sample.mp3\"][\/audio]<\/td>\n<\/tr>\n<tr>\n<td><strong>06 Ruach<\/strong><\/td>\n<td>[audio mp3=\"https:\/\/assets.zionsgospel.com\/audio\/samples\/uru\/06-Ruach_sample.mp3\"][\/audio]<\/td>\n<\/tr>\n<tr>\n<td><strong>07 Halelu et Adonai<\/strong><\/td>\n<td>[audio mp3=\"https:\/\/assets.zionsgospel.com\/audio\/samples\/uru\/07-Halelu-et-Adonai_sample.mp3\"][\/audio]<\/td>\n<\/tr>\n<tr>\n<td><strong>08 Ashir Lecha<\/strong><\/td>\n<td>[audio mp3=\"https:\/\/assets.zionsgospel.com\/audio\/samples\/uru\/08-Ashir-Lecha_sample.mp3\"][\/audio]<\/td>\n<\/tr>\n<tr>\n<td><strong>09 Uru<\/strong><\/td>\n<td>[audio mp3=\"https:\/\/assets.zionsgospel.com\/audio\/samples\/uru\/09-Uru_sample.mp3\"][\/audio]<\/td>\n<\/tr>\n<tr>\n<td><strong>10 Emet Teshachrereni<\/strong><\/td>\n<td>[audio mp3=\"https:\/\/assets.zionsgospel.com\/audio\/samples\/uru\/10-Emet-Teshachrereni_sample.mp3\"][\/audio]<\/td>\n<\/tr>\n<\/tbody>\n<\/table>\n","protected":false},"featured_media":2922,"comment_status":"closed","ping_status":"closed","template":"","meta":{"give_campaign_id":0,"_kad_blocks_custom_css":"","_kad_blocks_head_custom_js":"","_kad_blocks_body_custom_js":"","_kad_blocks_footer_custom_js":"","_kad_post_transparent":"","_kad_post_title":"","_kad_post_layout":"","_kad_post_sidebar_id":"","_kad_post_content_style":"","_kad_post_vertical_padding":"","_kad_post_feature":"","_kad_post_feature_position":"","_kad_post_header":false,"_kad_post_footer":false,"_kad_post_classname":""},"product_brand":[],"product_cat":[299],"product_tag":[],"class_list":{"0":"post-5465","1":"product","2":"type-product","3":"status-publish","4":"has-post-thumbnail","6":"product_cat-music-fi","8":"first","9":"instock","10":"downloadable","11":"virtual","12":"purchasable","13":"product-type-simple","14":"entry","15":"content-bg","16":"loop-entry"},"taxonomy_info":{"product_cat":[{"value":299,"label":"Musiikki"}]},"featured_image_src_large":["https:\/\/www.zionsgospel.com\/wp-content\/uploads\/2021\/08\/uru-cover.jpg",900,900,false],"author_info":[],"comment_info":0,"_links":{"self":[{"href":"https:\/\/www.zionsgospel.com\/fi\/wp-json\/wp\/v2\/product\/5465","targetHints":{"allow":["GET"]}}],"collection":[{"href":"https:\/\/www.zionsgospel.com\/fi\/wp-json\/wp\/v2\/product"}],"about":[{"href":"https:\/\/www.zionsgospel.com\/fi\/wp-json\/wp\/v2\/types\/product"}],"replies":[{"embeddable":true,"href":"https:\/\/www.zionsgospel.com\/fi\/wp-json\/wp\/v2\/comments?post=5465"}],"wp:featuredmedia":[{"embeddable":true,"href":"https:\/\/www.zionsgospel.com\/fi\/wp-json\/wp\/v2\/media\/2922"}],"wp:attachment":[{"href":"https:\/\/www.zionsgospel.com\/fi\/wp-json\/wp\/v2\/media?parent=5465"}],"wp:term":[{"taxonomy":"product_brand","embeddable":true,"href":"https:\/\/www.zionsgospel.com\/fi\/wp-json\/wp\/v2\/product_brand?post=5465"},{"taxonomy":"product_cat","embeddable":true,"href":"https:\/\/www.zionsgospel.com\/fi\/wp-json\/wp\/v2\/product_cat?post=5465"},{"taxonomy":"product_tag","embeddable":true,"href":"https:\/\/www.zionsgospel.com\/fi\/wp-json\/wp\/v2\/product_tag?post=5465"}],"curies":[{"name":"wp","href":"https:\/\/api.w.org\/{rel}","templated":true}]}}