{"id":5387,"date":"2021-02-07T20:34:20","date_gmt":"2021-02-08T02:34:20","guid":{"rendered":"https:\/\/www.zionsgospel.com\/shop\/psykologiasta-terveeseen-logiikkaan\/"},"modified":"2023-03-14T15:44:41","modified_gmt":"2023-03-14T21:44:41","slug":"psykologiasta-terveeseen-logiikkaan","status":"publish","type":"product","link":"https:\/\/www.zionsgospel.com\/fi\/shop\/psykologiasta-terveeseen-logiikkaan\/","title":{"rendered":"Psykologiasta Terveeseen Logiikkaan"},"content":{"rendered":"","protected":false},"excerpt":{"rendered":"<p>Olen kulkenut mielisairaaloiden k\u00e4yt\u00e4vi\u00e4 18 vuoden ajan huolehtiessani rakkaistani. Niist\u00e4 kokemuksistani on syntynyt t\u00e4m\u00e4 kirja. Olen vieraillut lukemattomien mielenterveyspotilaiden luona ja rukoillut heid\u00e4n puolestaan. Olen keskustellut monien psykiatrien ja psykologien kanssa. Minun on t\u00e4ytynyt taistella rakkaitteni mielenterveyden puolesta, mukaan lukien \u00e4itini, veljeni, lapseni ja monet hengelliset lapseni ja opetuslapseni.<br \/>\nKuitenkaan henkill\u00f6kohtaiset kokemukseni eiv\u00e4t riitt\u00e4isi t\u00e4m\u00e4n kirjan kirjoittamiseen. Jumalan Sana on Korkein Auktoriteetti oppaana Ihmismielest\u00e4, sill\u00e4 Elohim, Taivaan ja Maan Luoja, loi mielemme! Tietenk\u00e4\u00e4n H\u00e4n ei j\u00e4tt\u00e4nyt meit\u00e4 ilman k\u00e4ytt\u00f6-opasta!<br \/>\nNiinp\u00e4, yli kaiken psykolgian tai mink\u00e4 tahansa \u201clogian\u201d on Jumalan Sana. Sielt\u00e4 l\u00f6yd\u00e4t vastaukset ihmiskunnan kaikkeen tuskaan ja sairauteen. Mahtava uutinen on, ett\u00e4 t\u00e4m\u00e4 Ikuinen Kirja sis\u00e4lt\u00e4\u00e4 my\u00f6s L\u00c4\u00c4KKEEN ja siksi tarkoitukseni on, ett\u00e4 l\u00f6yd\u00e4t t\u00e4m\u00e4n kirjan kauttal tuon erehtym\u00e4tt\u00f6m\u00e4n ja ikuisen l\u00e4\u00e4kkeen kaikille k\u00e4rsiville mielille.<\/p>\n<p>Tiedustele painettua kirjaa osoitteesta <a href=\"mailto:tulenastiat@gmail.com\">tulenastiat@gmail.com<\/a><\/p>\n","protected":false},"featured_media":5391,"comment_status":"closed","ping_status":"closed","template":"","meta":{"give_campaign_id":0,"_kad_blocks_custom_css":"","_kad_blocks_head_custom_js":"","_kad_blocks_body_custom_js":"","_kad_blocks_footer_custom_js":"","_kad_post_transparent":"","_kad_post_title":"","_kad_post_layout":"","_kad_post_sidebar_id":"","_kad_post_content_style":"","_kad_post_vertical_padding":"","_kad_post_feature":"","_kad_post_feature_position":"","_kad_post_header":false,"_kad_post_footer":false,"_kad_post_classname":""},"product_brand":[],"product_cat":[154],"product_tag":[],"class_list":{"0":"post-5387","1":"product","2":"type-product","3":"status-publish","4":"has-post-thumbnail","6":"product_cat-kirjat","7":"product_shipping_class-all-products-fi","9":"first","10":"instock","11":"shipping-taxable","12":"purchasable","13":"product-type-variable","14":"entry","15":"content-bg","16":"loop-entry"},"taxonomy_info":{"product_cat":[{"value":154,"label":"Kirjat"}]},"featured_image_src_large":["https:\/\/www.zionsgospel.com\/wp-content\/uploads\/2021\/07\/From-Sickology-to-a-Healthy-Logic-E-Book-Cover-663x1024.jpg",663,1024,true],"author_info":[],"comment_info":0,"_links":{"self":[{"href":"https:\/\/www.zionsgospel.com\/fi\/wp-json\/wp\/v2\/product\/5387","targetHints":{"allow":["GET"]}}],"collection":[{"href":"https:\/\/www.zionsgospel.com\/fi\/wp-json\/wp\/v2\/product"}],"about":[{"href":"https:\/\/www.zionsgospel.com\/fi\/wp-json\/wp\/v2\/types\/product"}],"replies":[{"embeddable":true,"href":"https:\/\/www.zionsgospel.com\/fi\/wp-json\/wp\/v2\/comments?post=5387"}],"wp:featuredmedia":[{"embeddable":true,"href":"https:\/\/www.zionsgospel.com\/fi\/wp-json\/wp\/v2\/media\/5391"}],"wp:attachment":[{"href":"https:\/\/www.zionsgospel.com\/fi\/wp-json\/wp\/v2\/media?parent=5387"}],"wp:term":[{"taxonomy":"product_brand","embeddable":true,"href":"https:\/\/www.zionsgospel.com\/fi\/wp-json\/wp\/v2\/product_brand?post=5387"},{"taxonomy":"product_cat","embeddable":true,"href":"https:\/\/www.zionsgospel.com\/fi\/wp-json\/wp\/v2\/product_cat?post=5387"},{"taxonomy":"product_tag","embeddable":true,"href":"https:\/\/www.zionsgospel.com\/fi\/wp-json\/wp\/v2\/product_tag?post=5387"}],"curies":[{"name":"wp","href":"https:\/\/api.w.org\/{rel}","templated":true}]}}