{"id":5161,"date":"2021-02-07T20:34:20","date_gmt":"2021-02-08T02:34:20","guid":{"rendered":"https:\/\/www.zionsgospel.com\/shop\/jeshua-on-oikea-nimi\/"},"modified":"2023-01-02T06:44:35","modified_gmt":"2023-01-02T12:44:35","slug":"jeshua-on-oikea-nimi","status":"publish","type":"product","link":"https:\/\/www.zionsgospel.com\/fi\/shop\/jeshua-on-oikea-nimi\/","title":{"rendered":"Jeshua on Oikea Nimi"},"content":{"rendered":"","protected":false},"excerpt":{"rendered":"<p>Jeshua (Jeesus) ei palaa ennen kuin kaikki asiat on ennalleen asetettu. Kaikkiin asioihin kuuluu er\u00e4s kaikkein t\u00e4rkeimpi\u00e4, jollei t\u00e4rkein asia: H\u00e4nen Pyh\u00e4n Nimens\u00e4 ennalleenasettaminen. H\u00e4nen oikea nimens\u00e4 kadotettiin, kun Nikean kirkolliskokous teki Korvausteologiasta kirkon virallisen opin. T\u00e4m\u00e4 kirkolliskokous erotti seurakunnan kaikesta juutalaisesta, my\u00f6 Messiaan juutalaisesta nimest\u00e4.<\/p>\n<p>Ennen Jeshuan paluuta kaikki asiat ennalleen asetetaan, pit\u00e4en sis\u00e4ll\u00e4\u00e4n Messiaaseen Uskon Juutalaiset Juuret ja Messiaan Nimen. H\u00e4n ei syntynyt kreikkalaisena vaan juutalaisena ja H\u00e4nen alkuper\u00e4inen ja ikuinen nimens\u00e4 on \u00e4\u00e4rett\u00f6m\u00e4n t\u00e4rke\u00e4 osa t\u00e4t\u00e4 Lopun Ajan kaikkien asioiden Ennalleen Asettamista.<\/p>\n","protected":false},"featured_media":5172,"comment_status":"closed","ping_status":"closed","template":"","meta":{"give_campaign_id":0,"_kad_blocks_custom_css":"","_kad_blocks_head_custom_js":"","_kad_blocks_body_custom_js":"","_kad_blocks_footer_custom_js":"","_kad_post_transparent":"","_kad_post_title":"","_kad_post_layout":"","_kad_post_sidebar_id":"","_kad_post_content_style":"","_kad_post_vertical_padding":"","_kad_post_feature":"","_kad_post_feature_position":"","_kad_post_header":false,"_kad_post_footer":false,"_kad_post_classname":""},"product_brand":[],"product_cat":[154],"product_tag":[],"class_list":{"0":"post-5161","1":"product","2":"type-product","3":"status-publish","4":"has-post-thumbnail","6":"product_cat-kirjat","7":"product_shipping_class-all-products-fi","9":"first","10":"instock","11":"shipping-taxable","12":"purchasable","13":"product-type-variable","14":"entry","15":"content-bg","16":"loop-entry"},"taxonomy_info":{"product_cat":[{"value":154,"label":"Kirjat"}]},"featured_image_src_large":["https:\/\/www.zionsgospel.com\/wp-content\/uploads\/2021\/07\/Yeshua-Is-The-Name-E-Book-Cover-663x1024.jpg",663,1024,true],"author_info":[],"comment_info":0,"_links":{"self":[{"href":"https:\/\/www.zionsgospel.com\/fi\/wp-json\/wp\/v2\/product\/5161","targetHints":{"allow":["GET"]}}],"collection":[{"href":"https:\/\/www.zionsgospel.com\/fi\/wp-json\/wp\/v2\/product"}],"about":[{"href":"https:\/\/www.zionsgospel.com\/fi\/wp-json\/wp\/v2\/types\/product"}],"replies":[{"embeddable":true,"href":"https:\/\/www.zionsgospel.com\/fi\/wp-json\/wp\/v2\/comments?post=5161"}],"wp:featuredmedia":[{"embeddable":true,"href":"https:\/\/www.zionsgospel.com\/fi\/wp-json\/wp\/v2\/media\/5172"}],"wp:attachment":[{"href":"https:\/\/www.zionsgospel.com\/fi\/wp-json\/wp\/v2\/media?parent=5161"}],"wp:term":[{"taxonomy":"product_brand","embeddable":true,"href":"https:\/\/www.zionsgospel.com\/fi\/wp-json\/wp\/v2\/product_brand?post=5161"},{"taxonomy":"product_cat","embeddable":true,"href":"https:\/\/www.zionsgospel.com\/fi\/wp-json\/wp\/v2\/product_cat?post=5161"},{"taxonomy":"product_tag","embeddable":true,"href":"https:\/\/www.zionsgospel.com\/fi\/wp-json\/wp\/v2\/product_tag?post=5161"}],"curies":[{"name":"wp","href":"https:\/\/api.w.org\/{rel}","templated":true}]}}