{"id":4738,"date":"2021-02-07T20:34:21","date_gmt":"2021-02-08T02:34:21","guid":{"rendered":"https:\/\/www.zionsgospel.com\/shop\/juurien-parantava-voima\/"},"modified":"2023-01-10T13:36:34","modified_gmt":"2023-01-10T19:36:34","slug":"juurien-parantava-voima","status":"publish","type":"product","link":"https:\/\/www.zionsgospel.com\/fi\/shop\/juurien-parantava-voima\/","title":{"rendered":"Juurien Parantava Voima"},"content":{"rendered":"","protected":false},"excerpt":{"rendered":"<p>\u201cMiksi on niin t\u00e4rke\u00e4\u00e4 opettaa juutalaisista juurista seurakunnalle?\u201d, kysyin Herralta. \u201cOn kyse el\u00e4m\u00e4st\u00e4 ja kuolemasta,\u201d H\u00e4n vastasi. \u201cSeurakunta on kuin kaunis ruusu, joka on leikattu irti puutarhastaan. Se on ollut maljakon vedess\u00e4 kaksi p\u00e4iv\u00e4\u00e4, mutta jollei sit\u00e4 kolmantena p\u00e4iv\u00e4n\u00e4 istuteta takaisin, se kuolee.\u201d<\/p>\n<p>Olemme kolmannen p\u00e4iv\u00e4n, kolmannen vuosituhannen, kynnyksell\u00e4, ja paluu uskon alkuper\u00e4isille apostolisille, raamatullisille ja heprealaisille perustuksille on EL\u00c4M\u00c4N ja KUOLEMAN ASIA ja AVAIN lopunajan maailmanlaajuiseen HER\u00c4TYKSEEN!<\/p>\n<p>Lue t\u00e4m\u00e4 Arkkipiispa Tri. Dominiquae Biermanin, maailman ensimm\u00e4isen juutalaisen Israelilaisen nais-arkkipiispan kirja ja rukoile siin\u00e4 olevat rukoukset. Tulet VAPAAKSI astumaan sis\u00e4\u00e4n Kolmannen P\u00e4iv\u00e4n Her\u00e4tykseen ja Jerusalemista tulevaan MAP (Messiaaninen-Apostolinen-Profetaalinen) \u2013liikkeeseen!<\/p>\n<p>Tilattavissa suomenkielisen\u00e4 osoitteesta <a href=\"mailto:tulenastiat@gmail.com\">tulenastiat@gmail.com<\/a><\/p>\n","protected":false},"featured_media":7132,"comment_status":"closed","ping_status":"closed","template":"","meta":{"give_campaign_id":0,"_kad_blocks_custom_css":"","_kad_blocks_head_custom_js":"","_kad_blocks_body_custom_js":"","_kad_blocks_footer_custom_js":"","_kad_post_transparent":"","_kad_post_title":"","_kad_post_layout":"","_kad_post_sidebar_id":"","_kad_post_content_style":"","_kad_post_vertical_padding":"","_kad_post_feature":"","_kad_post_feature_position":"","_kad_post_header":false,"_kad_post_footer":false,"_kad_post_classname":""},"product_brand":[],"product_cat":[154],"product_tag":[],"class_list":{"0":"post-4738","1":"product","2":"type-product","3":"status-publish","4":"has-post-thumbnail","6":"product_cat-kirjat","7":"product_shipping_class-all-products-fi","9":"first","10":"instock","11":"shipping-taxable","12":"purchasable","13":"product-type-variable","14":"entry","15":"content-bg","16":"loop-entry"},"taxonomy_info":{"product_cat":[{"value":154,"label":"Kirjat"}]},"featured_image_src_large":["https:\/\/www.zionsgospel.com\/wp-content\/uploads\/2022\/04\/the-healing-power-of-the-roots-cover-1-658x1024.jpg",658,1024,true],"author_info":[],"comment_info":0,"_links":{"self":[{"href":"https:\/\/www.zionsgospel.com\/fi\/wp-json\/wp\/v2\/product\/4738","targetHints":{"allow":["GET"]}}],"collection":[{"href":"https:\/\/www.zionsgospel.com\/fi\/wp-json\/wp\/v2\/product"}],"about":[{"href":"https:\/\/www.zionsgospel.com\/fi\/wp-json\/wp\/v2\/types\/product"}],"replies":[{"embeddable":true,"href":"https:\/\/www.zionsgospel.com\/fi\/wp-json\/wp\/v2\/comments?post=4738"}],"wp:featuredmedia":[{"embeddable":true,"href":"https:\/\/www.zionsgospel.com\/fi\/wp-json\/wp\/v2\/media\/7132"}],"wp:attachment":[{"href":"https:\/\/www.zionsgospel.com\/fi\/wp-json\/wp\/v2\/media?parent=4738"}],"wp:term":[{"taxonomy":"product_brand","embeddable":true,"href":"https:\/\/www.zionsgospel.com\/fi\/wp-json\/wp\/v2\/product_brand?post=4738"},{"taxonomy":"product_cat","embeddable":true,"href":"https:\/\/www.zionsgospel.com\/fi\/wp-json\/wp\/v2\/product_cat?post=4738"},{"taxonomy":"product_tag","embeddable":true,"href":"https:\/\/www.zionsgospel.com\/fi\/wp-json\/wp\/v2\/product_tag?post=4738"}],"curies":[{"name":"wp","href":"https:\/\/api.w.org\/{rel}","templated":true}]}}