{"id":4667,"date":"2021-02-07T20:34:21","date_gmt":"2021-02-08T02:34:21","guid":{"rendered":"https:\/\/www.zionsgospel.com\/shop\/raamatun-parannuskeino-afrikalle-ja-kaikille-kansoille\/"},"modified":"2024-08-12T14:14:31","modified_gmt":"2024-08-12T20:14:31","slug":"raamatun-parannuskeino-afrikalle-ja-kaikille-kansoille","status":"publish","type":"product","link":"https:\/\/www.zionsgospel.com\/fi\/shop\/raamatun-parannuskeino-afrikalle-ja-kaikille-kansoille\/","title":{"rendered":"Raamatun Parannuskeino Afrikalle ja kaikille kansoille"},"content":{"rendered":"","protected":false},"excerpt":{"rendered":"<p>Se ett\u00e4 Afrikka tarvitsee apua, jopa eritt\u00e4in kiireellist\u00e4 apua, ei ole uusi asia. Mutta uutta on se, ett\u00e4 apu, jota t\u00e4ss\u00e4 kirjassa tarjoan TOIMII ja tulee aina toimimaan, koska sen antoi itse Kaikkivaltias! <\/p>\n<p>Tulen todistamaan sinulle, ett\u00e4 t\u00e4ytyy tehd\u00e4 ainoastaan yksi asia, jotta voidaan k\u00e4\u00e4nt\u00e4\u00e4 koko Afrikan mantereen kohtalo kirouksesta siunaukseen. On olemassa ainoastaan yksi avain, joka avaa Afrikalle siunausten kanavat. Se on muinainen avain, joka ei koskaan pet\u00e4. Sit\u00e4 on helppo k\u00e4ytt\u00e4\u00e4, mutta sen k\u00e4ytt\u00f6 vaatii rehellisyytt\u00e4 ja n\u00f6yryytt\u00e4. <\/p>\n","protected":false},"featured_media":4673,"comment_status":"closed","ping_status":"closed","template":"","meta":{"give_campaign_id":0,"_kad_blocks_custom_css":"","_kad_blocks_head_custom_js":"","_kad_blocks_body_custom_js":"","_kad_blocks_footer_custom_js":"","_kad_post_transparent":"","_kad_post_title":"","_kad_post_layout":"","_kad_post_sidebar_id":"","_kad_post_content_style":"","_kad_post_vertical_padding":"","_kad_post_feature":"","_kad_post_feature_position":"","_kad_post_header":false,"_kad_post_footer":false,"_kad_post_classname":""},"product_brand":[],"product_cat":[154],"product_tag":[],"class_list":{"0":"post-4667","1":"product","2":"type-product","3":"status-publish","4":"has-post-thumbnail","6":"product_cat-kirjat","7":"product_shipping_class-all-products-fi","9":"first","10":"instock","11":"shipping-taxable","12":"purchasable","13":"product-type-variable","14":"entry","15":"content-bg","16":"loop-entry"},"taxonomy_info":{"product_cat":[{"value":154,"label":"Kirjat"}]},"featured_image_src_large":["https:\/\/www.zionsgospel.com\/wp-content\/uploads\/2021\/07\/The-Bible-Cure-for-Africa-and-the-Nations-E-Book-Cover-663x1024.jpg",663,1024,true],"author_info":[],"comment_info":0,"_links":{"self":[{"href":"https:\/\/www.zionsgospel.com\/fi\/wp-json\/wp\/v2\/product\/4667","targetHints":{"allow":["GET"]}}],"collection":[{"href":"https:\/\/www.zionsgospel.com\/fi\/wp-json\/wp\/v2\/product"}],"about":[{"href":"https:\/\/www.zionsgospel.com\/fi\/wp-json\/wp\/v2\/types\/product"}],"replies":[{"embeddable":true,"href":"https:\/\/www.zionsgospel.com\/fi\/wp-json\/wp\/v2\/comments?post=4667"}],"wp:featuredmedia":[{"embeddable":true,"href":"https:\/\/www.zionsgospel.com\/fi\/wp-json\/wp\/v2\/media\/4673"}],"wp:attachment":[{"href":"https:\/\/www.zionsgospel.com\/fi\/wp-json\/wp\/v2\/media?parent=4667"}],"wp:term":[{"taxonomy":"product_brand","embeddable":true,"href":"https:\/\/www.zionsgospel.com\/fi\/wp-json\/wp\/v2\/product_brand?post=4667"},{"taxonomy":"product_cat","embeddable":true,"href":"https:\/\/www.zionsgospel.com\/fi\/wp-json\/wp\/v2\/product_cat?post=4667"},{"taxonomy":"product_tag","embeddable":true,"href":"https:\/\/www.zionsgospel.com\/fi\/wp-json\/wp\/v2\/product_tag?post=4667"}],"curies":[{"name":"wp","href":"https:\/\/api.w.org\/{rel}","templated":true}]}}