{"id":4451,"date":"2021-02-07T20:34:21","date_gmt":"2021-02-08T02:34:21","guid":{"rendered":"https:\/\/www.zionsgospel.com\/shop\/pyhan-antamisen-ennalleenasettaminen\/"},"modified":"2024-08-12T14:20:27","modified_gmt":"2024-08-12T20:20:27","slug":"pyhan-antamisen-ennalleenasettaminen","status":"publish","type":"product","link":"https:\/\/www.zionsgospel.com\/fi\/shop\/pyhan-antamisen-ennalleenasettaminen\/","title":{"rendered":"Pyh\u00e4n Antamisen Ennalleenasettaminen"},"content":{"rendered":"","protected":false},"excerpt":{"rendered":"<p>Sill\u00e4 miss\u00e4 sinun aarteesi on, siell\u00e4 on my\u00f6s sinun syd\u00e4mesi. Matteus 6:21<\/p>\n<p>Kun palamme Uskon juutalaisille Juurille ja Apostolisille heprealaisille perustuksille, meid\u00e4n t\u00e4ytyy ennalleenasettaa my\u00f6s Pyh\u00e4 Antaminen. Korvausteologia on vaikuttanut Messiaan ruumiiseen  monilla alueilla ja erityisesti juuri antamisen alueella. Suurin osa ihmisist\u00e4 ei tieid\u00e4 miten, milloin ja kenelle antaa, eiv\u00e4tk\u00e4 he koskaan p\u00e4\u00e4se ulos hengellisest\u00e4 ja\/tai taloudellisesta kuivuudesta. T\u00e4m\u00e4 kirja auttaa sinut ulos hengellisest\u00e4 ja taloudellisesta kuivuudesta valon nopeudella!<\/p>\n","protected":false},"featured_media":4458,"comment_status":"closed","ping_status":"closed","template":"","meta":{"give_campaign_id":0,"_kad_blocks_custom_css":"","_kad_blocks_head_custom_js":"","_kad_blocks_body_custom_js":"","_kad_blocks_footer_custom_js":"","_kad_post_transparent":"","_kad_post_title":"","_kad_post_layout":"","_kad_post_sidebar_id":"","_kad_post_content_style":"","_kad_post_vertical_padding":"","_kad_post_feature":"","_kad_post_feature_position":"","_kad_post_header":false,"_kad_post_footer":false,"_kad_post_classname":""},"product_brand":[],"product_cat":[154],"product_tag":[],"class_list":{"0":"post-4451","1":"product","2":"type-product","3":"status-publish","4":"has-post-thumbnail","6":"product_cat-kirjat","7":"product_shipping_class-all-products-fi","9":"first","10":"instock","11":"shipping-taxable","12":"purchasable","13":"product-type-variable","14":"entry","15":"content-bg","16":"loop-entry"},"taxonomy_info":{"product_cat":[{"value":154,"label":"Kirjat"}]},"featured_image_src_large":["https:\/\/www.zionsgospel.com\/wp-content\/uploads\/2021\/07\/Restoration-of-Holy-Giving-E-Book-Cover-663x1024.jpg",663,1024,true],"author_info":[],"comment_info":0,"_links":{"self":[{"href":"https:\/\/www.zionsgospel.com\/fi\/wp-json\/wp\/v2\/product\/4451","targetHints":{"allow":["GET"]}}],"collection":[{"href":"https:\/\/www.zionsgospel.com\/fi\/wp-json\/wp\/v2\/product"}],"about":[{"href":"https:\/\/www.zionsgospel.com\/fi\/wp-json\/wp\/v2\/types\/product"}],"replies":[{"embeddable":true,"href":"https:\/\/www.zionsgospel.com\/fi\/wp-json\/wp\/v2\/comments?post=4451"}],"wp:featuredmedia":[{"embeddable":true,"href":"https:\/\/www.zionsgospel.com\/fi\/wp-json\/wp\/v2\/media\/4458"}],"wp:attachment":[{"href":"https:\/\/www.zionsgospel.com\/fi\/wp-json\/wp\/v2\/media?parent=4451"}],"wp:term":[{"taxonomy":"product_brand","embeddable":true,"href":"https:\/\/www.zionsgospel.com\/fi\/wp-json\/wp\/v2\/product_brand?post=4451"},{"taxonomy":"product_cat","embeddable":true,"href":"https:\/\/www.zionsgospel.com\/fi\/wp-json\/wp\/v2\/product_cat?post=4451"},{"taxonomy":"product_tag","embeddable":true,"href":"https:\/\/www.zionsgospel.com\/fi\/wp-json\/wp\/v2\/product_tag?post=4451"}],"curies":[{"name":"wp","href":"https:\/\/api.w.org\/{rel}","templated":true}]}}