{"id":4337,"date":"2021-02-07T20:34:21","date_gmt":"2021-02-08T02:34:21","guid":{"rendered":"https:\/\/www.zionsgospel.com\/shop\/uskonnollisuuden-syovan-havittaminen\/"},"modified":"2021-02-07T20:34:21","modified_gmt":"2021-02-08T02:34:21","slug":"uskonnollisuuden-syovan-havittaminen","status":"publish","type":"product","link":"https:\/\/www.zionsgospel.com\/fi\/shop\/uskonnollisuuden-syovan-havittaminen\/","title":{"rendered":"Uskonnollisuuden Sy\u00f6v\u00e4n H\u00e4vitt\u00e4minen"},"content":{"rendered":"","protected":false},"excerpt":{"rendered":"<p>T\u00e4m\u00e4 kirja auttaa sinut ja rakkaasi vapauteen tuhoisasta sairaudesta, jota kutsutaan \u201cUskonnon Sy\u00f6v\u00e4ksi\u201d. Voit ehk\u00e4 ajatella ett\u00e4 se koskee vain naapuriasi, mutta kokemuksella voin sanoa, ett\u00e4 t\u00e4m\u00e4 sanoma on my\u00f6s sinua vartan, sill\u00e4 me kaikki olemme tavalla tai toisella uskonnollisia olentoja, olemmepa juutalaisia, kristittyj\u00e4, muslimeja, bidhalaisia, hinduja, New Ageen uskovia, ateisteja tai agnostikkoja. T\u00e4m\u00e4 kirja on l\u00f6yt\u00f6retki, joka johtaa sinut vapauteen!<\/p>\n","protected":false},"featured_media":4347,"comment_status":"closed","ping_status":"closed","template":"","meta":{"give_campaign_id":0,"_kad_blocks_custom_css":"","_kad_blocks_head_custom_js":"","_kad_blocks_body_custom_js":"","_kad_blocks_footer_custom_js":"","_kad_post_transparent":"","_kad_post_title":"","_kad_post_layout":"","_kad_post_sidebar_id":"","_kad_post_content_style":"","_kad_post_vertical_padding":"","_kad_post_feature":"","_kad_post_feature_position":"","_kad_post_header":false,"_kad_post_footer":false,"_kad_post_classname":""},"product_brand":[],"product_cat":[154],"product_tag":[],"class_list":{"0":"post-4337","1":"product","2":"type-product","3":"status-publish","4":"has-post-thumbnail","6":"product_cat-kirjat","7":"product_shipping_class-all-products-fi","9":"first","10":"instock","11":"shipping-taxable","12":"purchasable","13":"product-type-variable","14":"entry","15":"content-bg","16":"loop-entry"},"taxonomy_info":{"product_cat":[{"value":154,"label":"Kirjat"}]},"featured_image_src_large":["https:\/\/www.zionsgospel.com\/wp-content\/uploads\/2021\/07\/Eradicating-the-Cancer-of-Religion-E-Book-Cover-661x1024.jpg",661,1024,true],"author_info":[],"comment_info":0,"_links":{"self":[{"href":"https:\/\/www.zionsgospel.com\/fi\/wp-json\/wp\/v2\/product\/4337","targetHints":{"allow":["GET"]}}],"collection":[{"href":"https:\/\/www.zionsgospel.com\/fi\/wp-json\/wp\/v2\/product"}],"about":[{"href":"https:\/\/www.zionsgospel.com\/fi\/wp-json\/wp\/v2\/types\/product"}],"replies":[{"embeddable":true,"href":"https:\/\/www.zionsgospel.com\/fi\/wp-json\/wp\/v2\/comments?post=4337"}],"wp:featuredmedia":[{"embeddable":true,"href":"https:\/\/www.zionsgospel.com\/fi\/wp-json\/wp\/v2\/media\/4347"}],"wp:attachment":[{"href":"https:\/\/www.zionsgospel.com\/fi\/wp-json\/wp\/v2\/media?parent=4337"}],"wp:term":[{"taxonomy":"product_brand","embeddable":true,"href":"https:\/\/www.zionsgospel.com\/fi\/wp-json\/wp\/v2\/product_brand?post=4337"},{"taxonomy":"product_cat","embeddable":true,"href":"https:\/\/www.zionsgospel.com\/fi\/wp-json\/wp\/v2\/product_cat?post=4337"},{"taxonomy":"product_tag","embeddable":true,"href":"https:\/\/www.zionsgospel.com\/fi\/wp-json\/wp\/v2\/product_tag?post=4337"}],"curies":[{"name":"wp","href":"https:\/\/api.w.org\/{rel}","templated":true}]}}