{"id":4262,"date":"2022-01-21T17:19:30","date_gmt":"2022-01-21T23:19:30","guid":{"rendered":"https:\/\/www.zionsgospel.com\/maailmanlaajuinen-uudelleenkoulutushanke-antisemitismia-vastaan\/"},"modified":"2022-04-22T07:26:51","modified_gmt":"2022-04-22T13:26:51","slug":"maailmanlaajuinen-uudelleenkoulutushanke-antisemitismia-vastaan","status":"publish","type":"page","link":"https:\/\/www.zionsgospel.com\/fi\/maailmanlaajuinen-uudelleenkoulutushanke-antisemitismia-vastaan\/","title":{"rendered":"Maailmanlaajuinen uudelleenkoulutushanke antisemitismi\u00e4 vastaan"},"content":{"rendered":"<style>#kt-layout-id_b8ac77-56 > .kt-row-column-wrap{z-index:10;position:relative;align-content:start;}:where(#kt-layout-id_b8ac77-56 > .kt-row-column-wrap) > .wp-block-kadence-column{justify-content:start;}#kt-layout-id_b8ac77-56 > .kt-row-column-wrap{column-gap:var(--global-kb-gap-md, 2rem);row-gap:var(--global-kb-gap-md, 2rem);max-width:900px;margin-left:auto;margin-right:auto;padding-top:var( --global-kb-row-default-top, 25px );padding-bottom:var( --global-kb-row-default-bottom, 25px );padding-top:110px;padding-bottom:170px;grid-template-columns:minmax(0, 1fr);}#kt-layout-id_b8ac77-56{background-image:url('https:\/\/www.zionsgospel.com\/wp-content\/uploads\/2021\/05\/home-page-gate.jpg');background-size:cover;background-position:50% 50%;background-attachment:scroll;background-repeat:no-repeat;}#kt-layout-id_b8ac77-56 > .kt-row-layout-overlay{opacity:0.00;background-color:#00b5e2;mix-blend-mode:overlay;}#kt-layout-id_b8ac77-56 .kt-row-layout-bottom-sep{height:100px;}#kt-layout-id_b8ac77-56 .kt-row-layout-bottom-sep svg{width:100%;}#kt-layout-id_b8ac77-56 .kt-row-layout-bottom-sep svg{fill:#ffffff!important;}@media all and (max-width: 1024px){#kt-layout-id_b8ac77-56 > .kt-row-column-wrap{grid-template-columns:minmax(0, 1fr);}}@media all and (max-width: 1024px){#kt-layout-id_b8ac77-56 .kt-row-layout-bottom-sep{height:px;}}@media all and (max-width: 1024px){#kt-layout-id_b8ac77-56 .kt-row-layout-bottom-sep svg{width:%;}}@media all and (max-width: 767px){#kt-layout-id_b8ac77-56 > .kt-row-column-wrap{grid-template-columns:minmax(0, 1fr);}#kt-layout-id_b8ac77-56 .kt-row-layout-bottom-sep{height:px;}#kt-layout-id_b8ac77-56 .kt-row-layout-bottom-sep svg{width:%;}}<\/style>\n<div class=\"wp-block-kadence-rowlayout alignfull\"><div id=\"kt-layout-id_b8ac77-56\" class=\"kt-row-layout-inner kt-row-has-bg kt-layout-id_b8ac77-56\"><div class=\"kt-row-layout-overlay kt-row-overlay-normal\"><\/div><div class=\"kt-row-column-wrap kt-has-1-columns kt-gutter-default kt-v-gutter-default kt-row-valign-top kt-row-layout-equal kt-tab-layout-inherit kt-m-colapse-left-to-right kt-mobile-layout-row\"><style>.kadence-column_7800d7-6b > .kt-inside-inner-col{border-top-width:0px;border-right-width:0px;border-bottom-width:0px;border-left-width:0px;}.kadence-column_7800d7-6b > .kt-inside-inner-col,.kadence-column_7800d7-6b > .kt-inside-inner-col:before{border-top-left-radius:0px;border-top-right-radius:0px;border-bottom-right-radius:0px;border-bottom-left-radius:0px;}.kadence-column_7800d7-6b > .kt-inside-inner-col{column-gap:var(--global-kb-gap-sm, 1rem);}.kadence-column_7800d7-6b > .kt-inside-inner-col{flex-direction:column;}.kadence-column_7800d7-6b > .kt-inside-inner-col > .aligncenter{width:100%;}.kadence-column_7800d7-6b > .kt-inside-inner-col:before{opacity:0.3;}.kadence-column_7800d7-6b{position:relative;}@media all and (max-width: 1024px){.kadence-column_7800d7-6b > .kt-inside-inner-col{flex-direction:column;justify-content:center;}}@media all and (max-width: 767px){.kadence-column_7800d7-6b > .kt-inside-inner-col{flex-direction:column;justify-content:center;}}<\/style>\n<div class=\"wp-block-kadence-column inner-column-1 kadence-column_7800d7-6b\"><div class=\"kt-inside-inner-col\">\n<div class=\"wp-block-image\"><figure class=\"aligncenter size-large is-resized\"><img loading=\"lazy\" decoding=\"async\" src=\"https:\/\/www.zionsgospel.com\/wp-content\/uploads\/2021\/05\/gri-logo.png\" alt=\"\" class=\"wp-image-2418\" width=\"384\" height=\"145\" srcset=\"https:\/\/www.zionsgospel.com\/wp-content\/uploads\/2021\/05\/gri-logo.png 512w, https:\/\/www.zionsgospel.com\/wp-content\/uploads\/2021\/05\/gri-logo-300x113.png 300w\" sizes=\"auto, (max-width: 384px) 100vw, 384px\" \/><\/figure><\/div>\n<\/div><\/div>\n<\/div><div class=\"kt-row-layout-bottom-sep kt-row-sep-type-threelevels\"><svg style=\"fill:#ffffff\" viewbox=\"0 0 1000 100\" preserveaspectratio=\"none\"><path style=\"opacity:0.33\" d=\"M0 95L1000 0v100H0v-5z\"><\/path><path style=\"opacity:0.66\" d=\"M0 95l1000-67.944V100H0v-5z\"><\/path><path d=\"M0 95l1000-40.887V100H0v-5z\"><\/path><\/svg><\/div><\/div><\/div>\n\n\n<style>.wp-block-kadence-advancedheading.kt-adv-heading_fb97da-9f, .wp-block-kadence-advancedheading.kt-adv-heading_fb97da-9f[data-kb-block=\"kb-adv-heading_fb97da-9f\"]{font-style:normal;}.wp-block-kadence-advancedheading.kt-adv-heading_fb97da-9f mark.kt-highlight, .wp-block-kadence-advancedheading.kt-adv-heading_fb97da-9f[data-kb-block=\"kb-adv-heading_fb97da-9f\"] mark.kt-highlight{font-style:normal;color:#f76a0c;-webkit-box-decoration-break:clone;box-decoration-break:clone;padding-top:0px;padding-right:0px;padding-bottom:0px;padding-left:0px;}.wp-block-kadence-advancedheading.kt-adv-heading_fb97da-9f img.kb-inline-image, .wp-block-kadence-advancedheading.kt-adv-heading_fb97da-9f[data-kb-block=\"kb-adv-heading_fb97da-9f\"] img.kb-inline-image{width:150px;vertical-align:baseline;}<\/style>\n<h2 class=\"kt-adv-heading_fb97da-9f wp-block-kadence-advancedheading\" data-kb-block=\"kb-adv-heading_fb97da-9f\"><strong>Uusi liike antisemitismi\u00e4 vastaan.<\/strong><\/h2>\n\n\n\n<p>Perustuen 1. Moos. 12:3, <a href=\"https:\/\/www.against-antisemitism.com\/fi\/\" target=\"_blank\" rel=\"noopener\">Maailmanlaajuinen uudelleenkoulutushanke antisemitismi\u00e4 vastaan<\/a> paljastaa korvausteologiasta johtuvan vihan juutalaisia kohtaan.<\/p>\n\n\n\n<p><code>\n<div class=\"wp-block-presto-player-reusable-edit\"><!--presto-player:video_id=1--><figure class=\"wp-block-video presto-block-video  presto-provider-youtube\" style=\"--plyr-color-main: var(--presto-player-highlight-color, #d9bf76); --presto-player-logo-width: 150px; \">\n\t<presto-player \n\t\tpreset='{&quot;id&quot;:5,&quot;name&quot;:&quot;YouTube Optimized&quot;,&quot;slug&quot;:&quot;youtube&quot;,&quot;icon&quot;:&quot;youtube&quot;,&quot;skin&quot;:&quot;stacked&quot;,&quot;play-large&quot;:true,&quot;rewind&quot;:true,&quot;play&quot;:true,&quot;fast-forward&quot;:true,&quot;progress&quot;:true,&quot;current-time&quot;:true,&quot;mute&quot;:true,&quot;volume&quot;:true,&quot;speed&quot;:true,&quot;pip&quot;:false,&quot;fullscreen&quot;:true,&quot;reset_on_end&quot;:true,&quot;auto_hide&quot;:true,&quot;save_player_position&quot;:false,&quot;sticky_scroll&quot;:false,&quot;hide_youtube&quot;:false,&quot;lazy_load_youtube&quot;:true,&quot;hide_logo&quot;:false,&quot;border_radius&quot;:0,&quot;caption_style&quot;:&quot;&quot;,&quot;caption_background&quot;:&quot;&quot;,&quot;is_locked&quot;:true,&quot;email_collection&quot;:[&quot;&quot;],&quot;created_by&quot;:1,&quot;created_at&quot;:&quot;2021-05-15 16:43:23&quot;,&quot;updated_at&quot;:&quot;2022-02-16 10:37:14&quot;,&quot;deleted_at&quot;:&quot;&quot;,&quot;captions_enabled&quot;:false,&quot;sticky_scroll_position&quot;:&quot;bottom right&quot;,&quot;cta&quot;:[&quot;&quot;],&quot;captions&quot;:false,&quot;play_video_viewport&quot;:false,&quot;watermark&quot;:[&quot;&quot;],&quot;on_video_end&quot;:&quot;select&quot;,&quot;search&quot;:[&quot;&quot;],&quot;show_time_elapsed&quot;:false}'\n\t\tbranding='{&quot;logo&quot;:&quot;&quot;,&quot;color&quot;:&quot;#d9bf76&quot;,&quot;logo_width&quot;:150}'\n\t\tchapters='[]'\n\t\toverlays='[]'\n\t\ttracks='[]'\n\t\tblock-attributes='{&quot;playsInline&quot;:true,&quot;id&quot;:1,&quot;src&quot;:&quot;https:\\\/\\\/www.youtube.com\\\/watch?v=mqTa2v6CeRg&quot;,&quot;preset&quot;:5,&quot;video_id&quot;:&quot;mqTa2v6CeRg&quot;,&quot;visibility&quot;:&quot;public&quot;,&quot;color&quot;:&quot;#00b3ff&quot;,&quot;mutedPreview&quot;:{&quot;enabled&quot;:false,&quot;captions&quot;:false},&quot;mutedOverlay&quot;:{&quot;enabled&quot;:false,&quot;src&quot;:&quot;&quot;,&quot;width&quot;:200,&quot;focalPoint&quot;:{&quot;x&quot;:0.5,&quot;y&quot;:0.5}},&quot;mutedOverlayType&quot;:&quot;text&quot;,&quot;mutedOverlayText&quot;:&quot;Click to play&quot;,&quot;mutedOverlayImageWidth&quot;:200,&quot;chapters&quot;:[],&quot;overlays&quot;:[],&quot;tracks&quot;:[],&quot;title&quot;:&quot;A new thing against anti-Semitism.&quot;}'\n\t\tanalytics=''\n\t\tautomations\t\tprovider='youtube'\n\t\t\t\tid=\"presto-player-1\"\n\t\tsrc=\"\/\/www.youtube.com\/embed\/mqTa2v6CeRg?iv_load_policy=3&amp;modestbranding=1&amp;playinline=1&amp;showinfo=0&amp;rel=0&amp;enablejsapi=1\"\n\t\tmedia-title=\"A new thing against anti-Semitism.\"\n\t\tcss=\"\"\n\t\tclass=\"presto-video-id-1 presto-preset-id-5 skin-stacked\"\n\t\tskin=\"stacked\" \n\t\ticon-url=\"https:\/\/www.zionsgospel.com\/wp-content\/plugins\/presto-player\/img\/sprite.svg\" \n\t\tpreload=\"\" \n\t\tposter=\"\"\n\t\tyoutube=\"{&quot;noCookie&quot;:false,&quot;channelId&quot;:&quot;&quot;,&quot;show_count&quot;:false}\"\n\t\tprovider-video-id=\"mqTa2v6CeRg\"\n\t\tvideo-id=\"1\"\n\t\tlazy-load-youtube\t\tplaysinline \n\t\t\t\t>\n\t\t\n\n\t<\/presto-player>\n<\/figure><\/div>\n<\/code><\/p>\n\n\n\n<p>GRI on uusi j\u00e4rjest\u00f6, joka tuo esiin Messiaan juutalaisen identiteetin uskonnollisen antisemitismin h\u00e4vitt\u00e4miseksi. Opetamme ihmisille korvausteologiasta johtuvasta hengellisest\u00e4 antisemitismist\u00e4 niin historiallisesta, poliittisesta kuin my\u00f6s raamatullisesta n\u00e4k\u00f6kulmasta. GRI on osa&nbsp;<a href=\"https:\/\/unitednationsforisrael.org\/fi\/\" target=\"_blank\" rel=\"noreferrer noopener\">Yhdistyneet kansakunnat Israelin puolesta<\/a>-liikett\u00e4.<\/p>\n\n\n\n<p>GRI paljastaa viisip\u00e4isen antisemitismin hirvi\u00f6n, ja opettaa, miten siit\u00e4 tehd\u00e4\u00e4n loppu. N\u00e4iden viiden p\u00e4\u00e4n h\u00e4vitt\u00e4minen ennalleen asettaa ensimm\u00e4isen vuosisadan Messiaan seurakunnassa. <\/p>\n\n\n\n<p>GRI:n n\u00e4ky on tehd\u00e4 loppu uskonnollisesta antisemitismist\u00e4 ottamalla vastaan juutalainen Messias. GRI:n tavoite on johtaa kansat harjoittamaan raamatullista politiikkaa suhteessa Israeliin, ja kunnioittamaan Jumalan k\u00e4skyj\u00e4 moraalipolitiikassa.<\/p>\n\n\n\n<ul class=\"wp-block-list\"><li>Opit, ett\u00e4 juutalaisviha on vastoin Jumalan tahtoa ja suunnitelmaa: Kurssin aikana ymm\u00e4rr\u00e4t juutalaiskansan elint\u00e4rke\u00e4n roolin ja Jumalan lunastussuunnitelman.<\/li><li>Tee loppu antisemitismist\u00e4 ja sen syv\u00e4lle ylt\u00e4vist\u00e4 juurista: Matkusta 12 portin l\u00e4pi ja l\u00f6yd\u00e4 totuus Messiaasta ja H\u00e4nen kansastaan. K\u00e4yty\u00e4si GRI-kurssin, saat virallisen valmistumistodistuksen.<\/li><\/ul>\n\n\n<style>.wp-block-kadence-spacer.kt-block-spacer-_fc2e9c-54 .kt-block-spacer{height:60px;}.wp-block-kadence-spacer.kt-block-spacer-_fc2e9c-54 .kt-divider{border-top-width:1px;height:1px;border-top-color:#eee;width:80%;border-top-style:solid;}<\/style>\n<div class=\"wp-block-kadence-spacer aligncenter kt-block-spacer-_fc2e9c-54\"><div class=\"kt-block-spacer kt-block-spacer-halign-center\"><\/div><\/div>\n\n\n<style>#kt-layout-id_d16dbe-14 > .kt-row-column-wrap{align-content:center;}:where(#kt-layout-id_d16dbe-14 > .kt-row-column-wrap) > .wp-block-kadence-column{justify-content:center;}#kt-layout-id_d16dbe-14 > .kt-row-column-wrap{column-gap:var(--global-kb-gap-md, 2rem);row-gap:var(--global-kb-gap-md, 2rem);max-width:500px;margin-left:auto;margin-right:auto;padding-top:var( --global-kb-row-default-top, 25px );padding-bottom:var( --global-kb-row-default-bottom, 25px );padding-top:60px;padding-bottom:60px;grid-template-columns:minmax(0, 1fr);}#kt-layout-id_d16dbe-14{border-color:#f3f3f3;border-top-width:3px;}#kt-layout-id_d16dbe-14{background-image:url('https:\/\/www.zionsgospel.com\/wp-content\/uploads\/2021\/05\/e-book-light-bg-horizontal.png');background-size:cover;background-position:center center;background-attachment:scroll;background-repeat:no-repeat;}#kt-layout-id_d16dbe-14 > .kt-row-layout-overlay{opacity:0.30;}@media all and (max-width: 1024px){#kt-layout-id_d16dbe-14 > .kt-row-column-wrap{grid-template-columns:minmax(0, 1fr);}}@media all and (max-width: 767px){#kt-layout-id_d16dbe-14 > .kt-row-column-wrap{grid-template-columns:minmax(0, 1fr);}}<\/style>\n<div class=\"wp-block-kadence-rowlayout alignfull\"><div id=\"kt-layout-id_d16dbe-14\" class=\"kt-row-layout-inner kt-row-has-bg kt-layout-id_d16dbe-14\"><div class=\"kt-row-column-wrap kt-has-1-columns kt-gutter-default kt-v-gutter-default kt-row-valign-middle kt-row-layout-equal kt-tab-layout-inherit kt-m-colapse-left-to-right kt-mobile-layout-row\"><style>.kadence-column_c86942-56 > .kt-inside-inner-col{border-top-width:0px;border-right-width:0px;border-bottom-width:0px;border-left-width:0px;}.kadence-column_c86942-56 > .kt-inside-inner-col,.kadence-column_c86942-56 > .kt-inside-inner-col:before{border-top-left-radius:0px;border-top-right-radius:0px;border-bottom-right-radius:0px;border-bottom-left-radius:0px;}.kadence-column_c86942-56 > .kt-inside-inner-col{column-gap:var(--global-kb-gap-sm, 1rem);}.kadence-column_c86942-56 > .kt-inside-inner-col{flex-direction:column;}.kadence-column_c86942-56 > .kt-inside-inner-col > .aligncenter{width:100%;}.kadence-column_c86942-56 > .kt-inside-inner-col:before{opacity:0.3;}.kadence-column_c86942-56{position:relative;}@media all and (max-width: 1024px){.kadence-column_c86942-56 > .kt-inside-inner-col{flex-direction:column;justify-content:center;}}@media all and (max-width: 767px){.kadence-column_c86942-56 > .kt-inside-inner-col{flex-direction:column;justify-content:center;}}<\/style>\n<div class=\"wp-block-kadence-column inner-column-1 kadence-column_c86942-56\"><div class=\"kt-inside-inner-col\"><style>#kt-layout-id_6ebae5-9b > .kt-row-column-wrap{align-content:start;}:where(#kt-layout-id_6ebae5-9b > .kt-row-column-wrap) > .wp-block-kadence-column{justify-content:start;}#kt-layout-id_6ebae5-9b > .kt-row-column-wrap{column-gap:var(--global-kb-gap-md, 2rem);row-gap:var(--global-kb-gap-md, 2rem);padding-top:var( --global-kb-row-default-top, 25px );padding-bottom:var( --global-kb-row-default-bottom, 25px );padding-left:25px;padding-right:25px;grid-template-columns:minmax(0, 1fr);}#kt-layout-id_6ebae5-9b > .kt-row-layout-overlay{opacity:0.30;}#kt-layout-id_6ebae5-9b .kt-row-layout-bottom-sep{height:100px;}#kt-layout-id_6ebae5-9b .kt-row-layout-bottom-sep svg{width:100%;}#kt-layout-id_6ebae5-9b .kt-row-layout-bottom-sep svg{fill:#ffffff!important;}@media all and (max-width: 1024px){#kt-layout-id_6ebae5-9b > .kt-row-column-wrap{grid-template-columns:minmax(0, 1fr);}}@media all and (max-width: 1024px){#kt-layout-id_6ebae5-9b .kt-row-layout-bottom-sep{height:px;}}@media all and (max-width: 1024px){#kt-layout-id_6ebae5-9b .kt-row-layout-bottom-sep svg{width:%;}}@media all and (max-width: 767px){#kt-layout-id_6ebae5-9b > .kt-row-column-wrap{grid-template-columns:minmax(0, 1fr);}#kt-layout-id_6ebae5-9b .kt-row-layout-bottom-sep{height:px;}#kt-layout-id_6ebae5-9b .kt-row-layout-bottom-sep svg{width:%;}}<\/style>\n<div class=\"wp-block-kadence-rowlayout alignnone\"><div id=\"kt-layout-id_6ebae5-9b\" class=\"kt-row-layout-inner kt-layout-id_6ebae5-9b\"><div class=\"kt-row-column-wrap kt-has-1-columns kt-gutter-default kt-v-gutter-default kt-row-valign-top kt-row-layout-equal kt-tab-layout-inherit kt-m-colapse-left-to-right kt-mobile-layout-row\"><style>.kadence-column_b82585-d1 > .kt-inside-inner-col{border-top-width:0px;border-right-width:0px;border-bottom-width:0px;border-left-width:0px;}.kadence-column_b82585-d1 > .kt-inside-inner-col,.kadence-column_b82585-d1 > .kt-inside-inner-col:before{border-top-left-radius:0px;border-top-right-radius:0px;border-bottom-right-radius:0px;border-bottom-left-radius:0px;}.kadence-column_b82585-d1 > .kt-inside-inner-col{column-gap:var(--global-kb-gap-sm, 1rem);}.kadence-column_b82585-d1 > .kt-inside-inner-col{flex-direction:column;}.kadence-column_b82585-d1 > .kt-inside-inner-col > .aligncenter{width:100%;}.kadence-column_b82585-d1 > .kt-inside-inner-col:before{opacity:0.3;}.kadence-column_b82585-d1{position:relative;}@media all and (max-width: 1024px){.kadence-column_b82585-d1 > .kt-inside-inner-col{flex-direction:column;justify-content:center;}}@media all and (max-width: 767px){.kadence-column_b82585-d1 > .kt-inside-inner-col{flex-direction:column;justify-content:center;}}<\/style>\n<div class=\"wp-block-kadence-column inner-column-1 kadence-column_b82585-d1\"><div class=\"kt-inside-inner-col\">\n<figure class=\"wp-block-image size-full\"><img loading=\"lazy\" decoding=\"async\" width=\"800\" height=\"916\" src=\"https:\/\/www.zionsgospel.com\/wp-content\/uploads\/2022\/04\/identiteettivarkaus-iphone-ipad-book-mockup.png\" alt=\"\" class=\"wp-image-2128\" srcset=\"https:\/\/www.zionsgospel.com\/wp-content\/uploads\/2022\/04\/identiteettivarkaus-iphone-ipad-book-mockup.png 800w, https:\/\/www.zionsgospel.com\/wp-content\/uploads\/2022\/04\/identiteettivarkaus-iphone-ipad-book-mockup-262x300.png 262w, https:\/\/www.zionsgospel.com\/wp-content\/uploads\/2022\/04\/identiteettivarkaus-iphone-ipad-book-mockup-768x879.png 768w, https:\/\/www.zionsgospel.com\/wp-content\/uploads\/2022\/04\/identiteettivarkaus-iphone-ipad-book-mockup-300x344.png 300w, https:\/\/www.zionsgospel.com\/wp-content\/uploads\/2022\/04\/identiteettivarkaus-iphone-ipad-book-mockup-600x687.png 600w\" sizes=\"auto, (max-width: 800px) 100vw, 800px\" \/><\/figure>\n\n\n<style>.wp-block-kadence-spacer.kt-block-spacer-_8a24eb-6b .kt-block-spacer{height:30px;}.wp-block-kadence-spacer.kt-block-spacer-_8a24eb-6b .kt-divider{border-top-width:1px;height:1px;border-top-color:#eee;width:80%;border-top-style:solid;}<\/style>\n<div class=\"wp-block-kadence-spacer aligncenter kt-block-spacer-_8a24eb-6b\"><div class=\"kt-block-spacer kt-block-spacer-halign-center\"><\/div><\/div>\n\n\n<style>.wp-block-kadence-advancedbtn.kb-btns_cb63d3-e0{gap:var(--global-kb-gap-xs, 0.5rem );justify-content:center;align-items:center;}.kt-btns_cb63d3-e0 .kt-button{font-weight:normal;font-style:normal;}.wp-block-kadence-advancedbtn.kt-btns_cb63d3-e0 .kt-btn-wrap-0 .kt-button{font-size:18px;border-style:solid;}.wp-block-kadence-advancedbtn.kt-btns_cb63d3-e0 .kt-btn-wrap-0 .kt-button::before{display:none;}<\/style>\n<div class=\"wp-block-kadence-advancedbtn kt-btn-align-center kt-btn-tablet-align-inherit kt-btn-mobile-align-inherit kt-btns-wrap kt-btns_cb63d3-e0\"><div class=\"kt-btn-wrap kt-btn-wrap-0\"><a class=\"kt-button button kt-btn-0-action kt-btn-size-large kt-btn-style-basic kt-btn-svg-show-always kt-btn-has-text-true kt-btn-has-svg-false kb-btn-global-inherit wp-block-button__link\" href=\"https:\/\/www.against-antisemitism.com\/fi\/kirja\/\" style=\"border-radius:3px;border-width:2px\" target=\"_blank\" rel=\"noopener\"><span class=\"kt-btn-inner-text\">Tilaa nyt ja aloita opintosi<\/span><\/a><\/div><\/div>\n<\/div><\/div>\n<\/div><\/div><\/div>\n<\/div><\/div>\n<\/div><\/div><\/div>\n","protected":false},"excerpt":{"rendered":"<p>Uusi liike antisemitismi\u00e4 vastaan. Perustuen 1. Moos. 12:3, Maailmanlaajuinen uudelleenkoulutushanke antisemitismi\u00e4 vastaan paljastaa korvausteologiasta johtuvan vihan juutalaisia kohtaan. GRI on uusi j\u00e4rjest\u00f6, joka tuo esiin Messiaan juutalaisen identiteetin uskonnollisen antisemitismin h\u00e4vitt\u00e4miseksi. Opetamme ihmisille korvausteologiasta johtuvasta hengellisest\u00e4 antisemitismist\u00e4 niin historiallisesta, poliittisesta kuin my\u00f6s raamatullisesta n\u00e4k\u00f6kulmasta. GRI on osa&nbsp;Yhdistyneet kansakunnat Israelin puolesta-liikett\u00e4. GRI paljastaa viisip\u00e4isen antisemitismin hirvi\u00f6n,&#8230;<\/p>\n","protected":false},"author":1,"featured_media":0,"parent":0,"menu_order":0,"comment_status":"closed","ping_status":"closed","template":"","meta":{"give_campaign_id":0,"_kad_blocks_custom_css":"","_kad_blocks_head_custom_js":"","_kad_blocks_body_custom_js":"","_kad_blocks_footer_custom_js":"","_kad_post_transparent":"","_kad_post_title":"hide","_kad_post_layout":"","_kad_post_sidebar_id":"","_kad_post_content_style":"","_kad_post_vertical_padding":"bottom","_kad_post_feature":"","_kad_post_feature_position":"","_kad_post_header":false,"_kad_post_footer":false,"_kad_post_classname":"","footnotes":""},"class_list":["post-4262","page","type-page","status-publish","hentry"],"campaignId":"","taxonomy_info":[],"featured_image_src_large":false,"author_info":{"display_name":"W B","author_link":"https:\/\/www.zionsgospel.com\/fi\/author\/victor\/"},"comment_info":0,"_links":{"self":[{"href":"https:\/\/www.zionsgospel.com\/fi\/wp-json\/wp\/v2\/pages\/4262","targetHints":{"allow":["GET"]}}],"collection":[{"href":"https:\/\/www.zionsgospel.com\/fi\/wp-json\/wp\/v2\/pages"}],"about":[{"href":"https:\/\/www.zionsgospel.com\/fi\/wp-json\/wp\/v2\/types\/page"}],"author":[{"embeddable":true,"href":"https:\/\/www.zionsgospel.com\/fi\/wp-json\/wp\/v2\/users\/1"}],"replies":[{"embeddable":true,"href":"https:\/\/www.zionsgospel.com\/fi\/wp-json\/wp\/v2\/comments?post=4262"}],"version-history":[{"count":3,"href":"https:\/\/www.zionsgospel.com\/fi\/wp-json\/wp\/v2\/pages\/4262\/revisions"}],"predecessor-version":[{"id":7151,"href":"https:\/\/www.zionsgospel.com\/fi\/wp-json\/wp\/v2\/pages\/4262\/revisions\/7151"}],"wp:attachment":[{"href":"https:\/\/www.zionsgospel.com\/fi\/wp-json\/wp\/v2\/media?parent=4262"}],"curies":[{"name":"wp","href":"https:\/\/api.w.org\/{rel}","templated":true}]}}