{"id":3403,"date":"2021-12-28T15:01:45","date_gmt":"2021-12-28T21:01:45","guid":{"rendered":"https:\/\/www.zionsgospel.com\/kad-esh-map-ministries\/"},"modified":"2021-12-28T15:11:00","modified_gmt":"2021-12-28T21:11:00","slug":"kad-esh-map-ministries","status":"publish","type":"page","link":"https:\/\/www.zionsgospel.com\/fi\/kad-esh-map-ministries\/","title":{"rendered":"Kad-Esh MAP Ministries"},"content":{"rendered":"<style>#kt-layout-id_584f03-46 > .kt-row-column-wrap{z-index:10;position:relative;align-content:start;}:where(#kt-layout-id_584f03-46 > .kt-row-column-wrap) > .wp-block-kadence-column{justify-content:start;}#kt-layout-id_584f03-46 > .kt-row-column-wrap{column-gap:var(--global-kb-gap-md, 2rem);row-gap:var(--global-kb-gap-md, 2rem);max-width:900px;margin-left:auto;margin-right:auto;padding-top:var( --global-kb-row-default-top, 25px );padding-bottom:var( --global-kb-row-default-bottom, 25px );padding-top:110px;padding-bottom:130px;grid-template-columns:minmax(0, 1fr);}#kt-layout-id_584f03-46{background-image:url('https:\/\/www.zionsgospel.com\/wp-content\/uploads\/2021\/06\/kad-esh-4.jpg');background-size:cover;background-position:0% 50%;background-attachment:scroll;background-repeat:no-repeat;}#kt-layout-id_584f03-46 > .kt-row-layout-overlay{opacity:0.00;background-color:#020202;mix-blend-mode:normal;}#kt-layout-id_584f03-46 .kt-row-layout-bottom-sep{height:100px;}#kt-layout-id_584f03-46 .kt-row-layout-bottom-sep svg{width:100%;}#kt-layout-id_584f03-46 .kt-row-layout-bottom-sep svg{fill:#ffffff!important;}@media all and (max-width: 1024px){#kt-layout-id_584f03-46 > .kt-row-column-wrap{grid-template-columns:minmax(0, 1fr);}}@media all and (max-width: 1024px){#kt-layout-id_584f03-46 .kt-row-layout-bottom-sep{height:px;}}@media all and (max-width: 1024px){#kt-layout-id_584f03-46 .kt-row-layout-bottom-sep svg{width:%;}}@media all and (max-width: 767px){#kt-layout-id_584f03-46 > .kt-row-column-wrap{grid-template-columns:minmax(0, 1fr);}#kt-layout-id_584f03-46 .kt-row-layout-bottom-sep{height:px;}#kt-layout-id_584f03-46 .kt-row-layout-bottom-sep svg{width:%;}}<\/style>\n<div class=\"wp-block-kadence-rowlayout alignfull\"><div id=\"kt-layout-id_584f03-46\" class=\"kt-row-layout-inner kt-row-has-bg kt-layout-id_584f03-46\"><div class=\"kt-row-layout-overlay kt-row-overlay-normal\"><\/div><div class=\"kt-row-column-wrap kt-has-1-columns kt-gutter-default kt-v-gutter-default kt-row-valign-top kt-row-layout-equal kt-tab-layout-inherit kt-m-colapse-left-to-right kt-mobile-layout-row\"><style>.kadence-column_3df01d-25 > .kt-inside-inner-col{border-top-width:0px;border-right-width:0px;border-bottom-width:0px;border-left-width:0px;}.kadence-column_3df01d-25 > .kt-inside-inner-col,.kadence-column_3df01d-25 > .kt-inside-inner-col:before{border-top-left-radius:0px;border-top-right-radius:0px;border-bottom-right-radius:0px;border-bottom-left-radius:0px;}.kadence-column_3df01d-25 > .kt-inside-inner-col{column-gap:var(--global-kb-gap-sm, 1rem);}.kadence-column_3df01d-25 > .kt-inside-inner-col{flex-direction:column;}.kadence-column_3df01d-25 > .kt-inside-inner-col > .aligncenter{width:100%;}.kadence-column_3df01d-25 > .kt-inside-inner-col:before{opacity:0.3;}.kadence-column_3df01d-25{position:relative;}@media all and (max-width: 1024px){.kadence-column_3df01d-25 > .kt-inside-inner-col{flex-direction:column;justify-content:center;}}@media all and (max-width: 767px){.kadence-column_3df01d-25 > .kt-inside-inner-col{flex-direction:column;justify-content:center;}}<\/style>\n<div class=\"wp-block-kadence-column inner-column-1 kadence-column_3df01d-25\"><div class=\"kt-inside-inner-col\">\n<div class=\"wp-block-image\"><figure class=\"aligncenter size-large is-resized\"><img loading=\"lazy\" decoding=\"async\" src=\"https:\/\/www.zionsgospel.com\/wp-content\/uploads\/2021\/06\/ENG-Kad-Esh-new-logo.png\" alt=\"\" class=\"wp-image-2345\" width=\"261\" height=\"150\" srcset=\"https:\/\/www.zionsgospel.com\/wp-content\/uploads\/2021\/06\/ENG-Kad-Esh-new-logo.png 521w, https:\/\/www.zionsgospel.com\/wp-content\/uploads\/2021\/06\/ENG-Kad-Esh-new-logo-300x173.png 300w\" sizes=\"auto, (max-width: 261px) 100vw, 261px\" \/><\/figure><\/div>\n\n\n\n<p><\/p>\n<\/div><\/div>\n<\/div><div class=\"kt-row-layout-bottom-sep kt-row-sep-type-threelevels\"><svg style=\"fill:#ffffff\" viewbox=\"0 0 1000 100\" preserveaspectratio=\"none\"><path style=\"opacity:0.33\" d=\"M0 95L1000 0v100H0v-5z\"><\/path><path style=\"opacity:0.66\" d=\"M0 95l1000-67.944V100H0v-5z\"><\/path><path d=\"M0 95l1000-40.887V100H0v-5z\"><\/path><\/svg><\/div><\/div><\/div>\n\n\n<style>.wp-block-kadence-spacer.kt-block-spacer-_ad87c9-4a .kt-block-spacer{height:60px;}.wp-block-kadence-spacer.kt-block-spacer-_ad87c9-4a .kt-divider{border-top-width:1px;height:1px;border-top-color:#eee;width:80%;border-top-style:solid;}<\/style>\n<div class=\"wp-block-kadence-spacer aligncenter kt-block-spacer-_ad87c9-4a\"><div class=\"kt-block-spacer kt-block-spacer-halign-center\" style=\"height:60px\"><\/div><\/div>\n\n\n\n<p>Arkkipiispa Dominiquae on <em><a href=\"https:\/\/kad-esh.org\/fi\/\" target=\"_blank\" rel=\"noopener\">Kad-Esh MAP Ministries International<\/a><\/em>:in johtaja miehens\u00e4, rabbi Baruch Biermanin avustuksella. Palveluty\u00f6 on laajentanut toimintaansa Israelista Yhdysvaltoihin, Peruun, Suomeen, Norjaan, Ecuadoriin, Ruotsiin, Viroon, Iso-Britanniaan, Papua-Uuteen-Guineaan, Malesiaan ja moniin muihin maihin. Juutalaisina apostoleina Dominiquae ja Baruch Bierman ovat matkustaneet yli 50 kansakuntaan saarnaten Siionissa tehty\u00e4 evankeliumia, jota ovat seuranneet ihmeet, merkit ja tunnusteot!<\/p>\n\n\n\n<p>Lis\u00e4ksi arkkipiispa Dominiquae johtaa korvausteologiasta vapaata&nbsp;<a href=\"http:\/\/www.grmbibleschool.com\/fi\/\" target=\"_blank\" rel=\"noreferrer noopener\">GRM-raamattukoulua<\/a>, joka opettaa laajasti kirkkohistoriasta, uskon juutalaisista juurista ja Israelista. GRM-raamattukoulu on kukoistanut kaikkialla kansakunnissa ja muuttanut monien el\u00e4m\u00e4\u00e4.<\/p>\n\n\n\n<p>Tohtori Dominiquae on saanut kunniatohtorin arvonimen Tabernacle Bible College:sta ja seminaarista Tampassa, Floridassa. Johtuen h\u00e4nen el\u00e4m\u00e4nty\u00f6st\u00e4\u00e4n Jumalan valtakunnan edist\u00e4misess\u00e4, Tabernacel Bible College on my\u00f6nt\u00e4nyt h\u00e4nelle kunniatohtorin arvonimen uskonnonfilosofiasta. Maaliskuun 22. p\u00e4iv\u00e4n\u00e4 2004 tohtori Dominiquae Bierman asetettiin virallisesti piispaksi TAPAC:n (Trans-Atlantic Pacific Alliance of Churches) toimesta, jonka kotipaikka on Lontoossa, Englannissa. Toukokuun 14. p\u00e4iv\u00e4n\u00e4 2016 h\u00e4net korotettiin arkkipiispaksi TAPAC:n piispainfoorumissa, joka pidettiin Jerusalemissa, Israelissa, ja h\u00e4nest\u00e4 tuli n\u00e4in maailman ensimm\u00e4inen juutalainen naispuolinen arkkipiispa. H\u00e4nen palveluty\u00f6t\u00e4\u00e4n seuraavat sovinnon, vapautuksen ja ennalleen palauttamisen merkit, ihmeet ja tunnusteot. H\u00e4nen teht\u00e4v\u00e4ns\u00e4 on kolminkertainen:<\/p>\n\n\n\n<ul class=\"wp-block-list\"><li>Nostaa esiin Ester-seurakunta<\/li><li>Siunata Israelia<\/li><li>Pelastaa kansat<\/li><\/ul>\n\n\n\n<p>Osana t\u00e4t\u00e4 toimeksiantoa arkkipiispa Dominiquae on ollut yksi johtohahmoista liikkeess\u00e4, jonka tarkoituksena on palauttaa sefardijuutalaisille heid\u00e4n identiteettins\u00e4, joka menetettiin Espanjan inkvisition aikana, ja siten valmistaa heit\u00e4 palaamaan luvattuun kotiinsa, Negevin autiomaahan. T\u00e4m\u00e4n tuloksena lukuisat sefardijuutalaiset ovat kokeneet ennalleen asettamisen arkkipiispa Dominiquaen saarnatessa Jahin (Jumalan) sanaa.<\/p>\n\n\n<style>.wp-block-kadence-advancedbtn.kb-btns_b9d5a3-e3{gap:var(--global-kb-gap-xs, 0.5rem );justify-content:flex-start;align-items:center;}.kt-btns_b9d5a3-e3 .kt-button{font-weight:normal;font-style:normal;}.kt-btns_b9d5a3-e3 .kt-btn-wrap-0{margin-right:5px;}.wp-block-kadence-advancedbtn.kt-btns_b9d5a3-e3 .kt-btn-wrap-0 .kt-button{background:var(--global-palette2, #2B6CB0);}.wp-block-kadence-advancedbtn.kt-btns_b9d5a3-e3 .kt-btn-wrap-0 .kt-button::before{display:none;}.wp-block-kadence-advancedbtn.kt-btns_b9d5a3-e3 .kt-btn-wrap-0 .kt-button:hover, .wp-block-kadence-advancedbtn.kt-btns_b9d5a3-e3 .kt-btn-wrap-0 .kt-button:focus{background:#b02626;}<\/style>\n<div class=\"wp-block-kadence-advancedbtn kt-btn-align-left kt-btn-tablet-align-inherit kt-btn-mobile-align-inherit kt-btns-wrap kt-btns_b9d5a3-e3\"><div class=\"kt-btn-wrap kt-btn-wrap-0\"><a class=\"kt-button button kt-btn-0-action kt-btn-size-large kt-btn-style-basic kt-btn-svg-show-always kt-btn-has-text-true kt-btn-has-svg-true kb-btn-global-inherit wp-block-button__link\" href=\"https:\/\/www.zionsgospel.com\/fi\/lahjoitukset\/\"><div style=\"display:inline-flex;justify-content:center;align-items:center\" class=\"kt-btn-svg-icon kt-btn-svg-icon-ic_heart kt-btn-side-left\"><svg style=\"display:inline-block;vertical-align:middle\" viewbox=\"0 0 8 8\" height=\"1em\" width=\"1em\" fill=\"currentColor\" xmlns=\"http:\/\/www.w3.org\/2000\/svg\"><path d=\"M2 0c-.55 0-1.04.23-1.41.59-.36.36-.59.85-.59 1.41 0 .55.23 1.04.59 1.41l3.41 3.41 3.41-3.41c.36-.36.59-.85.59-1.41 0-.55-.23-1.04-.59-1.41-.36-.36-.85-.59-1.41-.59-.55 0-1.04.23-1.41.59-.36.36-.59.85-.59 1.41 0-.55-.23-1.04-.59-1.41-.36-.36-.85-.59-1.41-.59z\" transform=\"translate(0 1)\"><\/path><\/svg><\/div><span class=\"kt-btn-inner-text\">Lahjoita<\/span><\/a><\/div><\/div>\n\n\n<style>#kt-layout-id_e8c43f-c3 > .kt-row-column-wrap{z-index:10;position:relative;align-content:center;}:where(#kt-layout-id_e8c43f-c3 > .kt-row-column-wrap) > .wp-block-kadence-column{justify-content:center;}#kt-layout-id_e8c43f-c3 > .kt-row-column-wrap{column-gap:40px;row-gap:var(--global-kb-gap-md, 2rem);max-width:1140px;margin-left:auto;margin-right:auto;padding-top:var( --global-kb-row-default-top, 25px );padding-bottom:var( --global-kb-row-default-bottom, 25px );padding-top:100px;padding-bottom:0px;grid-template-columns:repeat(2, minmax(0, 1fr));}#kt-layout-id_e8c43f-c3{border-color:var(--global-palette6, #718096);border-bottom-width:3px;}#kt-layout-id_e8c43f-c3{background-image:url('https:\/\/www.zionsgospel.com\/wp-content\/uploads\/2021\/05\/kt_10_image_01-min.jpg');background-size:cover;background-position:48% 100%;background-attachment:fixed;background-repeat:no-repeat;}#kt-layout-id_e8c43f-c3 > .kt-row-layout-overlay{opacity:0.77;background-image:radial-gradient(at center center, var(--global-palette9, #ffffff) 20%, rgba(255, 255, 255, 0.32) 81%);mix-blend-mode:screen;}#kt-layout-id_e8c43f-c3 ,#kt-layout-id_e8c43f-c3 h1,#kt-layout-id_e8c43f-c3 h2,#kt-layout-id_e8c43f-c3 h3,#kt-layout-id_e8c43f-c3 h4,#kt-layout-id_e8c43f-c3 h5,#kt-layout-id_e8c43f-c3 h6{color:#fff;}#kt-layout-id_e8c43f-c3 .kt-row-layout-bottom-sep{height:100px;}#kt-layout-id_e8c43f-c3 .kt-row-layout-bottom-sep svg{width:100%;}#kt-layout-id_e8c43f-c3 .kt-row-layout-bottom-sep svg{fill:#ffffff!important;}#kt-layout-id_e8c43f-c3 .kt-row-layout-top-sep{height:100px;}#kt-layout-id_e8c43f-c3 .kt-row-layout-top-sep svg{width:100%;}#kt-layout-id_e8c43f-c3 .kt-row-layout-top-sep svg{fill:#ffffff!important;}@media all and (max-width: 1024px), only screen and (min-device-width: 1024px) and (max-device-width: 1366px) and (-webkit-min-device-pixel-ratio: 2) and (hover: none){#kt-layout-id_e8c43f-c3{background-attachment:scroll;}}@media all and (max-width: 1024px){#kt-layout-id_e8c43f-c3 > .kt-row-column-wrap{grid-template-columns:repeat(2, minmax(0, 1fr));}}@media all and (max-width: 1024px){#kt-layout-id_e8c43f-c3 .kt-row-layout-bottom-sep{height:px;}}@media all and (max-width: 1024px){#kt-layout-id_e8c43f-c3 .kt-row-layout-bottom-sep svg{width:%;}}@media all and (max-width: 767px){#kt-layout-id_e8c43f-c3 > .kt-row-column-wrap{grid-template-columns:minmax(0, 1fr);}#kt-layout-id_e8c43f-c3 .kt-row-layout-bottom-sep{height:px;}#kt-layout-id_e8c43f-c3 .kt-row-layout-bottom-sep svg{width:%;}}<\/style>\n<div class=\"wp-block-kadence-rowlayout alignfull\"><div id=\"kt-layout-id_e8c43f-c3\" class=\"kt-row-layout-inner kt-row-has-bg kt-layout-id_e8c43f-c3 kt-jarallax\"><div class=\"kt-row-layout-overlay kt-row-overlay-gradient\"><\/div><div class=\"kt-row-layout-top-sep kt-row-sep-type-threelevels\"><svg style=\"fill:#ffffff\" viewbox=\"0 0 1000 100\" preserveaspectratio=\"none\"><path style=\"opacity:0.33\" d=\"M0 95L1000 0v100H0v-5z\"><\/path><path style=\"opacity:0.66\" d=\"M0 95l1000-67.944V100H0v-5z\"><\/path><path d=\"M0 95l1000-40.887V100H0v-5z\"><\/path><\/svg><\/div><div class=\"kt-row-column-wrap kt-has-2-columns kt-gutter-wide kt-v-gutter-default kt-row-valign-middle kt-row-layout-equal kt-tab-layout-equal kt-m-colapse-left-to-right kt-mobile-layout-row\"><style>.kadence-column_411d2c-b8 > .kt-inside-inner-col{border-top-width:0px;border-right-width:0px;border-bottom-width:0px;border-left-width:0px;}.kadence-column_411d2c-b8 > .kt-inside-inner-col,.kadence-column_411d2c-b8 > .kt-inside-inner-col:before{border-top-left-radius:0px;border-top-right-radius:0px;border-bottom-right-radius:0px;border-bottom-left-radius:0px;}.kadence-column_411d2c-b8 > .kt-inside-inner-col{column-gap:var(--global-kb-gap-sm, 1rem);}.kadence-column_411d2c-b8 > .kt-inside-inner-col{flex-direction:column;}.kadence-column_411d2c-b8 > .kt-inside-inner-col > .aligncenter{width:100%;}.kadence-column_411d2c-b8 > .kt-inside-inner-col:before{opacity:0.3;}.kadence-column_411d2c-b8{text-align:left;}.kadence-column_411d2c-b8{position:relative;}@media all and (max-width: 1024px){.kadence-column_411d2c-b8 > .kt-inside-inner-col{flex-direction:column;justify-content:center;}}@media all and (max-width: 767px){.kadence-column_411d2c-b8{text-align:center;}.kadence-column_411d2c-b8 > .kt-inside-inner-col{flex-direction:column;justify-content:center;}}.kadence-column_411d2c-b8 {justify-content: end !important;}<\/style>\n<div class=\"wp-block-kadence-column inner-column-1 kadence-column_411d2c-b8 kvs-sm-false\"><div class=\"kt-inside-inner-col\">\n<figure class=\"wp-block-image size-large\"><img loading=\"lazy\" decoding=\"async\" width=\"512\" height=\"686\" src=\"https:\/\/www.zionsgospel.com\/wp-content\/uploads\/2021\/05\/AB-Red-Blow-1-mirror.png\" alt=\"\" class=\"wp-image-2136\" srcset=\"https:\/\/www.zionsgospel.com\/wp-content\/uploads\/2021\/05\/AB-Red-Blow-1-mirror.png 512w, https:\/\/www.zionsgospel.com\/wp-content\/uploads\/2021\/05\/AB-Red-Blow-1-mirror-224x300.png 224w, https:\/\/www.zionsgospel.com\/wp-content\/uploads\/2021\/05\/AB-Red-Blow-1-mirror-300x402.png 300w\" sizes=\"auto, (max-width: 512px) 100vw, 512px\" \/><\/figure>\n<\/div><\/div>\n\n\n<style>.kadence-column_a00370-28 > .kt-inside-inner-col{padding-bottom:2em;}.kadence-column_a00370-28 > .kt-inside-inner-col{border-top-width:0px;border-right-width:0px;border-bottom-width:0px;border-left-width:0px;}.kadence-column_a00370-28 > .kt-inside-inner-col,.kadence-column_a00370-28 > .kt-inside-inner-col:before{border-top-left-radius:0px;border-top-right-radius:0px;border-bottom-right-radius:0px;border-bottom-left-radius:0px;}.kadence-column_a00370-28 > .kt-inside-inner-col{column-gap:var(--global-kb-gap-sm, 1rem);}.kadence-column_a00370-28 > .kt-inside-inner-col{flex-direction:column;}.kadence-column_a00370-28 > .kt-inside-inner-col > .aligncenter{width:100%;}.kadence-column_a00370-28 > .kt-inside-inner-col:before{opacity:0.3;}.kadence-column_a00370-28{text-align:left;}.kadence-column_a00370-28{position:relative;}@media all and (max-width: 1024px){.kadence-column_a00370-28 > .kt-inside-inner-col{flex-direction:column;justify-content:center;}}@media all and (max-width: 767px){.kadence-column_a00370-28 > .kt-inside-inner-col{flex-direction:column;justify-content:center;}}.kadence-column_a00370-28 {color: var(--global-palette3);}<\/style>\n<div class=\"wp-block-kadence-column inner-column-2 kadence-column_a00370-28\"><div class=\"kt-inside-inner-col\"><style>.wp-block-kadence-advancedheading.kt-adv-heading_810487-61, .wp-block-kadence-advancedheading.kt-adv-heading_810487-61[data-kb-block=\"kb-adv-heading_810487-61\"]{margin-top:0.1em;margin-bottom:0.1em;font-size:3.5em;line-height:1em;font-style:normal;text-transform:uppercase;}.wp-block-kadence-advancedheading.kt-adv-heading_810487-61 mark.kt-highlight, .wp-block-kadence-advancedheading.kt-adv-heading_810487-61[data-kb-block=\"kb-adv-heading_810487-61\"] mark.kt-highlight{font-style:normal;color:#f76a0c;-webkit-box-decoration-break:clone;box-decoration-break:clone;padding-top:0px;padding-right:0px;padding-bottom:0px;padding-left:0px;}.wp-block-kadence-advancedheading.kt-adv-heading_810487-61 img.kb-inline-image, .wp-block-kadence-advancedheading.kt-adv-heading_810487-61[data-kb-block=\"kb-adv-heading_810487-61\"] img.kb-inline-image{width:150px;vertical-align:baseline;}@media all and (max-width: 767px){.wp-block-kadence-advancedheading.kt-adv-heading_810487-61, .wp-block-kadence-advancedheading.kt-adv-heading_810487-61[data-kb-block=\"kb-adv-heading_810487-61\"]{font-size:2.8em;}}<\/style>\n<h2 class=\"kt-adv-heading_810487-61 wp-block-kadence-advancedheading has-theme-palette-2-color has-text-color\" data-kb-block=\"kb-adv-heading_810487-61\"> <\/h2>\n\n\n<style>.wp-block-kadence-advancedheading.kt-adv-heading_669d0a-c2, .wp-block-kadence-advancedheading.kt-adv-heading_669d0a-c2[data-kb-block=\"kb-adv-heading_669d0a-c2\"]{margin-top:0.1em;margin-bottom:0.1em;font-size:2em;line-height:1.1em;font-style:normal;text-transform:uppercase;}.wp-block-kadence-advancedheading.kt-adv-heading_669d0a-c2 mark.kt-highlight, .wp-block-kadence-advancedheading.kt-adv-heading_669d0a-c2[data-kb-block=\"kb-adv-heading_669d0a-c2\"] mark.kt-highlight{font-style:normal;color:#f76a0c;-webkit-box-decoration-break:clone;box-decoration-break:clone;padding-top:0px;padding-right:0px;padding-bottom:0px;padding-left:0px;}.wp-block-kadence-advancedheading.kt-adv-heading_669d0a-c2 img.kb-inline-image, .wp-block-kadence-advancedheading.kt-adv-heading_669d0a-c2[data-kb-block=\"kb-adv-heading_669d0a-c2\"] img.kb-inline-image{width:150px;vertical-align:baseline;}@media all and (max-width: 767px){.wp-block-kadence-advancedheading.kt-adv-heading_669d0a-c2, .wp-block-kadence-advancedheading.kt-adv-heading_669d0a-c2[data-kb-block=\"kb-adv-heading_669d0a-c2\"]{font-size:2.8em;}}<\/style>\n<h2 class=\"kt-adv-heading_669d0a-c2 wp-block-kadence-advancedheading has-theme-palette-3-color has-text-color\" data-kb-block=\"kb-adv-heading_669d0a-c2\">Kirjaudu postituslistallemme ja saat viikoittaiset sapattikirjeemme<\/h2>\n\n\n<style>.wp-block-kadence-advancedheading.kt-adv-heading_baebf7-e8, .wp-block-kadence-advancedheading.kt-adv-heading_baebf7-e8[data-kb-block=\"kb-adv-heading_baebf7-e8\"]{margin-bottom:1em;font-style:normal;letter-spacing:-0.2px;}.wp-block-kadence-advancedheading.kt-adv-heading_baebf7-e8 mark.kt-highlight, .wp-block-kadence-advancedheading.kt-adv-heading_baebf7-e8[data-kb-block=\"kb-adv-heading_baebf7-e8\"] mark.kt-highlight{font-style:normal;color:#f76a0c;-webkit-box-decoration-break:clone;box-decoration-break:clone;padding-top:0px;padding-right:0px;padding-bottom:0px;padding-left:0px;}.wp-block-kadence-advancedheading.kt-adv-heading_baebf7-e8 img.kb-inline-image, .wp-block-kadence-advancedheading.kt-adv-heading_baebf7-e8[data-kb-block=\"kb-adv-heading_baebf7-e8\"] img.kb-inline-image{width:150px;vertical-align:baseline;}<\/style>\n<p class=\"kt-adv-heading_baebf7-e8 wp-block-kadence-advancedheading has-theme-palette-3-color has-text-color\" data-kb-block=\"kb-adv-heading_baebf7-e8\">* pakollinen kentt\u00e4<\/p>\n\n\n\n<div class=\"wpcf7 no-js\" id=\"wpcf7-f3368-o1\" lang=\"en-US\" dir=\"ltr\" data-wpcf7-id=\"3368\">\n<div class=\"screen-reader-response\"><p role=\"status\" aria-live=\"polite\" aria-atomic=\"true\"><\/p> <ul><\/ul><\/div>\n<form action=\"\/fi\/wp-json\/wp\/v2\/pages\/3403#wpcf7-f3368-o1\" method=\"post\" class=\"wpcf7-form init\" aria-label=\"Contact form\" novalidate=\"novalidate\" data-status=\"init\">\n<fieldset class=\"hidden-fields-container\"><input type=\"hidden\" name=\"_wpcf7\" value=\"3368\" \/><input type=\"hidden\" name=\"_wpcf7_version\" value=\"6.1.5\" \/><input type=\"hidden\" name=\"_wpcf7_locale\" value=\"en_US\" \/><input type=\"hidden\" name=\"_wpcf7_unit_tag\" value=\"wpcf7-f3368-o1\" \/><input type=\"hidden\" name=\"_wpcf7_container_post\" value=\"0\" \/><input type=\"hidden\" name=\"_wpcf7_posted_data_hash\" value=\"\" \/><input type=\"hidden\" name=\"_wpcf7_recaptcha_response\" value=\"\" \/>\n<\/fieldset>\n<p><label> *S\u00e4hk\u00f6postiosoite<br \/>\n<span class=\"wpcf7-form-control-wrap\" data-name=\"your-email\"><input size=\"40\" maxlength=\"400\" class=\"wpcf7-form-control wpcf7-email wpcf7-validates-as-required wpcf7-text wpcf7-validates-as-email\" aria-required=\"true\" aria-invalid=\"false\" value=\"\" type=\"email\" name=\"your-email\" \/><\/span> <\/label><br \/>\n<label> *Etunimi<br \/>\n<span class=\"wpcf7-form-control-wrap\" data-name=\"first-name\"><input size=\"40\" maxlength=\"400\" class=\"wpcf7-form-control wpcf7-text wpcf7-validates-as-required\" aria-required=\"true\" aria-invalid=\"false\" value=\"\" type=\"text\" name=\"first-name\" \/><\/span> <\/label><br \/>\n<label> *Sukunimi<br \/>\n<span class=\"wpcf7-form-control-wrap\" data-name=\"last-name\"><input size=\"40\" maxlength=\"400\" class=\"wpcf7-form-control wpcf7-text wpcf7-validates-as-required\" aria-required=\"true\" aria-invalid=\"false\" value=\"\" type=\"text\" name=\"last-name\" \/><\/span> <\/label><br \/>\n<label> *Maa<br \/>\n<span class=\"wpcf7-form-control-wrap\" data-name=\"country\"><input size=\"40\" maxlength=\"400\" class=\"wpcf7-form-control wpcf7-text wpcf7-validates-as-required\" aria-required=\"true\" aria-invalid=\"false\" value=\"\" type=\"text\" name=\"country\" \/><\/span> <\/label><br \/>\n<span id=\"wpcf7-69e614d6917ab-wrapper\" class=\"wpcf7-form-control-wrap hp-topic-wrap\" style=\"display:none !important; visibility:hidden !important;\"><input type=\"hidden\" name=\"hp-topic-time-start\" value=\"1776686294\"><input type=\"hidden\" name=\"hp-topic-time-check\" value=\"6\"><input id=\"wpcf7-69e614d6917ab-field\"  placeholder=\"Topic\"  class=\"wpcf7-form-control wpcf7-text\" type=\"text\" name=\"hp-topic\" value=\"\" size=\"40\" tabindex=\"-1\" autocomplete=\"new-password\" \/><\/span><br \/>\n<input id=\"cf7submit\" type=\"submit\" value=\"L\u00e4het\u00e4\" class=\"wpcf7-form-control has-spinner wpcf7-submit\" disabled=\"disabled\" \/>\n<\/p>\n<div class=\"clearfix\">\n<\/div><div class=\"wpcf7-response-output\" aria-hidden=\"true\"><\/div>\n<\/form>\n<\/div>\n\n\n\n\n<p><\/p>\n<\/div><\/div>\n<\/div><\/div><\/div>\n","protected":false},"excerpt":{"rendered":"<p>Arkkipiispa Dominiquae on Kad-Esh MAP Ministries International:in johtaja miehens\u00e4, rabbi Baruch Biermanin avustuksella. Palveluty\u00f6 on laajentanut toimintaansa Israelista Yhdysvaltoihin, Peruun, Suomeen, Norjaan, Ecuadoriin, Ruotsiin, Viroon, Iso-Britanniaan, Papua-Uuteen-Guineaan, Malesiaan ja moniin muihin maihin. Juutalaisina apostoleina Dominiquae ja Baruch Bierman ovat matkustaneet yli 50 kansakuntaan saarnaten Siionissa tehty\u00e4 evankeliumia, jota ovat seuranneet ihmeet, merkit ja tunnusteot! Lis\u00e4ksi&#8230;<\/p>\n","protected":false},"author":1,"featured_media":0,"parent":0,"menu_order":0,"comment_status":"closed","ping_status":"closed","template":"","meta":{"give_campaign_id":0,"_kad_blocks_custom_css":"","_kad_blocks_head_custom_js":"","_kad_blocks_body_custom_js":"","_kad_blocks_footer_custom_js":"","_kad_post_transparent":"","_kad_post_title":"hide","_kad_post_layout":"","_kad_post_sidebar_id":"","_kad_post_content_style":"","_kad_post_vertical_padding":"hide","_kad_post_feature":"","_kad_post_feature_position":"","_kad_post_header":false,"_kad_post_footer":false,"_kad_post_classname":"","footnotes":""},"class_list":["post-3403","page","type-page","status-publish","hentry"],"campaignId":"","taxonomy_info":[],"featured_image_src_large":false,"author_info":{"display_name":"W B","author_link":"https:\/\/www.zionsgospel.com\/fi\/author\/victor\/"},"comment_info":0,"_links":{"self":[{"href":"https:\/\/www.zionsgospel.com\/fi\/wp-json\/wp\/v2\/pages\/3403","targetHints":{"allow":["GET"]}}],"collection":[{"href":"https:\/\/www.zionsgospel.com\/fi\/wp-json\/wp\/v2\/pages"}],"about":[{"href":"https:\/\/www.zionsgospel.com\/fi\/wp-json\/wp\/v2\/types\/page"}],"author":[{"embeddable":true,"href":"https:\/\/www.zionsgospel.com\/fi\/wp-json\/wp\/v2\/users\/1"}],"replies":[{"embeddable":true,"href":"https:\/\/www.zionsgospel.com\/fi\/wp-json\/wp\/v2\/comments?post=3403"}],"version-history":[{"count":4,"href":"https:\/\/www.zionsgospel.com\/fi\/wp-json\/wp\/v2\/pages\/3403\/revisions"}],"predecessor-version":[{"id":3409,"href":"https:\/\/www.zionsgospel.com\/fi\/wp-json\/wp\/v2\/pages\/3403\/revisions\/3409"}],"wp:attachment":[{"href":"https:\/\/www.zionsgospel.com\/fi\/wp-json\/wp\/v2\/media?parent=3403"}],"curies":[{"name":"wp","href":"https:\/\/api.w.org\/{rel}","templated":true}]}}