{"id":3398,"date":"2021-12-28T14:53:31","date_gmt":"2021-12-28T20:53:31","guid":{"rendered":"https:\/\/www.zionsgospel.com\/yhdistyneet-kansakunnat-israelin-puolesta\/"},"modified":"2021-12-28T14:58:11","modified_gmt":"2021-12-28T20:58:11","slug":"yhdistyneet-kansakunnat-israelin-puolesta","status":"publish","type":"page","link":"https:\/\/www.zionsgospel.com\/fi\/yhdistyneet-kansakunnat-israelin-puolesta\/","title":{"rendered":"Yhdistyneet kansakunnat Israelin puolesta"},"content":{"rendered":"<style>#kt-layout-id_584f03-46 > .kt-row-column-wrap{z-index:10;position:relative;align-content:start;}:where(#kt-layout-id_584f03-46 > .kt-row-column-wrap) > .wp-block-kadence-column{justify-content:start;}#kt-layout-id_584f03-46 > .kt-row-column-wrap{column-gap:var(--global-kb-gap-md, 2rem);row-gap:var(--global-kb-gap-md, 2rem);max-width:900px;margin-left:auto;margin-right:auto;padding-top:var( --global-kb-row-default-top, 25px );padding-bottom:var( --global-kb-row-default-bottom, 25px );padding-top:110px;padding-bottom:130px;grid-template-columns:minmax(0, 1fr);}#kt-layout-id_584f03-46{background-image:url('https:\/\/www.zionsgospel.com\/wp-content\/uploads\/2021\/05\/unitednationsforisrael-bg.jpg');background-size:cover;background-position:50% 42%;background-attachment:scroll;background-repeat:no-repeat;}#kt-layout-id_584f03-46 > .kt-row-layout-overlay{opacity:0.00;background-color:#0035b9;mix-blend-mode:normal;}#kt-layout-id_584f03-46 .kt-row-layout-bottom-sep{height:100px;}#kt-layout-id_584f03-46 .kt-row-layout-bottom-sep svg{width:100%;}#kt-layout-id_584f03-46 .kt-row-layout-bottom-sep svg{fill:#ffffff!important;}@media all and (max-width: 1024px){#kt-layout-id_584f03-46 > .kt-row-column-wrap{grid-template-columns:minmax(0, 1fr);}}@media all and (max-width: 1024px){#kt-layout-id_584f03-46 .kt-row-layout-bottom-sep{height:px;}}@media all and (max-width: 1024px){#kt-layout-id_584f03-46 .kt-row-layout-bottom-sep svg{width:%;}}@media all and (max-width: 767px){#kt-layout-id_584f03-46 > .kt-row-column-wrap{grid-template-columns:minmax(0, 1fr);}#kt-layout-id_584f03-46 .kt-row-layout-bottom-sep{height:px;}#kt-layout-id_584f03-46 .kt-row-layout-bottom-sep svg{width:%;}}<\/style>\n<div class=\"wp-block-kadence-rowlayout alignfull\"><div id=\"kt-layout-id_584f03-46\" class=\"kt-row-layout-inner kt-row-has-bg kt-layout-id_584f03-46\"><div class=\"kt-row-layout-overlay kt-row-overlay-normal\"><\/div><div class=\"kt-row-column-wrap kt-has-1-columns kt-gutter-default kt-v-gutter-default kt-row-valign-top kt-row-layout-equal kt-tab-layout-inherit kt-m-colapse-left-to-right kt-mobile-layout-row\"><style>.kadence-column_3df01d-25 > .kt-inside-inner-col{border-top-width:0px;border-right-width:0px;border-bottom-width:0px;border-left-width:0px;}.kadence-column_3df01d-25 > .kt-inside-inner-col,.kadence-column_3df01d-25 > .kt-inside-inner-col:before{border-top-left-radius:0px;border-top-right-radius:0px;border-bottom-right-radius:0px;border-bottom-left-radius:0px;}.kadence-column_3df01d-25 > .kt-inside-inner-col{column-gap:var(--global-kb-gap-sm, 1rem);}.kadence-column_3df01d-25 > .kt-inside-inner-col{flex-direction:column;}.kadence-column_3df01d-25 > .kt-inside-inner-col > .aligncenter{width:100%;}.kadence-column_3df01d-25 > .kt-inside-inner-col:before{opacity:0.3;}.kadence-column_3df01d-25{position:relative;}@media all and (max-width: 1024px){.kadence-column_3df01d-25 > .kt-inside-inner-col{flex-direction:column;justify-content:center;}}@media all and (max-width: 767px){.kadence-column_3df01d-25 > .kt-inside-inner-col{flex-direction:column;justify-content:center;}}<\/style>\n<div class=\"wp-block-kadence-column inner-column-1 kadence-column_3df01d-25\"><div class=\"kt-inside-inner-col\">\n<div class=\"wp-block-image\"><figure class=\"aligncenter size-full is-resized\"><img loading=\"lazy\" decoding=\"async\" src=\"https:\/\/www.zionsgospel.com\/wp-content\/uploads\/2021\/05\/unify-logo-white-1.png\" alt=\"Yhdistyneet kansakunnat Israelin puolesta\" class=\"wp-image-2313\" width=\"450\" height=\"162\" srcset=\"https:\/\/www.zionsgospel.com\/wp-content\/uploads\/2021\/05\/unify-logo-white-1.png 600w, https:\/\/www.zionsgospel.com\/wp-content\/uploads\/2021\/05\/unify-logo-white-1-300x108.png 300w\" sizes=\"auto, (max-width: 450px) 100vw, 450px\" \/><\/figure><\/div>\n\n\n\n<p><\/p>\n<\/div><\/div>\n<\/div><div class=\"kt-row-layout-bottom-sep kt-row-sep-type-threelevels\"><svg style=\"fill:#ffffff\" viewbox=\"0 0 1000 100\" preserveaspectratio=\"none\"><path style=\"opacity:0.33\" d=\"M0 95L1000 0v100H0v-5z\"><\/path><path style=\"opacity:0.66\" d=\"M0 95l1000-67.944V100H0v-5z\"><\/path><path d=\"M0 95l1000-40.887V100H0v-5z\"><\/path><\/svg><\/div><\/div><\/div>\n\n\n<style>.wp-block-kadence-spacer.kt-block-spacer-_8676d3-47 .kt-block-spacer{height:30px;}.wp-block-kadence-spacer.kt-block-spacer-_8676d3-47 .kt-divider{border-top-width:1px;height:1px;border-top-color:#eee;width:80%;border-top-style:solid;}<\/style>\n<div class=\"wp-block-kadence-spacer aligncenter kt-block-spacer-_8676d3-47\"><div class=\"kt-block-spacer kt-block-spacer-halign-center\" style=\"height:30px\"><\/div><\/div>\n\n\n\n<p style=\"font-size:22px\"><strong><a href=\"https:\/\/unitednationsforisrael.org\/fi\/\" target=\"_blank\" rel=\"noopener\"><em>Yhdistyneet kansakunnat Israelin puolesta<\/em><\/a>-liike (UNIFY) pyrkii valistamaan kansakuntia Siionissa tehdyst\u00e4 evankeliumista ja siit\u00e4, miten t\u00e4rke\u00e4\u00e4 on seisoa Israelin rinnalla kaikkina aikoina ja kaikissa olosuhteissa.<\/strong><\/p>\n\n\n\n<p>Matteuksen evankeliumin 25:32:ssa Messias Jeshua (Jeesus) sanoi, ett\u00e4 h\u00e4n tuomitsee kansojen v\u00e4lill\u00e4 ja erottaa ne toisistaan kuin lampaat vuohista. T\u00e4m\u00e4 on kolmas vuosituhat siit\u00e4 l\u00e4htien, kun H\u00e4n vaelsi maan p\u00e4\u00e4ll\u00e4, ja erottelu on alkanut!<\/p>\n\n\n\n<p>Messias vieraili arkkipiispa Dominiquae Biermanin,&nbsp;<em><a href=\"https:\/\/unitednationsforisrael.org\/fi\/\" target=\"_blank\" rel=\"noopener\">Yhdistyneet kansakunnat Israelin puolesta<\/a><\/em>&nbsp;-liikkeen perustajan luona Santiagossa, Chiless\u00e4 joulup\u00e4iv\u00e4n\u00e4 2001, ja H\u00e4n n\u00e4ytti h\u00e4nelle, ett\u00e4 seurakunnassa vallitseva korvausteologia on est\u00e4nyt kansakuntia tulemasta lammaskansoiksi.<\/p>\n\n\n\n<p>JHVH (Jumala) tulee tuomitsemaan kansat kahden asian perusteella:<\/p>\n\n\n\n<ul class=\"wp-block-list\"><li>H\u00e4nen k\u00e4skyjens\u00e4 mukaan, jotka on kirjoitettu Tooraan (Ilm. 20:12, 13).<\/li><li>Miten kansat ovat kohdelleet Israelia (1. Moos. 12:3, Matt. 25:37\u201340).<\/li><\/ul>\n\n\n\n<p>Korvausteologian t\u00e4ytt\u00e4m\u00e4n kristinuskon kautta seurakunta\/kirkko on opettanut kansakunnat hylk\u00e4\u00e4m\u00e4\u00e4n kaiken sen, mik\u00e4 on juutalaista, mukaan lukien Jumalan Tooran tai k\u00e4skyt, sapatin ja raamatulliset juhlapyh\u00e4t. Se on my\u00f6s opettanut kansat vihaamaan juutalaista kansaa. Historia on t\u00e4ynn\u00e4 juutalaisvastaisia kristillisi\u00e4 tapahtumia, kuten ristiretket, Espanjan inkvisitio, pogromit Ven\u00e4j\u00e4ll\u00e4 ja Ukrainassa, natsien Shoa (holokausti), BDS ja monet muut. Vaikka islam on nyky\u00e4\u00e4n n\u00e4kyv\u00e4mmin Israelia vastaan, my\u00f6s Kirkkojen maailmanneuvosto ja monet kirkkokunnat ja kristilliset kansalaisj\u00e4rjest\u00f6t ovat Israelin vastaisia. Pyh\u00e4t kirjoitukset ovat selv\u00e4t t\u00e4ss\u00e4 asiassa:<\/p>\n\n\n\n<p><em>&#8221;Min\u00e4 siunaan niit\u00e4, jotka siunaavat sinua (Israelia), ja kiroan ne, jotka kiroavat sinua.<\/em>&#8221; <strong>1. Moos. 12:3<\/strong><\/p>\n\n\n\n<p>&#8221;<em>Kansakuntia tuomitaan nyt sen perusteella, miten ne ovat kohdelleet juutalaista kansaa menneisyydess\u00e4 ja miten ne kohtelevat nykyp\u00e4iv\u00e4n Israelin valtiota t\u00e4n\u00e4\u00e4n. Raamattu sanoo, ett\u00e4 Jah (Jumala) tuomitsee kaikki kansat Siionin asian vuoksi (Jesaja 34:1\u20138), ja ett\u00e4 kaikki kansat ovat tuomion laaksossa, koska ne yritt\u00e4v\u00e4t jakaa Jerusalemin ja Israelin maan.<\/em>&#8221; <strong>(Joel 3:1\u20134)<\/strong><\/p>\n\n\n\n<p>Uskomme, ett\u00e4 jokainen Messiaaseen uskova kussakin kansakunnassa on potentiaalinen maailmanmuuttaja, joka voi toimia katalysaattorina muuttaen omaa kansakuntansa Lammaskansaksi, pelastaen lukemattomia ihmisi\u00e4 ikuiselta tuomiolta.<\/p>\n\n\n\n<p>Aivan kuten Israel syntyi yhdess\u00e4 p\u00e4iv\u00e4ss\u00e4 luvattuun maahansa l\u00e4hes 2000 vuoden maanpakolaisuuden j\u00e4lkeen, niin my\u00f6s Lammaskansat voivat synty\u00e4 yhdess\u00e4 p\u00e4iv\u00e4ss\u00e4!<\/p>\n\n\n\n<p>&#8221;<em>Kuka on sellaista kuullut, kuka senkaltaista n\u00e4hnyt?<br>Syntyyk\u00f6 maa yhden p\u00e4iv\u00e4n kivulla, tahi synnytet\u00e4\u00e4nk\u00f6 kansa yhdell\u00e4 haavaa?<br>Siionhan tunsi kipuja ja samalla jo synnytti lapsensa.<\/em>&#8221;<br><strong>Jesaja 66:8<\/strong><\/p>\n\n\n\n<p>Ryhdy kansojen Knessetin j\u00e4seneksi ja aloita kansakuntasi muuttaminen Lammaskansaksi yksi ihminen kerrallaan.<\/p>\n\n\n<style>.wp-block-kadence-advancedbtn.kb-btns_b9d5a3-e3{gap:var(--global-kb-gap-xs, 0.5rem );justify-content:flex-start;align-items:center;}.kt-btns_b9d5a3-e3 .kt-button{font-weight:normal;font-style:normal;}.kt-btns_b9d5a3-e3 .kt-btn-wrap-0{margin-right:5px;}.wp-block-kadence-advancedbtn.kt-btns_b9d5a3-e3 .kt-btn-wrap-0 .kt-button::before{display:none;}.kt-btns_b9d5a3-e3 .kt-btn-wrap-1{margin-right:5px;}.wp-block-kadence-advancedbtn.kt-btns_b9d5a3-e3 .kt-btn-wrap-1 .kt-button{background:var(--global-palette2, #2B6CB0);}.wp-block-kadence-advancedbtn.kt-btns_b9d5a3-e3 .kt-btn-wrap-1 .kt-button::before{display:none;}.wp-block-kadence-advancedbtn.kt-btns_b9d5a3-e3 .kt-btn-wrap-1 .kt-button:hover, .wp-block-kadence-advancedbtn.kt-btns_b9d5a3-e3 .kt-btn-wrap-1 .kt-button:focus{background:#b02626;}<\/style>\n<div class=\"wp-block-kadence-advancedbtn kt-btn-align-left kt-btn-tablet-align-inherit kt-btn-mobile-align-inherit kt-btns-wrap kt-btns_b9d5a3-e3\"><div class=\"kt-btn-wrap kt-btn-wrap-0\"><a class=\"kt-button button kt-btn-0-action kt-btn-size-large kt-btn-style-basic kt-btn-svg-show-always kt-btn-has-text-true kt-btn-has-svg-false kb-btn-global-inherit wp-block-button__link\" href=\"https:\/\/unitednationsforisrael.org\/fi\/jasenyys\/\" target=\"_blank\" rel=\"noopener\"><span class=\"kt-btn-inner-text\">Liity mukaan &amp; tue missiota<\/span><\/a><\/div><div class=\"kt-btn-wrap kt-btn-wrap-1\"><a class=\"kt-button button kt-btn-1-action kt-btn-size-large kt-btn-style-basic kt-btn-svg-show-always kt-btn-has-text-true kt-btn-has-svg-true kb-btn-global-inherit wp-block-button__link\" href=\"https:\/\/www.zionsgospel.com\/fi\/lahjoitukset\/\"><div style=\"display:inline-flex;justify-content:center;align-items:center\" class=\"kt-btn-svg-icon kt-btn-svg-icon-ic_heart kt-btn-side-left\"><svg style=\"display:inline-block;vertical-align:middle\" viewbox=\"0 0 8 8\" height=\"1em\" width=\"1em\" fill=\"currentColor\" xmlns=\"http:\/\/www.w3.org\/2000\/svg\"><path d=\"M2 0c-.55 0-1.04.23-1.41.59-.36.36-.59.85-.59 1.41 0 .55.23 1.04.59 1.41l3.41 3.41 3.41-3.41c.36-.36.59-.85.59-1.41 0-.55-.23-1.04-.59-1.41-.36-.36-.85-.59-1.41-.59-.55 0-1.04.23-1.41.59-.36.36-.59.85-.59 1.41 0-.55-.23-1.04-.59-1.41-.36-.36-.85-.59-1.41-.59z\" transform=\"translate(0 1)\"><\/path><\/svg><\/div><span class=\"kt-btn-inner-text\">Lahjoita<\/span><\/a><\/div><\/div>\n\n\n\n<p><\/p>\n","protected":false},"excerpt":{"rendered":"<p>Yhdistyneet kansakunnat Israelin puolesta-liike (UNIFY) pyrkii valistamaan kansakuntia Siionissa tehdyst\u00e4 evankeliumista ja siit\u00e4, miten t\u00e4rke\u00e4\u00e4 on seisoa Israelin rinnalla kaikkina aikoina ja kaikissa olosuhteissa. Matteuksen evankeliumin 25:32:ssa Messias Jeshua (Jeesus) sanoi, ett\u00e4 h\u00e4n tuomitsee kansojen v\u00e4lill\u00e4 ja erottaa ne toisistaan kuin lampaat vuohista. T\u00e4m\u00e4 on kolmas vuosituhat siit\u00e4 l\u00e4htien, kun H\u00e4n vaelsi maan p\u00e4\u00e4ll\u00e4, ja&#8230;<\/p>\n","protected":false},"author":1,"featured_media":0,"parent":0,"menu_order":0,"comment_status":"closed","ping_status":"closed","template":"","meta":{"give_campaign_id":0,"_kad_blocks_custom_css":"","_kad_blocks_head_custom_js":"","_kad_blocks_body_custom_js":"","_kad_blocks_footer_custom_js":"","_kad_post_transparent":"","_kad_post_title":"hide","_kad_post_layout":"","_kad_post_sidebar_id":"","_kad_post_content_style":"","_kad_post_vertical_padding":"bottom","_kad_post_feature":"","_kad_post_feature_position":"","_kad_post_header":false,"_kad_post_footer":false,"_kad_post_classname":"","footnotes":""},"class_list":["post-3398","page","type-page","status-publish","hentry"],"campaignId":"","taxonomy_info":[],"featured_image_src_large":false,"author_info":{"display_name":"W B","author_link":"https:\/\/www.zionsgospel.com\/fi\/author\/victor\/"},"comment_info":0,"_links":{"self":[{"href":"https:\/\/www.zionsgospel.com\/fi\/wp-json\/wp\/v2\/pages\/3398","targetHints":{"allow":["GET"]}}],"collection":[{"href":"https:\/\/www.zionsgospel.com\/fi\/wp-json\/wp\/v2\/pages"}],"about":[{"href":"https:\/\/www.zionsgospel.com\/fi\/wp-json\/wp\/v2\/types\/page"}],"author":[{"embeddable":true,"href":"https:\/\/www.zionsgospel.com\/fi\/wp-json\/wp\/v2\/users\/1"}],"replies":[{"embeddable":true,"href":"https:\/\/www.zionsgospel.com\/fi\/wp-json\/wp\/v2\/comments?post=3398"}],"version-history":[{"count":2,"href":"https:\/\/www.zionsgospel.com\/fi\/wp-json\/wp\/v2\/pages\/3398\/revisions"}],"predecessor-version":[{"id":3402,"href":"https:\/\/www.zionsgospel.com\/fi\/wp-json\/wp\/v2\/pages\/3398\/revisions\/3402"}],"wp:attachment":[{"href":"https:\/\/www.zionsgospel.com\/fi\/wp-json\/wp\/v2\/media?parent=3398"}],"curies":[{"name":"wp","href":"https:\/\/api.w.org\/{rel}","templated":true}]}}