{"id":3380,"date":"2021-12-28T13:35:40","date_gmt":"2021-12-28T19:35:40","guid":{"rendered":"https:\/\/www.zionsgospel.com\/mita-teemme\/"},"modified":"2025-09-24T14:05:07","modified_gmt":"2025-09-24T20:05:07","slug":"mita-teemme","status":"publish","type":"page","link":"https:\/\/www.zionsgospel.com\/fi\/mita-teemme\/","title":{"rendered":"Mit\u00e4 teemme"},"content":{"rendered":"<style>.kb-row-layout-wrap.wp-block-kadence-rowlayout.kb-row-layout-id977_00ecbf-ab{margin-bottom:3em;}.kb-row-layout-id977_00ecbf-ab > .kt-row-column-wrap{align-content:start;}:where(.kb-row-layout-id977_00ecbf-ab > .kt-row-column-wrap) > .wp-block-kadence-column{justify-content:start;}.kb-row-layout-id977_00ecbf-ab > .kt-row-column-wrap{column-gap:var(--global-kb-gap-md, 2rem);row-gap:var(--global-kb-gap-md, 2rem);max-width:900px;margin-left:auto;margin-right:auto;padding-top:100px;padding-bottom:140px;grid-template-columns:minmax(0, 1fr);}.kb-row-layout-id977_00ecbf-ab{background-image:url('https:\/\/www.zionsgospel.com\/wp-content\/uploads\/2021\/05\/kt_01_background_image.jpg');background-size:cover;background-position:50% 25%;background-attachment:scroll;background-repeat:no-repeat;}.kb-row-layout-id977_00ecbf-ab > .kt-row-layout-overlay{opacity:1;background:linear-gradient(180deg, var(--global-palette3) 0%, rgba(74, 85, 104, 0) 50%);mix-blend-mode:normal;}.kb-row-layout-id977_00ecbf-ab .kt-row-layout-bottom-sep{height:100px;}.kb-row-layout-id977_00ecbf-ab .kt-row-layout-bottom-sep svg{width:100%;}.kb-row-layout-id977_00ecbf-ab .kt-row-layout-bottom-sep svg{fill:#ffffff!important;}@media all and (max-width: 1024px){.kb-row-layout-id977_00ecbf-ab > .kt-row-column-wrap{grid-template-columns:minmax(0, 1fr);}}@media all and (max-width: 1024px){.kb-row-layout-id977_00ecbf-ab .kt-row-layout-bottom-sep{height:px;}}@media all and (max-width: 1024px){.kb-row-layout-id977_00ecbf-ab .kt-row-layout-bottom-sep svg{width:%;}}@media all and (max-width: 767px){.kb-row-layout-id977_00ecbf-ab > .kt-row-column-wrap{grid-template-columns:minmax(0, 1fr);}.kb-row-layout-id977_00ecbf-ab .kt-row-layout-bottom-sep{height:px;}.kb-row-layout-id977_00ecbf-ab .kt-row-layout-bottom-sep svg{width:%;}}<\/style><div class=\"kb-row-layout-wrap kb-row-layout-id977_00ecbf-ab alignfull kt-row-has-bg wp-block-kadence-rowlayout\"><div class=\"kt-row-layout-overlay kt-row-overlay-gradient\"><\/div><div class=\"kt-row-layout-bottom-sep kt-row-sep-type-ctd\"><svg viewBox=\"0 0 1000 100\" preserveAspectRatio=\"none\"><path d=\"M1000,0l-500,98l-500,-98l0,100l1000,0l0,-100Z\" style=\"opacity: 0.4\" \/><path d=\"M1000,20l-500,78l-500,-78l0,80l1000,0l0,-80Z\" \/><\/svg><\/div><div class=\"kt-row-column-wrap kt-has-1-columns kt-row-layout-equal kt-tab-layout-inherit kt-mobile-layout-row kt-row-valign-top\">\n<style>.kadence-column977_2a77c1-bc > .kt-inside-inner-col,.kadence-column977_2a77c1-bc > .kt-inside-inner-col:before{border-top-left-radius:0px;border-top-right-radius:0px;border-bottom-right-radius:0px;border-bottom-left-radius:0px;}.kadence-column977_2a77c1-bc > .kt-inside-inner-col{column-gap:var(--global-kb-gap-sm, 1rem);}.kadence-column977_2a77c1-bc > .kt-inside-inner-col{flex-direction:column;}.kadence-column977_2a77c1-bc > .kt-inside-inner-col > .aligncenter{width:100%;}.kadence-column977_2a77c1-bc > .kt-inside-inner-col:before{opacity:0.3;}.kadence-column977_2a77c1-bc{position:relative;}@media all and (max-width: 1024px){.kadence-column977_2a77c1-bc > .kt-inside-inner-col{flex-direction:column;justify-content:center;}}@media all and (max-width: 767px){.kadence-column977_2a77c1-bc > .kt-inside-inner-col{flex-direction:column;justify-content:center;}}<\/style>\n<div class=\"wp-block-kadence-column kadence-column977_2a77c1-bc inner-column-1\"><div class=\"kt-inside-inner-col\"><style>.wp-block-kadence-advancedheading.kt-adv-heading977_d0510a-33, .wp-block-kadence-advancedheading.kt-adv-heading977_d0510a-33[data-kb-block=\"kb-adv-heading977_d0510a-33\"]{text-align:center;font-size:4em;line-height:1.3em;font-style:normal;text-transform:uppercase;color:#ffffff;text-shadow:1px 1px 5px rgba(0,0,0,0.5);}.wp-block-kadence-advancedheading.kt-adv-heading977_d0510a-33 mark.kt-highlight, .wp-block-kadence-advancedheading.kt-adv-heading977_d0510a-33[data-kb-block=\"kb-adv-heading977_d0510a-33\"] mark.kt-highlight{font-style:normal;color:#f76a0c;-webkit-box-decoration-break:clone;box-decoration-break:clone;padding-top:0px;padding-right:0px;padding-bottom:0px;padding-left:0px;}.wp-block-kadence-advancedheading.kt-adv-heading977_d0510a-33 img.kb-inline-image, .wp-block-kadence-advancedheading.kt-adv-heading977_d0510a-33[data-kb-block=\"kb-adv-heading977_d0510a-33\"] img.kb-inline-image{width:150px;vertical-align:baseline;}@media all and (max-width: 1024px){.wp-block-kadence-advancedheading.kt-adv-heading977_d0510a-33, .wp-block-kadence-advancedheading.kt-adv-heading977_d0510a-33[data-kb-block=\"kb-adv-heading977_d0510a-33\"]{text-shadow:1px 1px 5px rgba(0,0,0,0.5);}}@media all and (max-width: 767px){.wp-block-kadence-advancedheading.kt-adv-heading977_d0510a-33, .wp-block-kadence-advancedheading.kt-adv-heading977_d0510a-33[data-kb-block=\"kb-adv-heading977_d0510a-33\"]{text-shadow:1px 1px 5px rgba(0,0,0,0.5);}}<\/style>\n<h2 class=\"kt-adv-heading977_d0510a-33 wp-block-kadence-advancedheading\" data-kb-block=\"kb-adv-heading977_d0510a-33\">Mit\u00e4 teemme?<\/h2>\n<\/div><\/div>\n\n<\/div><\/div>\n<p>Me, <em><a href=\"https:\/\/unitednationsforisrael.org\/fi\/\" target=\"_blank\" rel=\"noopener\">Yhdistyneet kansakunnat Israelin puolesta<\/a><\/em> -liikkeen j\u00e4senet ja <em><a href=\"https:\/\/kad-esh.org\/\" target=\"_blank\" rel=\"noopener\">Kad-Esh MAP Ministries<\/a><\/em>:in kumppanit ylist\u00e4mme Jahia (Jumalaa) H\u00e4nen armostaan, jota H\u00e4n on osoittanut meille arkkipiispa Dominiquaen ja rabbi Baruch Biermanin kautta. N\u00e4m\u00e4 kaksi juutalaista apostolia seisovat Israelin Jumalan edess\u00e4 meid\u00e4n puolestamme, jotta H\u00e4n armahtaisi kansakuntiamme n\u00e4ist\u00e4 kahdesta p\u00e4\u00e4syyst\u00e4:<\/p>\n\n<ul class=\"wp-block-list\">\n<li>Raamatun vastainen politiikka: Viha juutalaista kansaa ja Israelia kohtaan.<\/li>\n\n\n\n<li>Raamatun vastainen oppi: Pakanallisten juhlien noudattaminen ja korvausteologia.<\/li>\n<\/ul>\n\n<p>Israelilaisina ja juutalaisina heid\u00e4t on l\u00e4hetetty Amerikkaan, jossa he seisovat nyt muurinaukossa USA:n puolesta tehden parannusta maan porteilla, kuten St. Augustinessa Floridassa, Williamsburgissa Virginiassa, New Yorkissa, sek\u00e4 Orlandossa Floridassa. Jah (Jumala) on kuullut ja vastannut suosiollisesti! H\u00e4nelle olkoon kaikki kunnia!<\/p>\n\n<p>J\u00e4senet yli 30 maassa johtavat seurakuntia, opettavat uskon juutalaisista juurista ja tekev\u00e4t hyvitystekoja juutalaiselle kansalle. Merkkej\u00e4, ihmeit\u00e4 ja tunnustekoja tapahtuu runsaasti! <a href=\"https:\/\/kad-esh.org\/testimonies\/\" target=\"_blank\" rel=\"noopener\">Lue joitakin todistuksia<\/a>.<\/p>\n\n<p>Hengellinen uudestisyntyminen on meneill\u00e4\u00e4n, kun jatkamme rukoilemista, ylist\u00e4mist\u00e4, parannuksen tekoa ja seisomista muurinaukossa Israelin Jumalan edess\u00e4. Todellakin, parannuksen ty\u00f6 suurta luvattua her\u00e4tyst\u00e4 varten on vasta alkanut! Liity joukkoomme ollaksesi kansakuntasi her\u00e4tyksen katalysaattori!<\/p>\n<style>.wp-block-kadence-advancedbtn.kb-btns977_256202-93{gap:var(--global-kb-gap-xs, 0.5rem );justify-content:center;align-items:center;}.kt-btns977_256202-93 .kt-button{font-weight:normal;font-style:normal;}<\/style>\n<div class=\"wp-block-kadence-advancedbtn kb-buttons-wrap kb-btns977_256202-93\"><style>ul.menu .wp-block-kadence-advancedbtn .kb-btn977_245110-85.kb-button{width:initial;}<\/style><a class=\"kb-button kt-button button kb-btn977_245110-85 kt-btn-size-large kt-btn-width-type-auto kb-btn-global-inherit  kt-btn-has-text-true kt-btn-has-svg-false  wp-block-button__link wp-block-kadence-singlebtn\" href=\"https:\/\/unitednationsforisrael.org\/fi\/jasenyys\/\" target=\"_blank\" rel=\"noopener\"><span class=\"kt-btn-inner-text\">Liity Yhdistyneet kansakunnat Israelin puolesta -liikkeen j\u00e4seneksi.<\/span><\/a>\n\n<style>ul.menu .wp-block-kadence-advancedbtn .kb-btn977_9a116b-af.kb-button{width:initial;}.wp-block-kadence-advancedbtn .kb-btn977_9a116b-af.kb-button{background:var(--global-palette2, #2B6CB0);}.wp-block-kadence-advancedbtn .kb-btn977_9a116b-af.kb-button:hover, .wp-block-kadence-advancedbtn .kb-btn977_9a116b-af.kb-button:focus{background:#b02626;}<\/style><a class=\"kb-button kt-button button kb-btn977_9a116b-af kt-btn-size-large kt-btn-width-type-auto kb-btn-global-inherit  kt-btn-has-text-true kt-btn-has-svg-true  wp-block-button__link wp-block-kadence-singlebtn\" href=\"https:\/\/unitednationsforisrael.org\/fi\/lahjoitukset\/\" target=\"_blank\" rel=\"noopener\"><span class=\"kb-svg-icon-wrap kb-svg-icon-ic_heart kt-btn-icon-side-left\"><svg viewBox=\"0 0 8 8\"  fill=\"currentColor\" xmlns=\"http:\/\/www.w3.org\/2000\/svg\"  aria-hidden=\"true\"><path d=\"M2 0c-.55 0-1.04.23-1.41.59-.36.36-.59.85-.59 1.41 0 .55.23 1.04.59 1.41l3.41 3.41 3.41-3.41c.36-.36.59-.85.59-1.41 0-.55-.23-1.04-.59-1.41-.36-.36-.85-.59-1.41-.59-.55 0-1.04.23-1.41.59-.36.36-.59.85-.59 1.41 0-.55-.23-1.04-.59-1.41-.36-.36-.85-.59-1.41-.59z\" transform=\"translate(0 1)\"\/><\/svg><\/span><span class=\"kt-btn-inner-text\">Lahjoita<\/span><\/a><\/div>\n","protected":false},"excerpt":{"rendered":"<p>Mit\u00e4 teemme? Me, Yhdistyneet kansakunnat Israelin puolesta -liikkeen j\u00e4senet ja Kad-Esh MAP Ministries:in kumppanit ylist\u00e4mme Jahia (Jumalaa) H\u00e4nen armostaan, jota H\u00e4n on osoittanut meille arkkipiispa Dominiquaen ja rabbi Baruch Biermanin kautta. N\u00e4m\u00e4 kaksi juutalaista apostolia seisovat Israelin Jumalan edess\u00e4 meid\u00e4n puolestamme, jotta H\u00e4n armahtaisi kansakuntiamme n\u00e4ist\u00e4 kahdesta p\u00e4\u00e4syyst\u00e4: Israelilaisina ja juutalaisina heid\u00e4t on l\u00e4hetetty Amerikkaan,&#8230;<\/p>\n","protected":false},"author":1,"featured_media":0,"parent":0,"menu_order":0,"comment_status":"closed","ping_status":"closed","template":"","meta":{"give_campaign_id":0,"_kad_blocks_custom_css":"","_kad_blocks_head_custom_js":"","_kad_blocks_body_custom_js":"","_kad_blocks_footer_custom_js":"","_kad_post_transparent":"","_kad_post_title":"hide","_kad_post_layout":"","_kad_post_sidebar_id":"","_kad_post_content_style":"","_kad_post_vertical_padding":"bottom","_kad_post_feature":"","_kad_post_feature_position":"","_kad_post_header":false,"_kad_post_footer":false,"_kad_post_classname":"","footnotes":""},"class_list":["post-3380","page","type-page","status-publish","hentry"],"campaignId":"","taxonomy_info":[],"featured_image_src_large":false,"author_info":{"display_name":"W B","author_link":"https:\/\/www.zionsgospel.com\/fi\/author\/victor\/"},"comment_info":0,"_links":{"self":[{"href":"https:\/\/www.zionsgospel.com\/fi\/wp-json\/wp\/v2\/pages\/3380","targetHints":{"allow":["GET"]}}],"collection":[{"href":"https:\/\/www.zionsgospel.com\/fi\/wp-json\/wp\/v2\/pages"}],"about":[{"href":"https:\/\/www.zionsgospel.com\/fi\/wp-json\/wp\/v2\/types\/page"}],"author":[{"embeddable":true,"href":"https:\/\/www.zionsgospel.com\/fi\/wp-json\/wp\/v2\/users\/1"}],"replies":[{"embeddable":true,"href":"https:\/\/www.zionsgospel.com\/fi\/wp-json\/wp\/v2\/comments?post=3380"}],"version-history":[{"count":3,"href":"https:\/\/www.zionsgospel.com\/fi\/wp-json\/wp\/v2\/pages\/3380\/revisions"}],"predecessor-version":[{"id":15657,"href":"https:\/\/www.zionsgospel.com\/fi\/wp-json\/wp\/v2\/pages\/3380\/revisions\/15657"}],"wp:attachment":[{"href":"https:\/\/www.zionsgospel.com\/fi\/wp-json\/wp\/v2\/media?parent=3380"}],"curies":[{"name":"wp","href":"https:\/\/api.w.org\/{rel}","templated":true}]}}