{"id":7723,"date":"2022-07-07T15:29:55","date_gmt":"2022-07-07T21:29:55","guid":{"rendered":"https:\/\/www.zionsgospel.com\/shop\/la-arana-que-sobrevivio-al-huracan-irma\/"},"modified":"2022-07-07T15:29:55","modified_gmt":"2022-07-07T21:29:55","slug":"la-arana-que-sobrevivio-al-huracan-irma","status":"publish","type":"product","link":"https:\/\/www.zionsgospel.com\/es\/tienda\/la-arana-que-sobrevivio-al-huracan-irma\/","title":{"rendered":"La Ara\u00f1a Que Sobrevivio Al Huracan Irma"},"content":{"rendered":"<p>La Arzobispa Dra. Dominiquae Bierman, una ciudadana israel\u00ed-americana, se pone en la brecha por Estados Unidos con su mensaje de arrepentimiento y restauraci\u00f3n a las Ra\u00edces Jud\u00edas de la fe como lo predicaron los Disc\u00edpulos de Yeshua (Jes\u00fas) hace 2000 a\u00f1os. El Elohim de Israel est\u00e1 sonando la advertencia y El usa los poderes de la naturaleza para tener la atenci\u00f3n de Su pueblo.<\/p>\n<p>Este libro contiene un clamor urgente al presidente, a los l\u00edderes nacionales y al pueblo norteamericano para que se arrepientan por las \u201cpromesas rotas de mover la embajada de Estados Unidos de Tel Aviv a Jerusal\u00e9n\u201d y por \u201clegalizar los matrimonios homosexuales y permitir el asesinato de millones de beb\u00e9s inocentes cuya sangre clama desde la tierra.<\/p>\n<p>Estos hechos han llegado a la nariz de un Elohim Enfadado. \u00a1No se enga\u00f1e! No es la madre naturaleza la que ha atacado a Florida con el hurac\u00e1n Irma y a Texas con Harvey. Es el Padre Eterno que cre\u00f3 y USO las fuerzas de la naturaleza para implementar Su Voluntad.\u201d<\/p>\n<p>Oh Adonai, he o\u00eddo lo que se dice de Ti, y tem\u00ed. Aviva, oh Adonai, Tu obra en medio de los a\u00f1os, en medio de los a\u00f1os dala a conocer; en la ira, acu\u00e9rdate de tener compasi\u00f3n.<br \/>\nHabacuc 3:2<\/p>\n","protected":false},"excerpt":{"rendered":"<p>LA ARA\u00d1A QUE SOBREVIVIO EL HURACAN IRMA Esta alerta de hurac\u00e1n no es una broma. Por la Arzobispa Dominiquae Bierman<\/p>\n<p><strong>Downloads are available after checkout.<\/strong><\/p>\n","protected":false},"featured_media":7713,"comment_status":"closed","ping_status":"closed","template":"","meta":{"give_campaign_id":0,"_kad_blocks_custom_css":"","_kad_blocks_head_custom_js":"","_kad_blocks_body_custom_js":"","_kad_blocks_footer_custom_js":"","_kad_post_transparent":"","_kad_post_title":"","_kad_post_layout":"","_kad_post_sidebar_id":"","_kad_post_content_style":"","_kad_post_vertical_padding":"","_kad_post_feature":"","_kad_post_feature_position":"","_kad_post_header":false,"_kad_post_footer":false,"_kad_post_classname":""},"product_brand":[],"product_cat":[349],"product_tag":[],"class_list":{"0":"post-7723","1":"product","2":"type-product","3":"status-publish","4":"has-post-thumbnail","6":"product_cat-descargas-gratis","8":"first","9":"instock","10":"shipping-taxable","11":"purchasable","12":"product-type-variable","13":"entry","14":"content-bg","15":"loop-entry"},"taxonomy_info":{"product_cat":[{"value":349,"label":"Descargas Gratis"}]},"featured_image_src_large":["https:\/\/www.zionsgospel.com\/wp-content\/uploads\/2022\/07\/The-Spider-That-Survived-Hurricane-Irma-722x1024.jpg",722,1024,true],"author_info":[],"comment_info":0,"_links":{"self":[{"href":"https:\/\/www.zionsgospel.com\/es\/wp-json\/wp\/v2\/product\/7723","targetHints":{"allow":["GET"]}}],"collection":[{"href":"https:\/\/www.zionsgospel.com\/es\/wp-json\/wp\/v2\/product"}],"about":[{"href":"https:\/\/www.zionsgospel.com\/es\/wp-json\/wp\/v2\/types\/product"}],"replies":[{"embeddable":true,"href":"https:\/\/www.zionsgospel.com\/es\/wp-json\/wp\/v2\/comments?post=7723"}],"wp:featuredmedia":[{"embeddable":true,"href":"https:\/\/www.zionsgospel.com\/es\/wp-json\/wp\/v2\/media\/7713"}],"wp:attachment":[{"href":"https:\/\/www.zionsgospel.com\/es\/wp-json\/wp\/v2\/media?parent=7723"}],"wp:term":[{"taxonomy":"product_brand","embeddable":true,"href":"https:\/\/www.zionsgospel.com\/es\/wp-json\/wp\/v2\/product_brand?post=7723"},{"taxonomy":"product_cat","embeddable":true,"href":"https:\/\/www.zionsgospel.com\/es\/wp-json\/wp\/v2\/product_cat?post=7723"},{"taxonomy":"product_tag","embeddable":true,"href":"https:\/\/www.zionsgospel.com\/es\/wp-json\/wp\/v2\/product_tag?post=7723"}],"curies":[{"name":"wp","href":"https:\/\/api.w.org\/{rel}","templated":true}]}}