{"id":7460,"date":"2022-07-07T14:52:02","date_gmt":"2022-07-07T20:52:04","guid":{"rendered":"https:\/\/www.zionsgospel.com\/?post_type=product&#038;p=7460"},"modified":"2023-03-15T09:20:05","modified_gmt":"2023-03-15T15:20:05","slug":"la-revolucion-map-gratis","status":"publish","type":"product","link":"https:\/\/www.zionsgospel.com\/es\/tienda\/la-revolucion-map-gratis\/","title":{"rendered":"La Revoluci\u00f3n MAP"},"content":{"rendered":"","protected":false},"excerpt":{"rendered":"<p>Est\u00e1 sucediendo una Revoluci\u00f3n Espiritual imparable. El shofar celestial ha sonado, ordenando al Cuerpo del Mes\u00edas a que salga de los 1900 a\u00f1os del enga\u00f1o de la Teologia de Reemplazo y que regrese a los Fundamentos Hebreos originales de la Fe\u2026Yeshua (Jes\u00fas) est\u00e1 listo para regresar. \u00bfESTA USTED LISTO? \u00a1Este libro bien pudo haberse llamado EL ANTICRISTO EXPUESTO!<\/p>\n","protected":false},"featured_media":1804,"comment_status":"closed","ping_status":"closed","template":"","meta":{"give_campaign_id":0,"_kad_blocks_custom_css":"","_kad_blocks_head_custom_js":"","_kad_blocks_body_custom_js":"","_kad_blocks_footer_custom_js":"","_kad_post_transparent":"","_kad_post_title":"","_kad_post_layout":"","_kad_post_sidebar_id":"","_kad_post_content_style":"","_kad_post_vertical_padding":"","_kad_post_feature":"","_kad_post_feature_position":"","_kad_post_header":false,"_kad_post_footer":false,"_kad_post_classname":""},"product_brand":[],"product_cat":[349],"product_tag":[],"class_list":{"0":"post-7460","1":"product","2":"type-product","3":"status-publish","4":"has-post-thumbnail","6":"product_cat-descargas-gratis","7":"product_shipping_class-all-products-es","9":"first","10":"instock","11":"shipping-taxable","12":"purchasable","13":"product-type-variable","14":"entry","15":"content-bg","16":"loop-entry"},"taxonomy_info":{"product_cat":[{"value":349,"label":"Descargas Gratis"}]},"featured_image_src_large":["https:\/\/www.zionsgospel.com\/wp-content\/uploads\/2023\/03\/SPA-the-MAP-revolution-2-664x1024.jpg",664,1024,true],"author_info":[],"comment_info":0,"_links":{"self":[{"href":"https:\/\/www.zionsgospel.com\/es\/wp-json\/wp\/v2\/product\/7460","targetHints":{"allow":["GET"]}}],"collection":[{"href":"https:\/\/www.zionsgospel.com\/es\/wp-json\/wp\/v2\/product"}],"about":[{"href":"https:\/\/www.zionsgospel.com\/es\/wp-json\/wp\/v2\/types\/product"}],"replies":[{"embeddable":true,"href":"https:\/\/www.zionsgospel.com\/es\/wp-json\/wp\/v2\/comments?post=7460"}],"wp:featuredmedia":[{"embeddable":true,"href":"https:\/\/www.zionsgospel.com\/es\/wp-json\/wp\/v2\/media\/1804"}],"wp:attachment":[{"href":"https:\/\/www.zionsgospel.com\/es\/wp-json\/wp\/v2\/media?parent=7460"}],"wp:term":[{"taxonomy":"product_brand","embeddable":true,"href":"https:\/\/www.zionsgospel.com\/es\/wp-json\/wp\/v2\/product_brand?post=7460"},{"taxonomy":"product_cat","embeddable":true,"href":"https:\/\/www.zionsgospel.com\/es\/wp-json\/wp\/v2\/product_cat?post=7460"},{"taxonomy":"product_tag","embeddable":true,"href":"https:\/\/www.zionsgospel.com\/es\/wp-json\/wp\/v2\/product_tag?post=7460"}],"curies":[{"name":"wp","href":"https:\/\/api.w.org\/{rel}","templated":true}]}}