{"id":7319,"date":"2022-07-07T11:36:31","date_gmt":"2022-07-07T17:36:33","guid":{"rendered":"https:\/\/www.zionsgospel.com\/?post_type=product&#038;p=7319"},"modified":"2022-07-07T11:42:48","modified_gmt":"2022-07-07T17:42:48","slug":"el-avivamiento-del-tercer-dia-gratis","status":"publish","type":"product","link":"https:\/\/www.zionsgospel.com\/es\/tienda\/el-avivamiento-del-tercer-dia-gratis\/","title":{"rendered":"El Avivamiento del Tercer D\u00eda"},"content":{"rendered":"","protected":false},"excerpt":{"rendered":"<p>El Avivamiento del Tercer D\u00eda nos llama a que regresemos a EL, a Yeshua el Mes\u00edas jud\u00edo y a amar y honrar al pueblo judio, al Israel de HOY, que es la Madre de las Naciones! Yeshua est\u00e1 llamandonos a que rindamos nuestras armas, nuestras mentiras y arrogancia, que abandonemos toda contienda y lo busquemos a EL. Solamente EL puede restaurarnos al ARREPENTIRNOS de todos nuestros pecados personales y mentiras doctrinales. Debemos BUSCARLO A EL.<\/p>\n","protected":false},"featured_media":1806,"comment_status":"closed","ping_status":"closed","template":"","meta":{"give_campaign_id":0,"_kad_blocks_custom_css":"","_kad_blocks_head_custom_js":"","_kad_blocks_body_custom_js":"","_kad_blocks_footer_custom_js":"","_kad_post_transparent":"","_kad_post_title":"","_kad_post_layout":"","_kad_post_sidebar_id":"","_kad_post_content_style":"","_kad_post_vertical_padding":"","_kad_post_feature":"","_kad_post_feature_position":"","_kad_post_header":false,"_kad_post_footer":false,"_kad_post_classname":""},"product_brand":[],"product_cat":[349],"product_tag":[],"class_list":{"0":"post-7319","1":"product","2":"type-product","3":"status-publish","4":"has-post-thumbnail","6":"product_cat-descargas-gratis","8":"first","9":"instock","10":"shipping-taxable","11":"purchasable","12":"product-type-variable","13":"entry","14":"content-bg","15":"loop-entry"},"taxonomy_info":{"product_cat":[{"value":349,"label":"Descargas Gratis"}]},"featured_image_src_large":["https:\/\/www.zionsgospel.com\/wp-content\/uploads\/2023\/03\/SPA-the-revival-of-the-third-day-1-663x1024.jpg",663,1024,true],"author_info":[],"comment_info":0,"_links":{"self":[{"href":"https:\/\/www.zionsgospel.com\/es\/wp-json\/wp\/v2\/product\/7319","targetHints":{"allow":["GET"]}}],"collection":[{"href":"https:\/\/www.zionsgospel.com\/es\/wp-json\/wp\/v2\/product"}],"about":[{"href":"https:\/\/www.zionsgospel.com\/es\/wp-json\/wp\/v2\/types\/product"}],"replies":[{"embeddable":true,"href":"https:\/\/www.zionsgospel.com\/es\/wp-json\/wp\/v2\/comments?post=7319"}],"wp:featuredmedia":[{"embeddable":true,"href":"https:\/\/www.zionsgospel.com\/es\/wp-json\/wp\/v2\/media\/1806"}],"wp:attachment":[{"href":"https:\/\/www.zionsgospel.com\/es\/wp-json\/wp\/v2\/media?parent=7319"}],"wp:term":[{"taxonomy":"product_brand","embeddable":true,"href":"https:\/\/www.zionsgospel.com\/es\/wp-json\/wp\/v2\/product_brand?post=7319"},{"taxonomy":"product_cat","embeddable":true,"href":"https:\/\/www.zionsgospel.com\/es\/wp-json\/wp\/v2\/product_cat?post=7319"},{"taxonomy":"product_tag","embeddable":true,"href":"https:\/\/www.zionsgospel.com\/es\/wp-json\/wp\/v2\/product_tag?post=7319"}],"curies":[{"name":"wp","href":"https:\/\/api.w.org\/{rel}","templated":true}]}}