{"id":724,"date":"2021-02-07T20:34:20","date_gmt":"2021-02-08T02:34:20","guid":{"rendered":"https:\/\/www.zionsgospel.com\/shop\/de-la-enfermologia-a-una-logica-sana\/"},"modified":"2023-03-14T15:47:05","modified_gmt":"2023-03-14T21:47:05","slug":"de-la-enfermologia-a-una-logica-sana","status":"publish","type":"product","link":"https:\/\/www.zionsgospel.com\/es\/tienda\/de-la-enfermologia-a-una-logica-sana\/","title":{"rendered":"De la Enfermolog\u00eda a una L\u00f3gica Sana"},"content":{"rendered":"","protected":false},"excerpt":{"rendered":"<p>Este libro es el producto de 18 a\u00f1os de deambular por los hospitales psiqui\u00e1tricos cuidando a mis seres amados. Yo he visto, orado y visitado a incontables pacientes con enfermedades mentales. He hablado com muchos psiquiatras y psic\u00f3logos. He tenido que pelear por el bienestar mental de mis propios seres amados, incluyendo mi madre, mi hermano, mis hijos y algunos de mis hijos espirituales y disc\u00edpulos.<\/p>\n<p>Sin embargo, mis experiencias personales no hubiesen sido suficientes para escribir este ligro. La Palabra de Yah es la M\u00e1xima Autoridad como libro de texto sobre la Mente Humana. \u00a1Despu\u00e9s de todo fue Elohim, el Creador de los Cielos y la Tierra quien cre\u00f3 nuestras mentes! \u00a1Por supuesto que no nos dej\u00f3 sin un manual de instrucci\u00f3n!<\/p>\n<p>Por lo tanto, la Palabra de Yah est\u00e1 sobre toda psicolog\u00eda, o cualquier otra \u00abolog\u00eda\u00bb. En ella encontrara todas las respuestas a las dolencias y enfermedades de la humanidad. La gran noticia, es que este Libro Eterno contiene LA CURA, y por lo tanto, mi prop\u00f3sito es que usted encuentre la cura eterna e infalible par todas las mentes afligidas.<\/p>\n","protected":false},"featured_media":1786,"comment_status":"closed","ping_status":"closed","template":"","meta":{"give_campaign_id":0,"_kad_blocks_custom_css":"","_kad_blocks_head_custom_js":"","_kad_blocks_body_custom_js":"","_kad_blocks_footer_custom_js":"","_kad_post_transparent":"","_kad_post_title":"","_kad_post_layout":"","_kad_post_sidebar_id":"","_kad_post_content_style":"","_kad_post_vertical_padding":"","_kad_post_feature":"","_kad_post_feature_position":"","_kad_post_header":false,"_kad_post_footer":false,"_kad_post_classname":""},"product_brand":[],"product_cat":[44],"product_tag":[],"class_list":{"0":"post-724","1":"product","2":"type-product","3":"status-publish","4":"has-post-thumbnail","6":"product_cat-libros","7":"product_shipping_class-all-products-es","9":"first","10":"instock","11":"shipping-taxable","12":"purchasable","13":"product-type-variable","14":"entry","15":"content-bg","16":"loop-entry"},"taxonomy_info":{"product_cat":[{"value":44,"label":"Libros"}]},"featured_image_src_large":["https:\/\/www.zionsgospel.com\/wp-content\/uploads\/2023\/03\/SPA-from-sickology-to-a-healthy-logic-1-663x1024.jpg",663,1024,true],"author_info":[],"comment_info":0,"_links":{"self":[{"href":"https:\/\/www.zionsgospel.com\/es\/wp-json\/wp\/v2\/product\/724","targetHints":{"allow":["GET"]}}],"collection":[{"href":"https:\/\/www.zionsgospel.com\/es\/wp-json\/wp\/v2\/product"}],"about":[{"href":"https:\/\/www.zionsgospel.com\/es\/wp-json\/wp\/v2\/types\/product"}],"replies":[{"embeddable":true,"href":"https:\/\/www.zionsgospel.com\/es\/wp-json\/wp\/v2\/comments?post=724"}],"wp:featuredmedia":[{"embeddable":true,"href":"https:\/\/www.zionsgospel.com\/es\/wp-json\/wp\/v2\/media\/1786"}],"wp:attachment":[{"href":"https:\/\/www.zionsgospel.com\/es\/wp-json\/wp\/v2\/media?parent=724"}],"wp:term":[{"taxonomy":"product_brand","embeddable":true,"href":"https:\/\/www.zionsgospel.com\/es\/wp-json\/wp\/v2\/product_brand?post=724"},{"taxonomy":"product_cat","embeddable":true,"href":"https:\/\/www.zionsgospel.com\/es\/wp-json\/wp\/v2\/product_cat?post=724"},{"taxonomy":"product_tag","embeddable":true,"href":"https:\/\/www.zionsgospel.com\/es\/wp-json\/wp\/v2\/product_tag?post=724"}],"curies":[{"name":"wp","href":"https:\/\/api.w.org\/{rel}","templated":true}]}}