{"id":692,"date":"2021-02-07T20:34:20","date_gmt":"2021-02-08T02:34:20","guid":{"rendered":"https:\/\/www.zionsgospel.com\/shop\/yeshua-es-el-nombre\/"},"modified":"2023-01-02T06:42:59","modified_gmt":"2023-01-02T12:42:59","slug":"yeshua-es-el-nombre","status":"publish","type":"product","link":"https:\/\/www.zionsgospel.com\/es\/tienda\/yeshua-es-el-nombre\/","title":{"rendered":"Yeshua es el Nombre"},"content":{"rendered":"","protected":false},"excerpt":{"rendered":"<p>Yeshua (Jes\u00fas) no regresar\u00e1 hasta que todas las cosas se hayan restaurado. Entre \u00abtodas las cosas\u00bb, una de las m\u00e1s importantes, si no es que la MAS importante, es la restauraci\u00f3n de Su Santo Nombre. Su verdadero nombre se perdi\u00f3 por causa de la Teolog\u00eda de Reemplazo que se estableci\u00f3 como Doctrina de la Iglesia durante el Concilio de Nicea. Este concilio divorci\u00f3 a la Iglesia de todo lo judi\u00edo y del verdadero nombre del Mes\u00edas. Antes del regreso de Yeshua, todas las cosas ser\u00e1n restauradas, lo que incluye las Ra\u00edces Jud\u00edas de la Fe en el Mes\u00edas y el Nombre del Mes\u00edas. Porque El no naci\u00f3 griego, sino jud\u00edo, Su identidad como jud\u00edo al igual que Su eterno nombre, son parte extremadamente importante de esta URGENTE restauraci\u00f3n de todas las cosas de los Tiempos Finales.<\/p>\n","protected":false},"featured_media":1814,"comment_status":"closed","ping_status":"closed","template":"","meta":{"give_campaign_id":0,"_kad_blocks_custom_css":"","_kad_blocks_head_custom_js":"","_kad_blocks_body_custom_js":"","_kad_blocks_footer_custom_js":"","_kad_post_transparent":"","_kad_post_title":"","_kad_post_layout":"","_kad_post_sidebar_id":"","_kad_post_content_style":"","_kad_post_vertical_padding":"","_kad_post_feature":"","_kad_post_feature_position":"","_kad_post_header":false,"_kad_post_footer":false,"_kad_post_classname":""},"product_brand":[],"product_cat":[44],"product_tag":[],"class_list":{"0":"post-692","1":"product","2":"type-product","3":"status-publish","4":"has-post-thumbnail","6":"product_cat-libros","7":"product_shipping_class-all-products-es","9":"first","10":"instock","11":"shipping-taxable","12":"purchasable","13":"product-type-variable","14":"entry","15":"content-bg","16":"loop-entry"},"taxonomy_info":{"product_cat":[{"value":44,"label":"Libros"}]},"featured_image_src_large":["https:\/\/www.zionsgospel.com\/wp-content\/uploads\/2023\/03\/SPA-yeshua-is-the-name-1-663x1024.jpg",663,1024,true],"author_info":[],"comment_info":0,"_links":{"self":[{"href":"https:\/\/www.zionsgospel.com\/es\/wp-json\/wp\/v2\/product\/692","targetHints":{"allow":["GET"]}}],"collection":[{"href":"https:\/\/www.zionsgospel.com\/es\/wp-json\/wp\/v2\/product"}],"about":[{"href":"https:\/\/www.zionsgospel.com\/es\/wp-json\/wp\/v2\/types\/product"}],"replies":[{"embeddable":true,"href":"https:\/\/www.zionsgospel.com\/es\/wp-json\/wp\/v2\/comments?post=692"}],"wp:featuredmedia":[{"embeddable":true,"href":"https:\/\/www.zionsgospel.com\/es\/wp-json\/wp\/v2\/media\/1814"}],"wp:attachment":[{"href":"https:\/\/www.zionsgospel.com\/es\/wp-json\/wp\/v2\/media?parent=692"}],"wp:term":[{"taxonomy":"product_brand","embeddable":true,"href":"https:\/\/www.zionsgospel.com\/es\/wp-json\/wp\/v2\/product_brand?post=692"},{"taxonomy":"product_cat","embeddable":true,"href":"https:\/\/www.zionsgospel.com\/es\/wp-json\/wp\/v2\/product_cat?post=692"},{"taxonomy":"product_tag","embeddable":true,"href":"https:\/\/www.zionsgospel.com\/es\/wp-json\/wp\/v2\/product_tag?post=692"}],"curies":[{"name":"wp","href":"https:\/\/api.w.org\/{rel}","templated":true}]}}