{"id":670,"date":"2021-02-07T20:34:20","date_gmt":"2021-02-08T02:34:20","guid":{"rendered":"https:\/\/www.zionsgospel.com\/shop\/si\/"},"modified":"2023-03-14T15:34:02","modified_gmt":"2023-03-14T21:34:02","slug":"si","status":"publish","type":"product","link":"https:\/\/www.zionsgospel.com\/es\/tienda\/si\/","title":{"rendered":"\u00a1SI!"},"content":{"rendered":"","protected":false},"excerpt":{"rendered":"<p>El apasionante y fascinante testimonio de salvacion de la israel\u00ed Dominiquae Bierman. Despu\u00e9s de serviri como Entrenadora en el ej\u00e9rcito israel\u00ed, cay\u00f3 en problemas matrimoniales y busco por respuestas en lo oculto. Aunque nadie le comparti\u00f3 a ella, un d\u00eda escuch\u00f3 la voz de Yeshua que le dec\u00eda: \u00abDominiquae, corre por tu vida, baut\u00edzate y s\u00e9 salva.\u00bb<\/p>\n<p>Con una fuerte unci\u00f3n prof\u00e9tica en su vida, ella continua corriendo y predicando el evangelio in todas las naciones en la actualidad. \u00a1Este libro es ideal como regalo a un amigo jud\u00edo a quien usted le haya estado compartiendo el mensaje, y tambien como libro de inspiraci\u00f3n que usted querr\u00e1 compartir con otros creyentes, mientras al mismo tiempo lo bendice y lo reta a usted mismo a decir: \u00abSi\u00bb a Yeshua! \u00a1Muchos lectores declaran que no pod\u00edan dejar de leerlo!<\/p>\n","protected":false},"featured_media":11663,"comment_status":"closed","ping_status":"closed","template":"","meta":{"give_campaign_id":0,"_kad_blocks_custom_css":"","_kad_blocks_head_custom_js":"","_kad_blocks_body_custom_js":"","_kad_blocks_footer_custom_js":"","_kad_post_transparent":"","_kad_post_title":"","_kad_post_layout":"","_kad_post_sidebar_id":"","_kad_post_content_style":"","_kad_post_vertical_padding":"","_kad_post_feature":"","_kad_post_feature_position":"","_kad_post_header":false,"_kad_post_footer":false,"_kad_post_classname":""},"product_brand":[],"product_cat":[44],"product_tag":[],"class_list":{"0":"post-670","1":"product","2":"type-product","3":"status-publish","4":"has-post-thumbnail","6":"product_cat-libros","7":"product_shipping_class-all-products-es","9":"first","10":"instock","11":"shipping-taxable","12":"purchasable","13":"product-type-variable","14":"entry","15":"content-bg","16":"loop-entry"},"taxonomy_info":{"product_cat":[{"value":44,"label":"Libros"}]},"featured_image_src_large":["https:\/\/www.zionsgospel.com\/wp-content\/uploads\/2024\/11\/SPA-yes-662x1024.jpg",662,1024,true],"author_info":[],"comment_info":0,"_links":{"self":[{"href":"https:\/\/www.zionsgospel.com\/es\/wp-json\/wp\/v2\/product\/670","targetHints":{"allow":["GET"]}}],"collection":[{"href":"https:\/\/www.zionsgospel.com\/es\/wp-json\/wp\/v2\/product"}],"about":[{"href":"https:\/\/www.zionsgospel.com\/es\/wp-json\/wp\/v2\/types\/product"}],"replies":[{"embeddable":true,"href":"https:\/\/www.zionsgospel.com\/es\/wp-json\/wp\/v2\/comments?post=670"}],"wp:featuredmedia":[{"embeddable":true,"href":"https:\/\/www.zionsgospel.com\/es\/wp-json\/wp\/v2\/media\/11663"}],"wp:attachment":[{"href":"https:\/\/www.zionsgospel.com\/es\/wp-json\/wp\/v2\/media?parent=670"}],"wp:term":[{"taxonomy":"product_brand","embeddable":true,"href":"https:\/\/www.zionsgospel.com\/es\/wp-json\/wp\/v2\/product_brand?post=670"},{"taxonomy":"product_cat","embeddable":true,"href":"https:\/\/www.zionsgospel.com\/es\/wp-json\/wp\/v2\/product_cat?post=670"},{"taxonomy":"product_tag","embeddable":true,"href":"https:\/\/www.zionsgospel.com\/es\/wp-json\/wp\/v2\/product_tag?post=670"}],"curies":[{"name":"wp","href":"https:\/\/api.w.org\/{rel}","templated":true}]}}