{"id":656,"date":"2021-02-07T20:34:20","date_gmt":"2021-02-08T02:34:20","guid":{"rendered":"https:\/\/www.zionsgospel.com\/shop\/vision-negev\/"},"modified":"2024-08-12T14:27:11","modified_gmt":"2024-08-12T20:27:11","slug":"vision-negev","status":"publish","type":"product","link":"https:\/\/www.zionsgospel.com\/es\/tienda\/vision-negev\/","title":{"rendered":"Visi\u00f3n Negev"},"content":{"rendered":"","protected":false},"excerpt":{"rendered":"<p>\u00a1Un tremendo y milagroso Mover de YHVH esta en camino hacia el Negev! La Torre de Oraci\u00f3n en Eilat fue establecida para ayudar a restaurar el Negev a la Velocidad de la Luz. Siga a la Obispa Dominiquae Bierman y vea c\u00f3mo revela los planes de Yah y las promesas para los jud\u00edos sefarditas en la tierra de Israel.<\/p>\n<p>El Negev, el Arav\u00e1 y toda el \u00e1rea desde Ashqelon hasta Eilat es un lugar destinado para la Salvaci\u00f3n (\u00a1Yeshua!), se\u00f1ales, maravillas y milagros. \u00a1La promesa en Isa\u00edas 35 es muy clara e incluye: Salvaci\u00f3n, ojos ciegos ser\u00e1n abiertos, los o\u00eddos de los sordos oir\u00e1n, el cojo saltar\u00e1 como el ciervo, los mudos gritar\u00e1n de j\u00fabilo, brotar\u00e1n milagrosamente aguas vivas en el seco desierto, la gente caminar\u00e1 en Santidad y se ver\u00e1 la Restauraci\u00f3n de los Jud\u00edos Sefarditas!<\/p>\n","protected":false},"featured_media":1810,"comment_status":"closed","ping_status":"closed","template":"","meta":{"give_campaign_id":0,"_kad_blocks_custom_css":"","_kad_blocks_head_custom_js":"","_kad_blocks_body_custom_js":"","_kad_blocks_footer_custom_js":"","_kad_post_transparent":"","_kad_post_title":"","_kad_post_layout":"","_kad_post_sidebar_id":"","_kad_post_content_style":"","_kad_post_vertical_padding":"","_kad_post_feature":"","_kad_post_feature_position":"","_kad_post_header":false,"_kad_post_footer":false,"_kad_post_classname":""},"product_brand":[],"product_cat":[44],"product_tag":[],"class_list":{"0":"post-656","1":"product","2":"type-product","3":"status-publish","4":"has-post-thumbnail","6":"product_cat-libros","7":"product_shipping_class-all-products-es","9":"first","10":"instock","11":"shipping-taxable","12":"purchasable","13":"product-type-variable","14":"entry","15":"content-bg","16":"loop-entry"},"taxonomy_info":{"product_cat":[{"value":44,"label":"Libros"}]},"featured_image_src_large":["https:\/\/www.zionsgospel.com\/wp-content\/uploads\/2023\/03\/SPA-vision-negev-1-663x1024.jpg",663,1024,true],"author_info":[],"comment_info":0,"_links":{"self":[{"href":"https:\/\/www.zionsgospel.com\/es\/wp-json\/wp\/v2\/product\/656","targetHints":{"allow":["GET"]}}],"collection":[{"href":"https:\/\/www.zionsgospel.com\/es\/wp-json\/wp\/v2\/product"}],"about":[{"href":"https:\/\/www.zionsgospel.com\/es\/wp-json\/wp\/v2\/types\/product"}],"replies":[{"embeddable":true,"href":"https:\/\/www.zionsgospel.com\/es\/wp-json\/wp\/v2\/comments?post=656"}],"wp:featuredmedia":[{"embeddable":true,"href":"https:\/\/www.zionsgospel.com\/es\/wp-json\/wp\/v2\/media\/1810"}],"wp:attachment":[{"href":"https:\/\/www.zionsgospel.com\/es\/wp-json\/wp\/v2\/media?parent=656"}],"wp:term":[{"taxonomy":"product_brand","embeddable":true,"href":"https:\/\/www.zionsgospel.com\/es\/wp-json\/wp\/v2\/product_brand?post=656"},{"taxonomy":"product_cat","embeddable":true,"href":"https:\/\/www.zionsgospel.com\/es\/wp-json\/wp\/v2\/product_cat?post=656"},{"taxonomy":"product_tag","embeddable":true,"href":"https:\/\/www.zionsgospel.com\/es\/wp-json\/wp\/v2\/product_tag?post=656"}],"curies":[{"name":"wp","href":"https:\/\/api.w.org\/{rel}","templated":true}]}}