{"id":583,"date":"2021-02-07T20:34:21","date_gmt":"2021-02-08T02:34:21","guid":{"rendered":"https:\/\/www.zionsgospel.com\/shop\/la-cura-biblica-para-africa-y-las-naciones\/"},"modified":"2024-08-12T14:16:25","modified_gmt":"2024-08-12T20:16:25","slug":"la-cura-biblica-para-africa-y-las-naciones","status":"publish","type":"product","link":"https:\/\/www.zionsgospel.com\/es\/tienda\/la-cura-biblica-para-africa-y-las-naciones\/","title":{"rendered":"La Cura B\u00edblica para Africa y las Naciones"},"content":{"rendered":"","protected":false},"excerpt":{"rendered":"<p>No es novedad que Africa necesite una cura, incluso una cura urgente. Sin embargo, lo que es novedad es que la cura que estoy ofreciendo en este libro en verdad funciona; y siempre funcionar\u00e1, porque fue dada por el Todopoderoso.<\/p>\n<p>Usted comprobar\u00e1 que hay solamente una cosa que debe hacerse para cambiar a todo el continente de Africa de su posicion de maldici\u00f3n a la posicion de bendici\u00f3n. Existe solo una llave para activar todas las bendiciones en Africa. Es una llave antigua y nunca falla. Es muy f\u00e1cil de usar y de implementar, pero requiere de honestidad y humildad.<\/p>\n","protected":false},"featured_media":1798,"comment_status":"closed","ping_status":"closed","template":"","meta":{"give_campaign_id":0,"_kad_blocks_custom_css":"","_kad_blocks_head_custom_js":"","_kad_blocks_body_custom_js":"","_kad_blocks_footer_custom_js":"","_kad_post_transparent":"","_kad_post_title":"","_kad_post_layout":"","_kad_post_sidebar_id":"","_kad_post_content_style":"","_kad_post_vertical_padding":"","_kad_post_feature":"","_kad_post_feature_position":"","_kad_post_header":false,"_kad_post_footer":false,"_kad_post_classname":""},"product_brand":[],"product_cat":[44],"product_tag":[],"class_list":{"0":"post-583","1":"product","2":"type-product","3":"status-publish","4":"has-post-thumbnail","6":"product_cat-libros","7":"product_shipping_class-all-products-es","9":"first","10":"instock","11":"shipping-taxable","12":"purchasable","13":"product-type-variable","14":"entry","15":"content-bg","16":"loop-entry"},"taxonomy_info":{"product_cat":[{"value":44,"label":"Libros"}]},"featured_image_src_large":["https:\/\/www.zionsgospel.com\/wp-content\/uploads\/2023\/03\/SPA-the-bible-cure-for-africa-and-the-nations-1-633x1024.jpg",633,1024,true],"author_info":[],"comment_info":0,"_links":{"self":[{"href":"https:\/\/www.zionsgospel.com\/es\/wp-json\/wp\/v2\/product\/583","targetHints":{"allow":["GET"]}}],"collection":[{"href":"https:\/\/www.zionsgospel.com\/es\/wp-json\/wp\/v2\/product"}],"about":[{"href":"https:\/\/www.zionsgospel.com\/es\/wp-json\/wp\/v2\/types\/product"}],"replies":[{"embeddable":true,"href":"https:\/\/www.zionsgospel.com\/es\/wp-json\/wp\/v2\/comments?post=583"}],"wp:featuredmedia":[{"embeddable":true,"href":"https:\/\/www.zionsgospel.com\/es\/wp-json\/wp\/v2\/media\/1798"}],"wp:attachment":[{"href":"https:\/\/www.zionsgospel.com\/es\/wp-json\/wp\/v2\/media?parent=583"}],"wp:term":[{"taxonomy":"product_brand","embeddable":true,"href":"https:\/\/www.zionsgospel.com\/es\/wp-json\/wp\/v2\/product_brand?post=583"},{"taxonomy":"product_cat","embeddable":true,"href":"https:\/\/www.zionsgospel.com\/es\/wp-json\/wp\/v2\/product_cat?post=583"},{"taxonomy":"product_tag","embeddable":true,"href":"https:\/\/www.zionsgospel.com\/es\/wp-json\/wp\/v2\/product_tag?post=583"}],"curies":[{"name":"wp","href":"https:\/\/api.w.org\/{rel}","templated":true}]}}