{"id":547,"date":"2021-02-07T20:34:21","date_gmt":"2021-02-08T02:34:21","guid":{"rendered":"https:\/\/www.zionsgospel.com\/shop\/naciones-oveja\/"},"modified":"2023-01-10T13:34:00","modified_gmt":"2023-01-10T19:34:00","slug":"naciones-oveja","status":"publish","type":"product","link":"https:\/\/www.zionsgospel.com\/es\/tienda\/naciones-oveja\/","title":{"rendered":"Naciones Oveja"},"content":{"rendered":"","protected":false},"excerpt":{"rendered":"<p>Yeshua est\u00e1 separando a las naciones en este momento, \u00bfcu\u00e1les naciones ser\u00e1n Naciones Oveja y heredar\u00e1n la Eternidad con El, y cu\u00e1les ser\u00e1n las Naciones Cabra que ir\u00e1n a la destrucci\u00f3n eterna?  \u00a1El Todopoderoso visit\u00f3 a Dominiquae en Chile y le dio una revelaci\u00f3n que cambia el mundo y que se necesita urgentemente para salvar a las naciones!<\/p>\n","protected":false},"featured_media":1794,"comment_status":"closed","ping_status":"closed","template":"","meta":{"give_campaign_id":0,"_kad_blocks_custom_css":"","_kad_blocks_head_custom_js":"","_kad_blocks_body_custom_js":"","_kad_blocks_footer_custom_js":"","_kad_post_transparent":"","_kad_post_title":"","_kad_post_layout":"","_kad_post_sidebar_id":"","_kad_post_content_style":"","_kad_post_vertical_padding":"","_kad_post_feature":"","_kad_post_feature_position":"","_kad_post_header":false,"_kad_post_footer":false,"_kad_post_classname":""},"product_brand":[],"product_cat":[44],"product_tag":[],"class_list":{"0":"post-547","1":"product","2":"type-product","3":"status-publish","4":"has-post-thumbnail","6":"product_cat-libros","7":"product_shipping_class-all-products-es","9":"first","10":"instock","11":"shipping-taxable","12":"purchasable","13":"product-type-variable","14":"entry","15":"content-bg","16":"loop-entry"},"taxonomy_info":{"product_cat":[{"value":44,"label":"Libros"}]},"featured_image_src_large":["https:\/\/www.zionsgospel.com\/wp-content\/uploads\/2023\/03\/SPA-sheep-nations-1-662x1024.jpg",662,1024,true],"author_info":[],"comment_info":0,"_links":{"self":[{"href":"https:\/\/www.zionsgospel.com\/es\/wp-json\/wp\/v2\/product\/547","targetHints":{"allow":["GET"]}}],"collection":[{"href":"https:\/\/www.zionsgospel.com\/es\/wp-json\/wp\/v2\/product"}],"about":[{"href":"https:\/\/www.zionsgospel.com\/es\/wp-json\/wp\/v2\/types\/product"}],"replies":[{"embeddable":true,"href":"https:\/\/www.zionsgospel.com\/es\/wp-json\/wp\/v2\/comments?post=547"}],"wp:featuredmedia":[{"embeddable":true,"href":"https:\/\/www.zionsgospel.com\/es\/wp-json\/wp\/v2\/media\/1794"}],"wp:attachment":[{"href":"https:\/\/www.zionsgospel.com\/es\/wp-json\/wp\/v2\/media?parent=547"}],"wp:term":[{"taxonomy":"product_brand","embeddable":true,"href":"https:\/\/www.zionsgospel.com\/es\/wp-json\/wp\/v2\/product_brand?post=547"},{"taxonomy":"product_cat","embeddable":true,"href":"https:\/\/www.zionsgospel.com\/es\/wp-json\/wp\/v2\/product_cat?post=547"},{"taxonomy":"product_tag","embeddable":true,"href":"https:\/\/www.zionsgospel.com\/es\/wp-json\/wp\/v2\/product_tag?post=547"}],"curies":[{"name":"wp","href":"https:\/\/api.w.org\/{rel}","templated":true}]}}