{"id":533,"date":"2021-02-07T20:34:21","date_gmt":"2021-02-08T02:34:21","guid":{"rendered":"https:\/\/www.zionsgospel.com\/shop\/restauracion-de-la-dadiva-santa\/"},"modified":"2024-08-12T14:22:27","modified_gmt":"2024-08-12T20:22:27","slug":"restauracion-de-la-dadiva-santa","status":"publish","type":"product","link":"https:\/\/www.zionsgospel.com\/es\/tienda\/restauracion-de-la-dadiva-santa\/","title":{"rendered":"Restauraci\u00f3n de la D\u00e1diva Santa"},"content":{"rendered":"","protected":false},"excerpt":{"rendered":"<p>\u00abPorque donde est\u00e9 tu tesoro, all\u00ed estar\u00e1 tambi\u00e9n tu coraz\u00f3n.\u00bb Mateo 6:21<\/p>\n<p>Cuando regresamos a las Ra\u00edces Jud\u00edas de la Fe y a los Fundamentos Apost\u00f3licos Hebreos, tambi\u00e9n debemos de restaurar la D\u00e1diva Santa. La teolog\u00eda de reemplazo ha afectado al Cuerpo del Mes\u00edas en muchas \u00e1reas, especialmente en el \u00e1rea de ofrendar. Mucha gente no sabe c\u00f3mo dar, a qui\u00e9n dar y cu\u00e1ndo dar, y por lo tanto, nunca salen de la sequ\u00eda espiritual y\/o financiera. \u00a1Este libro le ayudar\u00e1 a salir de la sequ\u00eda espiritual y financiera a la velocidad de la luz!<\/p>\n<p> La Arzobispa Dominiquae Bierman junto con su esposo, el Rabino Baruch Bierman, es la directora del Movimiento y Ministerio Kad-Esh MAP. Su mensaje de RESTAURACION es acompa\u00f1ado de se\u00f1ales, maravillas y milagros a donde quiera que van. Ellos son verdaderos ap\u00f3stoles israelies de nuestro tiempo. Ellos viven en Israel y viajan por todo el mundo esparciendo el Evangelio del Reino y el Avivamiento Arde a donde ellos van.<\/p>\n","protected":false},"featured_media":1790,"comment_status":"closed","ping_status":"closed","template":"","meta":{"give_campaign_id":0,"_kad_blocks_custom_css":"","_kad_blocks_head_custom_js":"","_kad_blocks_body_custom_js":"","_kad_blocks_footer_custom_js":"","_kad_post_transparent":"","_kad_post_title":"","_kad_post_layout":"","_kad_post_sidebar_id":"","_kad_post_content_style":"","_kad_post_vertical_padding":"","_kad_post_feature":"","_kad_post_feature_position":"","_kad_post_header":false,"_kad_post_footer":false,"_kad_post_classname":""},"product_brand":[],"product_cat":[44],"product_tag":[],"class_list":{"0":"post-533","1":"product","2":"type-product","3":"status-publish","4":"has-post-thumbnail","6":"product_cat-libros","7":"product_shipping_class-all-products-es","9":"first","10":"instock","11":"shipping-taxable","12":"purchasable","13":"product-type-variable","14":"entry","15":"content-bg","16":"loop-entry"},"taxonomy_info":{"product_cat":[{"value":44,"label":"Libros"}]},"featured_image_src_large":["https:\/\/www.zionsgospel.com\/wp-content\/uploads\/2023\/03\/SPA-restoration-of-holy-giving-1-664x1024.jpg",664,1024,true],"author_info":[],"comment_info":0,"_links":{"self":[{"href":"https:\/\/www.zionsgospel.com\/es\/wp-json\/wp\/v2\/product\/533","targetHints":{"allow":["GET"]}}],"collection":[{"href":"https:\/\/www.zionsgospel.com\/es\/wp-json\/wp\/v2\/product"}],"about":[{"href":"https:\/\/www.zionsgospel.com\/es\/wp-json\/wp\/v2\/types\/product"}],"replies":[{"embeddable":true,"href":"https:\/\/www.zionsgospel.com\/es\/wp-json\/wp\/v2\/comments?post=533"}],"wp:featuredmedia":[{"embeddable":true,"href":"https:\/\/www.zionsgospel.com\/es\/wp-json\/wp\/v2\/media\/1790"}],"wp:attachment":[{"href":"https:\/\/www.zionsgospel.com\/es\/wp-json\/wp\/v2\/media?parent=533"}],"wp:term":[{"taxonomy":"product_brand","embeddable":true,"href":"https:\/\/www.zionsgospel.com\/es\/wp-json\/wp\/v2\/product_brand?post=533"},{"taxonomy":"product_cat","embeddable":true,"href":"https:\/\/www.zionsgospel.com\/es\/wp-json\/wp\/v2\/product_cat?post=533"},{"taxonomy":"product_tag","embeddable":true,"href":"https:\/\/www.zionsgospel.com\/es\/wp-json\/wp\/v2\/product_tag?post=533"}],"curies":[{"name":"wp","href":"https:\/\/api.w.org\/{rel}","templated":true}]}}