{"id":516,"date":"2021-02-07T20:34:21","date_gmt":"2021-03-03T15:11:06","guid":{"rendered":"https:\/\/www.zionsgospel.com\/shop\/injertados\/"},"modified":"2023-03-15T07:55:57","modified_gmt":"2023-03-15T13:55:57","slug":"injertados","status":"publish","type":"product","link":"https:\/\/www.zionsgospel.com\/es\/tienda\/injertados\/","title":{"rendered":"Injertados"},"content":{"rendered":"","protected":false},"excerpt":{"rendered":"<p>Es tiempo para la restauraci\u00f3n m\u00e1s grande de todos los tiempos: El regreso del pueblo jud\u00edo a su Mes\u00edas y los cristianos al Evangelio original que fue predicado por los apostoles judios. Durante casi 2000 a\u00f1os el mundo ha estado esperando esta gran restauracion, los \u00e1ngeles est\u00e1n observando y los demonios est\u00e1n temblando. \u00a1Este es un maravilloso y pr\u00e1ctico manual que debe estar junto a su biblia todo el tiempo! Les ense\u00f1a c\u00f3mo celebrar todas las Fiestas Santas y c\u00f3mo estudiar la Tor\u00e1 y los Mandamientos y tambi\u00e9n c\u00f3mo aplicarlos para disfrutar de una vida en abundancia, en obediencia a Elohim y sin ning\u00fan legalismo. !Este libro es <em>necesario<\/em> para todo creyente, es un tremendo <strong>abre ojos<\/strong>!<\/p>\n<p>Lea este testimonio de Linda en los Estados Unidos: \u00abreci\u00e9n termin\u00e9 de leer el libro Injertados de Dominiquae. Jam\u00e1s hab\u00eda le\u00eddo algo como esto. No pod\u00eda creer lo que estaba leyendo, y tampoco pude pude parar de leer hasta que lo termin\u00e9. Sent\u00ed que por f\u00edn hab\u00eda encontrado lo que estuve buscando durante toda mi vida. Por primera vez sent\u00ed que era parte de algo realmente grande. Todo lo que puedo decir es que me senti como Elisabet en Lucas 1:41, cuando ella escuch\u00f3 el saludo de Mar\u00eda y el beb\u00e9 en su vientre salt\u00f3. Lucas 1:42 y exclam\u00f3 a gran voz y dijo: &#8216;\u00a1Bendita t\u00fa entre las mujeres y bendito el fruto de tu vientre!&#8217;<\/p>\n","protected":false},"featured_media":1788,"comment_status":"closed","ping_status":"closed","template":"","meta":{"give_campaign_id":0,"_kad_blocks_custom_css":"","_kad_blocks_head_custom_js":"","_kad_blocks_body_custom_js":"","_kad_blocks_footer_custom_js":"","_kad_post_transparent":"","_kad_post_title":"","_kad_post_layout":"","_kad_post_sidebar_id":"","_kad_post_content_style":"","_kad_post_vertical_padding":"","_kad_post_feature":"","_kad_post_feature_position":"","_kad_post_header":false,"_kad_post_footer":false,"_kad_post_classname":""},"product_brand":[],"product_cat":[44],"product_tag":[],"class_list":{"0":"post-516","1":"product","2":"type-product","3":"status-publish","4":"has-post-thumbnail","6":"product_cat-libros","7":"product_shipping_class-all-products-es","9":"first","10":"instock","11":"shipping-taxable","12":"purchasable","13":"product-type-variable","14":"entry","15":"content-bg","16":"loop-entry"},"taxonomy_info":{"product_cat":[{"value":44,"label":"Libros"}]},"featured_image_src_large":["https:\/\/www.zionsgospel.com\/wp-content\/uploads\/2023\/03\/SPA-grafted-in-1-663x1024.jpg",663,1024,true],"author_info":[],"comment_info":0,"_links":{"self":[{"href":"https:\/\/www.zionsgospel.com\/es\/wp-json\/wp\/v2\/product\/516","targetHints":{"allow":["GET"]}}],"collection":[{"href":"https:\/\/www.zionsgospel.com\/es\/wp-json\/wp\/v2\/product"}],"about":[{"href":"https:\/\/www.zionsgospel.com\/es\/wp-json\/wp\/v2\/types\/product"}],"replies":[{"embeddable":true,"href":"https:\/\/www.zionsgospel.com\/es\/wp-json\/wp\/v2\/comments?post=516"}],"wp:featuredmedia":[{"embeddable":true,"href":"https:\/\/www.zionsgospel.com\/es\/wp-json\/wp\/v2\/media\/1788"}],"wp:attachment":[{"href":"https:\/\/www.zionsgospel.com\/es\/wp-json\/wp\/v2\/media?parent=516"}],"wp:term":[{"taxonomy":"product_brand","embeddable":true,"href":"https:\/\/www.zionsgospel.com\/es\/wp-json\/wp\/v2\/product_brand?post=516"},{"taxonomy":"product_cat","embeddable":true,"href":"https:\/\/www.zionsgospel.com\/es\/wp-json\/wp\/v2\/product_cat?post=516"},{"taxonomy":"product_tag","embeddable":true,"href":"https:\/\/www.zionsgospel.com\/es\/wp-json\/wp\/v2\/product_tag?post=516"}],"curies":[{"name":"wp","href":"https:\/\/api.w.org\/{rel}","templated":true}]}}