{"id":496,"date":"2021-02-07T20:34:21","date_gmt":"2021-03-03T15:04:11","guid":{"rendered":"https:\/\/www.zionsgospel.com\/shop\/erradicando-el-cancer-de-la-religion\/"},"modified":"2023-03-15T04:17:47","modified_gmt":"2023-03-15T10:17:47","slug":"erradicando-el-cancer-de-la-religion","status":"publish","type":"product","link":"https:\/\/www.zionsgospel.com\/es\/tienda\/erradicando-el-cancer-de-la-religion\/","title":{"rendered":"Erradicando el C\u00e1ncer de la Religi\u00f3n"},"content":{"rendered":"","protected":false},"excerpt":{"rendered":"<p>Este libro le ayudar\u00e1 a usted y a sus seres queridos a deshacerse de esta enfermedad devastadora llamada \u00abEl Cancer de la Religi\u00f3n.\u00bb Usted pensara que esto es para \u00abel vecino de al lado\u00bb pero la experiencia me dice que esto es para usted tambi\u00e9n porque todos somos criaturas religiosas de una manera o de otra, ya sean judios, cristianos, musulmanes, budistas, hind\u00fas, nueva era, ateos o agn\u00f3sticos. \u00a1Esto definitivamente sera un viaje de descubrimiento que lo llevara a la libertad!<\/p>\n","protected":false},"featured_media":1784,"comment_status":"closed","ping_status":"closed","template":"","meta":{"give_campaign_id":0,"_kad_blocks_custom_css":"","_kad_blocks_head_custom_js":"","_kad_blocks_body_custom_js":"","_kad_blocks_footer_custom_js":"","_kad_post_transparent":"","_kad_post_title":"","_kad_post_layout":"","_kad_post_sidebar_id":"","_kad_post_content_style":"","_kad_post_vertical_padding":"","_kad_post_feature":"","_kad_post_feature_position":"","_kad_post_header":false,"_kad_post_footer":false,"_kad_post_classname":""},"product_brand":[],"product_cat":[44],"product_tag":[],"class_list":{"0":"post-496","1":"product","2":"type-product","3":"status-publish","4":"has-post-thumbnail","6":"product_cat-libros","7":"product_shipping_class-all-products-es","9":"first","10":"instock","11":"shipping-taxable","12":"purchasable","13":"product-type-variable","14":"entry","15":"content-bg","16":"loop-entry"},"taxonomy_info":{"product_cat":[{"value":44,"label":"Libros"}]},"featured_image_src_large":["https:\/\/www.zionsgospel.com\/wp-content\/uploads\/2023\/03\/SPA-eradicating-the-cancer-of-religion-1-663x1024.jpg",663,1024,true],"author_info":[],"comment_info":0,"_links":{"self":[{"href":"https:\/\/www.zionsgospel.com\/es\/wp-json\/wp\/v2\/product\/496","targetHints":{"allow":["GET"]}}],"collection":[{"href":"https:\/\/www.zionsgospel.com\/es\/wp-json\/wp\/v2\/product"}],"about":[{"href":"https:\/\/www.zionsgospel.com\/es\/wp-json\/wp\/v2\/types\/product"}],"replies":[{"embeddable":true,"href":"https:\/\/www.zionsgospel.com\/es\/wp-json\/wp\/v2\/comments?post=496"}],"wp:featuredmedia":[{"embeddable":true,"href":"https:\/\/www.zionsgospel.com\/es\/wp-json\/wp\/v2\/media\/1784"}],"wp:attachment":[{"href":"https:\/\/www.zionsgospel.com\/es\/wp-json\/wp\/v2\/media?parent=496"}],"wp:term":[{"taxonomy":"product_brand","embeddable":true,"href":"https:\/\/www.zionsgospel.com\/es\/wp-json\/wp\/v2\/product_brand?post=496"},{"taxonomy":"product_cat","embeddable":true,"href":"https:\/\/www.zionsgospel.com\/es\/wp-json\/wp\/v2\/product_cat?post=496"},{"taxonomy":"product_tag","embeddable":true,"href":"https:\/\/www.zionsgospel.com\/es\/wp-json\/wp\/v2\/product_tag?post=496"}],"curies":[{"name":"wp","href":"https:\/\/api.w.org\/{rel}","templated":true}]}}