{"id":2930,"date":"2021-08-04T08:12:30","date_gmt":"2021-08-04T14:12:30","guid":{"rendered":"https:\/\/www.zionsgospel.com\/shop\/el-robo-de-identidad\/"},"modified":"2021-08-04T08:12:30","modified_gmt":"2021-08-04T14:12:30","slug":"el-robo-de-identidad","status":"publish","type":"product","link":"https:\/\/www.zionsgospel.com\/es\/tienda\/el-robo-de-identidad\/","title":{"rendered":"El Robo de Identidad"},"content":{"rendered":"","protected":false},"excerpt":{"rendered":"<h4><strong>Reserva* una copia impresa del libro<\/strong> por una donaci\u00f3n m\u00ednima de <strong><span style=\"color: #ee4646;\">US$27<\/span><\/strong> o m\u00e1s, y obt\u00e9n <strong>acceso GRATUITO<\/strong> al curso en l\u00ednea basado en el libro.<\/h4>\n<ul>\n<li>Conoce al Mes\u00edas jud\u00edo en toda Su gloria.<\/li>\n<li>Derrota al monstruo de la teolog\u00eda del reemplazo<\/li>\n<li>Regresa a la unci\u00f3n del primer siglo.<\/li>\n<li>Conoce la historia del antisemitismo cristiano.<\/li>\n<li><strong><span style=\"color: #ee4646;\">Obt\u00e9n acceso al curso en l\u00ednea basado en el libro.<\/span><\/strong>.<\/li>\n<\/ul>\n<p>*Dependiendo de tu ubicaci\u00f3n, puedes esperar recibir el libro dentro de 2 a 4 semanas despu\u00e9s de haberlo ordenado.<\/p>\n<p>Para pedidos al por mayor, por favor comun\u00edquese con <a href=\"mailto:info@against-antisemitism.com\">info@against-antisemitism.com<\/a> (el costo de env\u00edo para pedidos al por mayor depender\u00e1 del m\u00e9todo de env\u00edo)<\/p>\n<p>Ordering more than one book will only unlock course access for one email.<\/p>\n","protected":false},"featured_media":1845,"comment_status":"closed","ping_status":"closed","template":"","meta":{"give_campaign_id":0,"_kad_blocks_custom_css":"","_kad_blocks_head_custom_js":"","_kad_blocks_body_custom_js":"","_kad_blocks_footer_custom_js":"","_kad_post_transparent":"","_kad_post_title":"","_kad_post_layout":"","_kad_post_sidebar_id":"","_kad_post_content_style":"","_kad_post_vertical_padding":"","_kad_post_feature":"","_kad_post_feature_position":"","_kad_post_header":false,"_kad_post_footer":false,"_kad_post_classname":""},"product_brand":[],"product_cat":[44],"product_tag":[],"class_list":{"0":"post-2930","1":"product","2":"type-product","3":"status-publish","4":"has-post-thumbnail","6":"product_cat-libros","8":"first","9":"instock","10":"shipping-taxable","11":"product-type-external","12":"entry","13":"content-bg","14":"loop-entry"},"taxonomy_info":{"product_cat":[{"value":44,"label":"Libros"}]},"featured_image_src_large":["https:\/\/www.zionsgospel.com\/wp-content\/uploads\/2021\/12\/el-robo-de-identidad-e-book-cover-677x1024.png",677,1024,true],"author_info":[],"comment_info":0,"_links":{"self":[{"href":"https:\/\/www.zionsgospel.com\/es\/wp-json\/wp\/v2\/product\/2930","targetHints":{"allow":["GET"]}}],"collection":[{"href":"https:\/\/www.zionsgospel.com\/es\/wp-json\/wp\/v2\/product"}],"about":[{"href":"https:\/\/www.zionsgospel.com\/es\/wp-json\/wp\/v2\/types\/product"}],"replies":[{"embeddable":true,"href":"https:\/\/www.zionsgospel.com\/es\/wp-json\/wp\/v2\/comments?post=2930"}],"wp:featuredmedia":[{"embeddable":true,"href":"https:\/\/www.zionsgospel.com\/es\/wp-json\/wp\/v2\/media\/1845"}],"wp:attachment":[{"href":"https:\/\/www.zionsgospel.com\/es\/wp-json\/wp\/v2\/media?parent=2930"}],"wp:term":[{"taxonomy":"product_brand","embeddable":true,"href":"https:\/\/www.zionsgospel.com\/es\/wp-json\/wp\/v2\/product_brand?post=2930"},{"taxonomy":"product_cat","embeddable":true,"href":"https:\/\/www.zionsgospel.com\/es\/wp-json\/wp\/v2\/product_cat?post=2930"},{"taxonomy":"product_tag","embeddable":true,"href":"https:\/\/www.zionsgospel.com\/es\/wp-json\/wp\/v2\/product_tag?post=2930"}],"curies":[{"name":"wp","href":"https:\/\/api.w.org\/{rel}","templated":true}]}}